{"id":132,"date":"2014-09-01T12:21:06","date_gmt":"2014-09-01T09:21:06","guid":{"rendered":"http:\/\/80.69.171.23\/poro\/?page_id=132"},"modified":"2024-01-26T06:16:11","modified_gmt":"2024-01-26T04:16:11","slug":"poronuoret","status":"publish","type":"page","link":"https:\/\/paliskunnat.fi\/poro\/poronhoito\/poromiehen-ammatti\/poronuoret\/","title":{"rendered":"Poronuoret"},"content":{"rendered":"<h2>Poronuoret<\/h2>\n<p>Suomessa on noin 900 alle 25-vuotiasta poronomistajaa.\u00a0 Nuoria on poronhoitoalueen jokaisessa kolkassa ja he ovat aktiivisesti mukana erilaisissa porot\u00f6iss\u00e4.<\/p>\n<p>Joka vuosi ilahduttavan moni nuori tekee tulevaisuutemme kannalta \u00e4\u00e4rimm\u00e4isen t\u00e4rke\u00e4n valinnan ja ryhtyy poromieheksi. Joukossa on tytt\u00f6j\u00e4 ja poikia, pohjoisesta, keskelt\u00e4 ja etel\u00e4st\u00e4. Joukossa on intoa, ideoita, rohkeutta ja tahtoa. T\u00e4m\u00e4 poronhoidon luontainen rikkaus on jatkuvuuden perusta!<\/p>\n<p><a href=\"https:\/\/paliskunnat.fi\/poro\/wp-content\/uploads\/2014\/09\/sallivaara_07_2014.jpg\" rel=\"lightbox[132]\"><img loading=\"lazy\" decoding=\"async\" class=\"alignnone wp-image-1299\" src=\"https:\/\/paliskunnat.fi\/poro\/wp-content\/uploads\/2014\/09\/sallivaara_07_2014.jpg\" alt=\"Nuoria Sallivaaran Hirvasalmen aidalla kes\u00e4ll\u00e4 2014\" width=\"300\" height=\"428\" srcset=\"https:\/\/paliskunnat.fi\/poro\/wp-content\/uploads\/2014\/09\/sallivaara_07_2014.jpg 631w, https:\/\/paliskunnat.fi\/poro\/wp-content\/uploads\/2014\/09\/sallivaara_07_2014-210x300.jpg 210w\" sizes=\"auto, (max-width: 300px) 100vw, 300px\" \/><\/a><\/p>\n<p>Nuorilla on mahdollisuus opiskella poronhoitajaksi sek\u00e4 nuorisoasteen koulutuksessa ett\u00e4 aikuiskoulutuksena Lapin eri oppilaitoksissa.<\/p>\n<h3>Lis\u00e4tietoja<\/h3>\n<p>Lapin ammattikorkeakoulu &#8211; <a href=\"http:\/\/www.lapinamk.fi\/fi\/Hakijalle\/Koulutukset\/Paivaopinnot\/Agrologikoulutus\" class=\"external external_icon\" rel=\"nofollow\">Agrologi (AMK)<\/a><\/p>\n<p>Saamelaisalueen koulutuskeskus &#8211; <a href=\"http:\/\/www.sogsakk.fi\/fi\/Hakijalle\/Koulutustarjonta\/Poronhoitaja\" class=\"external external_icon\" rel=\"nofollow\">Luonto- ja ymp\u00e4rist\u00f6alan perustutkinto<\/a> (Poronhoitaja).<\/p>\n<p>Saamelaisalueen koulutuskeskuksen porotalouden ammattitutkintoihin voi hakea jatkuvasti. Opinnot henkil\u00f6kohtaistetaan ja opiskelijalle laaditaan suunnitelma opinnoista sek\u00e4 tutkintoon sis\u00e4ltyvien n\u00e4ytt\u00f6jen suorittamisesta.<\/p>\n<p>&nbsp;<\/p>\n<p>&nbsp;<\/p>\n<p>&nbsp;<\/p>\n<p>&nbsp;<\/p>\n<p><!--more--><\/p>\n<h2>Poronuoret<\/h2>\n<p><a href=\"https:\/\/www.youtube.com\/watch?v=ZYRMni-qKA4\" class=\"external external_icon\" rel=\"nofollow\">Poronuorten videoterveiset<\/a> (Youtube 2014)<\/p>\n<h2>Poroblogi<\/h2>\n<p><a href=\"https:\/\/paliskuntainyhdistys.blogspot.fi\/2014\/08\/nuorissa-ontulevaisuus-julkisissa.html\" class=\"external external_icon\" rel=\"nofollow\">Nuorissa on tulevaisuus!<\/a><\/p>\n","protected":false},"excerpt":{"rendered":"<p>Poronuoret Suomessa on noin 900 alle 25-vuotiasta poronomistajaa.\u00a0 Nuoria on poronhoitoalueen jokaisessa kolkassa ja he ovat aktiivisesti mukana erilaisissa porot\u00f6iss\u00e4. Joka vuosi ilahduttavan moni nuori tekee tulevaisuutemme kannalta \u00e4\u00e4rimm\u00e4isen t\u00e4rke\u00e4n valinnan ja ryhtyy poromieheksi. Joukossa on tytt\u00f6j\u00e4 ja poikia, pohjoisesta, keskelt\u00e4 ja etel\u00e4st\u00e4. Joukossa on intoa, ideoita, rohkeutta ja tahtoa. T\u00e4m\u00e4 poronhoidon luontainen rikkaus on [&hellip;]<\/p>\n","protected":false},"author":1,"featured_media":0,"parent":106,"menu_order":2,"comment_status":"open","ping_status":"closed","template":"","meta":{"footnotes":""},"class_list":["post-132","page","type-page","status-publish","hentry"],"yoast_head":"<!-- This site is optimized with the Yoast SEO plugin v27.2 - https:\/\/yoast.com\/product\/yoast-seo-wordpress\/ -->\n<title>Poronuoret - Poro ja poronhoito<\/title>\n<meta name=\"robots\" content=\"index, follow, max-snippet:-1, max-image-preview:large, max-video-preview:-1\" \/>\n<link rel=\"canonical\" href=\"https:\/\/paliskunnat.fi\/poro\/poronhoito\/poromiehen-ammatti\/poronuoret\/\" \/>\n<meta property=\"og:locale\" content=\"fi_FI\" \/>\n<meta property=\"og:type\" content=\"article\" \/>\n<meta property=\"og:title\" content=\"Poronuoret - Poro ja poronhoito\" \/>\n<meta property=\"og:description\" content=\"Poronuoret Suomessa on noin 900 alle 25-vuotiasta poronomistajaa.\u00a0 Nuoria on poronhoitoalueen jokaisessa kolkassa ja he ovat aktiivisesti mukana erilaisissa porot\u00f6iss\u00e4. Joka vuosi ilahduttavan moni nuori tekee tulevaisuutemme kannalta \u00e4\u00e4rimm\u00e4isen t\u00e4rke\u00e4n valinnan ja ryhtyy poromieheksi. Joukossa on tytt\u00f6j\u00e4 ja poikia, pohjoisesta, keskelt\u00e4 ja etel\u00e4st\u00e4. Joukossa on intoa, ideoita, rohkeutta ja tahtoa. T\u00e4m\u00e4 poronhoidon luontainen rikkaus on [&hellip;]\" \/>\n<meta property=\"og:url\" content=\"https:\/\/paliskunnat.fi\/poro\/poronhoito\/poromiehen-ammatti\/poronuoret\/\" \/>\n<meta property=\"og:site_name\" content=\"Poro ja poronhoito\" \/>\n<meta property=\"article:modified_time\" content=\"2024-01-26T04:16:11+00:00\" \/>\n<meta property=\"og:image\" content=\"https:\/\/paliskunnat.fi\/poro\/wp-content\/uploads\/2014\/09\/sallivaara_07_2014.jpg\" \/>\n<meta name=\"twitter:card\" content=\"summary_large_image\" \/>\n<meta name=\"twitter:label1\" content=\"Arvioitu lukuaika\" \/>\n\t<meta name=\"twitter:data1\" content=\"1 minuutti\" \/>\n<script type=\"application\/ld+json\" class=\"yoast-schema-graph\">{\"@context\":\"https:\/\/schema.org\",\"@graph\":[{\"@type\":\"WebPage\",\"@id\":\"https:\/\/paliskunnat.fi\/poro\/poronhoito\/poromiehen-ammatti\/poronuoret\/\",\"url\":\"https:\/\/paliskunnat.fi\/poro\/poronhoito\/poromiehen-ammatti\/poronuoret\/\",\"name\":\"Poronuoret - Poro ja poronhoito\",\"isPartOf\":{\"@id\":\"https:\/\/paliskunnat.fi\/poro\/#website\"},\"primaryImageOfPage\":{\"@id\":\"https:\/\/paliskunnat.fi\/poro\/poronhoito\/poromiehen-ammatti\/poronuoret\/#primaryimage\"},\"image\":{\"@id\":\"https:\/\/paliskunnat.fi\/poro\/poronhoito\/poromiehen-ammatti\/poronuoret\/#primaryimage\"},\"thumbnailUrl\":\"https:\/\/paliskunnat.fi\/poro\/wp-content\/uploads\/2014\/09\/sallivaara_07_2014.jpg\",\"datePublished\":\"2014-09-01T09:21:06+00:00\",\"dateModified\":\"2024-01-26T04:16:11+00:00\",\"breadcrumb\":{\"@id\":\"https:\/\/paliskunnat.fi\/poro\/poronhoito\/poromiehen-ammatti\/poronuoret\/#breadcrumb\"},\"inLanguage\":\"fi\",\"potentialAction\":[{\"@type\":\"ReadAction\",\"target\":[\"https:\/\/paliskunnat.fi\/poro\/poronhoito\/poromiehen-ammatti\/poronuoret\/\"]}]},{\"@type\":\"ImageObject\",\"inLanguage\":\"fi\",\"@id\":\"https:\/\/paliskunnat.fi\/poro\/poronhoito\/poromiehen-ammatti\/poronuoret\/#primaryimage\",\"url\":\"https:\/\/paliskunnat.fi\/poro\/wp-content\/uploads\/2014\/09\/sallivaara_07_2014.jpg\",\"contentUrl\":\"https:\/\/paliskunnat.fi\/poro\/wp-content\/uploads\/2014\/09\/sallivaara_07_2014.jpg\",\"width\":631,\"height\":900},{\"@type\":\"BreadcrumbList\",\"@id\":\"https:\/\/paliskunnat.fi\/poro\/poronhoito\/poromiehen-ammatti\/poronuoret\/#breadcrumb\",\"itemListElement\":[{\"@type\":\"ListItem\",\"position\":1,\"name\":\"Home\",\"item\":\"https:\/\/paliskunnat.fi\/poro\/\"},{\"@type\":\"ListItem\",\"position\":2,\"name\":\"Poronhoito\",\"item\":\"https:\/\/paliskunnat.fi\/poro\/poronhoito\/\"},{\"@type\":\"ListItem\",\"position\":3,\"name\":\"Poromiehen ammatti\",\"item\":\"https:\/\/paliskunnat.fi\/poro\/poronhoito\/poromiehen-ammatti\/\"},{\"@type\":\"ListItem\",\"position\":4,\"name\":\"Poronuoret\"}]},{\"@type\":\"WebSite\",\"@id\":\"https:\/\/paliskunnat.fi\/poro\/#website\",\"url\":\"https:\/\/paliskunnat.fi\/poro\/\",\"name\":\"Poro ja poronhoito\",\"description\":\"Poro ja poronhoito Suomessa\",\"potentialAction\":[{\"@type\":\"SearchAction\",\"target\":{\"@type\":\"EntryPoint\",\"urlTemplate\":\"https:\/\/paliskunnat.fi\/poro\/?s={search_term_string}\"},\"query-input\":{\"@type\":\"PropertyValueSpecification\",\"valueRequired\":true,\"valueName\":\"search_term_string\"}}],\"inLanguage\":\"fi\"}]}<\/script>\n<!-- \/ Yoast SEO plugin. -->","yoast_head_json":{"title":"Poronuoret - Poro ja poronhoito","robots":{"index":"index","follow":"follow","max-snippet":"max-snippet:-1","max-image-preview":"max-image-preview:large","max-video-preview":"max-video-preview:-1"},"canonical":"https:\/\/paliskunnat.fi\/poro\/poronhoito\/poromiehen-ammatti\/poronuoret\/","og_locale":"fi_FI","og_type":"article","og_title":"Poronuoret - Poro ja poronhoito","og_description":"Poronuoret Suomessa on noin 900 alle 25-vuotiasta poronomistajaa.\u00a0 Nuoria on poronhoitoalueen jokaisessa kolkassa ja he ovat aktiivisesti mukana erilaisissa porot\u00f6iss\u00e4. Joka vuosi ilahduttavan moni nuori tekee tulevaisuutemme kannalta \u00e4\u00e4rimm\u00e4isen t\u00e4rke\u00e4n valinnan ja ryhtyy poromieheksi. Joukossa on tytt\u00f6j\u00e4 ja poikia, pohjoisesta, keskelt\u00e4 ja etel\u00e4st\u00e4. Joukossa on intoa, ideoita, rohkeutta ja tahtoa. T\u00e4m\u00e4 poronhoidon luontainen rikkaus on [&hellip;]","og_url":"https:\/\/paliskunnat.fi\/poro\/poronhoito\/poromiehen-ammatti\/poronuoret\/","og_site_name":"Poro ja poronhoito","article_modified_time":"2024-01-26T04:16:11+00:00","og_image":[{"url":"https:\/\/paliskunnat.fi\/poro\/wp-content\/uploads\/2014\/09\/sallivaara_07_2014.jpg","type":"","width":"","height":""}],"twitter_card":"summary_large_image","twitter_misc":{"Arvioitu lukuaika":"1 minuutti"},"schema":{"@context":"https:\/\/schema.org","@graph":[{"@type":"WebPage","@id":"https:\/\/paliskunnat.fi\/poro\/poronhoito\/poromiehen-ammatti\/poronuoret\/","url":"https:\/\/paliskunnat.fi\/poro\/poronhoito\/poromiehen-ammatti\/poronuoret\/","name":"Poronuoret - Poro ja poronhoito","isPartOf":{"@id":"https:\/\/paliskunnat.fi\/poro\/#website"},"primaryImageOfPage":{"@id":"https:\/\/paliskunnat.fi\/poro\/poronhoito\/poromiehen-ammatti\/poronuoret\/#primaryimage"},"image":{"@id":"https:\/\/paliskunnat.fi\/poro\/poronhoito\/poromiehen-ammatti\/poronuoret\/#primaryimage"},"thumbnailUrl":"https:\/\/paliskunnat.fi\/poro\/wp-content\/uploads\/2014\/09\/sallivaara_07_2014.jpg","datePublished":"2014-09-01T09:21:06+00:00","dateModified":"2024-01-26T04:16:11+00:00","breadcrumb":{"@id":"https:\/\/paliskunnat.fi\/poro\/poronhoito\/poromiehen-ammatti\/poronuoret\/#breadcrumb"},"inLanguage":"fi","potentialAction":[{"@type":"ReadAction","target":["https:\/\/paliskunnat.fi\/poro\/poronhoito\/poromiehen-ammatti\/poronuoret\/"]}]},{"@type":"ImageObject","inLanguage":"fi","@id":"https:\/\/paliskunnat.fi\/poro\/poronhoito\/poromiehen-ammatti\/poronuoret\/#primaryimage","url":"https:\/\/paliskunnat.fi\/poro\/wp-content\/uploads\/2014\/09\/sallivaara_07_2014.jpg","contentUrl":"https:\/\/paliskunnat.fi\/poro\/wp-content\/uploads\/2014\/09\/sallivaara_07_2014.jpg","width":631,"height":900},{"@type":"BreadcrumbList","@id":"https:\/\/paliskunnat.fi\/poro\/poronhoito\/poromiehen-ammatti\/poronuoret\/#breadcrumb","itemListElement":[{"@type":"ListItem","position":1,"name":"Home","item":"https:\/\/paliskunnat.fi\/poro\/"},{"@type":"ListItem","position":2,"name":"Poronhoito","item":"https:\/\/paliskunnat.fi\/poro\/poronhoito\/"},{"@type":"ListItem","position":3,"name":"Poromiehen ammatti","item":"https:\/\/paliskunnat.fi\/poro\/poronhoito\/poromiehen-ammatti\/"},{"@type":"ListItem","position":4,"name":"Poronuoret"}]},{"@type":"WebSite","@id":"https:\/\/paliskunnat.fi\/poro\/#website","url":"https:\/\/paliskunnat.fi\/poro\/","name":"Poro ja poronhoito","description":"Poro ja poronhoito Suomessa","potentialAction":[{"@type":"SearchAction","target":{"@type":"EntryPoint","urlTemplate":"https:\/\/paliskunnat.fi\/poro\/?s={search_term_string}"},"query-input":{"@type":"PropertyValueSpecification","valueRequired":true,"valueName":"search_term_string"}}],"inLanguage":"fi"}]}},"_links":{"self":[{"href":"https:\/\/paliskunnat.fi\/poro\/wp-json\/wp\/v2\/pages\/132","targetHints":{"allow":["GET"]}}],"collection":[{"href":"https:\/\/paliskunnat.fi\/poro\/wp-json\/wp\/v2\/pages"}],"about":[{"href":"https:\/\/paliskunnat.fi\/poro\/wp-json\/wp\/v2\/types\/page"}],"author":[{"embeddable":true,"href":"https:\/\/paliskunnat.fi\/poro\/wp-json\/wp\/v2\/users\/1"}],"replies":[{"embeddable":true,"href":"https:\/\/paliskunnat.fi\/poro\/wp-json\/wp\/v2\/comments?post=132"}],"version-history":[{"count":36,"href":"https:\/\/paliskunnat.fi\/poro\/wp-json\/wp\/v2\/pages\/132\/revisions"}],"predecessor-version":[{"id":4607,"href":"https:\/\/paliskunnat.fi\/poro\/wp-json\/wp\/v2\/pages\/132\/revisions\/4607"}],"up":[{"embeddable":true,"href":"https:\/\/paliskunnat.fi\/poro\/wp-json\/wp\/v2\/pages\/106"}],"wp:attachment":[{"href":"https:\/\/paliskunnat.fi\/poro\/wp-json\/wp\/v2\/media?parent=132"}],"curies":[{"name":"wp","href":"https:\/\/api.w.org\/{rel}","templated":true}]}}