{"id":153,"date":"2014-09-01T14:05:07","date_gmt":"2014-09-01T11:05:07","guid":{"rendered":"http:\/\/80.69.171.23\/poro\/?page_id=153"},"modified":"2025-03-06T14:29:48","modified_gmt":"2025-03-06T12:29:48","slug":"talviruokinta","status":"publish","type":"page","link":"https:\/\/paliskunnat.fi\/poro\/poronhoito\/poronhoidon-haasteet\/talviruokinta\/","title":{"rendered":"Lis\u00e4ruokinta"},"content":{"rendered":"<h2>Lis\u00e4ruokinta<\/h2>\n<p>Talviravinnon saatavuuden heikentymisen, laidunten pirstoitumisen ja laidunten laadun heikkenemisen my\u00f6t\u00e4 osaa poroista ruokitaan talvisin koko poronhoitoalueella. Porot p\u00e4rj\u00e4\u00e4v\u00e4t hyv\u00e4kuntoisina ilman lis\u00e4ruokintaa l\u00e4hinn\u00e4 laajoilla suojelualueilla, kuten luonnonpuistoissa ja er\u00e4maa-alueilla. Lis\u00e4ruokinta tuo poronhoitoon taloudellisia haasteita erityisesti luonnonoloiltaan vaikeina vuosina.<\/p>\n<p>Talvista lis\u00e4ruokintaa on tehty pienimuotoisesti vuosikymmeni\u00e4 ja jopa vuosisatoja.\u00a0Aikoinaan lis\u00e4ruokinta oli sit\u00e4, ett\u00e4 poronomistajat ker\u00e4siv\u00e4t kes\u00e4ll\u00e4 j\u00e4k\u00e4l\u00e4\u00e4 ja lehdeksi\u00e4 porojen talvirehuksi. Talvella saatettiin rikkoa kovaa hankea lapioilla ja pudottaa luppoa puista poroille. Pidemm\u00e4lle matkalle l\u00e4htev\u00e4 raitomies saattoi ottaa poroille ev\u00e4\u00e4ksi\u00a0parikin ahkiollista j\u00e4k\u00e4l\u00e4\u00e4. Etel\u00e4isell\u00e4 poronhoitoalueella kaadettiin 1800-luvulta alkaen laajoja luppokaskia kev\u00e4ttalvella porojen ravinnoksi. Luppokaskien avulla my\u00f6s paimennettiin poroja ja suojattiin niit\u00e4 pedoilta. Kaskeaminen her\u00e4tti ristiriitoja mets\u00e4talouden kehittyess\u00e4. Niinp\u00e4 kaskeamisperinne v\u00e4heni ja lopulta p\u00e4\u00e4ttyi 1900-luvun kuluessa. Pohjoisessa esimerkiksi\u00a0Hammastunturin alueella k\u00e4ytettiin luppokeppej\u00e4, joiden k\u00e4rjess\u00e4 oli viikatteen ter\u00e4st\u00e4 katkaistu k\u00e4\u00e4ntyv\u00e4 ter\u00e4 ja luppoa pudotettiin hangelle. Sek\u00e4 kirveen ett\u00e4 luppokepin \u00e4\u00e4ni houkuttelivat poroja sy\u00f6m\u00e4\u00e4n pitk\u00e4nkin matkan takaa.<\/p>\n\n\t\t<style type=\"text\/css\">\n\t\t\t#gallery-1 {\n\t\t\t\tmargin: auto;\n\t\t\t}\n\t\t\t#gallery-1 .gallery-item {\n\t\t\t\tfloat: left;\n\t\t\t\tmargin-top: 10px;\n\t\t\t\ttext-align: center;\n\t\t\t\twidth: 33%;\n\t\t\t}\n\t\t\t#gallery-1 img {\n\t\t\t\tborder: 2px solid #cfcfcf;\n\t\t\t}\n\t\t\t#gallery-1 .gallery-caption {\n\t\t\t\tmargin-left: 0;\n\t\t\t}\n\t\t\t\/* see gallery_shortcode() in wp-includes\/media.php *\/\n\t\t<\/style>\n\t\t<div id='gallery-1' class='gallery galleryid-153 gallery-columns-3 gallery-size-thumbnail'><dl class='gallery-item'>\n\t\t\t<dt class='gallery-icon landscape'>\n\t\t\t\t<a href='https:\/\/paliskunnat.fi\/poro\/wp-content\/uploads\/2014\/09\/ruokinta01.jpg' rel=\"lightbox[153]\"><img loading=\"lazy\" decoding=\"async\" width=\"150\" height=\"150\" src=\"https:\/\/paliskunnat.fi\/poro\/wp-content\/uploads\/2014\/09\/ruokinta01-150x150.jpg\" class=\"attachment-thumbnail size-thumbnail\" alt=\"\" \/><\/a>\n\t\t\t<\/dt><\/dl><dl class='gallery-item'>\n\t\t\t<dt class='gallery-icon landscape'>\n\t\t\t\t<a href='https:\/\/paliskunnat.fi\/poro\/wp-content\/uploads\/2014\/09\/ruokinta03.jpg' rel=\"lightbox[153]\"><img loading=\"lazy\" decoding=\"async\" width=\"150\" height=\"150\" src=\"https:\/\/paliskunnat.fi\/poro\/wp-content\/uploads\/2014\/09\/ruokinta03-150x150.jpg\" class=\"attachment-thumbnail size-thumbnail\" alt=\"\" \/><\/a>\n\t\t\t<\/dt><\/dl><dl class='gallery-item'>\n\t\t\t<dt class='gallery-icon landscape'>\n\t\t\t\t<a href='https:\/\/paliskunnat.fi\/poro\/wp-content\/uploads\/2014\/09\/ruokinta02.jpg' rel=\"lightbox[153]\"><img loading=\"lazy\" decoding=\"async\" width=\"150\" height=\"150\" src=\"https:\/\/paliskunnat.fi\/poro\/wp-content\/uploads\/2014\/09\/ruokinta02-150x150.jpg\" class=\"attachment-thumbnail size-thumbnail\" alt=\"\" \/><\/a>\n\t\t\t<\/dt><\/dl><br style=\"clear: both\" \/>\n\t\t<\/div>\n\n<p>&nbsp;<\/p>\n<p>Nykyinen porojen lis\u00e4ruokinta on tehokkaampaa. Sen tavoitteena on pit\u00e4\u00e4 porot hyv\u00e4kuntoisina l\u00e4pi talvikuukausien ja varmistaa vasatuottoa luonnonoloista\u00a0riippumatta.\u00a0Poroja ruokitaan talvella p\u00e4\u00e4asiassa hein\u00e4ll\u00e4, pelleteill\u00e4, j\u00e4k\u00e4l\u00e4ll\u00e4, lehtikerpuilla ja kortteella.\u00a0Maastoon ruokittaessa poro etsii osan ravinnostaan edelleen luonnosta. Aidatuissa oloissa poro on t\u00e4ysin ihmisen tarjoaman ravinnon varassa.<\/p>\n<p>Lis\u00e4ruokinta\u00a0on v\u00e4ltt\u00e4m\u00e4t\u00f6nt\u00e4\u00a0talousmets\u00e4alueilla, joissa hakkuut ja maank\u00e4sittely ovat muuttaneet luontoa ratkaisevasti. Muualla ruokinnan tarve ja toteutustapa riippuvat paljon vuotuisista s\u00e4\u00e4oloista sek\u00e4 paliskunnan alueen laiduntilanteesta.<\/p>\n<p>Porojen lis\u00e4ruokinnan tarve vaihtelee luonnonolosuhteiden mukaan vuosittain. Porojen lis\u00e4ruokinta aloitetaan, kun j\u00e4k\u00e4l\u00e4n kaivaminen vaikeutuu, eik\u00e4 poro saa en\u00e4\u00e4 riitt\u00e4v\u00e4sti ravintoa luonnonlaitumilta. Sulan maan ajan ja alkutalven\u00a0porot hakevat ev\u00e4\u00e4ns\u00e4 luonnosta vapaasti itse.<\/p>\n<h2>Luppometsien v\u00e4heneminen<\/h2>\n<p>Lupon merkitys poron kev\u00e4ttalvisena ravintona on huomattava.\u00a0Luppoa kuitenkin esiintyy merkitt\u00e4v\u00e4sti vasta 80 vuotta vanhemmissa metsiss\u00e4. Valtakunnan metsien inventointitiedot kertovat, ett\u00e4 n\u00e4in i\u00e4kk\u00e4iden metsien osuus Pohjois-Suomessa on v\u00e4hentynyt 1920-luvun alusta 1900-luvun loppuun tultaessa 71 prosentista 16 prosenttiin. Luppometsien pinta-alasta on siis kadonnut 78 prosenttia. Eniten Luppoa on Kuusamossa sek\u00e4 Luoteis- ja Koillis-Lapissa (Helle 2013).<\/p>\n<p><a href=\"http:\/\/paliskunnat.fi\/poro\/wp-content\/uploads\/2014\/09\/mv_luppo_aita.jpg\" rel=\"lightbox[153]\"><img loading=\"lazy\" decoding=\"async\" class=\"alignnone wp-image-1040\" src=\"http:\/\/paliskunnat.fi\/poro\/wp-content\/uploads\/2014\/09\/mv_luppo_aita.jpg\" alt=\"Luppoa ja poroaitaa\" width=\"460\" height=\"512\" srcset=\"https:\/\/paliskunnat.fi\/poro\/wp-content\/uploads\/2014\/09\/mv_luppo_aita.jpg 809w, https:\/\/paliskunnat.fi\/poro\/wp-content\/uploads\/2014\/09\/mv_luppo_aita-270x300.jpg 270w\" sizes=\"auto, (max-width: 460px) 100vw, 460px\" \/><\/a><\/p>\n<p>&nbsp;<\/p>\n<p>&nbsp;<\/p>\n<p><!--more--><\/p>\n<h2>Porojen ruokinta ja ravitsemus muuttuvassa ilmastossa<\/h2>\n<p><a href=\"https:\/\/lapinamk.fi\/porojen-ruokinta-ja-ravitsemus-muuttuvassa-ilmastossa\/\" class=\"external external_icon\" rel=\"nofollow\">Lapin ammattikorkeakoulu<\/a><\/p>\n<h2>Maastoruokinta Ivalon paliskunnassa<\/h2>\n<p>Ivalon paliskunnan etel\u00e4- ja keskiosan porojen maastoruokinta (<a href=\"https:\/\/www.youtube.com\/watch?v=NpKRrJz-kvM\" class=\"external external_icon\" rel=\"nofollow\">Youtube<\/a>).\u00a0Rovaniemen ammattikorkeakoulu pLAB \u2013 julkaistu 3\/2013.<\/p>\n<h2>Porojen talviruokinta<\/h2>\n<p>Poromies Jukka Kaaretkoski kertoo porojen talviruokinnasta (<a href=\"https:\/\/www.youtube.com\/watch?v=V_yfbcHM3oE\" class=\"external external_icon\" rel=\"nofollow\">Youtube<\/a>). Mediapaja Seita-s\u00e4\u00e4ti\u00f6 &#8211; julkaistu 4\/2017.<\/p>\n<p>&nbsp;<\/p>\n","protected":false},"excerpt":{"rendered":"<p>Lis\u00e4ruokinta Talviravinnon saatavuuden heikentymisen, laidunten pirstoitumisen ja laidunten laadun heikkenemisen my\u00f6t\u00e4 osaa poroista ruokitaan talvisin koko poronhoitoalueella. Porot p\u00e4rj\u00e4\u00e4v\u00e4t hyv\u00e4kuntoisina ilman lis\u00e4ruokintaa l\u00e4hinn\u00e4 laajoilla suojelualueilla, kuten luonnonpuistoissa ja er\u00e4maa-alueilla. Lis\u00e4ruokinta tuo poronhoitoon taloudellisia haasteita erityisesti luonnonoloiltaan vaikeina vuosina. Talvista lis\u00e4ruokintaa on tehty pienimuotoisesti vuosikymmeni\u00e4 ja jopa vuosisatoja.\u00a0Aikoinaan lis\u00e4ruokinta oli sit\u00e4, ett\u00e4 poronomistajat ker\u00e4siv\u00e4t kes\u00e4ll\u00e4 j\u00e4k\u00e4l\u00e4\u00e4 [&hellip;]<\/p>\n","protected":false},"author":1,"featured_media":0,"parent":89,"menu_order":3,"comment_status":"open","ping_status":"closed","template":"","meta":{"footnotes":""},"class_list":["post-153","page","type-page","status-publish","hentry"],"yoast_head":"<!-- This site is optimized with the Yoast SEO plugin v27.2 - https:\/\/yoast.com\/product\/yoast-seo-wordpress\/ -->\n<title>Lis\u00e4ruokinta - Poro ja poronhoito<\/title>\n<meta name=\"robots\" content=\"index, follow, max-snippet:-1, max-image-preview:large, max-video-preview:-1\" \/>\n<link rel=\"canonical\" href=\"https:\/\/paliskunnat.fi\/poro\/poronhoito\/poronhoidon-haasteet\/talviruokinta\/\" \/>\n<meta property=\"og:locale\" content=\"fi_FI\" \/>\n<meta property=\"og:type\" content=\"article\" \/>\n<meta property=\"og:title\" content=\"Lis\u00e4ruokinta - Poro ja poronhoito\" \/>\n<meta property=\"og:description\" content=\"Lis\u00e4ruokinta Talviravinnon saatavuuden heikentymisen, laidunten pirstoitumisen ja laidunten laadun heikkenemisen my\u00f6t\u00e4 osaa poroista ruokitaan talvisin koko poronhoitoalueella. Porot p\u00e4rj\u00e4\u00e4v\u00e4t hyv\u00e4kuntoisina ilman lis\u00e4ruokintaa l\u00e4hinn\u00e4 laajoilla suojelualueilla, kuten luonnonpuistoissa ja er\u00e4maa-alueilla. Lis\u00e4ruokinta tuo poronhoitoon taloudellisia haasteita erityisesti luonnonoloiltaan vaikeina vuosina. Talvista lis\u00e4ruokintaa on tehty pienimuotoisesti vuosikymmeni\u00e4 ja jopa vuosisatoja.\u00a0Aikoinaan lis\u00e4ruokinta oli sit\u00e4, ett\u00e4 poronomistajat ker\u00e4siv\u00e4t kes\u00e4ll\u00e4 j\u00e4k\u00e4l\u00e4\u00e4 [&hellip;]\" \/>\n<meta property=\"og:url\" content=\"https:\/\/paliskunnat.fi\/poro\/poronhoito\/poronhoidon-haasteet\/talviruokinta\/\" \/>\n<meta property=\"og:site_name\" content=\"Poro ja poronhoito\" \/>\n<meta property=\"article:modified_time\" content=\"2025-03-06T12:29:48+00:00\" \/>\n<meta property=\"og:image\" content=\"https:\/\/paliskunnat.fi\/poro\/wp-content\/uploads\/2014\/09\/ruokinta01-150x150.jpg\" \/>\n<meta name=\"twitter:card\" content=\"summary_large_image\" \/>\n<meta name=\"twitter:label1\" content=\"Arvioitu lukuaika\" \/>\n\t<meta name=\"twitter:data1\" content=\"3 minuuttia\" \/>\n<script type=\"application\/ld+json\" class=\"yoast-schema-graph\">{\"@context\":\"https:\/\/schema.org\",\"@graph\":[{\"@type\":\"WebPage\",\"@id\":\"https:\/\/paliskunnat.fi\/poro\/poronhoito\/poronhoidon-haasteet\/talviruokinta\/\",\"url\":\"https:\/\/paliskunnat.fi\/poro\/poronhoito\/poronhoidon-haasteet\/talviruokinta\/\",\"name\":\"Lis\u00e4ruokinta - Poro ja poronhoito\",\"isPartOf\":{\"@id\":\"https:\/\/paliskunnat.fi\/poro\/#website\"},\"primaryImageOfPage\":{\"@id\":\"https:\/\/paliskunnat.fi\/poro\/poronhoito\/poronhoidon-haasteet\/talviruokinta\/#primaryimage\"},\"image\":{\"@id\":\"https:\/\/paliskunnat.fi\/poro\/poronhoito\/poronhoidon-haasteet\/talviruokinta\/#primaryimage\"},\"thumbnailUrl\":\"http:\/\/paliskunnat.fi\/poro\/wp-content\/uploads\/2014\/09\/mv_luppo_aita.jpg\",\"datePublished\":\"2014-09-01T11:05:07+00:00\",\"dateModified\":\"2025-03-06T12:29:48+00:00\",\"breadcrumb\":{\"@id\":\"https:\/\/paliskunnat.fi\/poro\/poronhoito\/poronhoidon-haasteet\/talviruokinta\/#breadcrumb\"},\"inLanguage\":\"fi\",\"potentialAction\":[{\"@type\":\"ReadAction\",\"target\":[\"https:\/\/paliskunnat.fi\/poro\/poronhoito\/poronhoidon-haasteet\/talviruokinta\/\"]}]},{\"@type\":\"ImageObject\",\"inLanguage\":\"fi\",\"@id\":\"https:\/\/paliskunnat.fi\/poro\/poronhoito\/poronhoidon-haasteet\/talviruokinta\/#primaryimage\",\"url\":\"http:\/\/paliskunnat.fi\/poro\/wp-content\/uploads\/2014\/09\/mv_luppo_aita.jpg\",\"contentUrl\":\"http:\/\/paliskunnat.fi\/poro\/wp-content\/uploads\/2014\/09\/mv_luppo_aita.jpg\"},{\"@type\":\"BreadcrumbList\",\"@id\":\"https:\/\/paliskunnat.fi\/poro\/poronhoito\/poronhoidon-haasteet\/talviruokinta\/#breadcrumb\",\"itemListElement\":[{\"@type\":\"ListItem\",\"position\":1,\"name\":\"Home\",\"item\":\"https:\/\/paliskunnat.fi\/poro\/\"},{\"@type\":\"ListItem\",\"position\":2,\"name\":\"Poronhoito\",\"item\":\"https:\/\/paliskunnat.fi\/poro\/poronhoito\/\"},{\"@type\":\"ListItem\",\"position\":3,\"name\":\"Poronhoidon haasteet\",\"item\":\"https:\/\/paliskunnat.fi\/poro\/poronhoito\/poronhoidon-haasteet\/\"},{\"@type\":\"ListItem\",\"position\":4,\"name\":\"Lis\u00e4ruokinta\"}]},{\"@type\":\"WebSite\",\"@id\":\"https:\/\/paliskunnat.fi\/poro\/#website\",\"url\":\"https:\/\/paliskunnat.fi\/poro\/\",\"name\":\"Poro ja poronhoito\",\"description\":\"Poro ja poronhoito Suomessa\",\"potentialAction\":[{\"@type\":\"SearchAction\",\"target\":{\"@type\":\"EntryPoint\",\"urlTemplate\":\"https:\/\/paliskunnat.fi\/poro\/?s={search_term_string}\"},\"query-input\":{\"@type\":\"PropertyValueSpecification\",\"valueRequired\":true,\"valueName\":\"search_term_string\"}}],\"inLanguage\":\"fi\"}]}<\/script>\n<!-- \/ Yoast SEO plugin. -->","yoast_head_json":{"title":"Lis\u00e4ruokinta - Poro ja poronhoito","robots":{"index":"index","follow":"follow","max-snippet":"max-snippet:-1","max-image-preview":"max-image-preview:large","max-video-preview":"max-video-preview:-1"},"canonical":"https:\/\/paliskunnat.fi\/poro\/poronhoito\/poronhoidon-haasteet\/talviruokinta\/","og_locale":"fi_FI","og_type":"article","og_title":"Lis\u00e4ruokinta - Poro ja poronhoito","og_description":"Lis\u00e4ruokinta Talviravinnon saatavuuden heikentymisen, laidunten pirstoitumisen ja laidunten laadun heikkenemisen my\u00f6t\u00e4 osaa poroista ruokitaan talvisin koko poronhoitoalueella. Porot p\u00e4rj\u00e4\u00e4v\u00e4t hyv\u00e4kuntoisina ilman lis\u00e4ruokintaa l\u00e4hinn\u00e4 laajoilla suojelualueilla, kuten luonnonpuistoissa ja er\u00e4maa-alueilla. Lis\u00e4ruokinta tuo poronhoitoon taloudellisia haasteita erityisesti luonnonoloiltaan vaikeina vuosina. Talvista lis\u00e4ruokintaa on tehty pienimuotoisesti vuosikymmeni\u00e4 ja jopa vuosisatoja.\u00a0Aikoinaan lis\u00e4ruokinta oli sit\u00e4, ett\u00e4 poronomistajat ker\u00e4siv\u00e4t kes\u00e4ll\u00e4 j\u00e4k\u00e4l\u00e4\u00e4 [&hellip;]","og_url":"https:\/\/paliskunnat.fi\/poro\/poronhoito\/poronhoidon-haasteet\/talviruokinta\/","og_site_name":"Poro ja poronhoito","article_modified_time":"2025-03-06T12:29:48+00:00","og_image":[{"url":"https:\/\/paliskunnat.fi\/poro\/wp-content\/uploads\/2014\/09\/ruokinta01-150x150.jpg","type":"","width":"","height":""}],"twitter_card":"summary_large_image","twitter_misc":{"Arvioitu lukuaika":"3 minuuttia"},"schema":{"@context":"https:\/\/schema.org","@graph":[{"@type":"WebPage","@id":"https:\/\/paliskunnat.fi\/poro\/poronhoito\/poronhoidon-haasteet\/talviruokinta\/","url":"https:\/\/paliskunnat.fi\/poro\/poronhoito\/poronhoidon-haasteet\/talviruokinta\/","name":"Lis\u00e4ruokinta - Poro ja poronhoito","isPartOf":{"@id":"https:\/\/paliskunnat.fi\/poro\/#website"},"primaryImageOfPage":{"@id":"https:\/\/paliskunnat.fi\/poro\/poronhoito\/poronhoidon-haasteet\/talviruokinta\/#primaryimage"},"image":{"@id":"https:\/\/paliskunnat.fi\/poro\/poronhoito\/poronhoidon-haasteet\/talviruokinta\/#primaryimage"},"thumbnailUrl":"http:\/\/paliskunnat.fi\/poro\/wp-content\/uploads\/2014\/09\/mv_luppo_aita.jpg","datePublished":"2014-09-01T11:05:07+00:00","dateModified":"2025-03-06T12:29:48+00:00","breadcrumb":{"@id":"https:\/\/paliskunnat.fi\/poro\/poronhoito\/poronhoidon-haasteet\/talviruokinta\/#breadcrumb"},"inLanguage":"fi","potentialAction":[{"@type":"ReadAction","target":["https:\/\/paliskunnat.fi\/poro\/poronhoito\/poronhoidon-haasteet\/talviruokinta\/"]}]},{"@type":"ImageObject","inLanguage":"fi","@id":"https:\/\/paliskunnat.fi\/poro\/poronhoito\/poronhoidon-haasteet\/talviruokinta\/#primaryimage","url":"http:\/\/paliskunnat.fi\/poro\/wp-content\/uploads\/2014\/09\/mv_luppo_aita.jpg","contentUrl":"http:\/\/paliskunnat.fi\/poro\/wp-content\/uploads\/2014\/09\/mv_luppo_aita.jpg"},{"@type":"BreadcrumbList","@id":"https:\/\/paliskunnat.fi\/poro\/poronhoito\/poronhoidon-haasteet\/talviruokinta\/#breadcrumb","itemListElement":[{"@type":"ListItem","position":1,"name":"Home","item":"https:\/\/paliskunnat.fi\/poro\/"},{"@type":"ListItem","position":2,"name":"Poronhoito","item":"https:\/\/paliskunnat.fi\/poro\/poronhoito\/"},{"@type":"ListItem","position":3,"name":"Poronhoidon haasteet","item":"https:\/\/paliskunnat.fi\/poro\/poronhoito\/poronhoidon-haasteet\/"},{"@type":"ListItem","position":4,"name":"Lis\u00e4ruokinta"}]},{"@type":"WebSite","@id":"https:\/\/paliskunnat.fi\/poro\/#website","url":"https:\/\/paliskunnat.fi\/poro\/","name":"Poro ja poronhoito","description":"Poro ja poronhoito Suomessa","potentialAction":[{"@type":"SearchAction","target":{"@type":"EntryPoint","urlTemplate":"https:\/\/paliskunnat.fi\/poro\/?s={search_term_string}"},"query-input":{"@type":"PropertyValueSpecification","valueRequired":true,"valueName":"search_term_string"}}],"inLanguage":"fi"}]}},"_links":{"self":[{"href":"https:\/\/paliskunnat.fi\/poro\/wp-json\/wp\/v2\/pages\/153","targetHints":{"allow":["GET"]}}],"collection":[{"href":"https:\/\/paliskunnat.fi\/poro\/wp-json\/wp\/v2\/pages"}],"about":[{"href":"https:\/\/paliskunnat.fi\/poro\/wp-json\/wp\/v2\/types\/page"}],"author":[{"embeddable":true,"href":"https:\/\/paliskunnat.fi\/poro\/wp-json\/wp\/v2\/users\/1"}],"replies":[{"embeddable":true,"href":"https:\/\/paliskunnat.fi\/poro\/wp-json\/wp\/v2\/comments?post=153"}],"version-history":[{"count":74,"href":"https:\/\/paliskunnat.fi\/poro\/wp-json\/wp\/v2\/pages\/153\/revisions"}],"predecessor-version":[{"id":4685,"href":"https:\/\/paliskunnat.fi\/poro\/wp-json\/wp\/v2\/pages\/153\/revisions\/4685"}],"up":[{"embeddable":true,"href":"https:\/\/paliskunnat.fi\/poro\/wp-json\/wp\/v2\/pages\/89"}],"wp:attachment":[{"href":"https:\/\/paliskunnat.fi\/poro\/wp-json\/wp\/v2\/media?parent=153"}],"curies":[{"name":"wp","href":"https:\/\/api.w.org\/{rel}","templated":true}]}}