{"id":1597,"date":"2015-04-04T14:22:04","date_gmt":"2015-04-04T11:22:04","guid":{"rendered":"http:\/\/80.69.171.23\/poro\/?page_id=1597"},"modified":"2015-05-08T14:37:05","modified_gmt":"2015-05-08T11:37:05","slug":"poro-talvella","status":"publish","type":"page","link":"https:\/\/paliskunnat.fi\/poro\/poro\/poron-vuosi\/talvi\/poro-talvella\/","title":{"rendered":"Sopeutuminen talveen"},"content":{"rendered":"<h2>Poro on talveen sopeutumisen mestari<\/h2>\n<p>Talvella poron kasvu hidastuu ja aktiivisuus v\u00e4henee. Pehme\u00e4 lumipeite v\u00e4hent\u00e4\u00e4 osaltaan poron liikkumishaluja.\u00a0Poron aineenvaihdunta, syd\u00e4men syke ja hengitys hidastuvat. Suurin muutos tapahtuu poron ruoansulatuksessa. Poron ruuansulatus sopeutuu erinomaisesti talviseen ravintoon.<\/p>\n<p>Poronj\u00e4k\u00e4l\u00e4ss\u00e4 on niukasti valkuaista, kivenn\u00e4is- ja hivenaineita sek\u00e4 vitamiineja. J\u00e4k\u00e4lien valkuaisaineet ovat my\u00f6s heikosti sulavia, joten talvella poro on usein negatiivisessa typpitaseessa ja menett\u00e4\u00e4 painoaan. Sy\u00f6dess\u00e4\u00e4n kilon j\u00e4k\u00e4l\u00e4\u00e4 poro k\u00e4ytt\u00e4\u00e4 elimist\u00f6st\u00e4\u00e4n koko ajan valkuaisainevarastojaan. J\u00e4k\u00e4l\u00e4ss\u00e4 on kuitenkin runsaasti helposti\u00a0sulavia sokereita (hiilihydraatteja), joten poro saa talvella j\u00e4k\u00e4l\u00e4st\u00e4 hyvin energiaa.<\/p>\n<p>Kes\u00e4kaudella ker\u00e4tyt ihonalaiset rasvavarastot ovat kev\u00e4ttalvella porolle elint\u00e4rkeit\u00e4. P\u00e4\u00e4osa talvisesta painonmenetyksest\u00e4 kohdistuu rasvoihin. Mik\u00e4li rasvavarastot loppuvat, joutuu poro kuluttamaan muun elimist\u00f6n valkuaisia.<\/p>\n<p>Luppojen valkuaispitoisuudet ovat korkeammat kuin maaj\u00e4k\u00e4liss\u00e4 ja ne ovat helpommin sulavia. Se osaltaan selitt\u00e4\u00e4 porojen halukkuutta k\u00e4ytt\u00e4\u00e4 luppoa ravintonaan, mik\u00e4li sit\u00e4 on riitt\u00e4v\u00e4sti tarjolla.<\/p>\n<p>&nbsp;<\/p>\n<p>&nbsp;<\/p>\n","protected":false},"excerpt":{"rendered":"<p>Poro on talveen sopeutumisen mestari Talvella poron kasvu hidastuu ja aktiivisuus v\u00e4henee. Pehme\u00e4 lumipeite v\u00e4hent\u00e4\u00e4 osaltaan poron liikkumishaluja.\u00a0Poron aineenvaihdunta, syd\u00e4men syke ja hengitys hidastuvat. Suurin muutos tapahtuu poron ruoansulatuksessa. Poron ruuansulatus sopeutuu erinomaisesti talviseen ravintoon. Poronj\u00e4k\u00e4l\u00e4ss\u00e4 on niukasti valkuaista, kivenn\u00e4is- ja hivenaineita sek\u00e4 vitamiineja. J\u00e4k\u00e4lien valkuaisaineet ovat my\u00f6s heikosti sulavia, joten talvella poro on usein [&hellip;]<\/p>\n","protected":false},"author":1,"featured_media":0,"parent":67,"menu_order":1,"comment_status":"open","ping_status":"closed","template":"","meta":{"footnotes":""},"class_list":["post-1597","page","type-page","status-publish","hentry"],"yoast_head":"<!-- This site is optimized with the Yoast SEO plugin v27.2 - https:\/\/yoast.com\/product\/yoast-seo-wordpress\/ -->\n<title>Sopeutuminen talveen - Poro ja poronhoito<\/title>\n<meta name=\"robots\" content=\"index, follow, max-snippet:-1, max-image-preview:large, max-video-preview:-1\" \/>\n<link rel=\"canonical\" href=\"https:\/\/paliskunnat.fi\/poro\/poro\/poron-vuosi\/talvi\/poro-talvella\/\" \/>\n<meta property=\"og:locale\" content=\"fi_FI\" \/>\n<meta property=\"og:type\" content=\"article\" \/>\n<meta property=\"og:title\" content=\"Sopeutuminen talveen - Poro ja poronhoito\" \/>\n<meta property=\"og:description\" content=\"Poro on talveen sopeutumisen mestari Talvella poron kasvu hidastuu ja aktiivisuus v\u00e4henee. Pehme\u00e4 lumipeite v\u00e4hent\u00e4\u00e4 osaltaan poron liikkumishaluja.\u00a0Poron aineenvaihdunta, syd\u00e4men syke ja hengitys hidastuvat. Suurin muutos tapahtuu poron ruoansulatuksessa. Poron ruuansulatus sopeutuu erinomaisesti talviseen ravintoon. Poronj\u00e4k\u00e4l\u00e4ss\u00e4 on niukasti valkuaista, kivenn\u00e4is- ja hivenaineita sek\u00e4 vitamiineja. J\u00e4k\u00e4lien valkuaisaineet ovat my\u00f6s heikosti sulavia, joten talvella poro on usein [&hellip;]\" \/>\n<meta property=\"og:url\" content=\"https:\/\/paliskunnat.fi\/poro\/poro\/poron-vuosi\/talvi\/poro-talvella\/\" \/>\n<meta property=\"og:site_name\" content=\"Poro ja poronhoito\" \/>\n<meta property=\"article:modified_time\" content=\"2015-05-08T11:37:05+00:00\" \/>\n<meta name=\"twitter:card\" content=\"summary_large_image\" \/>\n<meta name=\"twitter:label1\" content=\"Arvioitu lukuaika\" \/>\n\t<meta name=\"twitter:data1\" content=\"1 minuutti\" \/>\n<script type=\"application\/ld+json\" class=\"yoast-schema-graph\">{\"@context\":\"https:\/\/schema.org\",\"@graph\":[{\"@type\":\"WebPage\",\"@id\":\"https:\/\/paliskunnat.fi\/poro\/poro\/poron-vuosi\/talvi\/poro-talvella\/\",\"url\":\"https:\/\/paliskunnat.fi\/poro\/poro\/poron-vuosi\/talvi\/poro-talvella\/\",\"name\":\"Sopeutuminen talveen - Poro ja poronhoito\",\"isPartOf\":{\"@id\":\"https:\/\/paliskunnat.fi\/poro\/#website\"},\"datePublished\":\"2015-04-04T11:22:04+00:00\",\"dateModified\":\"2015-05-08T11:37:05+00:00\",\"breadcrumb\":{\"@id\":\"https:\/\/paliskunnat.fi\/poro\/poro\/poron-vuosi\/talvi\/poro-talvella\/#breadcrumb\"},\"inLanguage\":\"fi\",\"potentialAction\":[{\"@type\":\"ReadAction\",\"target\":[\"https:\/\/paliskunnat.fi\/poro\/poro\/poron-vuosi\/talvi\/poro-talvella\/\"]}]},{\"@type\":\"BreadcrumbList\",\"@id\":\"https:\/\/paliskunnat.fi\/poro\/poro\/poron-vuosi\/talvi\/poro-talvella\/#breadcrumb\",\"itemListElement\":[{\"@type\":\"ListItem\",\"position\":1,\"name\":\"Home\",\"item\":\"https:\/\/paliskunnat.fi\/poro\/\"},{\"@type\":\"ListItem\",\"position\":2,\"name\":\"Poro\",\"item\":\"https:\/\/paliskunnat.fi\/poro\/poro\/\"},{\"@type\":\"ListItem\",\"position\":3,\"name\":\"Poron vuosi\",\"item\":\"https:\/\/paliskunnat.fi\/poro\/poro\/poron-vuosi\/\"},{\"@type\":\"ListItem\",\"position\":4,\"name\":\"Poron talvi\",\"item\":\"https:\/\/paliskunnat.fi\/poro\/poro\/poron-vuosi\/talvi\/\"},{\"@type\":\"ListItem\",\"position\":5,\"name\":\"Sopeutuminen talveen\"}]},{\"@type\":\"WebSite\",\"@id\":\"https:\/\/paliskunnat.fi\/poro\/#website\",\"url\":\"https:\/\/paliskunnat.fi\/poro\/\",\"name\":\"Poro ja poronhoito\",\"description\":\"Poro ja poronhoito Suomessa\",\"potentialAction\":[{\"@type\":\"SearchAction\",\"target\":{\"@type\":\"EntryPoint\",\"urlTemplate\":\"https:\/\/paliskunnat.fi\/poro\/?s={search_term_string}\"},\"query-input\":{\"@type\":\"PropertyValueSpecification\",\"valueRequired\":true,\"valueName\":\"search_term_string\"}}],\"inLanguage\":\"fi\"}]}<\/script>\n<!-- \/ Yoast SEO plugin. -->","yoast_head_json":{"title":"Sopeutuminen talveen - Poro ja poronhoito","robots":{"index":"index","follow":"follow","max-snippet":"max-snippet:-1","max-image-preview":"max-image-preview:large","max-video-preview":"max-video-preview:-1"},"canonical":"https:\/\/paliskunnat.fi\/poro\/poro\/poron-vuosi\/talvi\/poro-talvella\/","og_locale":"fi_FI","og_type":"article","og_title":"Sopeutuminen talveen - Poro ja poronhoito","og_description":"Poro on talveen sopeutumisen mestari Talvella poron kasvu hidastuu ja aktiivisuus v\u00e4henee. Pehme\u00e4 lumipeite v\u00e4hent\u00e4\u00e4 osaltaan poron liikkumishaluja.\u00a0Poron aineenvaihdunta, syd\u00e4men syke ja hengitys hidastuvat. Suurin muutos tapahtuu poron ruoansulatuksessa. Poron ruuansulatus sopeutuu erinomaisesti talviseen ravintoon. Poronj\u00e4k\u00e4l\u00e4ss\u00e4 on niukasti valkuaista, kivenn\u00e4is- ja hivenaineita sek\u00e4 vitamiineja. J\u00e4k\u00e4lien valkuaisaineet ovat my\u00f6s heikosti sulavia, joten talvella poro on usein [&hellip;]","og_url":"https:\/\/paliskunnat.fi\/poro\/poro\/poron-vuosi\/talvi\/poro-talvella\/","og_site_name":"Poro ja poronhoito","article_modified_time":"2015-05-08T11:37:05+00:00","twitter_card":"summary_large_image","twitter_misc":{"Arvioitu lukuaika":"1 minuutti"},"schema":{"@context":"https:\/\/schema.org","@graph":[{"@type":"WebPage","@id":"https:\/\/paliskunnat.fi\/poro\/poro\/poron-vuosi\/talvi\/poro-talvella\/","url":"https:\/\/paliskunnat.fi\/poro\/poro\/poron-vuosi\/talvi\/poro-talvella\/","name":"Sopeutuminen talveen - Poro ja poronhoito","isPartOf":{"@id":"https:\/\/paliskunnat.fi\/poro\/#website"},"datePublished":"2015-04-04T11:22:04+00:00","dateModified":"2015-05-08T11:37:05+00:00","breadcrumb":{"@id":"https:\/\/paliskunnat.fi\/poro\/poro\/poron-vuosi\/talvi\/poro-talvella\/#breadcrumb"},"inLanguage":"fi","potentialAction":[{"@type":"ReadAction","target":["https:\/\/paliskunnat.fi\/poro\/poro\/poron-vuosi\/talvi\/poro-talvella\/"]}]},{"@type":"BreadcrumbList","@id":"https:\/\/paliskunnat.fi\/poro\/poro\/poron-vuosi\/talvi\/poro-talvella\/#breadcrumb","itemListElement":[{"@type":"ListItem","position":1,"name":"Home","item":"https:\/\/paliskunnat.fi\/poro\/"},{"@type":"ListItem","position":2,"name":"Poro","item":"https:\/\/paliskunnat.fi\/poro\/poro\/"},{"@type":"ListItem","position":3,"name":"Poron vuosi","item":"https:\/\/paliskunnat.fi\/poro\/poro\/poron-vuosi\/"},{"@type":"ListItem","position":4,"name":"Poron talvi","item":"https:\/\/paliskunnat.fi\/poro\/poro\/poron-vuosi\/talvi\/"},{"@type":"ListItem","position":5,"name":"Sopeutuminen talveen"}]},{"@type":"WebSite","@id":"https:\/\/paliskunnat.fi\/poro\/#website","url":"https:\/\/paliskunnat.fi\/poro\/","name":"Poro ja poronhoito","description":"Poro ja poronhoito Suomessa","potentialAction":[{"@type":"SearchAction","target":{"@type":"EntryPoint","urlTemplate":"https:\/\/paliskunnat.fi\/poro\/?s={search_term_string}"},"query-input":{"@type":"PropertyValueSpecification","valueRequired":true,"valueName":"search_term_string"}}],"inLanguage":"fi"}]}},"_links":{"self":[{"href":"https:\/\/paliskunnat.fi\/poro\/wp-json\/wp\/v2\/pages\/1597","targetHints":{"allow":["GET"]}}],"collection":[{"href":"https:\/\/paliskunnat.fi\/poro\/wp-json\/wp\/v2\/pages"}],"about":[{"href":"https:\/\/paliskunnat.fi\/poro\/wp-json\/wp\/v2\/types\/page"}],"author":[{"embeddable":true,"href":"https:\/\/paliskunnat.fi\/poro\/wp-json\/wp\/v2\/users\/1"}],"replies":[{"embeddable":true,"href":"https:\/\/paliskunnat.fi\/poro\/wp-json\/wp\/v2\/comments?post=1597"}],"version-history":[{"count":22,"href":"https:\/\/paliskunnat.fi\/poro\/wp-json\/wp\/v2\/pages\/1597\/revisions"}],"predecessor-version":[{"id":3066,"href":"https:\/\/paliskunnat.fi\/poro\/wp-json\/wp\/v2\/pages\/1597\/revisions\/3066"}],"up":[{"embeddable":true,"href":"https:\/\/paliskunnat.fi\/poro\/wp-json\/wp\/v2\/pages\/67"}],"wp:attachment":[{"href":"https:\/\/paliskunnat.fi\/poro\/wp-json\/wp\/v2\/media?parent=1597"}],"curies":[{"name":"wp","href":"https:\/\/api.w.org\/{rel}","templated":true}]}}