{"id":1716,"date":"2015-04-06T10:05:31","date_gmt":"2015-04-06T07:05:31","guid":{"rendered":"http:\/\/80.69.171.23\/poro\/?page_id=1716"},"modified":"2017-03-25T23:23:06","modified_gmt":"2017-03-25T21:23:06","slug":"piltta","status":"publish","type":"page","link":"https:\/\/paliskunnat.fi\/poro\/poronhoito\/menetelmia\/poromerkki\/piltta\/","title":{"rendered":"Piltta"},"content":{"rendered":"<h2>Piltta<\/h2>\n<p>Korvamerkin\u00a0ohella poroja on 1970-luvulta l\u00e4htien merkitty joissakin tapauksissa lis\u00e4merkeill\u00e4 eli piltoilla.\u00a0Poron korviin kiinnitett\u00e4vi\u00e4 pilttoja k\u00e4ytet\u00e4\u00e4n lis\u00e4merkkein\u00e4 esimerkiksi ostettaessa el\u00e4vin\u00e4 jo aiemman omistajan merkkiin merkittyj\u00e4 poroja. Pilttaa tarvitaan my\u00f6s osoittamaan poro rekister\u00f6idyksi kilpa- tai matkailuporoksi.<\/p>\n<p><a href=\"https:\/\/paliskunnat.fi\/py\/wp-content\/uploads\/2014\/10\/piltat-aa.jpg\" rel=\"lightbox[397]\"><img loading=\"lazy\" decoding=\"async\" class=\"alignnone wp-image-1745\" src=\"https:\/\/paliskunnat.fi\/py\/wp-content\/uploads\/2014\/10\/piltat-aa.jpg\" alt=\"Piltat\" width=\"500\" height=\"275\" \/><\/a><\/p>\n<p>Paliskuntain yhdistyksen kautta tilatut matkailu- ja kilpaporojen piltat merkit\u00e4\u00e4n viralliseen pilttarekisteriin, jolloin poronomistajan tiedot l\u00f6ytyv\u00e4t rekisterist\u00e4 pilttanumerolla. Muista kuin Paliskuntain yhdistyksen kautta tilatuista piltoista ei pidet\u00e4 virallista rekisteri\u00e4.<\/p>\n<p>Pilttojen k\u00e4ytt\u00f6 on per\u00e4isin Etel\u00e4-Norjasta ja piltta-termi on skandinaavinen laina (ruotsi: bild, norja: bilete, billede).<\/p>\n<p>&nbsp;<\/p>\n<p>&nbsp;<\/p>\n","protected":false},"excerpt":{"rendered":"<p>Piltta Korvamerkin\u00a0ohella poroja on 1970-luvulta l\u00e4htien merkitty joissakin tapauksissa lis\u00e4merkeill\u00e4 eli piltoilla.\u00a0Poron korviin kiinnitett\u00e4vi\u00e4 pilttoja k\u00e4ytet\u00e4\u00e4n lis\u00e4merkkein\u00e4 esimerkiksi ostettaessa el\u00e4vin\u00e4 jo aiemman omistajan merkkiin merkittyj\u00e4 poroja. Pilttaa tarvitaan my\u00f6s osoittamaan poro rekister\u00f6idyksi kilpa- tai matkailuporoksi. Paliskuntain yhdistyksen kautta tilatut matkailu- ja kilpaporojen piltat merkit\u00e4\u00e4n viralliseen pilttarekisteriin, jolloin poronomistajan tiedot l\u00f6ytyv\u00e4t rekisterist\u00e4 pilttanumerolla. Muista kuin Paliskuntain [&hellip;]<\/p>\n","protected":false},"author":1,"featured_media":0,"parent":309,"menu_order":1,"comment_status":"open","ping_status":"closed","template":"","meta":{"footnotes":""},"class_list":["post-1716","page","type-page","status-publish","hentry"],"yoast_head":"<!-- This site is optimized with the Yoast SEO plugin v27.2 - https:\/\/yoast.com\/product\/yoast-seo-wordpress\/ -->\n<title>Piltta - Poro ja poronhoito<\/title>\n<meta name=\"robots\" content=\"index, follow, max-snippet:-1, max-image-preview:large, max-video-preview:-1\" \/>\n<link rel=\"canonical\" href=\"https:\/\/paliskunnat.fi\/poro\/poronhoito\/menetelmia\/poromerkki\/piltta\/\" \/>\n<meta property=\"og:locale\" content=\"fi_FI\" \/>\n<meta property=\"og:type\" content=\"article\" \/>\n<meta property=\"og:title\" content=\"Piltta - Poro ja poronhoito\" \/>\n<meta property=\"og:description\" content=\"Piltta Korvamerkin\u00a0ohella poroja on 1970-luvulta l\u00e4htien merkitty joissakin tapauksissa lis\u00e4merkeill\u00e4 eli piltoilla.\u00a0Poron korviin kiinnitett\u00e4vi\u00e4 pilttoja k\u00e4ytet\u00e4\u00e4n lis\u00e4merkkein\u00e4 esimerkiksi ostettaessa el\u00e4vin\u00e4 jo aiemman omistajan merkkiin merkittyj\u00e4 poroja. Pilttaa tarvitaan my\u00f6s osoittamaan poro rekister\u00f6idyksi kilpa- tai matkailuporoksi. Paliskuntain yhdistyksen kautta tilatut matkailu- ja kilpaporojen piltat merkit\u00e4\u00e4n viralliseen pilttarekisteriin, jolloin poronomistajan tiedot l\u00f6ytyv\u00e4t rekisterist\u00e4 pilttanumerolla. Muista kuin Paliskuntain [&hellip;]\" \/>\n<meta property=\"og:url\" content=\"https:\/\/paliskunnat.fi\/poro\/poronhoito\/menetelmia\/poromerkki\/piltta\/\" \/>\n<meta property=\"og:site_name\" content=\"Poro ja poronhoito\" \/>\n<meta property=\"article:modified_time\" content=\"2017-03-25T21:23:06+00:00\" \/>\n<meta property=\"og:image\" content=\"https:\/\/paliskunnat.fi\/py\/wp-content\/uploads\/2014\/10\/piltat-aa.jpg\" \/>\n<meta name=\"twitter:card\" content=\"summary_large_image\" \/>\n<script type=\"application\/ld+json\" class=\"yoast-schema-graph\">{\"@context\":\"https:\/\/schema.org\",\"@graph\":[{\"@type\":\"WebPage\",\"@id\":\"https:\/\/paliskunnat.fi\/poro\/poronhoito\/menetelmia\/poromerkki\/piltta\/\",\"url\":\"https:\/\/paliskunnat.fi\/poro\/poronhoito\/menetelmia\/poromerkki\/piltta\/\",\"name\":\"Piltta - Poro ja poronhoito\",\"isPartOf\":{\"@id\":\"https:\/\/paliskunnat.fi\/poro\/#website\"},\"primaryImageOfPage\":{\"@id\":\"https:\/\/paliskunnat.fi\/poro\/poronhoito\/menetelmia\/poromerkki\/piltta\/#primaryimage\"},\"image\":{\"@id\":\"https:\/\/paliskunnat.fi\/poro\/poronhoito\/menetelmia\/poromerkki\/piltta\/#primaryimage\"},\"thumbnailUrl\":\"https:\/\/paliskunnat.fi\/py\/wp-content\/uploads\/2014\/10\/piltat-aa.jpg\",\"datePublished\":\"2015-04-06T07:05:31+00:00\",\"dateModified\":\"2017-03-25T21:23:06+00:00\",\"breadcrumb\":{\"@id\":\"https:\/\/paliskunnat.fi\/poro\/poronhoito\/menetelmia\/poromerkki\/piltta\/#breadcrumb\"},\"inLanguage\":\"fi\",\"potentialAction\":[{\"@type\":\"ReadAction\",\"target\":[\"https:\/\/paliskunnat.fi\/poro\/poronhoito\/menetelmia\/poromerkki\/piltta\/\"]}]},{\"@type\":\"ImageObject\",\"inLanguage\":\"fi\",\"@id\":\"https:\/\/paliskunnat.fi\/poro\/poronhoito\/menetelmia\/poromerkki\/piltta\/#primaryimage\",\"url\":\"https:\/\/paliskunnat.fi\/py\/wp-content\/uploads\/2014\/10\/piltat-aa.jpg\",\"contentUrl\":\"https:\/\/paliskunnat.fi\/py\/wp-content\/uploads\/2014\/10\/piltat-aa.jpg\"},{\"@type\":\"BreadcrumbList\",\"@id\":\"https:\/\/paliskunnat.fi\/poro\/poronhoito\/menetelmia\/poromerkki\/piltta\/#breadcrumb\",\"itemListElement\":[{\"@type\":\"ListItem\",\"position\":1,\"name\":\"Home\",\"item\":\"https:\/\/paliskunnat.fi\/poro\/\"},{\"@type\":\"ListItem\",\"position\":2,\"name\":\"Poronhoito\",\"item\":\"https:\/\/paliskunnat.fi\/poro\/poronhoito\/\"},{\"@type\":\"ListItem\",\"position\":3,\"name\":\"Menetelmi\u00e4\",\"item\":\"https:\/\/paliskunnat.fi\/poro\/poronhoito\/menetelmia\/\"},{\"@type\":\"ListItem\",\"position\":4,\"name\":\"Poromerkki\",\"item\":\"https:\/\/paliskunnat.fi\/poro\/poronhoito\/menetelmia\/poromerkki\/\"},{\"@type\":\"ListItem\",\"position\":5,\"name\":\"Piltta\"}]},{\"@type\":\"WebSite\",\"@id\":\"https:\/\/paliskunnat.fi\/poro\/#website\",\"url\":\"https:\/\/paliskunnat.fi\/poro\/\",\"name\":\"Poro ja poronhoito\",\"description\":\"Poro ja poronhoito Suomessa\",\"potentialAction\":[{\"@type\":\"SearchAction\",\"target\":{\"@type\":\"EntryPoint\",\"urlTemplate\":\"https:\/\/paliskunnat.fi\/poro\/?s={search_term_string}\"},\"query-input\":{\"@type\":\"PropertyValueSpecification\",\"valueRequired\":true,\"valueName\":\"search_term_string\"}}],\"inLanguage\":\"fi\"}]}<\/script>\n<!-- \/ Yoast SEO plugin. -->","yoast_head_json":{"title":"Piltta - Poro ja poronhoito","robots":{"index":"index","follow":"follow","max-snippet":"max-snippet:-1","max-image-preview":"max-image-preview:large","max-video-preview":"max-video-preview:-1"},"canonical":"https:\/\/paliskunnat.fi\/poro\/poronhoito\/menetelmia\/poromerkki\/piltta\/","og_locale":"fi_FI","og_type":"article","og_title":"Piltta - Poro ja poronhoito","og_description":"Piltta Korvamerkin\u00a0ohella poroja on 1970-luvulta l\u00e4htien merkitty joissakin tapauksissa lis\u00e4merkeill\u00e4 eli piltoilla.\u00a0Poron korviin kiinnitett\u00e4vi\u00e4 pilttoja k\u00e4ytet\u00e4\u00e4n lis\u00e4merkkein\u00e4 esimerkiksi ostettaessa el\u00e4vin\u00e4 jo aiemman omistajan merkkiin merkittyj\u00e4 poroja. Pilttaa tarvitaan my\u00f6s osoittamaan poro rekister\u00f6idyksi kilpa- tai matkailuporoksi. Paliskuntain yhdistyksen kautta tilatut matkailu- ja kilpaporojen piltat merkit\u00e4\u00e4n viralliseen pilttarekisteriin, jolloin poronomistajan tiedot l\u00f6ytyv\u00e4t rekisterist\u00e4 pilttanumerolla. Muista kuin Paliskuntain [&hellip;]","og_url":"https:\/\/paliskunnat.fi\/poro\/poronhoito\/menetelmia\/poromerkki\/piltta\/","og_site_name":"Poro ja poronhoito","article_modified_time":"2017-03-25T21:23:06+00:00","og_image":[{"url":"https:\/\/paliskunnat.fi\/py\/wp-content\/uploads\/2014\/10\/piltat-aa.jpg","type":"","width":"","height":""}],"twitter_card":"summary_large_image","schema":{"@context":"https:\/\/schema.org","@graph":[{"@type":"WebPage","@id":"https:\/\/paliskunnat.fi\/poro\/poronhoito\/menetelmia\/poromerkki\/piltta\/","url":"https:\/\/paliskunnat.fi\/poro\/poronhoito\/menetelmia\/poromerkki\/piltta\/","name":"Piltta - Poro ja poronhoito","isPartOf":{"@id":"https:\/\/paliskunnat.fi\/poro\/#website"},"primaryImageOfPage":{"@id":"https:\/\/paliskunnat.fi\/poro\/poronhoito\/menetelmia\/poromerkki\/piltta\/#primaryimage"},"image":{"@id":"https:\/\/paliskunnat.fi\/poro\/poronhoito\/menetelmia\/poromerkki\/piltta\/#primaryimage"},"thumbnailUrl":"https:\/\/paliskunnat.fi\/py\/wp-content\/uploads\/2014\/10\/piltat-aa.jpg","datePublished":"2015-04-06T07:05:31+00:00","dateModified":"2017-03-25T21:23:06+00:00","breadcrumb":{"@id":"https:\/\/paliskunnat.fi\/poro\/poronhoito\/menetelmia\/poromerkki\/piltta\/#breadcrumb"},"inLanguage":"fi","potentialAction":[{"@type":"ReadAction","target":["https:\/\/paliskunnat.fi\/poro\/poronhoito\/menetelmia\/poromerkki\/piltta\/"]}]},{"@type":"ImageObject","inLanguage":"fi","@id":"https:\/\/paliskunnat.fi\/poro\/poronhoito\/menetelmia\/poromerkki\/piltta\/#primaryimage","url":"https:\/\/paliskunnat.fi\/py\/wp-content\/uploads\/2014\/10\/piltat-aa.jpg","contentUrl":"https:\/\/paliskunnat.fi\/py\/wp-content\/uploads\/2014\/10\/piltat-aa.jpg"},{"@type":"BreadcrumbList","@id":"https:\/\/paliskunnat.fi\/poro\/poronhoito\/menetelmia\/poromerkki\/piltta\/#breadcrumb","itemListElement":[{"@type":"ListItem","position":1,"name":"Home","item":"https:\/\/paliskunnat.fi\/poro\/"},{"@type":"ListItem","position":2,"name":"Poronhoito","item":"https:\/\/paliskunnat.fi\/poro\/poronhoito\/"},{"@type":"ListItem","position":3,"name":"Menetelmi\u00e4","item":"https:\/\/paliskunnat.fi\/poro\/poronhoito\/menetelmia\/"},{"@type":"ListItem","position":4,"name":"Poromerkki","item":"https:\/\/paliskunnat.fi\/poro\/poronhoito\/menetelmia\/poromerkki\/"},{"@type":"ListItem","position":5,"name":"Piltta"}]},{"@type":"WebSite","@id":"https:\/\/paliskunnat.fi\/poro\/#website","url":"https:\/\/paliskunnat.fi\/poro\/","name":"Poro ja poronhoito","description":"Poro ja poronhoito Suomessa","potentialAction":[{"@type":"SearchAction","target":{"@type":"EntryPoint","urlTemplate":"https:\/\/paliskunnat.fi\/poro\/?s={search_term_string}"},"query-input":{"@type":"PropertyValueSpecification","valueRequired":true,"valueName":"search_term_string"}}],"inLanguage":"fi"}]}},"_links":{"self":[{"href":"https:\/\/paliskunnat.fi\/poro\/wp-json\/wp\/v2\/pages\/1716","targetHints":{"allow":["GET"]}}],"collection":[{"href":"https:\/\/paliskunnat.fi\/poro\/wp-json\/wp\/v2\/pages"}],"about":[{"href":"https:\/\/paliskunnat.fi\/poro\/wp-json\/wp\/v2\/types\/page"}],"author":[{"embeddable":true,"href":"https:\/\/paliskunnat.fi\/poro\/wp-json\/wp\/v2\/users\/1"}],"replies":[{"embeddable":true,"href":"https:\/\/paliskunnat.fi\/poro\/wp-json\/wp\/v2\/comments?post=1716"}],"version-history":[{"count":15,"href":"https:\/\/paliskunnat.fi\/poro\/wp-json\/wp\/v2\/pages\/1716\/revisions"}],"predecessor-version":[{"id":3760,"href":"https:\/\/paliskunnat.fi\/poro\/wp-json\/wp\/v2\/pages\/1716\/revisions\/3760"}],"up":[{"embeddable":true,"href":"https:\/\/paliskunnat.fi\/poro\/wp-json\/wp\/v2\/pages\/309"}],"wp:attachment":[{"href":"https:\/\/paliskunnat.fi\/poro\/wp-json\/wp\/v2\/media?parent=1716"}],"curies":[{"name":"wp","href":"https:\/\/api.w.org\/{rel}","templated":true}]}}