{"id":182,"date":"2014-09-01T15:46:37","date_gmt":"2014-09-01T12:46:37","guid":{"rendered":"http:\/\/80.69.171.23\/poro\/?page_id=182"},"modified":"2022-02-07T06:33:37","modified_gmt":"2022-02-07T04:33:37","slug":"poronlihan-hankinta","status":"publish","type":"page","link":"https:\/\/paliskunnat.fi\/poro\/pororuoka\/poronliha\/poronlihan-hankinta\/","title":{"rendered":"Poronlihan hankinta"},"content":{"rendered":"<h2>Poronlihan hankinta<\/h2>\n<p>Kun ostat poronlihaa, on hyv\u00e4 tarkistaa onko myyt\u00e4v\u00e4 liha vasan vai aikuisen poron lihaa ja mik\u00e4 on sen alkuper\u00e4. Pakkausmerkinn\u00f6ist\u00e4 voi tarkastaa lihan alkuper\u00e4n. Nimisuoja- ja Hyv\u00e4\u00e4 Suomesta -tuotteet ovat aina kotimaista alkuper\u00e4\u00e4.<\/p>\n<p>Vasanliha kypsyy nopeammin ja on maultaan miedompaa. Poronlihan lihassyiden pinta-ala on pieni, joten liha on erityisen mureaa. Ruoanvalmistusneuvot ja vinkit l\u00f6yd\u00e4t osoitteesta <a href=\"http:\/\/www.pororeseptit.fi\/\" class=\"external external_icon\" rel=\"nofollow\">www.pororeseptit.fi<\/a>.<\/p>\n<p>Myyt\u00e4v\u00e4 kotimainen poronliha on p\u00e4\u00e4asiassa vasaa. Yleens\u00e4 poroniha on pakastettua. Pakastettua liha on hyv\u00e4 sulattaa hitaasti viile\u00e4ss\u00e4 ennen ruuan valmistusta.<\/p>\n<p><a href=\"https:\/\/paliskunnat.fi\/poro\/wp-content\/uploads\/2014\/09\/Poron_osat_1.png\" rel=\"lightbox[182]\"><img loading=\"lazy\" decoding=\"async\" class=\"alignnone wp-image-2334\" src=\"https:\/\/paliskunnat.fi\/poro\/wp-content\/uploads\/2014\/09\/Poron_osat_1.png\" alt=\"Poron osat\" width=\"460\" height=\"306\" srcset=\"https:\/\/paliskunnat.fi\/poro\/wp-content\/uploads\/2014\/09\/Poron_osat_1.png 1200w, https:\/\/paliskunnat.fi\/poro\/wp-content\/uploads\/2014\/09\/Poron_osat_1-300x200.png 300w, https:\/\/paliskunnat.fi\/poro\/wp-content\/uploads\/2014\/09\/Poron_osat_1-1024x682.png 1024w\" sizes=\"auto, (max-width: 460px) 100vw, 460px\" \/><\/a><\/p>\n<p>Poronlihaa voi ostaa my\u00f6s suoraan poronomistajilta suoramyyntin\u00e4, pienjalostajilta sek\u00e4 poronlihaan erikoistuneista lihamyym\u00e4l\u00f6ist\u00e4 ja nettikaupoista.<\/p>\n<p>Suoramyynnill\u00e4 tarkoitetaan poronlihan myynti\u00e4 suoraan kuluttajalle poronhoitoalueella olevalta alkutuotantopaikalta tai paikasta, jossa poro on teurastettu. Asiakas ostaa itse lihan porotilalta ja alkutuotantopaikalta ja voi samalla todeta, ett\u00e4 mist\u00e4 h\u00e4nen ostamansa poronliha on per\u00e4isin.<\/p>\n<p>Paliskuntain yhdistyksen my\u00f6t\u00e4vaikutuksella toteutettu\u00a0<a href=\"http:\/\/paliskunnat.fi\/poro\/wp-content\/uploads\/2014\/12\/poronlihan_suoramyynnin_hyvan_toimintatavan_malli_2013.pdf\">Suoramyynnin hyv\u00e4n toimintatavan malli<\/a> antaa poronlihan myyj\u00e4lle toimintaohjeita ja kuluttajalle tietoa suoramyynnin toimintaperiaatteista.<\/p>\n<h3><\/h3>\n<p>&nbsp;<\/p>\n<p><!--more--><\/p>\n<h2>Verkkokaupat<\/h2>\n<p><a href=\"http:\/\/www.deliporo.fi\/\" class=\"external external_icon\" rel=\"nofollow\">Deliporo<\/a><\/p>\n<p><a href=\"http:\/\/www.tunturiporo.fi\/\" class=\"external external_icon\" rel=\"nofollow\">Tunturiporo<\/a><\/p>\n<h2>Pororeseptej\u00e4<\/h2>\n<p><a href=\"https:\/\/www.facebook.com\/pororeseptit?ref=aymt_homepage_panel\" class=\"external external_icon\" rel=\"nofollow\">Pororeseptit facebook<\/a><\/p>\n<p>Lapin Liha: <a href=\"https:\/\/www.polarica.com\/fi\/lapinliha\/lihaopas\/reseptit\/poro?hsLang=fi\" class=\"external external_icon\" rel=\"nofollow\">reseptej\u00e4<\/a><\/p>\n<h2>Kylm\u00e4kuljetuksia<\/h2>\n<p>Kylm\u00e4kuljetuksia poroelinkeinon tarpeisiin:<\/p>\n<p><a href=\"https:\/\/lacotra.fi\/index.php\/ajoreitit\" class=\"external external_icon\" rel=\"nofollow\">lacotra.fi\/index.php\/ajoreitit<\/a><\/p>\n<p>&nbsp;<\/p>\n<p>&nbsp;<\/p>\n","protected":false},"excerpt":{"rendered":"<p>Poronlihan hankinta Kun ostat poronlihaa, on hyv\u00e4 tarkistaa onko myyt\u00e4v\u00e4 liha vasan vai aikuisen poron lihaa ja mik\u00e4 on sen alkuper\u00e4. Pakkausmerkinn\u00f6ist\u00e4 voi tarkastaa lihan alkuper\u00e4n. Nimisuoja- ja Hyv\u00e4\u00e4 Suomesta -tuotteet ovat aina kotimaista alkuper\u00e4\u00e4. Vasanliha kypsyy nopeammin ja on maultaan miedompaa. Poronlihan lihassyiden pinta-ala on pieni, joten liha on erityisen mureaa. Ruoanvalmistusneuvot ja vinkit [&hellip;]<\/p>\n","protected":false},"author":1,"featured_media":0,"parent":709,"menu_order":1,"comment_status":"open","ping_status":"closed","template":"","meta":{"footnotes":""},"class_list":["post-182","page","type-page","status-publish","hentry"],"yoast_head":"<!-- This site is optimized with the Yoast SEO plugin v27.2 - https:\/\/yoast.com\/product\/yoast-seo-wordpress\/ -->\n<title>Poronlihan hankinta - Poro ja poronhoito<\/title>\n<meta name=\"robots\" content=\"index, follow, max-snippet:-1, max-image-preview:large, max-video-preview:-1\" \/>\n<link rel=\"canonical\" href=\"https:\/\/paliskunnat.fi\/poro\/pororuoka\/poronliha\/poronlihan-hankinta\/\" \/>\n<meta property=\"og:locale\" content=\"fi_FI\" \/>\n<meta property=\"og:type\" content=\"article\" \/>\n<meta property=\"og:title\" content=\"Poronlihan hankinta - Poro ja poronhoito\" \/>\n<meta property=\"og:description\" content=\"Poronlihan hankinta Kun ostat poronlihaa, on hyv\u00e4 tarkistaa onko myyt\u00e4v\u00e4 liha vasan vai aikuisen poron lihaa ja mik\u00e4 on sen alkuper\u00e4. Pakkausmerkinn\u00f6ist\u00e4 voi tarkastaa lihan alkuper\u00e4n. Nimisuoja- ja Hyv\u00e4\u00e4 Suomesta -tuotteet ovat aina kotimaista alkuper\u00e4\u00e4. Vasanliha kypsyy nopeammin ja on maultaan miedompaa. Poronlihan lihassyiden pinta-ala on pieni, joten liha on erityisen mureaa. Ruoanvalmistusneuvot ja vinkit [&hellip;]\" \/>\n<meta property=\"og:url\" content=\"https:\/\/paliskunnat.fi\/poro\/pororuoka\/poronliha\/poronlihan-hankinta\/\" \/>\n<meta property=\"og:site_name\" content=\"Poro ja poronhoito\" \/>\n<meta property=\"article:modified_time\" content=\"2022-02-07T04:33:37+00:00\" \/>\n<meta property=\"og:image\" content=\"https:\/\/paliskunnat.fi\/poro\/wp-content\/uploads\/2014\/09\/Poron_osat_1.png\" \/>\n<meta name=\"twitter:card\" content=\"summary_large_image\" \/>\n<meta name=\"twitter:label1\" content=\"Arvioitu lukuaika\" \/>\n\t<meta name=\"twitter:data1\" content=\"2 minuuttia\" \/>\n<script type=\"application\/ld+json\" class=\"yoast-schema-graph\">{\"@context\":\"https:\/\/schema.org\",\"@graph\":[{\"@type\":\"WebPage\",\"@id\":\"https:\/\/paliskunnat.fi\/poro\/pororuoka\/poronliha\/poronlihan-hankinta\/\",\"url\":\"https:\/\/paliskunnat.fi\/poro\/pororuoka\/poronliha\/poronlihan-hankinta\/\",\"name\":\"Poronlihan hankinta - Poro ja poronhoito\",\"isPartOf\":{\"@id\":\"https:\/\/paliskunnat.fi\/poro\/#website\"},\"primaryImageOfPage\":{\"@id\":\"https:\/\/paliskunnat.fi\/poro\/pororuoka\/poronliha\/poronlihan-hankinta\/#primaryimage\"},\"image\":{\"@id\":\"https:\/\/paliskunnat.fi\/poro\/pororuoka\/poronliha\/poronlihan-hankinta\/#primaryimage\"},\"thumbnailUrl\":\"https:\/\/paliskunnat.fi\/poro\/wp-content\/uploads\/2014\/09\/Poron_osat_1.png\",\"datePublished\":\"2014-09-01T12:46:37+00:00\",\"dateModified\":\"2022-02-07T04:33:37+00:00\",\"breadcrumb\":{\"@id\":\"https:\/\/paliskunnat.fi\/poro\/pororuoka\/poronliha\/poronlihan-hankinta\/#breadcrumb\"},\"inLanguage\":\"fi\",\"potentialAction\":[{\"@type\":\"ReadAction\",\"target\":[\"https:\/\/paliskunnat.fi\/poro\/pororuoka\/poronliha\/poronlihan-hankinta\/\"]}]},{\"@type\":\"ImageObject\",\"inLanguage\":\"fi\",\"@id\":\"https:\/\/paliskunnat.fi\/poro\/pororuoka\/poronliha\/poronlihan-hankinta\/#primaryimage\",\"url\":\"https:\/\/paliskunnat.fi\/poro\/wp-content\/uploads\/2014\/09\/Poron_osat_1.png\",\"contentUrl\":\"https:\/\/paliskunnat.fi\/poro\/wp-content\/uploads\/2014\/09\/Poron_osat_1.png\",\"width\":1200,\"height\":799},{\"@type\":\"BreadcrumbList\",\"@id\":\"https:\/\/paliskunnat.fi\/poro\/pororuoka\/poronliha\/poronlihan-hankinta\/#breadcrumb\",\"itemListElement\":[{\"@type\":\"ListItem\",\"position\":1,\"name\":\"Home\",\"item\":\"https:\/\/paliskunnat.fi\/poro\/\"},{\"@type\":\"ListItem\",\"position\":2,\"name\":\"Pororuoka\",\"item\":\"https:\/\/paliskunnat.fi\/poro\/pororuoka\/\"},{\"@type\":\"ListItem\",\"position\":3,\"name\":\"Poronliha\",\"item\":\"https:\/\/paliskunnat.fi\/poro\/pororuoka\/poronliha\/\"},{\"@type\":\"ListItem\",\"position\":4,\"name\":\"Poronlihan hankinta\"}]},{\"@type\":\"WebSite\",\"@id\":\"https:\/\/paliskunnat.fi\/poro\/#website\",\"url\":\"https:\/\/paliskunnat.fi\/poro\/\",\"name\":\"Poro ja poronhoito\",\"description\":\"Poro ja poronhoito Suomessa\",\"potentialAction\":[{\"@type\":\"SearchAction\",\"target\":{\"@type\":\"EntryPoint\",\"urlTemplate\":\"https:\/\/paliskunnat.fi\/poro\/?s={search_term_string}\"},\"query-input\":{\"@type\":\"PropertyValueSpecification\",\"valueRequired\":true,\"valueName\":\"search_term_string\"}}],\"inLanguage\":\"fi\"}]}<\/script>\n<!-- \/ Yoast SEO plugin. -->","yoast_head_json":{"title":"Poronlihan hankinta - Poro ja poronhoito","robots":{"index":"index","follow":"follow","max-snippet":"max-snippet:-1","max-image-preview":"max-image-preview:large","max-video-preview":"max-video-preview:-1"},"canonical":"https:\/\/paliskunnat.fi\/poro\/pororuoka\/poronliha\/poronlihan-hankinta\/","og_locale":"fi_FI","og_type":"article","og_title":"Poronlihan hankinta - Poro ja poronhoito","og_description":"Poronlihan hankinta Kun ostat poronlihaa, on hyv\u00e4 tarkistaa onko myyt\u00e4v\u00e4 liha vasan vai aikuisen poron lihaa ja mik\u00e4 on sen alkuper\u00e4. Pakkausmerkinn\u00f6ist\u00e4 voi tarkastaa lihan alkuper\u00e4n. Nimisuoja- ja Hyv\u00e4\u00e4 Suomesta -tuotteet ovat aina kotimaista alkuper\u00e4\u00e4. Vasanliha kypsyy nopeammin ja on maultaan miedompaa. Poronlihan lihassyiden pinta-ala on pieni, joten liha on erityisen mureaa. Ruoanvalmistusneuvot ja vinkit [&hellip;]","og_url":"https:\/\/paliskunnat.fi\/poro\/pororuoka\/poronliha\/poronlihan-hankinta\/","og_site_name":"Poro ja poronhoito","article_modified_time":"2022-02-07T04:33:37+00:00","og_image":[{"url":"https:\/\/paliskunnat.fi\/poro\/wp-content\/uploads\/2014\/09\/Poron_osat_1.png","type":"","width":"","height":""}],"twitter_card":"summary_large_image","twitter_misc":{"Arvioitu lukuaika":"2 minuuttia"},"schema":{"@context":"https:\/\/schema.org","@graph":[{"@type":"WebPage","@id":"https:\/\/paliskunnat.fi\/poro\/pororuoka\/poronliha\/poronlihan-hankinta\/","url":"https:\/\/paliskunnat.fi\/poro\/pororuoka\/poronliha\/poronlihan-hankinta\/","name":"Poronlihan hankinta - Poro ja poronhoito","isPartOf":{"@id":"https:\/\/paliskunnat.fi\/poro\/#website"},"primaryImageOfPage":{"@id":"https:\/\/paliskunnat.fi\/poro\/pororuoka\/poronliha\/poronlihan-hankinta\/#primaryimage"},"image":{"@id":"https:\/\/paliskunnat.fi\/poro\/pororuoka\/poronliha\/poronlihan-hankinta\/#primaryimage"},"thumbnailUrl":"https:\/\/paliskunnat.fi\/poro\/wp-content\/uploads\/2014\/09\/Poron_osat_1.png","datePublished":"2014-09-01T12:46:37+00:00","dateModified":"2022-02-07T04:33:37+00:00","breadcrumb":{"@id":"https:\/\/paliskunnat.fi\/poro\/pororuoka\/poronliha\/poronlihan-hankinta\/#breadcrumb"},"inLanguage":"fi","potentialAction":[{"@type":"ReadAction","target":["https:\/\/paliskunnat.fi\/poro\/pororuoka\/poronliha\/poronlihan-hankinta\/"]}]},{"@type":"ImageObject","inLanguage":"fi","@id":"https:\/\/paliskunnat.fi\/poro\/pororuoka\/poronliha\/poronlihan-hankinta\/#primaryimage","url":"https:\/\/paliskunnat.fi\/poro\/wp-content\/uploads\/2014\/09\/Poron_osat_1.png","contentUrl":"https:\/\/paliskunnat.fi\/poro\/wp-content\/uploads\/2014\/09\/Poron_osat_1.png","width":1200,"height":799},{"@type":"BreadcrumbList","@id":"https:\/\/paliskunnat.fi\/poro\/pororuoka\/poronliha\/poronlihan-hankinta\/#breadcrumb","itemListElement":[{"@type":"ListItem","position":1,"name":"Home","item":"https:\/\/paliskunnat.fi\/poro\/"},{"@type":"ListItem","position":2,"name":"Pororuoka","item":"https:\/\/paliskunnat.fi\/poro\/pororuoka\/"},{"@type":"ListItem","position":3,"name":"Poronliha","item":"https:\/\/paliskunnat.fi\/poro\/pororuoka\/poronliha\/"},{"@type":"ListItem","position":4,"name":"Poronlihan hankinta"}]},{"@type":"WebSite","@id":"https:\/\/paliskunnat.fi\/poro\/#website","url":"https:\/\/paliskunnat.fi\/poro\/","name":"Poro ja poronhoito","description":"Poro ja poronhoito Suomessa","potentialAction":[{"@type":"SearchAction","target":{"@type":"EntryPoint","urlTemplate":"https:\/\/paliskunnat.fi\/poro\/?s={search_term_string}"},"query-input":{"@type":"PropertyValueSpecification","valueRequired":true,"valueName":"search_term_string"}}],"inLanguage":"fi"}]}},"_links":{"self":[{"href":"https:\/\/paliskunnat.fi\/poro\/wp-json\/wp\/v2\/pages\/182","targetHints":{"allow":["GET"]}}],"collection":[{"href":"https:\/\/paliskunnat.fi\/poro\/wp-json\/wp\/v2\/pages"}],"about":[{"href":"https:\/\/paliskunnat.fi\/poro\/wp-json\/wp\/v2\/types\/page"}],"author":[{"embeddable":true,"href":"https:\/\/paliskunnat.fi\/poro\/wp-json\/wp\/v2\/users\/1"}],"replies":[{"embeddable":true,"href":"https:\/\/paliskunnat.fi\/poro\/wp-json\/wp\/v2\/comments?post=182"}],"version-history":[{"count":43,"href":"https:\/\/paliskunnat.fi\/poro\/wp-json\/wp\/v2\/pages\/182\/revisions"}],"predecessor-version":[{"id":4415,"href":"https:\/\/paliskunnat.fi\/poro\/wp-json\/wp\/v2\/pages\/182\/revisions\/4415"}],"up":[{"embeddable":true,"href":"https:\/\/paliskunnat.fi\/poro\/wp-json\/wp\/v2\/pages\/709"}],"wp:attachment":[{"href":"https:\/\/paliskunnat.fi\/poro\/wp-json\/wp\/v2\/media?parent=182"}],"curies":[{"name":"wp","href":"https:\/\/api.w.org\/{rel}","templated":true}]}}