{"id":2,"date":"2014-08-31T12:52:30","date_gmt":"2014-08-31T12:52:30","guid":{"rendered":"http:\/\/80.69.171.23\/poro\/?page_id=2"},"modified":"2021-03-30T12:33:22","modified_gmt":"2021-03-30T09:33:22","slug":"poro","status":"publish","type":"page","link":"https:\/\/paliskunnat.fi\/poro\/poro\/","title":{"rendered":"Poro"},"content":{"rendered":"<h2>Poro (Rangifer tarandus tarandus)<\/h2>\n<p>Poro on puolikesy el\u00e4in, joka muistuttaa elintavoiltaan ja rakenteeltaan\u00a0kantamuotoaan tunturipeuraa. Hirvaan eli urosporon s\u00e4k\u00e4korkeus on noin 110 cm ja painoa on 90-180 kiloa. Vaatimen eli naarasporon s\u00e4k\u00e4korkeus on noin 90 cm ja paino tavallisesti 60-100 kiloa.<\/p>\n<div class=\"simplePullQuote right\"><p>Poro on sopeutunut oivallisesti arktisiin oloihin<\/p>\n<\/div>\n<p>Sek\u00e4 vaadin ett\u00e4 hirvas kasvattavat vuosittain uusiutuvat t\u00e4yteissarvet. Hirviel\u00e4inten naaraista vain porolla on sarvet, muiden lajien naaraat ovat sarvettomia. Hirvaat pudottavat sarvensa syksyll\u00e4 kiima-ajan eli rykim\u00e4n p\u00e4\u00e4tytty\u00e4 ja vaatimet kev\u00e4\u00e4ll\u00e4 vasottuaan. Sarvetonta poroa (erityisesti urosporoa) kutsutaan nulpoksi. Poron sarvi on maailman nopeimmin kasvavaa luuta: se kasvaa kiivaimpaan kasvuaikaan kes\u00e4ll\u00e4\u00a0jopa 2 cm vuorokaudessa.<\/p>\n<p><a href=\"https:\/\/paliskunnat.fi\/poro\/wp-content\/uploads\/2014\/08\/porot_lumisateessa_kolarissa_2009.jpg\" rel=\"lightbox[2]\"><img loading=\"lazy\" decoding=\"async\" class=\"alignnone wp-image-1059\" src=\"https:\/\/paliskunnat.fi\/poro\/wp-content\/uploads\/2014\/08\/porot_lumisateessa_kolarissa_2009.jpg\" alt=\"Porot lumisateessa Kolarissa syksyll\u00e4 2009. Kuva: Tarja Konstig.\" width=\"460\" height=\"345\" srcset=\"https:\/\/paliskunnat.fi\/poro\/wp-content\/uploads\/2014\/08\/porot_lumisateessa_kolarissa_2009.jpg 900w, https:\/\/paliskunnat.fi\/poro\/wp-content\/uploads\/2014\/08\/porot_lumisateessa_kolarissa_2009-300x225.jpg 300w\" sizes=\"auto, (max-width: 460px) 100vw, 460px\" \/><\/a><\/p>\n<p>Poron sarvet vaikuttavat\u00a0poron sosiaaliseen asemaan tokassa.\u00a0Mik\u00e4li poro menett\u00e4\u00e4 sarvensa tai ne katkaistaan, poron asema heikkenee. Porot k\u00e4ytt\u00e4v\u00e4t sarviaan keskin\u00e4isess\u00e4 nahistelussa, mutta varsinaisina aseina niit\u00e4 k\u00e4ytt\u00e4v\u00e4t vain hirvaat rykim\u00e4ajan kamppailuissa. Petoja vastaan poro yritt\u00e4\u00e4 puolustautua potkien.<\/p>\n<p>Vasan sarvet alkavat kasvaa heti ensimm\u00e4isen\u00e4 kes\u00e4n\u00e4 ja syksyll\u00e4 sill\u00e4\u00a0on useimmin noin 20 cm pituiset\u00a0sarvipiikit. Poron ik\u00e4\u00e4 ei pysty arvioimaan pelkkien\u00a0sarvien perusteella, mutta vanhetessa kunkin poron luontainen sarvenkoko pienenee. Tunturialueella sarvien muoto on leve\u00e4mpi ja sarvet ovat v\u00e4rilt\u00e4\u00e4n vaaleat. Mets\u00e4alueilla sarvet ovat v\u00e4rilt\u00e4\u00e4n ruskeat ja erityisesti mets\u00e4peuran mahonginruskeat sarvet ovat muodoltaan kapeat. N\u00e4in ne soveltuvat paremmin mets\u00e4ss\u00e4 liikkumiseen.<\/p>\n<h2>Porojen v\u00e4ritys ja koko<\/h2>\n<p>Porojen v\u00e4ritys vaihtelee l\u00e4hes mustasta aivan valkoiseen. Poroilla on\u00a0kymmeni\u00e4 v\u00e4riin liittyvi\u00e4 nimityksi\u00e4. Esimerkiksi\u00a0tumma poro on musikki, vaalea suivakko ja valkea valkko.<\/p>\n<p>Porot ovat perinteisesti eronneet toisistaan poronhoitoalueen eri puolilla koon ja v\u00e4rin puolesta. T. I. Itkonen totesi jo 1916:<\/p>\n<p style=\"text-align: left;\"><em> &#8221;Enonteki\u00f6n poro on keskikokoista ehk\u00e4 tavallista hieman pienempi, verrattain tumma&#8230; Valkeita ihan lumenkarvaisia tavataan paljon Kaarasjoella Norjassa ja eniten Ven\u00e4j\u00e4nlapissa, ns. ryss\u00e4nvalkkoja. Id\u00e4ss\u00e4p\u00e4in on rotu viel\u00e4kin vaaleampaa ja samalla kookkaampaa kuin l\u00e4nness\u00e4&#8221;.<\/em><\/p>\n<p>Pitk\u00e4jalkaisia ja kookkaampia poroja tavataan Kainuussa l\u00e4hell\u00e4 mets\u00e4peurojen elinalueita. Todenn\u00e4k\u00f6isesti mets\u00e4peurojen geeniainesta on siirtynyt poroihin risteytymisen seurauksena.<\/p>\n<h3>Poro lukuina<\/h3>\n<ul>\n<li>Pituus 150-210 cm saparosta turvan k\u00e4rkeen<\/li>\n<li>Saparo 10-15 cm<\/li>\n<li>Korva 9-12 cm<\/li>\n<li>Etujalka 55-56 cm<\/li>\n<li>Vaatimen elinik\u00e4 18-20 vuotta.<\/li>\n<li>Hirvaat el\u00e4v\u00e4t luonnossa yli 10-vuotiaaksi<\/li>\n<li>Vastasyntynyt vasa painaa 4-6 kiloa<\/li>\n<\/ul>\n<p><a href=\"https:\/\/paliskunnat.fi\/poro\/wp-content\/uploads\/2021\/03\/Poro_Rangifer_tarandus_tarandus.jpg\" rel=\"lightbox[2]\"><img loading=\"lazy\" decoding=\"async\" class=\"alignnone wp-image-4353\" src=\"https:\/\/paliskunnat.fi\/poro\/wp-content\/uploads\/2021\/03\/Poro_Rangifer_tarandus_tarandus.jpg\" alt=\"Poro Rangifer tarandus tarandus\" width=\"460\" height=\"322\" srcset=\"https:\/\/paliskunnat.fi\/poro\/wp-content\/uploads\/2021\/03\/Poro_Rangifer_tarandus_tarandus.jpg 1200w, https:\/\/paliskunnat.fi\/poro\/wp-content\/uploads\/2021\/03\/Poro_Rangifer_tarandus_tarandus-300x210.jpg 300w, https:\/\/paliskunnat.fi\/poro\/wp-content\/uploads\/2021\/03\/Poro_Rangifer_tarandus_tarandus-1024x717.jpg 1024w, https:\/\/paliskunnat.fi\/poro\/wp-content\/uploads\/2021\/03\/Poro_Rangifer_tarandus_tarandus-768x538.jpg 768w\" sizes=\"auto, (max-width: 460px) 100vw, 460px\" \/><\/a><\/p>\n<h3>Liikkuminen lumessa<\/h3>\n<div class=\"simplePullQuote right\"><p>Poro on hyvin lumeen sopeutunut eli kinofiilinen el\u00e4in<\/p>\n<\/div>\n<p>Poro on pitk\u00e4jalkainen, nelivarpainen kasvissy\u00f6j\u00e4, joka on hyvin sopeutunut karuihin arktisiin olosuhteisiin. Poron sorkasta eli koparasta levitt\u00e4ytyv\u00e4t varpaan kynnet ovat pitk\u00e4t, leve\u00e4t ja puolikaaren muotoiset.\u00a0Pehme\u00e4ss\u00e4 lumessa poro ottaa tukea koko sorkan pituudelta ja liikkumista helpottavat koparasta levitt\u00e4ytyv\u00e4t lis\u00e4varpaat. Niiden ansiosta poron pintapaine on seistess\u00e4 vain 85\u2212100 grammaa neli\u00f6senttimetrille. Suden pintapaine on 90\u2212110 grammaa neli\u00f6senttimetrille\u00a0ja hirvell\u00e4 jopa 1200 grammaa neli\u00f6senttimetrille. Syv\u00e4ss\u00e4 ja pehme\u00e4ss\u00e4 lumessa liikkuminen on hyvin raskasta, joten poro\u00a0pyrkii v\u00e4ltt\u00e4m\u00e4\u00e4n upottavassa lumessa kahlaamista.<\/p>\n<p>Poron keho on l\u00e4mpim\u00e4n turkin sis\u00e4ll\u00e4, mutta jalat ovat pakkasessa altiina kylm\u00e4lle. Poron jalat pysyv\u00e4t sulina tehokkaan verenkierron ja luuytimen &#8221;\u00f6ljyhapon&#8221; ansiosta. Jalkojen verenkiertoa tehostaa erikoistunut laskimo-valtimoj\u00e4rjestelm\u00e4, joka ottaa talteen verenkierron jalkoihin kuljettamaa l\u00e4mp\u00f6\u00e4. Pakkasella poron jalkojen l\u00e4mp\u00f6tila on vain muutamia asteita plussan puolella. Poron jalkojen alaosan luuytimess\u00e4 oleva \u00f6ljyhappo toimii pakkasnesteen tavoin. \u00d6ljyhappon m\u00e4\u00e4r\u00e4 kasvaa siirrytt\u00e4ess\u00e4 jalan alosaan ja poron jalat v\u00e4lttyv\u00e4t j\u00e4\u00e4tym\u00e4st\u00e4 kovilla pakkasilla.<\/p>\n<p><a href=\"https:\/\/paliskunnat.fi\/poro\/wp-content\/uploads\/2014\/08\/poron_sorkat.jpg\" rel=\"lightbox[2]\"><img loading=\"lazy\" decoding=\"async\" class=\"alignnone wp-image-2647\" src=\"http:\/\/paliskunnat.fi\/poro\/wp-content\/uploads\/2014\/08\/poron_sorkat.jpg\" alt=\"Poron sorkkien siroutta. Kuva: Helena R\u00e4nn\u00e4li.\" width=\"460\" height=\"285\" srcset=\"https:\/\/paliskunnat.fi\/poro\/wp-content\/uploads\/2014\/08\/poron_sorkat.jpg 900w, https:\/\/paliskunnat.fi\/poro\/wp-content\/uploads\/2014\/08\/poron_sorkat-300x186.jpg 300w\" sizes=\"auto, (max-width: 460px) 100vw, 460px\" \/><\/a><\/p>\n<h3>Poron turkki &#8211; erinomainen eriste<\/h3>\n<p>Poro on hyvin sopeutunut suuriin l\u00e4mp\u00f6tilanvaihteluihin. Kes\u00e4helteen ja talven paukkupakkasten v\u00e4linen l\u00e4mp\u00f6tilaero on usein 70 Celsius-astetta. Siperiassa porot ovat sopeutuneet olosuhteisiin, joissa pakkasta voi talvella olla -70 Celsius-astetta ja kes\u00e4ll\u00e4 paahtavaa hellett\u00e4 +40 Celsius-astetta.<\/p>\n<p>Vanha talvikarva irtoaa kes\u00e4ll\u00e4 suurina tukkoina ja uusi talviturkki alkaa kasvaa elokuussa.\u00a0Poron talvikarva on eritt\u00e4in tihe\u00e4 ja ilmalokerot tekev\u00e4t turkista kevyen, mutta hyvin erist\u00e4v\u00e4n.\u00a0Niinp\u00e4 hyv\u00e4kuntoinen poro selvi\u00e4\u00e4 jopa -50 Celsius-asteen pakkasessa ilman tarvetta l\u00e4mm\u00f6ntuotannon tehostamiseen.<\/p>\n\n\t\t<style type=\"text\/css\">\n\t\t\t#gallery-1 {\n\t\t\t\tmargin: auto;\n\t\t\t}\n\t\t\t#gallery-1 .gallery-item {\n\t\t\t\tfloat: left;\n\t\t\t\tmargin-top: 10px;\n\t\t\t\ttext-align: center;\n\t\t\t\twidth: 33%;\n\t\t\t}\n\t\t\t#gallery-1 img {\n\t\t\t\tborder: 2px solid #cfcfcf;\n\t\t\t}\n\t\t\t#gallery-1 .gallery-caption {\n\t\t\t\tmargin-left: 0;\n\t\t\t}\n\t\t\t\/* see gallery_shortcode() in wp-includes\/media.php *\/\n\t\t<\/style>\n\t\t<div id='gallery-1' class='gallery galleryid-2 gallery-columns-3 gallery-size-thumbnail'><dl class='gallery-item'>\n\t\t\t<dt class='gallery-icon landscape'>\n\t\t\t\t<a href='https:\/\/paliskunnat.fi\/poro\/wp-content\/uploads\/2014\/12\/DSC_0073a.jpg' rel=\"lightbox[2]\"><img loading=\"lazy\" decoding=\"async\" width=\"150\" height=\"150\" src=\"https:\/\/paliskunnat.fi\/poro\/wp-content\/uploads\/2014\/12\/DSC_0073a-150x150.jpg\" class=\"attachment-thumbnail size-thumbnail\" alt=\"Ilmat\u00e4ytteisen poronkarvan kierteit\u00e4. Kuva: Aarre Jortikka.\" \/><\/a>\n\t\t\t<\/dt><\/dl><dl class='gallery-item'>\n\t\t\t<dt class='gallery-icon landscape'>\n\t\t\t\t<a href='https:\/\/paliskunnat.fi\/poro\/wp-content\/uploads\/2014\/12\/DSC_0309a.jpg' rel=\"lightbox[2]\"><img loading=\"lazy\" decoding=\"async\" width=\"150\" height=\"150\" src=\"https:\/\/paliskunnat.fi\/poro\/wp-content\/uploads\/2014\/12\/DSC_0309a-150x150.jpg\" class=\"attachment-thumbnail size-thumbnail\" alt=\"Kutuharjussa v\u00e4st\u00e4r\u00e4kki rakensi pes\u00e4ns\u00e4 traktorin moottoritilaan poronkarvoilla vuoraten 5\/2013. Kuva: Aarre Jortikka.\" \/><\/a>\n\t\t\t<\/dt><\/dl><dl class='gallery-item'>\n\t\t\t<dt class='gallery-icon landscape'>\n\t\t\t\t<a href='https:\/\/paliskunnat.fi\/poro\/wp-content\/uploads\/2014\/12\/DSC_0323a.jpg' rel=\"lightbox[2]\"><img loading=\"lazy\" decoding=\"async\" width=\"150\" height=\"150\" src=\"https:\/\/paliskunnat.fi\/poro\/wp-content\/uploads\/2014\/12\/DSC_0323a-150x150.jpg\" class=\"attachment-thumbnail size-thumbnail\" alt=\"Poron talviturkin pintakarvaa. Kuva: Aarre Jortikka.\" \/><\/a>\n\t\t\t<\/dt><\/dl><br style=\"clear: both\" \/>\n\t\t<\/div>\n\n<p>&nbsp;<\/p>\n<p>Poron j\u00e4yk\u00e4t peitinkarvat ovat keskelt\u00e4 paksuja ja niiden sis\u00e4ll\u00e4 on erist\u00e4vi\u00e4 ilmalokeroita. Aikuisella porolla voi olla 1700 karvaa neli\u00f6senttimetrill\u00e4 ja karvapeitteen paksuus on 3\u22124 cm. Jokaista peitinkarvaa kohti on useita ilman liikkumista est\u00e4vi\u00e4 aluskarvoja. Oikein k\u00e4sitelty porontalja tunnetaan laajasti erinomaisena eristeen\u00e4.<\/p>\n<p>Eip\u00e4 ihme, ett\u00e4 porontalja on yh\u00e4 edelleen suosittu ja l\u00e4mmin makuualusta. Kosteutta hyvin kest\u00e4v\u00e4t, ilmakuivatut porontaljat tekev\u00e4t hyvin kauppansa. Solumuovisen alustan p\u00e4\u00e4lle laitettuna porontalja tarjoaa talviretkeilij\u00e4lle edelleen verrattoman hyv\u00e4n eristeen. Nukkujan upotessa karvapeitteen sis\u00e4lle on yht\u00e4 hyvin\u00a0l\u00e4mmitt\u00e4v\u00e4\u00e4 mikroilmastoa vaikea saavuttaa muilla materiaaleilla.<\/p>\n<h3>Poron aistit<\/h3>\n<p>Poron ja mets\u00e4peuran t\u00e4rkeimp\u00e4n\u00e4 aistina pidet\u00e4\u00e4n hajuaistia. Hajuaistin merkityst\u00e4 osoittaa poron kyky haistaa j\u00e4k\u00e4l\u00e4n olemassaolo l\u00e4hes metrisen hangen l\u00e4pi. Poro ei ala kaivaa, mik\u00e4li hajuaisti ei anna viitteit\u00e4 ravinnon\u00a0l\u00f6ytymisest\u00e4. J\u00e4rven j\u00e4\u00e4lt\u00e4 tuskin l\u00f6yt\u00e4\u00e4 merkkej\u00e4 poron kaivuukuopista.<\/p>\n<p>Muiden m\u00e4rehtij\u00f6iden tapaan poro erottaa heikosti v\u00e4rej\u00e4, mutta tummuuserot se\u00a0n\u00e4kee hyvin. Porojen paetessaan pystyyn nostamat h\u00e4nn\u00e4t muodostavat valkoisen per\u00e4peilin, jota muut porot seuraavat ja tokka pysyy koossa.<\/p>\n<p><a href=\"https:\/\/paliskunnat.fi\/poro\/wp-content\/uploads\/2014\/08\/hanta_pystyssa.jpg\" rel=\"lightbox[2]\"><img loading=\"lazy\" decoding=\"async\" class=\"alignnone wp-image-2644\" src=\"https:\/\/paliskunnat.fi\/poro\/wp-content\/uploads\/2014\/08\/hanta_pystyssa.jpg\" alt=\"Poro vauhdissa h\u00e4nt\u00e4 pystyss\u00e4. Kuva: Sonja Kyr\u00f6nniemi.\" width=\"460\" height=\"307\" srcset=\"https:\/\/paliskunnat.fi\/poro\/wp-content\/uploads\/2014\/08\/hanta_pystyssa.jpg 900w, https:\/\/paliskunnat.fi\/poro\/wp-content\/uploads\/2014\/08\/hanta_pystyssa-300x200.jpg 300w\" sizes=\"auto, (max-width: 460px) 100vw, 460px\" \/><\/a><\/p>\n<p>Poron silm\u00e4 on sopeutunut vuodenaikoihin ja silm\u00e4ss\u00e4 olevan valoa heijastavan kerroksen (tapetum lucidium) v\u00e4ri sek\u00e4 valoherkkyys muuttuvat vuodenaikojen mukana. Kes\u00e4ll\u00e4 kerros on kullankeltainen ja talvella syv\u00e4n sininen, jolloin poron kyky n\u00e4hd\u00e4 h\u00e4m\u00e4r\u00e4ss\u00e4 paranee (Nieminen 2014).<\/p>\n<p>&nbsp;<\/p>\n<p>&nbsp;<\/p>\n","protected":false},"excerpt":{"rendered":"<p>Poro<\/p>\n","protected":false},"author":1,"featured_media":0,"parent":0,"menu_order":2,"comment_status":"closed","ping_status":"closed","template":"","meta":{"footnotes":""},"class_list":["post-2","page","type-page","status-publish","hentry"],"yoast_head":"<!-- This site is optimized with the Yoast SEO plugin v27.2 - https:\/\/yoast.com\/product\/yoast-seo-wordpress\/ -->\n<title>Poro - Poro ja poronhoito<\/title>\n<meta name=\"description\" content=\"Poro on puolikesy hy\u00f6tyel\u00e4in, joka muistuttaa kantamuotoaan tunturipeuraa. Poron erinomaisesti sopeutunut pohjolan ankariin olosuhteisiin.\" \/>\n<meta name=\"robots\" content=\"index, follow, max-snippet:-1, max-image-preview:large, max-video-preview:-1\" \/>\n<link rel=\"canonical\" href=\"https:\/\/paliskunnat.fi\/poro\/poro\/\" \/>\n<meta property=\"og:locale\" content=\"fi_FI\" \/>\n<meta property=\"og:type\" content=\"article\" \/>\n<meta property=\"og:title\" content=\"Poro - Poro ja poronhoito\" \/>\n<meta property=\"og:description\" content=\"Poro on puolikesy hy\u00f6tyel\u00e4in, joka muistuttaa kantamuotoaan tunturipeuraa. Poron erinomaisesti sopeutunut pohjolan ankariin olosuhteisiin.\" \/>\n<meta property=\"og:url\" content=\"https:\/\/paliskunnat.fi\/poro\/poro\/\" \/>\n<meta property=\"og:site_name\" content=\"Poro ja poronhoito\" \/>\n<meta property=\"article:modified_time\" content=\"2021-03-30T09:33:22+00:00\" \/>\n<meta property=\"og:image\" content=\"https:\/\/paliskunnat.fi\/poro\/wp-content\/uploads\/2014\/12\/DSC_0073a-150x150.jpg\" \/>\n<meta name=\"twitter:card\" content=\"summary_large_image\" \/>\n<meta name=\"twitter:label1\" content=\"Arvioitu lukuaika\" \/>\n\t<meta name=\"twitter:data1\" content=\"5 minuuttia\" \/>\n<script type=\"application\/ld+json\" class=\"yoast-schema-graph\">{\"@context\":\"https:\/\/schema.org\",\"@graph\":[{\"@type\":\"WebPage\",\"@id\":\"https:\/\/paliskunnat.fi\/poro\/poro\/\",\"url\":\"https:\/\/paliskunnat.fi\/poro\/poro\/\",\"name\":\"Poro - Poro ja poronhoito\",\"isPartOf\":{\"@id\":\"https:\/\/paliskunnat.fi\/poro\/#website\"},\"primaryImageOfPage\":{\"@id\":\"https:\/\/paliskunnat.fi\/poro\/poro\/#primaryimage\"},\"image\":{\"@id\":\"https:\/\/paliskunnat.fi\/poro\/poro\/#primaryimage\"},\"thumbnailUrl\":\"https:\/\/paliskunnat.fi\/poro\/wp-content\/uploads\/2014\/08\/porot_lumisateessa_kolarissa_2009.jpg\",\"datePublished\":\"2014-08-31T12:52:30+00:00\",\"dateModified\":\"2021-03-30T09:33:22+00:00\",\"description\":\"Poro on puolikesy hy\u00f6tyel\u00e4in, joka muistuttaa kantamuotoaan tunturipeuraa. Poron erinomaisesti sopeutunut pohjolan ankariin olosuhteisiin.\",\"breadcrumb\":{\"@id\":\"https:\/\/paliskunnat.fi\/poro\/poro\/#breadcrumb\"},\"inLanguage\":\"fi\",\"potentialAction\":[{\"@type\":\"ReadAction\",\"target\":[\"https:\/\/paliskunnat.fi\/poro\/poro\/\"]}]},{\"@type\":\"ImageObject\",\"inLanguage\":\"fi\",\"@id\":\"https:\/\/paliskunnat.fi\/poro\/poro\/#primaryimage\",\"url\":\"https:\/\/paliskunnat.fi\/poro\/wp-content\/uploads\/2014\/08\/porot_lumisateessa_kolarissa_2009.jpg\",\"contentUrl\":\"https:\/\/paliskunnat.fi\/poro\/wp-content\/uploads\/2014\/08\/porot_lumisateessa_kolarissa_2009.jpg\",\"width\":900,\"height\":675},{\"@type\":\"BreadcrumbList\",\"@id\":\"https:\/\/paliskunnat.fi\/poro\/poro\/#breadcrumb\",\"itemListElement\":[{\"@type\":\"ListItem\",\"position\":1,\"name\":\"Home\",\"item\":\"https:\/\/paliskunnat.fi\/poro\/\"},{\"@type\":\"ListItem\",\"position\":2,\"name\":\"Poro\"}]},{\"@type\":\"WebSite\",\"@id\":\"https:\/\/paliskunnat.fi\/poro\/#website\",\"url\":\"https:\/\/paliskunnat.fi\/poro\/\",\"name\":\"Poro ja poronhoito\",\"description\":\"Poro ja poronhoito Suomessa\",\"potentialAction\":[{\"@type\":\"SearchAction\",\"target\":{\"@type\":\"EntryPoint\",\"urlTemplate\":\"https:\/\/paliskunnat.fi\/poro\/?s={search_term_string}\"},\"query-input\":{\"@type\":\"PropertyValueSpecification\",\"valueRequired\":true,\"valueName\":\"search_term_string\"}}],\"inLanguage\":\"fi\"}]}<\/script>\n<!-- \/ Yoast SEO plugin. -->","yoast_head_json":{"title":"Poro - Poro ja poronhoito","description":"Poro on puolikesy hy\u00f6tyel\u00e4in, joka muistuttaa kantamuotoaan tunturipeuraa. Poron erinomaisesti sopeutunut pohjolan ankariin olosuhteisiin.","robots":{"index":"index","follow":"follow","max-snippet":"max-snippet:-1","max-image-preview":"max-image-preview:large","max-video-preview":"max-video-preview:-1"},"canonical":"https:\/\/paliskunnat.fi\/poro\/poro\/","og_locale":"fi_FI","og_type":"article","og_title":"Poro - Poro ja poronhoito","og_description":"Poro on puolikesy hy\u00f6tyel\u00e4in, joka muistuttaa kantamuotoaan tunturipeuraa. Poron erinomaisesti sopeutunut pohjolan ankariin olosuhteisiin.","og_url":"https:\/\/paliskunnat.fi\/poro\/poro\/","og_site_name":"Poro ja poronhoito","article_modified_time":"2021-03-30T09:33:22+00:00","og_image":[{"url":"https:\/\/paliskunnat.fi\/poro\/wp-content\/uploads\/2014\/12\/DSC_0073a-150x150.jpg","type":"","width":"","height":""}],"twitter_card":"summary_large_image","twitter_misc":{"Arvioitu lukuaika":"5 minuuttia"},"schema":{"@context":"https:\/\/schema.org","@graph":[{"@type":"WebPage","@id":"https:\/\/paliskunnat.fi\/poro\/poro\/","url":"https:\/\/paliskunnat.fi\/poro\/poro\/","name":"Poro - Poro ja poronhoito","isPartOf":{"@id":"https:\/\/paliskunnat.fi\/poro\/#website"},"primaryImageOfPage":{"@id":"https:\/\/paliskunnat.fi\/poro\/poro\/#primaryimage"},"image":{"@id":"https:\/\/paliskunnat.fi\/poro\/poro\/#primaryimage"},"thumbnailUrl":"https:\/\/paliskunnat.fi\/poro\/wp-content\/uploads\/2014\/08\/porot_lumisateessa_kolarissa_2009.jpg","datePublished":"2014-08-31T12:52:30+00:00","dateModified":"2021-03-30T09:33:22+00:00","description":"Poro on puolikesy hy\u00f6tyel\u00e4in, joka muistuttaa kantamuotoaan tunturipeuraa. Poron erinomaisesti sopeutunut pohjolan ankariin olosuhteisiin.","breadcrumb":{"@id":"https:\/\/paliskunnat.fi\/poro\/poro\/#breadcrumb"},"inLanguage":"fi","potentialAction":[{"@type":"ReadAction","target":["https:\/\/paliskunnat.fi\/poro\/poro\/"]}]},{"@type":"ImageObject","inLanguage":"fi","@id":"https:\/\/paliskunnat.fi\/poro\/poro\/#primaryimage","url":"https:\/\/paliskunnat.fi\/poro\/wp-content\/uploads\/2014\/08\/porot_lumisateessa_kolarissa_2009.jpg","contentUrl":"https:\/\/paliskunnat.fi\/poro\/wp-content\/uploads\/2014\/08\/porot_lumisateessa_kolarissa_2009.jpg","width":900,"height":675},{"@type":"BreadcrumbList","@id":"https:\/\/paliskunnat.fi\/poro\/poro\/#breadcrumb","itemListElement":[{"@type":"ListItem","position":1,"name":"Home","item":"https:\/\/paliskunnat.fi\/poro\/"},{"@type":"ListItem","position":2,"name":"Poro"}]},{"@type":"WebSite","@id":"https:\/\/paliskunnat.fi\/poro\/#website","url":"https:\/\/paliskunnat.fi\/poro\/","name":"Poro ja poronhoito","description":"Poro ja poronhoito Suomessa","potentialAction":[{"@type":"SearchAction","target":{"@type":"EntryPoint","urlTemplate":"https:\/\/paliskunnat.fi\/poro\/?s={search_term_string}"},"query-input":{"@type":"PropertyValueSpecification","valueRequired":true,"valueName":"search_term_string"}}],"inLanguage":"fi"}]}},"_links":{"self":[{"href":"https:\/\/paliskunnat.fi\/poro\/wp-json\/wp\/v2\/pages\/2","targetHints":{"allow":["GET"]}}],"collection":[{"href":"https:\/\/paliskunnat.fi\/poro\/wp-json\/wp\/v2\/pages"}],"about":[{"href":"https:\/\/paliskunnat.fi\/poro\/wp-json\/wp\/v2\/types\/page"}],"author":[{"embeddable":true,"href":"https:\/\/paliskunnat.fi\/poro\/wp-json\/wp\/v2\/users\/1"}],"replies":[{"embeddable":true,"href":"https:\/\/paliskunnat.fi\/poro\/wp-json\/wp\/v2\/comments?post=2"}],"version-history":[{"count":223,"href":"https:\/\/paliskunnat.fi\/poro\/wp-json\/wp\/v2\/pages\/2\/revisions"}],"predecessor-version":[{"id":4374,"href":"https:\/\/paliskunnat.fi\/poro\/wp-json\/wp\/v2\/pages\/2\/revisions\/4374"}],"wp:attachment":[{"href":"https:\/\/paliskunnat.fi\/poro\/wp-json\/wp\/v2\/media?parent=2"}],"curies":[{"name":"wp","href":"https:\/\/api.w.org\/{rel}","templated":true}]}}