{"id":2284,"date":"2015-04-16T10:28:37","date_gmt":"2015-04-16T07:28:37","guid":{"rendered":"http:\/\/80.69.171.23\/poro\/?page_id=2284"},"modified":"2026-01-28T16:08:08","modified_gmt":"2026-01-28T14:08:08","slug":"paliskunnat-kartalla","status":"publish","type":"page","link":"https:\/\/paliskunnat.fi\/poro\/poronhoito\/paliskunnat\/paliskunnat-kartalla\/","title":{"rendered":"Paliskunnat kartalla"},"content":{"rendered":"<h2>Paliskunnat kartalla<\/h2>\n<p>Paliskunnat <a href=\"https:\/\/paliskunnat.fi\/map\/index.html\" target=\"_blank\" rel=\"noopener\">Leaflet-kartalla<\/a> (kartta avautuu omaan selainv\u00e4lilehteen). Porois\u00e4ntien nimet ja puhelinnumerot puhekuplana paliskunnan kohdalta.<\/p>\n<p>Paliskunnat <a href=\"https:\/\/paliskunnat.fi\/map\/mml\/\" target=\"_blank\" rel=\"noopener\">Leaflet-MML<\/a> -kartalla. Kartassa on Maanmittauslaitoksen peruskarttataso sek\u00e4 ortokuva. Leikep\u00f6yd\u00e4lle voi ottaa talteen koordinaatteja k\u00e4ytt\u00f6liittym\u00e4n oikean yl\u00e4kulman koordinaattisymbolin kautta.<\/p>\n<p>Viralliset paliskuntarajojen sanalliset kuvaukset l\u00f6ytyv\u00e4t AVIn <a href=\"https:\/\/avi.fi\/asioi\/yritys-tai-yhteiso\/luvat-ilmoitukset-ja-hakemukset\/elaimet\/poroasiat\" class=\"external external_icon\" rel=\"nofollow\">verkkosivuilta<\/a>.<\/p>\n<ul>\n<li>Paliskuntatietoa karttapohjalla <a href=\"https:\/\/paliskunnat.fi\/map\/py6map.html\" target=\"_blank\" rel=\"noopener\">Leaflet-Streetmap-Mapbox<\/a><\/li>\n<\/ul>\n<p>&nbsp;<\/p>\n","protected":false},"excerpt":{"rendered":"<p>Paliskunnat kartalla Paliskunnat Leaflet-kartalla (kartta avautuu omaan selainv\u00e4lilehteen). Porois\u00e4ntien nimet ja puhelinnumerot puhekuplana paliskunnan kohdalta. Paliskunnat Leaflet-MML -kartalla. Kartassa on Maanmittauslaitoksen peruskarttataso sek\u00e4 ortokuva. Leikep\u00f6yd\u00e4lle voi ottaa talteen koordinaatteja k\u00e4ytt\u00f6liittym\u00e4n oikean yl\u00e4kulman koordinaattisymbolin kautta. Viralliset paliskuntarajojen sanalliset kuvaukset l\u00f6ytyv\u00e4t AVIn verkkosivuilta. Paliskuntatietoa karttapohjalla Leaflet-Streetmap-Mapbox &nbsp;<\/p>\n","protected":false},"author":1,"featured_media":0,"parent":82,"menu_order":2,"comment_status":"open","ping_status":"closed","template":"","meta":{"footnotes":""},"class_list":["post-2284","page","type-page","status-publish","hentry"],"yoast_head":"<!-- This site is optimized with the Yoast SEO plugin v27.2 - https:\/\/yoast.com\/product\/yoast-seo-wordpress\/ -->\n<title>Paliskunnat kartalla - Poro ja poronhoito<\/title>\n<meta name=\"robots\" content=\"index, follow, max-snippet:-1, max-image-preview:large, max-video-preview:-1\" \/>\n<link rel=\"canonical\" href=\"https:\/\/paliskunnat.fi\/poro\/poronhoito\/paliskunnat\/paliskunnat-kartalla\/\" \/>\n<meta property=\"og:locale\" content=\"fi_FI\" \/>\n<meta property=\"og:type\" content=\"article\" \/>\n<meta property=\"og:title\" content=\"Paliskunnat kartalla - Poro ja poronhoito\" \/>\n<meta property=\"og:description\" content=\"Paliskunnat kartalla Paliskunnat Leaflet-kartalla (kartta avautuu omaan selainv\u00e4lilehteen). Porois\u00e4ntien nimet ja puhelinnumerot puhekuplana paliskunnan kohdalta. Paliskunnat Leaflet-MML -kartalla. Kartassa on Maanmittauslaitoksen peruskarttataso sek\u00e4 ortokuva. Leikep\u00f6yd\u00e4lle voi ottaa talteen koordinaatteja k\u00e4ytt\u00f6liittym\u00e4n oikean yl\u00e4kulman koordinaattisymbolin kautta. Viralliset paliskuntarajojen sanalliset kuvaukset l\u00f6ytyv\u00e4t AVIn verkkosivuilta. Paliskuntatietoa karttapohjalla Leaflet-Streetmap-Mapbox &nbsp;\" \/>\n<meta property=\"og:url\" content=\"https:\/\/paliskunnat.fi\/poro\/poronhoito\/paliskunnat\/paliskunnat-kartalla\/\" \/>\n<meta property=\"og:site_name\" content=\"Poro ja poronhoito\" \/>\n<meta property=\"article:modified_time\" content=\"2026-01-28T14:08:08+00:00\" \/>\n<meta name=\"twitter:card\" content=\"summary_large_image\" \/>\n<meta name=\"twitter:label1\" content=\"Arvioitu lukuaika\" \/>\n\t<meta name=\"twitter:data1\" content=\"1 minuutti\" \/>\n<script type=\"application\/ld+json\" class=\"yoast-schema-graph\">{\"@context\":\"https:\/\/schema.org\",\"@graph\":[{\"@type\":\"WebPage\",\"@id\":\"https:\/\/paliskunnat.fi\/poro\/poronhoito\/paliskunnat\/paliskunnat-kartalla\/\",\"url\":\"https:\/\/paliskunnat.fi\/poro\/poronhoito\/paliskunnat\/paliskunnat-kartalla\/\",\"name\":\"Paliskunnat kartalla - Poro ja poronhoito\",\"isPartOf\":{\"@id\":\"https:\/\/paliskunnat.fi\/poro\/#website\"},\"datePublished\":\"2015-04-16T07:28:37+00:00\",\"dateModified\":\"2026-01-28T14:08:08+00:00\",\"breadcrumb\":{\"@id\":\"https:\/\/paliskunnat.fi\/poro\/poronhoito\/paliskunnat\/paliskunnat-kartalla\/#breadcrumb\"},\"inLanguage\":\"fi\",\"potentialAction\":[{\"@type\":\"ReadAction\",\"target\":[\"https:\/\/paliskunnat.fi\/poro\/poronhoito\/paliskunnat\/paliskunnat-kartalla\/\"]}]},{\"@type\":\"BreadcrumbList\",\"@id\":\"https:\/\/paliskunnat.fi\/poro\/poronhoito\/paliskunnat\/paliskunnat-kartalla\/#breadcrumb\",\"itemListElement\":[{\"@type\":\"ListItem\",\"position\":1,\"name\":\"Home\",\"item\":\"https:\/\/paliskunnat.fi\/poro\/\"},{\"@type\":\"ListItem\",\"position\":2,\"name\":\"Poronhoito\",\"item\":\"https:\/\/paliskunnat.fi\/poro\/poronhoito\/\"},{\"@type\":\"ListItem\",\"position\":3,\"name\":\"Paliskunnat\",\"item\":\"https:\/\/paliskunnat.fi\/poro\/poronhoito\/paliskunnat\/\"},{\"@type\":\"ListItem\",\"position\":4,\"name\":\"Paliskunnat kartalla\"}]},{\"@type\":\"WebSite\",\"@id\":\"https:\/\/paliskunnat.fi\/poro\/#website\",\"url\":\"https:\/\/paliskunnat.fi\/poro\/\",\"name\":\"Poro ja poronhoito\",\"description\":\"Poro ja poronhoito Suomessa\",\"potentialAction\":[{\"@type\":\"SearchAction\",\"target\":{\"@type\":\"EntryPoint\",\"urlTemplate\":\"https:\/\/paliskunnat.fi\/poro\/?s={search_term_string}\"},\"query-input\":{\"@type\":\"PropertyValueSpecification\",\"valueRequired\":true,\"valueName\":\"search_term_string\"}}],\"inLanguage\":\"fi\"}]}<\/script>\n<!-- \/ Yoast SEO plugin. -->","yoast_head_json":{"title":"Paliskunnat kartalla - Poro ja poronhoito","robots":{"index":"index","follow":"follow","max-snippet":"max-snippet:-1","max-image-preview":"max-image-preview:large","max-video-preview":"max-video-preview:-1"},"canonical":"https:\/\/paliskunnat.fi\/poro\/poronhoito\/paliskunnat\/paliskunnat-kartalla\/","og_locale":"fi_FI","og_type":"article","og_title":"Paliskunnat kartalla - Poro ja poronhoito","og_description":"Paliskunnat kartalla Paliskunnat Leaflet-kartalla (kartta avautuu omaan selainv\u00e4lilehteen). Porois\u00e4ntien nimet ja puhelinnumerot puhekuplana paliskunnan kohdalta. Paliskunnat Leaflet-MML -kartalla. Kartassa on Maanmittauslaitoksen peruskarttataso sek\u00e4 ortokuva. Leikep\u00f6yd\u00e4lle voi ottaa talteen koordinaatteja k\u00e4ytt\u00f6liittym\u00e4n oikean yl\u00e4kulman koordinaattisymbolin kautta. Viralliset paliskuntarajojen sanalliset kuvaukset l\u00f6ytyv\u00e4t AVIn verkkosivuilta. Paliskuntatietoa karttapohjalla Leaflet-Streetmap-Mapbox &nbsp;","og_url":"https:\/\/paliskunnat.fi\/poro\/poronhoito\/paliskunnat\/paliskunnat-kartalla\/","og_site_name":"Poro ja poronhoito","article_modified_time":"2026-01-28T14:08:08+00:00","twitter_card":"summary_large_image","twitter_misc":{"Arvioitu lukuaika":"1 minuutti"},"schema":{"@context":"https:\/\/schema.org","@graph":[{"@type":"WebPage","@id":"https:\/\/paliskunnat.fi\/poro\/poronhoito\/paliskunnat\/paliskunnat-kartalla\/","url":"https:\/\/paliskunnat.fi\/poro\/poronhoito\/paliskunnat\/paliskunnat-kartalla\/","name":"Paliskunnat kartalla - Poro ja poronhoito","isPartOf":{"@id":"https:\/\/paliskunnat.fi\/poro\/#website"},"datePublished":"2015-04-16T07:28:37+00:00","dateModified":"2026-01-28T14:08:08+00:00","breadcrumb":{"@id":"https:\/\/paliskunnat.fi\/poro\/poronhoito\/paliskunnat\/paliskunnat-kartalla\/#breadcrumb"},"inLanguage":"fi","potentialAction":[{"@type":"ReadAction","target":["https:\/\/paliskunnat.fi\/poro\/poronhoito\/paliskunnat\/paliskunnat-kartalla\/"]}]},{"@type":"BreadcrumbList","@id":"https:\/\/paliskunnat.fi\/poro\/poronhoito\/paliskunnat\/paliskunnat-kartalla\/#breadcrumb","itemListElement":[{"@type":"ListItem","position":1,"name":"Home","item":"https:\/\/paliskunnat.fi\/poro\/"},{"@type":"ListItem","position":2,"name":"Poronhoito","item":"https:\/\/paliskunnat.fi\/poro\/poronhoito\/"},{"@type":"ListItem","position":3,"name":"Paliskunnat","item":"https:\/\/paliskunnat.fi\/poro\/poronhoito\/paliskunnat\/"},{"@type":"ListItem","position":4,"name":"Paliskunnat kartalla"}]},{"@type":"WebSite","@id":"https:\/\/paliskunnat.fi\/poro\/#website","url":"https:\/\/paliskunnat.fi\/poro\/","name":"Poro ja poronhoito","description":"Poro ja poronhoito Suomessa","potentialAction":[{"@type":"SearchAction","target":{"@type":"EntryPoint","urlTemplate":"https:\/\/paliskunnat.fi\/poro\/?s={search_term_string}"},"query-input":{"@type":"PropertyValueSpecification","valueRequired":true,"valueName":"search_term_string"}}],"inLanguage":"fi"}]}},"_links":{"self":[{"href":"https:\/\/paliskunnat.fi\/poro\/wp-json\/wp\/v2\/pages\/2284","targetHints":{"allow":["GET"]}}],"collection":[{"href":"https:\/\/paliskunnat.fi\/poro\/wp-json\/wp\/v2\/pages"}],"about":[{"href":"https:\/\/paliskunnat.fi\/poro\/wp-json\/wp\/v2\/types\/page"}],"author":[{"embeddable":true,"href":"https:\/\/paliskunnat.fi\/poro\/wp-json\/wp\/v2\/users\/1"}],"replies":[{"embeddable":true,"href":"https:\/\/paliskunnat.fi\/poro\/wp-json\/wp\/v2\/comments?post=2284"}],"version-history":[{"count":24,"href":"https:\/\/paliskunnat.fi\/poro\/wp-json\/wp\/v2\/pages\/2284\/revisions"}],"predecessor-version":[{"id":4766,"href":"https:\/\/paliskunnat.fi\/poro\/wp-json\/wp\/v2\/pages\/2284\/revisions\/4766"}],"up":[{"embeddable":true,"href":"https:\/\/paliskunnat.fi\/poro\/wp-json\/wp\/v2\/pages\/82"}],"wp:attachment":[{"href":"https:\/\/paliskunnat.fi\/poro\/wp-json\/wp\/v2\/media?parent=2284"}],"curies":[{"name":"wp","href":"https:\/\/api.w.org\/{rel}","templated":true}]}}