{"id":236,"date":"2014-09-02T13:27:15","date_gmt":"2014-09-02T10:27:15","guid":{"rendered":"http:\/\/80.69.171.23\/poro\/?page_id=236"},"modified":"2024-01-26T06:11:33","modified_gmt":"2024-01-26T04:11:33","slug":"matkailu","status":"publish","type":"page","link":"https:\/\/paliskunnat.fi\/poro\/matkailu\/","title":{"rendered":"Poromatkailu"},"content":{"rendered":"<h2>Poro on Lapin matkailun johtot\u00e4hti<\/h2>\n<div class=\"simplePullQuote right\"><p>Mit\u00e4 olisi pohjoisen matkailu ilman poroa?<\/p>\n<\/div>\n<p>Lapin matkailun kokonaistuotto on noin 550\u2212600 miljonaa euroa vuosittain ja matkailun v\u00e4lit\u00f6n ty\u00f6llist\u00e4v\u00e4 vaikutus on arviolta 5000 henkil\u00f6\u00e4 Lapissa.<\/p>\n<p>Poro on Lapin matkailun vetovoimainen k\u00e4rkituote ja poroa hy\u00f6dynnet\u00e4\u00e4n laajasti markkinoinnissa, esitteiss\u00e4 sek\u00e4 yritysten liikemerkeiss\u00e4.\u00a0Koko Suomi\u00a0hy\u00f6tyy porosta, mutta poron kokonaisarvoa\u00a0\u2212 imagoineen ja kulttuureineen \u2212\u00a0on euroissa vaikea mitata. Selv\u00e4\u00e4 kuitenkin on, ett\u00e4 poron tuottama hy\u00f6ty on moninkertainen suhteessa\u00a0pelkk\u00e4\u00e4n\u00a0poronlihan tuotannon arvoon.<\/p>\n<p>Kysytt\u00e4ess\u00e4 <a href=\"https:\/\/iso.500px.com\/the-10-happiest-countries-on-earth-in-pictures\/\" class=\"external external_icon\" rel=\"nofollow\">ulkomaisilta<\/a> turisteilta mit\u00e4 asioita he tiet\u00e4v\u00e4t tai tuntevat Suomesta tai Lapista, poro nousee poikkeuksetta k\u00e4rkisijoille. L\u00e4hes jokaisen Lapissa vierailevan matkailijan toiveena on poron\u00a0n\u00e4keminen.<\/p>\n<p>Kymmenet tuhannet turistit osallistuvat vuosittain my\u00f6s poromatkailutilojen tarjoamiin el\u00e4myksiin.<\/p>\n<p>Matkailijoiden laatutietoisuus on kasvanut ja he arvostavat yh\u00e4 enemm\u00e4n aitoja ja luonnonmukaisia el\u00e4myksi\u00e4. Osa matkailijoista haluaa my\u00f6s perehty\u00e4 syv\u00e4llisemmin alkuper\u00e4iseen luontoon ja kulttuureihin ja tehd\u00e4 asioita itse.<\/p>\n<p>Porotilamatkailuyritt\u00e4j\u00e4t tarjoavat matkailijoille mahdollisuuden aitoihin poroel\u00e4myksiin. Porotilamatkailu on matkailua, jossa asiakas voi tutustua porotilan jokap\u00e4iv\u00e4iseen el\u00e4m\u00e4\u00e4n.\u00a0My\u00f6s porok\u00e4sit\u00f6iden kysynt\u00e4 ja arvostus ovat kasvussa ja monet matkailijat haluavat my\u00f6s tutustua perinteisten k\u00e4sit\u00f6iden valmistukseen ja ty\u00f6menetelmiin.<\/p>\n<p>Porotilamatkailun merkitys on n\u00e4ht\u00e4v\u00e4 erityisesti pienten, pohjoisten kylien elinkeinojen monipuolistumisessa ja matkailun tarjoamina ty\u00f6paikkoina sek\u00e4 porotalouden kannattavuuden kohentumisena.<\/p>\n<p><a href=\"https:\/\/paliskunnat.fi\/poro\/wp-content\/uploads\/2014\/09\/P1030329-Tarja-KOnstigA.jpg\" rel=\"lightbox[236]\"><img loading=\"lazy\" decoding=\"async\" class=\"alignnone wp-image-975\" src=\"https:\/\/paliskunnat.fi\/poro\/wp-content\/uploads\/2014\/09\/P1030329-Tarja-KOnstigA.jpg\" alt=\"Maailman pisin pororaito vuodelta 2008. Raidossa oli tuolloin 58 poroa. Enn\u00e4tys rikottiin Sallassa 2018.\" width=\"460\" height=\"218\" srcset=\"https:\/\/paliskunnat.fi\/poro\/wp-content\/uploads\/2014\/09\/P1030329-Tarja-KOnstigA.jpg 900w, https:\/\/paliskunnat.fi\/poro\/wp-content\/uploads\/2014\/09\/P1030329-Tarja-KOnstigA-300x142.jpg 300w\" sizes=\"auto, (max-width: 460px) 100vw, 460px\" \/><\/a><\/p>\n<p>Poronhoitoon perustuva matkailu avaa mahdollisuuksia erityisesti nuorille poroelinkeinon kehitt\u00e4miseen.<\/p>\n<p>Poroista kiinnostuneen matkailijan kannalta porotilamatkailun vahvuutena on v\u00e4lit\u00f6n side poronhoitoon ja porotalouteen. Porotilamatkailuyritt\u00e4j\u00e4t ovat p\u00e4\u00e4asiassa poromiehi\u00e4 tai poroperheit\u00e4, jotka tekev\u00e4t poronhoitoon liittyvi\u00e4 t\u00f6it\u00e4 matkailupalvelujen ohessa.<\/p>\n<p>Porotilamatkailuyritysten asiakkaista yli 90 prosenttia on ulkomaisia.<\/p>\n<p><a href=\"https:\/\/paliskunnat.fi\/poro\/wp-content\/uploads\/2014\/09\/poro_markkinoinnissa.jpg\" rel=\"lightbox[236]\"><img loading=\"lazy\" decoding=\"async\" class=\"alignnone wp-image-734\" src=\"https:\/\/paliskunnat.fi\/poro\/wp-content\/uploads\/2014\/09\/poro_markkinoinnissa.jpg\" alt=\"Poroa hy\u00f6dynnet\u00e4\u00e4n paljon matkailukuvastossa ja yritysten logoissa ja liikemerkeiss\u00e4.\" width=\"460\" height=\"345\" srcset=\"https:\/\/paliskunnat.fi\/poro\/wp-content\/uploads\/2014\/09\/poro_markkinoinnissa.jpg 900w, https:\/\/paliskunnat.fi\/poro\/wp-content\/uploads\/2014\/09\/poro_markkinoinnissa-300x225.jpg 300w\" sizes=\"auto, (max-width: 460px) 100vw, 460px\" \/><\/a><\/p>\n<p>&nbsp;<\/p>\n<p>&nbsp;<\/p>\n<p>&nbsp;<\/p>\n<p>&nbsp;<\/p>\n<p><!--more--><\/p>\n<h2>Porotilamatkailu ry<\/h2>\n<p><a href=\"http:\/\/www.porotilamatkailu.fi\/\" class=\"external external_icon\" rel=\"nofollow\">Porotilamatkailu ry<\/a><\/p>\n<h2>Reindeer sleigh rides&#8230; -sivu<\/h2>\n<p><a href=\"https:\/\/www.visitrovaniemi.fi\/main-activity-category\/reindeer-sleigh-rides-farm-visits\/\" class=\"external external_icon\" rel=\"nofollow\">Reindeer sleigh rides and farm visits<\/a> (Visit Rovaniemi)<\/p>\n<h2>Laatuk\u00e4sikirja<\/h2>\n<p>Porotilamatkailuyritysten laatuk\u00e4sikirja 2012 (<a href=\"https:\/\/paliskunnat.fi\/poro\/wp-content\/uploads\/2014\/12\/porotilamatkailun_laatu_2012.pdf\">PDF<\/a>)<\/p>\n<p>&nbsp;<\/p>\n","protected":false},"excerpt":{"rendered":"<p>Poro on Lapin matkailun johtot\u00e4hti Lapin matkailun kokonaistuotto on noin 550\u2212600 miljonaa euroa vuosittain ja matkailun v\u00e4lit\u00f6n ty\u00f6llist\u00e4v\u00e4 vaikutus on arviolta 5000 henkil\u00f6\u00e4 Lapissa. Poro on Lapin matkailun vetovoimainen k\u00e4rkituote ja poroa hy\u00f6dynnet\u00e4\u00e4n laajasti markkinoinnissa, esitteiss\u00e4 sek\u00e4 yritysten liikemerkeiss\u00e4.\u00a0Koko Suomi\u00a0hy\u00f6tyy porosta, mutta poron kokonaisarvoa\u00a0\u2212 imagoineen ja kulttuureineen \u2212\u00a0on euroissa vaikea mitata. Selv\u00e4\u00e4 kuitenkin on, ett\u00e4 [&hellip;]<\/p>\n","protected":false},"author":1,"featured_media":0,"parent":0,"menu_order":5,"comment_status":"open","ping_status":"closed","template":"","meta":{"footnotes":""},"class_list":["post-236","page","type-page","status-publish","hentry"],"yoast_head":"<!-- This site is optimized with the Yoast SEO plugin v27.2 - https:\/\/yoast.com\/product\/yoast-seo-wordpress\/ -->\n<title>Poromatkailu - Poro ja poronhoito<\/title>\n<meta name=\"robots\" content=\"index, follow, max-snippet:-1, max-image-preview:large, max-video-preview:-1\" \/>\n<link rel=\"canonical\" href=\"https:\/\/paliskunnat.fi\/poro\/matkailu\/\" \/>\n<meta property=\"og:locale\" content=\"fi_FI\" \/>\n<meta property=\"og:type\" content=\"article\" \/>\n<meta property=\"og:title\" content=\"Poromatkailu - Poro ja poronhoito\" \/>\n<meta property=\"og:description\" content=\"Poro on Lapin matkailun johtot\u00e4hti Lapin matkailun kokonaistuotto on noin 550\u2212600 miljonaa euroa vuosittain ja matkailun v\u00e4lit\u00f6n ty\u00f6llist\u00e4v\u00e4 vaikutus on arviolta 5000 henkil\u00f6\u00e4 Lapissa. Poro on Lapin matkailun vetovoimainen k\u00e4rkituote ja poroa hy\u00f6dynnet\u00e4\u00e4n laajasti markkinoinnissa, esitteiss\u00e4 sek\u00e4 yritysten liikemerkeiss\u00e4.\u00a0Koko Suomi\u00a0hy\u00f6tyy porosta, mutta poron kokonaisarvoa\u00a0\u2212 imagoineen ja kulttuureineen \u2212\u00a0on euroissa vaikea mitata. Selv\u00e4\u00e4 kuitenkin on, ett\u00e4 [&hellip;]\" \/>\n<meta property=\"og:url\" content=\"https:\/\/paliskunnat.fi\/poro\/matkailu\/\" \/>\n<meta property=\"og:site_name\" content=\"Poro ja poronhoito\" \/>\n<meta property=\"article:modified_time\" content=\"2024-01-26T04:11:33+00:00\" \/>\n<meta property=\"og:image\" content=\"https:\/\/paliskunnat.fi\/poro\/wp-content\/uploads\/2014\/09\/P1030329-Tarja-KOnstigA.jpg\" \/>\n<meta name=\"twitter:card\" content=\"summary_large_image\" \/>\n<meta name=\"twitter:label1\" content=\"Arvioitu lukuaika\" \/>\n\t<meta name=\"twitter:data1\" content=\"2 minuuttia\" \/>\n<script type=\"application\/ld+json\" class=\"yoast-schema-graph\">{\"@context\":\"https:\/\/schema.org\",\"@graph\":[{\"@type\":\"WebPage\",\"@id\":\"https:\/\/paliskunnat.fi\/poro\/matkailu\/\",\"url\":\"https:\/\/paliskunnat.fi\/poro\/matkailu\/\",\"name\":\"Poromatkailu - Poro ja poronhoito\",\"isPartOf\":{\"@id\":\"https:\/\/paliskunnat.fi\/poro\/#website\"},\"primaryImageOfPage\":{\"@id\":\"https:\/\/paliskunnat.fi\/poro\/matkailu\/#primaryimage\"},\"image\":{\"@id\":\"https:\/\/paliskunnat.fi\/poro\/matkailu\/#primaryimage\"},\"thumbnailUrl\":\"https:\/\/paliskunnat.fi\/poro\/wp-content\/uploads\/2014\/09\/P1030329-Tarja-KOnstigA.jpg\",\"datePublished\":\"2014-09-02T10:27:15+00:00\",\"dateModified\":\"2024-01-26T04:11:33+00:00\",\"breadcrumb\":{\"@id\":\"https:\/\/paliskunnat.fi\/poro\/matkailu\/#breadcrumb\"},\"inLanguage\":\"fi\",\"potentialAction\":[{\"@type\":\"ReadAction\",\"target\":[\"https:\/\/paliskunnat.fi\/poro\/matkailu\/\"]}]},{\"@type\":\"ImageObject\",\"inLanguage\":\"fi\",\"@id\":\"https:\/\/paliskunnat.fi\/poro\/matkailu\/#primaryimage\",\"url\":\"https:\/\/paliskunnat.fi\/poro\/wp-content\/uploads\/2014\/09\/P1030329-Tarja-KOnstigA.jpg\",\"contentUrl\":\"https:\/\/paliskunnat.fi\/poro\/wp-content\/uploads\/2014\/09\/P1030329-Tarja-KOnstigA.jpg\",\"width\":900,\"height\":427},{\"@type\":\"BreadcrumbList\",\"@id\":\"https:\/\/paliskunnat.fi\/poro\/matkailu\/#breadcrumb\",\"itemListElement\":[{\"@type\":\"ListItem\",\"position\":1,\"name\":\"Home\",\"item\":\"https:\/\/paliskunnat.fi\/poro\/\"},{\"@type\":\"ListItem\",\"position\":2,\"name\":\"Poromatkailu\"}]},{\"@type\":\"WebSite\",\"@id\":\"https:\/\/paliskunnat.fi\/poro\/#website\",\"url\":\"https:\/\/paliskunnat.fi\/poro\/\",\"name\":\"Poro ja poronhoito\",\"description\":\"Poro ja poronhoito Suomessa\",\"potentialAction\":[{\"@type\":\"SearchAction\",\"target\":{\"@type\":\"EntryPoint\",\"urlTemplate\":\"https:\/\/paliskunnat.fi\/poro\/?s={search_term_string}\"},\"query-input\":{\"@type\":\"PropertyValueSpecification\",\"valueRequired\":true,\"valueName\":\"search_term_string\"}}],\"inLanguage\":\"fi\"}]}<\/script>\n<!-- \/ Yoast SEO plugin. -->","yoast_head_json":{"title":"Poromatkailu - Poro ja poronhoito","robots":{"index":"index","follow":"follow","max-snippet":"max-snippet:-1","max-image-preview":"max-image-preview:large","max-video-preview":"max-video-preview:-1"},"canonical":"https:\/\/paliskunnat.fi\/poro\/matkailu\/","og_locale":"fi_FI","og_type":"article","og_title":"Poromatkailu - Poro ja poronhoito","og_description":"Poro on Lapin matkailun johtot\u00e4hti Lapin matkailun kokonaistuotto on noin 550\u2212600 miljonaa euroa vuosittain ja matkailun v\u00e4lit\u00f6n ty\u00f6llist\u00e4v\u00e4 vaikutus on arviolta 5000 henkil\u00f6\u00e4 Lapissa. Poro on Lapin matkailun vetovoimainen k\u00e4rkituote ja poroa hy\u00f6dynnet\u00e4\u00e4n laajasti markkinoinnissa, esitteiss\u00e4 sek\u00e4 yritysten liikemerkeiss\u00e4.\u00a0Koko Suomi\u00a0hy\u00f6tyy porosta, mutta poron kokonaisarvoa\u00a0\u2212 imagoineen ja kulttuureineen \u2212\u00a0on euroissa vaikea mitata. Selv\u00e4\u00e4 kuitenkin on, ett\u00e4 [&hellip;]","og_url":"https:\/\/paliskunnat.fi\/poro\/matkailu\/","og_site_name":"Poro ja poronhoito","article_modified_time":"2024-01-26T04:11:33+00:00","og_image":[{"url":"https:\/\/paliskunnat.fi\/poro\/wp-content\/uploads\/2014\/09\/P1030329-Tarja-KOnstigA.jpg","type":"","width":"","height":""}],"twitter_card":"summary_large_image","twitter_misc":{"Arvioitu lukuaika":"2 minuuttia"},"schema":{"@context":"https:\/\/schema.org","@graph":[{"@type":"WebPage","@id":"https:\/\/paliskunnat.fi\/poro\/matkailu\/","url":"https:\/\/paliskunnat.fi\/poro\/matkailu\/","name":"Poromatkailu - Poro ja poronhoito","isPartOf":{"@id":"https:\/\/paliskunnat.fi\/poro\/#website"},"primaryImageOfPage":{"@id":"https:\/\/paliskunnat.fi\/poro\/matkailu\/#primaryimage"},"image":{"@id":"https:\/\/paliskunnat.fi\/poro\/matkailu\/#primaryimage"},"thumbnailUrl":"https:\/\/paliskunnat.fi\/poro\/wp-content\/uploads\/2014\/09\/P1030329-Tarja-KOnstigA.jpg","datePublished":"2014-09-02T10:27:15+00:00","dateModified":"2024-01-26T04:11:33+00:00","breadcrumb":{"@id":"https:\/\/paliskunnat.fi\/poro\/matkailu\/#breadcrumb"},"inLanguage":"fi","potentialAction":[{"@type":"ReadAction","target":["https:\/\/paliskunnat.fi\/poro\/matkailu\/"]}]},{"@type":"ImageObject","inLanguage":"fi","@id":"https:\/\/paliskunnat.fi\/poro\/matkailu\/#primaryimage","url":"https:\/\/paliskunnat.fi\/poro\/wp-content\/uploads\/2014\/09\/P1030329-Tarja-KOnstigA.jpg","contentUrl":"https:\/\/paliskunnat.fi\/poro\/wp-content\/uploads\/2014\/09\/P1030329-Tarja-KOnstigA.jpg","width":900,"height":427},{"@type":"BreadcrumbList","@id":"https:\/\/paliskunnat.fi\/poro\/matkailu\/#breadcrumb","itemListElement":[{"@type":"ListItem","position":1,"name":"Home","item":"https:\/\/paliskunnat.fi\/poro\/"},{"@type":"ListItem","position":2,"name":"Poromatkailu"}]},{"@type":"WebSite","@id":"https:\/\/paliskunnat.fi\/poro\/#website","url":"https:\/\/paliskunnat.fi\/poro\/","name":"Poro ja poronhoito","description":"Poro ja poronhoito Suomessa","potentialAction":[{"@type":"SearchAction","target":{"@type":"EntryPoint","urlTemplate":"https:\/\/paliskunnat.fi\/poro\/?s={search_term_string}"},"query-input":{"@type":"PropertyValueSpecification","valueRequired":true,"valueName":"search_term_string"}}],"inLanguage":"fi"}]}},"_links":{"self":[{"href":"https:\/\/paliskunnat.fi\/poro\/wp-json\/wp\/v2\/pages\/236","targetHints":{"allow":["GET"]}}],"collection":[{"href":"https:\/\/paliskunnat.fi\/poro\/wp-json\/wp\/v2\/pages"}],"about":[{"href":"https:\/\/paliskunnat.fi\/poro\/wp-json\/wp\/v2\/types\/page"}],"author":[{"embeddable":true,"href":"https:\/\/paliskunnat.fi\/poro\/wp-json\/wp\/v2\/users\/1"}],"replies":[{"embeddable":true,"href":"https:\/\/paliskunnat.fi\/poro\/wp-json\/wp\/v2\/comments?post=236"}],"version-history":[{"count":91,"href":"https:\/\/paliskunnat.fi\/poro\/wp-json\/wp\/v2\/pages\/236\/revisions"}],"predecessor-version":[{"id":4604,"href":"https:\/\/paliskunnat.fi\/poro\/wp-json\/wp\/v2\/pages\/236\/revisions\/4604"}],"wp:attachment":[{"href":"https:\/\/paliskunnat.fi\/poro\/wp-json\/wp\/v2\/media?parent=236"}],"curies":[{"name":"wp","href":"https:\/\/api.w.org\/{rel}","templated":true}]}}