{"id":288,"date":"2014-09-05T16:05:26","date_gmt":"2014-09-05T13:05:26","guid":{"rendered":"http:\/\/80.69.171.23\/poro\/?page_id=288"},"modified":"2019-10-03T12:35:29","modified_gmt":"2019-10-03T09:35:29","slug":"porotuotteet","status":"publish","type":"page","link":"https:\/\/paliskunnat.fi\/poro\/porotuotteet\/","title":{"rendered":"Porotuotteet"},"content":{"rendered":"<h2>Porotuotteet<\/h2>\n<p>Kaikkialla miss\u00e4 poroja on hoidettu,\u00a0ovat poron talja ja sisna eli kasviparkittu poronnahka olleet kautta aikojen t\u00e4rkeit\u00e4 materiaaleja. Niist\u00e4\u00a0on valmistettu vaatteita ja jalkineita. My\u00f6s poronluuta on k\u00e4ytetty tarve-esineiden valmistukseen.<\/p>\n<p>Poronnahka on materiaalina \u00e4\u00e4rimm\u00e4isen pehme\u00e4 ja ohut, mutta silti eritt\u00e4in kest\u00e4v\u00e4. Se on ominaisuuksiltaan kaikista muista nahoista poikkeava, aidosti ainutlaatuinen materiaali. Erityisesti vaatteissa poronnahkan upeat ominaisuudet p\u00e4\u00e4sev\u00e4t oikeuksiinsa. Poronnahka onkin eritt\u00e4in haluttu materiaali huippuluokan nahkavaatteissa ja asusteissa. Poronnahkaa hy\u00f6dynt\u00e4v\u00e4t useat maailmanluokan muotibr\u00e4ndit.<\/p>\n<p>Poromateriaalien hy\u00f6dynt\u00e4minen k\u00e4sity\u00f6ss\u00e4 on keskeist\u00e4 saamelaiskulttuureille. Suomessa S\u00e1mi Duodji -yhdistys vaalii perinteisen saamelaisk\u00e4sity\u00f6n osaamista. <a href=\"http:\/\/www.sogsakk.fi\/\" class=\"external external_icon\" rel=\"nofollow\">Saamelaisalueen koulutuskeskuksessa<\/a> Inarissa on mahdollista opiskella saamen k\u00e4sity\u00f6t\u00e4, jossa poromateriaalit ovat vahvassa roolissa.<\/p>\n<p>Pohjoisia k\u00e4sity\u00f6l\u00e4isi\u00e4 esitell\u00e4\u00e4n <a href=\"https:\/\/www3.jkl.fi\/craft\/craftmuseum\/poro\/index.html\" class=\"external external_icon\" rel=\"nofollow\">Suomen k\u00e4sity\u00f6n museon<\/a> yll\u00e4pit\u00e4m\u00e4ll\u00e4 sivustolla.<\/p>\n<p>&nbsp;<\/p>\n<p>&nbsp;<\/p>\n","protected":false},"excerpt":{"rendered":"<p>Porotuotteet Kaikkialla miss\u00e4 poroja on hoidettu,\u00a0ovat poron talja ja sisna eli kasviparkittu poronnahka olleet kautta aikojen t\u00e4rkeit\u00e4 materiaaleja. Niist\u00e4\u00a0on valmistettu vaatteita ja jalkineita. My\u00f6s poronluuta on k\u00e4ytetty tarve-esineiden valmistukseen. Poronnahka on materiaalina \u00e4\u00e4rimm\u00e4isen pehme\u00e4 ja ohut, mutta silti eritt\u00e4in kest\u00e4v\u00e4. Se on ominaisuuksiltaan kaikista muista nahoista poikkeava, aidosti ainutlaatuinen materiaali. Erityisesti vaatteissa poronnahkan upeat ominaisuudet [&hellip;]<\/p>\n","protected":false},"author":1,"featured_media":0,"parent":0,"menu_order":7,"comment_status":"open","ping_status":"closed","template":"","meta":{"footnotes":""},"class_list":["post-288","page","type-page","status-publish","hentry"],"yoast_head":"<!-- This site is optimized with the Yoast SEO plugin v27.2 - https:\/\/yoast.com\/product\/yoast-seo-wordpress\/ -->\n<title>Porotuotteet - Poro ja poronhoito<\/title>\n<meta name=\"robots\" content=\"index, follow, max-snippet:-1, max-image-preview:large, max-video-preview:-1\" \/>\n<link rel=\"canonical\" href=\"https:\/\/paliskunnat.fi\/poro\/porotuotteet\/\" \/>\n<meta property=\"og:locale\" content=\"fi_FI\" \/>\n<meta property=\"og:type\" content=\"article\" \/>\n<meta property=\"og:title\" content=\"Porotuotteet - Poro ja poronhoito\" \/>\n<meta property=\"og:description\" content=\"Porotuotteet Kaikkialla miss\u00e4 poroja on hoidettu,\u00a0ovat poron talja ja sisna eli kasviparkittu poronnahka olleet kautta aikojen t\u00e4rkeit\u00e4 materiaaleja. Niist\u00e4\u00a0on valmistettu vaatteita ja jalkineita. My\u00f6s poronluuta on k\u00e4ytetty tarve-esineiden valmistukseen. Poronnahka on materiaalina \u00e4\u00e4rimm\u00e4isen pehme\u00e4 ja ohut, mutta silti eritt\u00e4in kest\u00e4v\u00e4. Se on ominaisuuksiltaan kaikista muista nahoista poikkeava, aidosti ainutlaatuinen materiaali. Erityisesti vaatteissa poronnahkan upeat ominaisuudet [&hellip;]\" \/>\n<meta property=\"og:url\" content=\"https:\/\/paliskunnat.fi\/poro\/porotuotteet\/\" \/>\n<meta property=\"og:site_name\" content=\"Poro ja poronhoito\" \/>\n<meta property=\"article:modified_time\" content=\"2019-10-03T09:35:29+00:00\" \/>\n<meta name=\"twitter:card\" content=\"summary_large_image\" \/>\n<meta name=\"twitter:label1\" content=\"Arvioitu lukuaika\" \/>\n\t<meta name=\"twitter:data1\" content=\"1 minuutti\" \/>\n<script type=\"application\/ld+json\" class=\"yoast-schema-graph\">{\"@context\":\"https:\/\/schema.org\",\"@graph\":[{\"@type\":\"WebPage\",\"@id\":\"https:\/\/paliskunnat.fi\/poro\/porotuotteet\/\",\"url\":\"https:\/\/paliskunnat.fi\/poro\/porotuotteet\/\",\"name\":\"Porotuotteet - Poro ja poronhoito\",\"isPartOf\":{\"@id\":\"https:\/\/paliskunnat.fi\/poro\/#website\"},\"datePublished\":\"2014-09-05T13:05:26+00:00\",\"dateModified\":\"2019-10-03T09:35:29+00:00\",\"breadcrumb\":{\"@id\":\"https:\/\/paliskunnat.fi\/poro\/porotuotteet\/#breadcrumb\"},\"inLanguage\":\"fi\",\"potentialAction\":[{\"@type\":\"ReadAction\",\"target\":[\"https:\/\/paliskunnat.fi\/poro\/porotuotteet\/\"]}]},{\"@type\":\"BreadcrumbList\",\"@id\":\"https:\/\/paliskunnat.fi\/poro\/porotuotteet\/#breadcrumb\",\"itemListElement\":[{\"@type\":\"ListItem\",\"position\":1,\"name\":\"Home\",\"item\":\"https:\/\/paliskunnat.fi\/poro\/\"},{\"@type\":\"ListItem\",\"position\":2,\"name\":\"Porotuotteet\"}]},{\"@type\":\"WebSite\",\"@id\":\"https:\/\/paliskunnat.fi\/poro\/#website\",\"url\":\"https:\/\/paliskunnat.fi\/poro\/\",\"name\":\"Poro ja poronhoito\",\"description\":\"Poro ja poronhoito Suomessa\",\"potentialAction\":[{\"@type\":\"SearchAction\",\"target\":{\"@type\":\"EntryPoint\",\"urlTemplate\":\"https:\/\/paliskunnat.fi\/poro\/?s={search_term_string}\"},\"query-input\":{\"@type\":\"PropertyValueSpecification\",\"valueRequired\":true,\"valueName\":\"search_term_string\"}}],\"inLanguage\":\"fi\"}]}<\/script>\n<!-- \/ Yoast SEO plugin. -->","yoast_head_json":{"title":"Porotuotteet - Poro ja poronhoito","robots":{"index":"index","follow":"follow","max-snippet":"max-snippet:-1","max-image-preview":"max-image-preview:large","max-video-preview":"max-video-preview:-1"},"canonical":"https:\/\/paliskunnat.fi\/poro\/porotuotteet\/","og_locale":"fi_FI","og_type":"article","og_title":"Porotuotteet - Poro ja poronhoito","og_description":"Porotuotteet Kaikkialla miss\u00e4 poroja on hoidettu,\u00a0ovat poron talja ja sisna eli kasviparkittu poronnahka olleet kautta aikojen t\u00e4rkeit\u00e4 materiaaleja. Niist\u00e4\u00a0on valmistettu vaatteita ja jalkineita. My\u00f6s poronluuta on k\u00e4ytetty tarve-esineiden valmistukseen. Poronnahka on materiaalina \u00e4\u00e4rimm\u00e4isen pehme\u00e4 ja ohut, mutta silti eritt\u00e4in kest\u00e4v\u00e4. Se on ominaisuuksiltaan kaikista muista nahoista poikkeava, aidosti ainutlaatuinen materiaali. Erityisesti vaatteissa poronnahkan upeat ominaisuudet [&hellip;]","og_url":"https:\/\/paliskunnat.fi\/poro\/porotuotteet\/","og_site_name":"Poro ja poronhoito","article_modified_time":"2019-10-03T09:35:29+00:00","twitter_card":"summary_large_image","twitter_misc":{"Arvioitu lukuaika":"1 minuutti"},"schema":{"@context":"https:\/\/schema.org","@graph":[{"@type":"WebPage","@id":"https:\/\/paliskunnat.fi\/poro\/porotuotteet\/","url":"https:\/\/paliskunnat.fi\/poro\/porotuotteet\/","name":"Porotuotteet - Poro ja poronhoito","isPartOf":{"@id":"https:\/\/paliskunnat.fi\/poro\/#website"},"datePublished":"2014-09-05T13:05:26+00:00","dateModified":"2019-10-03T09:35:29+00:00","breadcrumb":{"@id":"https:\/\/paliskunnat.fi\/poro\/porotuotteet\/#breadcrumb"},"inLanguage":"fi","potentialAction":[{"@type":"ReadAction","target":["https:\/\/paliskunnat.fi\/poro\/porotuotteet\/"]}]},{"@type":"BreadcrumbList","@id":"https:\/\/paliskunnat.fi\/poro\/porotuotteet\/#breadcrumb","itemListElement":[{"@type":"ListItem","position":1,"name":"Home","item":"https:\/\/paliskunnat.fi\/poro\/"},{"@type":"ListItem","position":2,"name":"Porotuotteet"}]},{"@type":"WebSite","@id":"https:\/\/paliskunnat.fi\/poro\/#website","url":"https:\/\/paliskunnat.fi\/poro\/","name":"Poro ja poronhoito","description":"Poro ja poronhoito Suomessa","potentialAction":[{"@type":"SearchAction","target":{"@type":"EntryPoint","urlTemplate":"https:\/\/paliskunnat.fi\/poro\/?s={search_term_string}"},"query-input":{"@type":"PropertyValueSpecification","valueRequired":true,"valueName":"search_term_string"}}],"inLanguage":"fi"}]}},"_links":{"self":[{"href":"https:\/\/paliskunnat.fi\/poro\/wp-json\/wp\/v2\/pages\/288","targetHints":{"allow":["GET"]}}],"collection":[{"href":"https:\/\/paliskunnat.fi\/poro\/wp-json\/wp\/v2\/pages"}],"about":[{"href":"https:\/\/paliskunnat.fi\/poro\/wp-json\/wp\/v2\/types\/page"}],"author":[{"embeddable":true,"href":"https:\/\/paliskunnat.fi\/poro\/wp-json\/wp\/v2\/users\/1"}],"replies":[{"embeddable":true,"href":"https:\/\/paliskunnat.fi\/poro\/wp-json\/wp\/v2\/comments?post=288"}],"version-history":[{"count":29,"href":"https:\/\/paliskunnat.fi\/poro\/wp-json\/wp\/v2\/pages\/288\/revisions"}],"predecessor-version":[{"id":4147,"href":"https:\/\/paliskunnat.fi\/poro\/wp-json\/wp\/v2\/pages\/288\/revisions\/4147"}],"wp:attachment":[{"href":"https:\/\/paliskunnat.fi\/poro\/wp-json\/wp\/v2\/media?parent=288"}],"curies":[{"name":"wp","href":"https:\/\/api.w.org\/{rel}","templated":true}]}}