{"id":2938,"date":"2015-04-29T17:29:04","date_gmt":"2015-04-29T14:29:04","guid":{"rendered":"http:\/\/80.69.171.23\/poro\/?page_id=2938"},"modified":"2025-12-12T16:39:49","modified_gmt":"2025-12-12T14:39:49","slug":"kittila-levi","status":"publish","type":"page","link":"https:\/\/paliskunnat.fi\/poro\/pororuoka\/poroa-ravintoloissa\/kittila-levi\/","title":{"rendered":"Kittil\u00e4 &#8211; Levi"},"content":{"rendered":"<h2>Kittil\u00e4 &#8211; Levi<\/h2>\n<p>Ravintola <a href=\"https:\/\/www.hulluporo.fi\/ravintolat\/ravintola-ammila\/\" target=\"_blank\" rel=\"noopener nofollow\" class=\"external external_icon\">\u00c4mmil\u00e4<\/a>, Levi<\/p>\n<p>&nbsp;<\/p>\n<p>Levin <a href=\"https:\/\/www.levi.fi\/ruoka-ja-juoma\/\" target=\"_blank\" rel=\"noopener nofollow\" class=\"external external_icon\">ravintoloita<\/a><\/p>\n<h3><\/h3>\n","protected":false},"excerpt":{"rendered":"<p>Kittil\u00e4 &#8211; Levi Ravintola \u00c4mmil\u00e4, Levi &nbsp; Levin ravintoloita<\/p>\n","protected":false},"author":1,"featured_media":0,"parent":722,"menu_order":3,"comment_status":"open","ping_status":"closed","template":"","meta":{"footnotes":""},"class_list":["post-2938","page","type-page","status-publish","hentry"],"yoast_head":"<!-- This site is optimized with the Yoast SEO plugin v27.2 - https:\/\/yoast.com\/product\/yoast-seo-wordpress\/ -->\n<title>Kittil\u00e4 - Levi - Poro ja poronhoito<\/title>\n<meta name=\"robots\" content=\"index, follow, max-snippet:-1, max-image-preview:large, max-video-preview:-1\" \/>\n<link rel=\"canonical\" href=\"https:\/\/paliskunnat.fi\/poro\/pororuoka\/poroa-ravintoloissa\/kittila-levi\/\" \/>\n<meta property=\"og:locale\" content=\"fi_FI\" \/>\n<meta property=\"og:type\" content=\"article\" \/>\n<meta property=\"og:title\" content=\"Kittil\u00e4 - Levi - Poro ja poronhoito\" \/>\n<meta property=\"og:description\" content=\"Kittil\u00e4 &#8211; Levi Ravintola \u00c4mmil\u00e4, Levi &nbsp; Levin ravintoloita\" \/>\n<meta property=\"og:url\" content=\"https:\/\/paliskunnat.fi\/poro\/pororuoka\/poroa-ravintoloissa\/kittila-levi\/\" \/>\n<meta property=\"og:site_name\" content=\"Poro ja poronhoito\" \/>\n<meta property=\"article:modified_time\" content=\"2025-12-12T14:39:49+00:00\" \/>\n<meta name=\"twitter:card\" content=\"summary_large_image\" \/>\n<meta name=\"twitter:label1\" content=\"Arvioitu lukuaika\" \/>\n\t<meta name=\"twitter:data1\" content=\"1 minuutti\" \/>\n<script type=\"application\/ld+json\" class=\"yoast-schema-graph\">{\"@context\":\"https:\/\/schema.org\",\"@graph\":[{\"@type\":\"WebPage\",\"@id\":\"https:\/\/paliskunnat.fi\/poro\/pororuoka\/poroa-ravintoloissa\/kittila-levi\/\",\"url\":\"https:\/\/paliskunnat.fi\/poro\/pororuoka\/poroa-ravintoloissa\/kittila-levi\/\",\"name\":\"Kittil\u00e4 - Levi - Poro ja poronhoito\",\"isPartOf\":{\"@id\":\"https:\/\/paliskunnat.fi\/poro\/#website\"},\"datePublished\":\"2015-04-29T14:29:04+00:00\",\"dateModified\":\"2025-12-12T14:39:49+00:00\",\"breadcrumb\":{\"@id\":\"https:\/\/paliskunnat.fi\/poro\/pororuoka\/poroa-ravintoloissa\/kittila-levi\/#breadcrumb\"},\"inLanguage\":\"fi\",\"potentialAction\":[{\"@type\":\"ReadAction\",\"target\":[\"https:\/\/paliskunnat.fi\/poro\/pororuoka\/poroa-ravintoloissa\/kittila-levi\/\"]}]},{\"@type\":\"BreadcrumbList\",\"@id\":\"https:\/\/paliskunnat.fi\/poro\/pororuoka\/poroa-ravintoloissa\/kittila-levi\/#breadcrumb\",\"itemListElement\":[{\"@type\":\"ListItem\",\"position\":1,\"name\":\"Home\",\"item\":\"https:\/\/paliskunnat.fi\/poro\/\"},{\"@type\":\"ListItem\",\"position\":2,\"name\":\"Pororuoka\",\"item\":\"https:\/\/paliskunnat.fi\/poro\/pororuoka\/\"},{\"@type\":\"ListItem\",\"position\":3,\"name\":\"Poroa ravintoloissa\",\"item\":\"https:\/\/paliskunnat.fi\/poro\/pororuoka\/poroa-ravintoloissa\/\"},{\"@type\":\"ListItem\",\"position\":4,\"name\":\"Kittil\u00e4 &#8211; Levi\"}]},{\"@type\":\"WebSite\",\"@id\":\"https:\/\/paliskunnat.fi\/poro\/#website\",\"url\":\"https:\/\/paliskunnat.fi\/poro\/\",\"name\":\"Poro ja poronhoito\",\"description\":\"Poro ja poronhoito Suomessa\",\"potentialAction\":[{\"@type\":\"SearchAction\",\"target\":{\"@type\":\"EntryPoint\",\"urlTemplate\":\"https:\/\/paliskunnat.fi\/poro\/?s={search_term_string}\"},\"query-input\":{\"@type\":\"PropertyValueSpecification\",\"valueRequired\":true,\"valueName\":\"search_term_string\"}}],\"inLanguage\":\"fi\"}]}<\/script>\n<!-- \/ Yoast SEO plugin. -->","yoast_head_json":{"title":"Kittil\u00e4 - Levi - Poro ja poronhoito","robots":{"index":"index","follow":"follow","max-snippet":"max-snippet:-1","max-image-preview":"max-image-preview:large","max-video-preview":"max-video-preview:-1"},"canonical":"https:\/\/paliskunnat.fi\/poro\/pororuoka\/poroa-ravintoloissa\/kittila-levi\/","og_locale":"fi_FI","og_type":"article","og_title":"Kittil\u00e4 - Levi - Poro ja poronhoito","og_description":"Kittil\u00e4 &#8211; Levi Ravintola \u00c4mmil\u00e4, Levi &nbsp; Levin ravintoloita","og_url":"https:\/\/paliskunnat.fi\/poro\/pororuoka\/poroa-ravintoloissa\/kittila-levi\/","og_site_name":"Poro ja poronhoito","article_modified_time":"2025-12-12T14:39:49+00:00","twitter_card":"summary_large_image","twitter_misc":{"Arvioitu lukuaika":"1 minuutti"},"schema":{"@context":"https:\/\/schema.org","@graph":[{"@type":"WebPage","@id":"https:\/\/paliskunnat.fi\/poro\/pororuoka\/poroa-ravintoloissa\/kittila-levi\/","url":"https:\/\/paliskunnat.fi\/poro\/pororuoka\/poroa-ravintoloissa\/kittila-levi\/","name":"Kittil\u00e4 - Levi - Poro ja poronhoito","isPartOf":{"@id":"https:\/\/paliskunnat.fi\/poro\/#website"},"datePublished":"2015-04-29T14:29:04+00:00","dateModified":"2025-12-12T14:39:49+00:00","breadcrumb":{"@id":"https:\/\/paliskunnat.fi\/poro\/pororuoka\/poroa-ravintoloissa\/kittila-levi\/#breadcrumb"},"inLanguage":"fi","potentialAction":[{"@type":"ReadAction","target":["https:\/\/paliskunnat.fi\/poro\/pororuoka\/poroa-ravintoloissa\/kittila-levi\/"]}]},{"@type":"BreadcrumbList","@id":"https:\/\/paliskunnat.fi\/poro\/pororuoka\/poroa-ravintoloissa\/kittila-levi\/#breadcrumb","itemListElement":[{"@type":"ListItem","position":1,"name":"Home","item":"https:\/\/paliskunnat.fi\/poro\/"},{"@type":"ListItem","position":2,"name":"Pororuoka","item":"https:\/\/paliskunnat.fi\/poro\/pororuoka\/"},{"@type":"ListItem","position":3,"name":"Poroa ravintoloissa","item":"https:\/\/paliskunnat.fi\/poro\/pororuoka\/poroa-ravintoloissa\/"},{"@type":"ListItem","position":4,"name":"Kittil\u00e4 &#8211; Levi"}]},{"@type":"WebSite","@id":"https:\/\/paliskunnat.fi\/poro\/#website","url":"https:\/\/paliskunnat.fi\/poro\/","name":"Poro ja poronhoito","description":"Poro ja poronhoito Suomessa","potentialAction":[{"@type":"SearchAction","target":{"@type":"EntryPoint","urlTemplate":"https:\/\/paliskunnat.fi\/poro\/?s={search_term_string}"},"query-input":{"@type":"PropertyValueSpecification","valueRequired":true,"valueName":"search_term_string"}}],"inLanguage":"fi"}]}},"_links":{"self":[{"href":"https:\/\/paliskunnat.fi\/poro\/wp-json\/wp\/v2\/pages\/2938","targetHints":{"allow":["GET"]}}],"collection":[{"href":"https:\/\/paliskunnat.fi\/poro\/wp-json\/wp\/v2\/pages"}],"about":[{"href":"https:\/\/paliskunnat.fi\/poro\/wp-json\/wp\/v2\/types\/page"}],"author":[{"embeddable":true,"href":"https:\/\/paliskunnat.fi\/poro\/wp-json\/wp\/v2\/users\/1"}],"replies":[{"embeddable":true,"href":"https:\/\/paliskunnat.fi\/poro\/wp-json\/wp\/v2\/comments?post=2938"}],"version-history":[{"count":6,"href":"https:\/\/paliskunnat.fi\/poro\/wp-json\/wp\/v2\/pages\/2938\/revisions"}],"predecessor-version":[{"id":4740,"href":"https:\/\/paliskunnat.fi\/poro\/wp-json\/wp\/v2\/pages\/2938\/revisions\/4740"}],"up":[{"embeddable":true,"href":"https:\/\/paliskunnat.fi\/poro\/wp-json\/wp\/v2\/pages\/722"}],"wp:attachment":[{"href":"https:\/\/paliskunnat.fi\/poro\/wp-json\/wp\/v2\/media?parent=2938"}],"curies":[{"name":"wp","href":"https:\/\/api.w.org\/{rel}","templated":true}]}}