{"id":2940,"date":"2015-04-29T17:29:32","date_gmt":"2015-04-29T14:29:32","guid":{"rendered":"http:\/\/80.69.171.23\/poro\/?page_id=2940"},"modified":"2026-02-06T15:43:45","modified_gmt":"2026-02-06T13:43:45","slug":"rovaniemi","status":"publish","type":"page","link":"https:\/\/paliskunnat.fi\/poro\/pororuoka\/poroa-ravintoloissa\/rovaniemi\/","title":{"rendered":"Rovaniemi"},"content":{"rendered":"<h2>Rovaniemi<\/h2>\n<p><a href=\"https:\/\/paliskunnat.fi\/poro\/wp-content\/uploads\/2025\/12\/poronkaristys-paliskuntain-yhdistys.jpg\" rel=\"lightbox[2940]\"><img loading=\"lazy\" decoding=\"async\" class=\"alignnone wp-image-4725\" src=\"https:\/\/paliskunnat.fi\/poro\/wp-content\/uploads\/2025\/12\/poronkaristys-paliskuntain-yhdistys.jpg\" alt=\"Poronk\u00e4ristys ja pottumuusi.\" width=\"460\" height=\"271\" srcset=\"https:\/\/paliskunnat.fi\/poro\/wp-content\/uploads\/2025\/12\/poronkaristys-paliskuntain-yhdistys.jpg 1100w, https:\/\/paliskunnat.fi\/poro\/wp-content\/uploads\/2025\/12\/poronkaristys-paliskuntain-yhdistys-300x177.jpg 300w, https:\/\/paliskunnat.fi\/poro\/wp-content\/uploads\/2025\/12\/poronkaristys-paliskuntain-yhdistys-1024x604.jpg 1024w, https:\/\/paliskunnat.fi\/poro\/wp-content\/uploads\/2025\/12\/poronkaristys-paliskuntain-yhdistys-768x453.jpg 768w\" sizes=\"auto, (max-width: 460px) 100vw, 460px\" \/><\/a><\/p>\n<p>Ravintola <a href=\"https:\/\/www.arcticrestaurant.fi\/\" target=\"_blank\" rel=\"noopener nofollow\" class=\"external external_icon\">Arctic Restaurant<\/a> &#8211; Pohjoismainen ravintola.<\/p>\n<p>Ravintola <a href=\"http:\/\/www.ravintolahimo.fi\/\" target=\"_blank\" rel=\"noopener nofollow\" class=\"external external_icon\">Himo<\/a> &#8211; Maistuvia pastaruokia, my\u00f6s porosta.<\/p>\n<p>Ravintola <a href=\"https:\/\/www.laplandhotels.com\/fi\/hotellit-ja-kohteet\/rovaniemi\/lapland-hotels-sky-ounasvaara\/ravintolat\" target=\"_blank\" rel=\"noopener nofollow\" class=\"external external_icon\">Lapland Sky hotelli Ounasvaara\u00a0<\/a>&#8211; Hienoa poroillallista kaipaavalle.<\/p>\n<p>Ravintola <a href=\"https:\/\/www.restauranttaiga.fi\/fi\" target=\"_blank\" rel=\"noopener nofollow\" class=\"external external_icon\">Lappish Restaurant Taiga<\/a> &#8211; Erikoistunut lappilaisiin makuihin, poro vahvasti mukana.<\/p>\n<p>Ravintola <a href=\"https:\/\/www.nili.fi\/\" target=\"_blank\" rel=\"noopener nofollow\" class=\"external external_icon\">Nili<\/a> &#8211; Aina hyv\u00e4\u00e4 poroa! Perinteinen lappilainen keitti\u00f6.<\/p>\n<p>Ravintola <a href=\"https:\/\/www.scandichotels.com\/fi\/hotellit\/scandic-pohjanhovi?s=restaurants\" target=\"_blank\" rel=\"noopener nofollow\" class=\"external external_icon\">Pohjanhovi<\/a> &#8211; Pohjanhovin poronk\u00e4ristys toimii aina.<\/p>\n<p>Ravintola <a href=\"https:\/\/ravintolaroka.fi\/\" target=\"_blank\" rel=\"noopener nofollow\" class=\"external external_icon\">Roka Street Bistro Rovaniemi<\/a> &#8211; Hyvist\u00e4 raaka-aineista valmistettua katuruokaa ja bistrotyylisi\u00e4 makuja.<\/p>\n<p>&nbsp;<\/p>\n<p>Rovaniemen <a href=\"https:\/\/www.visitrovaniemi.fi\/fi\/nae-koe\/ravintolat\/\" class=\"external external_icon\" rel=\"nofollow\">ravintoloita<\/a><\/p>\n<p>&nbsp;<\/p>\n","protected":false},"excerpt":{"rendered":"<p>Rovaniemi Ravintola Arctic Restaurant &#8211; Pohjoismainen ravintola. Ravintola Himo &#8211; Maistuvia pastaruokia, my\u00f6s porosta. Ravintola Lapland Sky hotelli Ounasvaara\u00a0&#8211; Hienoa poroillallista kaipaavalle. Ravintola Lappish Restaurant Taiga &#8211; Erikoistunut lappilaisiin makuihin, poro vahvasti mukana. Ravintola Nili &#8211; Aina hyv\u00e4\u00e4 poroa! Perinteinen lappilainen keitti\u00f6. Ravintola Pohjanhovi &#8211; Pohjanhovin poronk\u00e4ristys toimii aina. Ravintola Roka Street Bistro Rovaniemi &#8211; [&hellip;]<\/p>\n","protected":false},"author":1,"featured_media":0,"parent":722,"menu_order":4,"comment_status":"open","ping_status":"closed","template":"","meta":{"footnotes":""},"class_list":["post-2940","page","type-page","status-publish","hentry"],"yoast_head":"<!-- This site is optimized with the Yoast SEO plugin v27.2 - https:\/\/yoast.com\/product\/yoast-seo-wordpress\/ -->\n<title>Rovaniemi - Poro ja poronhoito<\/title>\n<meta name=\"robots\" content=\"index, follow, max-snippet:-1, max-image-preview:large, max-video-preview:-1\" \/>\n<link rel=\"canonical\" href=\"https:\/\/paliskunnat.fi\/poro\/pororuoka\/poroa-ravintoloissa\/rovaniemi\/\" \/>\n<meta property=\"og:locale\" content=\"fi_FI\" \/>\n<meta property=\"og:type\" content=\"article\" \/>\n<meta property=\"og:title\" content=\"Rovaniemi - Poro ja poronhoito\" \/>\n<meta property=\"og:description\" content=\"Rovaniemi Ravintola Arctic Restaurant &#8211; Pohjoismainen ravintola. Ravintola Himo &#8211; Maistuvia pastaruokia, my\u00f6s porosta. Ravintola Lapland Sky hotelli Ounasvaara\u00a0&#8211; Hienoa poroillallista kaipaavalle. Ravintola Lappish Restaurant Taiga &#8211; Erikoistunut lappilaisiin makuihin, poro vahvasti mukana. Ravintola Nili &#8211; Aina hyv\u00e4\u00e4 poroa! Perinteinen lappilainen keitti\u00f6. Ravintola Pohjanhovi &#8211; Pohjanhovin poronk\u00e4ristys toimii aina. Ravintola Roka Street Bistro Rovaniemi &#8211; [&hellip;]\" \/>\n<meta property=\"og:url\" content=\"https:\/\/paliskunnat.fi\/poro\/pororuoka\/poroa-ravintoloissa\/rovaniemi\/\" \/>\n<meta property=\"og:site_name\" content=\"Poro ja poronhoito\" \/>\n<meta property=\"article:modified_time\" content=\"2026-02-06T13:43:45+00:00\" \/>\n<meta property=\"og:image\" content=\"https:\/\/paliskunnat.fi\/poro\/wp-content\/uploads\/2025\/12\/poronkaristys-paliskuntain-yhdistys.jpg\" \/>\n\t<meta property=\"og:image:width\" content=\"1100\" \/>\n\t<meta property=\"og:image:height\" content=\"649\" \/>\n\t<meta property=\"og:image:type\" content=\"image\/jpeg\" \/>\n<meta name=\"twitter:card\" content=\"summary_large_image\" \/>\n<meta name=\"twitter:label1\" content=\"Arvioitu lukuaika\" \/>\n\t<meta name=\"twitter:data1\" content=\"1 minuutti\" \/>\n<script type=\"application\/ld+json\" class=\"yoast-schema-graph\">{\"@context\":\"https:\/\/schema.org\",\"@graph\":[{\"@type\":\"WebPage\",\"@id\":\"https:\/\/paliskunnat.fi\/poro\/pororuoka\/poroa-ravintoloissa\/rovaniemi\/\",\"url\":\"https:\/\/paliskunnat.fi\/poro\/pororuoka\/poroa-ravintoloissa\/rovaniemi\/\",\"name\":\"Rovaniemi - Poro ja poronhoito\",\"isPartOf\":{\"@id\":\"https:\/\/paliskunnat.fi\/poro\/#website\"},\"primaryImageOfPage\":{\"@id\":\"https:\/\/paliskunnat.fi\/poro\/pororuoka\/poroa-ravintoloissa\/rovaniemi\/#primaryimage\"},\"image\":{\"@id\":\"https:\/\/paliskunnat.fi\/poro\/pororuoka\/poroa-ravintoloissa\/rovaniemi\/#primaryimage\"},\"thumbnailUrl\":\"https:\/\/paliskunnat.fi\/poro\/wp-content\/uploads\/2025\/12\/poronkaristys-paliskuntain-yhdistys.jpg\",\"datePublished\":\"2015-04-29T14:29:32+00:00\",\"dateModified\":\"2026-02-06T13:43:45+00:00\",\"breadcrumb\":{\"@id\":\"https:\/\/paliskunnat.fi\/poro\/pororuoka\/poroa-ravintoloissa\/rovaniemi\/#breadcrumb\"},\"inLanguage\":\"fi\",\"potentialAction\":[{\"@type\":\"ReadAction\",\"target\":[\"https:\/\/paliskunnat.fi\/poro\/pororuoka\/poroa-ravintoloissa\/rovaniemi\/\"]}]},{\"@type\":\"ImageObject\",\"inLanguage\":\"fi\",\"@id\":\"https:\/\/paliskunnat.fi\/poro\/pororuoka\/poroa-ravintoloissa\/rovaniemi\/#primaryimage\",\"url\":\"https:\/\/paliskunnat.fi\/poro\/wp-content\/uploads\/2025\/12\/poronkaristys-paliskuntain-yhdistys.jpg\",\"contentUrl\":\"https:\/\/paliskunnat.fi\/poro\/wp-content\/uploads\/2025\/12\/poronkaristys-paliskuntain-yhdistys.jpg\",\"width\":1100,\"height\":649,\"caption\":\"Poronk\u00e4ristys\"},{\"@type\":\"BreadcrumbList\",\"@id\":\"https:\/\/paliskunnat.fi\/poro\/pororuoka\/poroa-ravintoloissa\/rovaniemi\/#breadcrumb\",\"itemListElement\":[{\"@type\":\"ListItem\",\"position\":1,\"name\":\"Home\",\"item\":\"https:\/\/paliskunnat.fi\/poro\/\"},{\"@type\":\"ListItem\",\"position\":2,\"name\":\"Pororuoka\",\"item\":\"https:\/\/paliskunnat.fi\/poro\/pororuoka\/\"},{\"@type\":\"ListItem\",\"position\":3,\"name\":\"Poroa ravintoloissa\",\"item\":\"https:\/\/paliskunnat.fi\/poro\/pororuoka\/poroa-ravintoloissa\/\"},{\"@type\":\"ListItem\",\"position\":4,\"name\":\"Rovaniemi\"}]},{\"@type\":\"WebSite\",\"@id\":\"https:\/\/paliskunnat.fi\/poro\/#website\",\"url\":\"https:\/\/paliskunnat.fi\/poro\/\",\"name\":\"Poro ja poronhoito\",\"description\":\"Poro ja poronhoito Suomessa\",\"potentialAction\":[{\"@type\":\"SearchAction\",\"target\":{\"@type\":\"EntryPoint\",\"urlTemplate\":\"https:\/\/paliskunnat.fi\/poro\/?s={search_term_string}\"},\"query-input\":{\"@type\":\"PropertyValueSpecification\",\"valueRequired\":true,\"valueName\":\"search_term_string\"}}],\"inLanguage\":\"fi\"}]}<\/script>\n<!-- \/ Yoast SEO plugin. -->","yoast_head_json":{"title":"Rovaniemi - Poro ja poronhoito","robots":{"index":"index","follow":"follow","max-snippet":"max-snippet:-1","max-image-preview":"max-image-preview:large","max-video-preview":"max-video-preview:-1"},"canonical":"https:\/\/paliskunnat.fi\/poro\/pororuoka\/poroa-ravintoloissa\/rovaniemi\/","og_locale":"fi_FI","og_type":"article","og_title":"Rovaniemi - Poro ja poronhoito","og_description":"Rovaniemi Ravintola Arctic Restaurant &#8211; Pohjoismainen ravintola. Ravintola Himo &#8211; Maistuvia pastaruokia, my\u00f6s porosta. Ravintola Lapland Sky hotelli Ounasvaara\u00a0&#8211; Hienoa poroillallista kaipaavalle. Ravintola Lappish Restaurant Taiga &#8211; Erikoistunut lappilaisiin makuihin, poro vahvasti mukana. Ravintola Nili &#8211; Aina hyv\u00e4\u00e4 poroa! Perinteinen lappilainen keitti\u00f6. Ravintola Pohjanhovi &#8211; Pohjanhovin poronk\u00e4ristys toimii aina. Ravintola Roka Street Bistro Rovaniemi &#8211; [&hellip;]","og_url":"https:\/\/paliskunnat.fi\/poro\/pororuoka\/poroa-ravintoloissa\/rovaniemi\/","og_site_name":"Poro ja poronhoito","article_modified_time":"2026-02-06T13:43:45+00:00","og_image":[{"width":1100,"height":649,"url":"https:\/\/paliskunnat.fi\/poro\/wp-content\/uploads\/2025\/12\/poronkaristys-paliskuntain-yhdistys.jpg","type":"image\/jpeg"}],"twitter_card":"summary_large_image","twitter_misc":{"Arvioitu lukuaika":"1 minuutti"},"schema":{"@context":"https:\/\/schema.org","@graph":[{"@type":"WebPage","@id":"https:\/\/paliskunnat.fi\/poro\/pororuoka\/poroa-ravintoloissa\/rovaniemi\/","url":"https:\/\/paliskunnat.fi\/poro\/pororuoka\/poroa-ravintoloissa\/rovaniemi\/","name":"Rovaniemi - Poro ja poronhoito","isPartOf":{"@id":"https:\/\/paliskunnat.fi\/poro\/#website"},"primaryImageOfPage":{"@id":"https:\/\/paliskunnat.fi\/poro\/pororuoka\/poroa-ravintoloissa\/rovaniemi\/#primaryimage"},"image":{"@id":"https:\/\/paliskunnat.fi\/poro\/pororuoka\/poroa-ravintoloissa\/rovaniemi\/#primaryimage"},"thumbnailUrl":"https:\/\/paliskunnat.fi\/poro\/wp-content\/uploads\/2025\/12\/poronkaristys-paliskuntain-yhdistys.jpg","datePublished":"2015-04-29T14:29:32+00:00","dateModified":"2026-02-06T13:43:45+00:00","breadcrumb":{"@id":"https:\/\/paliskunnat.fi\/poro\/pororuoka\/poroa-ravintoloissa\/rovaniemi\/#breadcrumb"},"inLanguage":"fi","potentialAction":[{"@type":"ReadAction","target":["https:\/\/paliskunnat.fi\/poro\/pororuoka\/poroa-ravintoloissa\/rovaniemi\/"]}]},{"@type":"ImageObject","inLanguage":"fi","@id":"https:\/\/paliskunnat.fi\/poro\/pororuoka\/poroa-ravintoloissa\/rovaniemi\/#primaryimage","url":"https:\/\/paliskunnat.fi\/poro\/wp-content\/uploads\/2025\/12\/poronkaristys-paliskuntain-yhdistys.jpg","contentUrl":"https:\/\/paliskunnat.fi\/poro\/wp-content\/uploads\/2025\/12\/poronkaristys-paliskuntain-yhdistys.jpg","width":1100,"height":649,"caption":"Poronk\u00e4ristys"},{"@type":"BreadcrumbList","@id":"https:\/\/paliskunnat.fi\/poro\/pororuoka\/poroa-ravintoloissa\/rovaniemi\/#breadcrumb","itemListElement":[{"@type":"ListItem","position":1,"name":"Home","item":"https:\/\/paliskunnat.fi\/poro\/"},{"@type":"ListItem","position":2,"name":"Pororuoka","item":"https:\/\/paliskunnat.fi\/poro\/pororuoka\/"},{"@type":"ListItem","position":3,"name":"Poroa ravintoloissa","item":"https:\/\/paliskunnat.fi\/poro\/pororuoka\/poroa-ravintoloissa\/"},{"@type":"ListItem","position":4,"name":"Rovaniemi"}]},{"@type":"WebSite","@id":"https:\/\/paliskunnat.fi\/poro\/#website","url":"https:\/\/paliskunnat.fi\/poro\/","name":"Poro ja poronhoito","description":"Poro ja poronhoito Suomessa","potentialAction":[{"@type":"SearchAction","target":{"@type":"EntryPoint","urlTemplate":"https:\/\/paliskunnat.fi\/poro\/?s={search_term_string}"},"query-input":{"@type":"PropertyValueSpecification","valueRequired":true,"valueName":"search_term_string"}}],"inLanguage":"fi"}]}},"_links":{"self":[{"href":"https:\/\/paliskunnat.fi\/poro\/wp-json\/wp\/v2\/pages\/2940","targetHints":{"allow":["GET"]}}],"collection":[{"href":"https:\/\/paliskunnat.fi\/poro\/wp-json\/wp\/v2\/pages"}],"about":[{"href":"https:\/\/paliskunnat.fi\/poro\/wp-json\/wp\/v2\/types\/page"}],"author":[{"embeddable":true,"href":"https:\/\/paliskunnat.fi\/poro\/wp-json\/wp\/v2\/users\/1"}],"replies":[{"embeddable":true,"href":"https:\/\/paliskunnat.fi\/poro\/wp-json\/wp\/v2\/comments?post=2940"}],"version-history":[{"count":39,"href":"https:\/\/paliskunnat.fi\/poro\/wp-json\/wp\/v2\/pages\/2940\/revisions"}],"predecessor-version":[{"id":3632,"href":"https:\/\/paliskunnat.fi\/poro\/wp-json\/wp\/v2\/pages\/2940\/revisions\/3632"}],"up":[{"embeddable":true,"href":"https:\/\/paliskunnat.fi\/poro\/wp-json\/wp\/v2\/pages\/722"}],"wp:attachment":[{"href":"https:\/\/paliskunnat.fi\/poro\/wp-json\/wp\/v2\/media?parent=2940"}],"curies":[{"name":"wp","href":"https:\/\/api.w.org\/{rel}","templated":true}]}}