{"id":2982,"date":"2015-04-29T21:21:07","date_gmt":"2015-04-29T18:21:07","guid":{"rendered":"http:\/\/80.69.171.23\/poro\/?page_id=2982"},"modified":"2015-05-08T14:42:06","modified_gmt":"2015-05-08T11:42:06","slug":"petteri-punakuono","status":"publish","type":"page","link":"https:\/\/paliskunnat.fi\/poro\/poro\/usein-kysyttya\/petteri-punakuono\/","title":{"rendered":"Petteri Punakuono"},"content":{"rendered":"<h2>Onko Petteri Punakuono tytt\u00f6?<\/h2>\n<p>Urosporot eli hirvaat pudottavat sarvensa syksyll\u00e4, kiima-ajan p\u00e4\u00e4tytty\u00e4. Joulupukin poroilla on kuitenkin sarvet! T\u00e4st\u00e4 on virinnyt ep\u00e4ilys, ett\u00e4 Joulupukin porot, Petteri Punakuono etunen\u00e4ss\u00e4, olisivat sittenkin tytt\u00f6poroja.<\/p>\n<p>Ei, Petteri on kyll\u00e4 poika. Kuohitut urosporot, eli h\u00e4rj\u00e4t, pudottavat sarvensa naarasporojen tapaan vasta kev\u00e4\u00e4ll\u00e4. Matkailuk\u00e4yt\u00f6ss\u00e4 olevat ajoporot ovat l\u00e4hes poikkeuksetta t\u00e4llaisia kuohittuja urosporoja. Siksi niill\u00e4 on kruununaan komeat sarvet pitk\u00e4lle kev\u00e4\u00e4seen saakka.<\/p>\n","protected":false},"excerpt":{"rendered":"<p>Onko Petteri Punakuono tytt\u00f6? Urosporot eli hirvaat pudottavat sarvensa syksyll\u00e4, kiima-ajan p\u00e4\u00e4tytty\u00e4. Joulupukin poroilla on kuitenkin sarvet! T\u00e4st\u00e4 on virinnyt ep\u00e4ilys, ett\u00e4 Joulupukin porot, Petteri Punakuono etunen\u00e4ss\u00e4, olisivat sittenkin tytt\u00f6poroja. Ei, Petteri on kyll\u00e4 poika. Kuohitut urosporot, eli h\u00e4rj\u00e4t, pudottavat sarvensa naarasporojen tapaan vasta kev\u00e4\u00e4ll\u00e4. Matkailuk\u00e4yt\u00f6ss\u00e4 olevat ajoporot ovat l\u00e4hes poikkeuksetta t\u00e4llaisia kuohittuja urosporoja. Siksi [&hellip;]<\/p>\n","protected":false},"author":1,"featured_media":0,"parent":108,"menu_order":6,"comment_status":"open","ping_status":"closed","template":"","meta":{"footnotes":""},"class_list":["post-2982","page","type-page","status-publish","hentry"],"yoast_head":"<!-- This site is optimized with the Yoast SEO plugin v27.2 - https:\/\/yoast.com\/product\/yoast-seo-wordpress\/ -->\n<title>Petteri Punakuono - Poro ja poronhoito<\/title>\n<meta name=\"robots\" content=\"index, follow, max-snippet:-1, max-image-preview:large, max-video-preview:-1\" \/>\n<link rel=\"canonical\" href=\"https:\/\/paliskunnat.fi\/poro\/poro\/usein-kysyttya\/petteri-punakuono\/\" \/>\n<meta property=\"og:locale\" content=\"fi_FI\" \/>\n<meta property=\"og:type\" content=\"article\" \/>\n<meta property=\"og:title\" content=\"Petteri Punakuono - Poro ja poronhoito\" \/>\n<meta property=\"og:description\" content=\"Onko Petteri Punakuono tytt\u00f6? Urosporot eli hirvaat pudottavat sarvensa syksyll\u00e4, kiima-ajan p\u00e4\u00e4tytty\u00e4. Joulupukin poroilla on kuitenkin sarvet! T\u00e4st\u00e4 on virinnyt ep\u00e4ilys, ett\u00e4 Joulupukin porot, Petteri Punakuono etunen\u00e4ss\u00e4, olisivat sittenkin tytt\u00f6poroja. Ei, Petteri on kyll\u00e4 poika. Kuohitut urosporot, eli h\u00e4rj\u00e4t, pudottavat sarvensa naarasporojen tapaan vasta kev\u00e4\u00e4ll\u00e4. Matkailuk\u00e4yt\u00f6ss\u00e4 olevat ajoporot ovat l\u00e4hes poikkeuksetta t\u00e4llaisia kuohittuja urosporoja. Siksi [&hellip;]\" \/>\n<meta property=\"og:url\" content=\"https:\/\/paliskunnat.fi\/poro\/poro\/usein-kysyttya\/petteri-punakuono\/\" \/>\n<meta property=\"og:site_name\" content=\"Poro ja poronhoito\" \/>\n<meta property=\"article:modified_time\" content=\"2015-05-08T11:42:06+00:00\" \/>\n<meta name=\"twitter:card\" content=\"summary_large_image\" \/>\n<script type=\"application\/ld+json\" class=\"yoast-schema-graph\">{\"@context\":\"https:\/\/schema.org\",\"@graph\":[{\"@type\":\"WebPage\",\"@id\":\"https:\/\/paliskunnat.fi\/poro\/poro\/usein-kysyttya\/petteri-punakuono\/\",\"url\":\"https:\/\/paliskunnat.fi\/poro\/poro\/usein-kysyttya\/petteri-punakuono\/\",\"name\":\"Petteri Punakuono - Poro ja poronhoito\",\"isPartOf\":{\"@id\":\"https:\/\/paliskunnat.fi\/poro\/#website\"},\"datePublished\":\"2015-04-29T18:21:07+00:00\",\"dateModified\":\"2015-05-08T11:42:06+00:00\",\"breadcrumb\":{\"@id\":\"https:\/\/paliskunnat.fi\/poro\/poro\/usein-kysyttya\/petteri-punakuono\/#breadcrumb\"},\"inLanguage\":\"fi\",\"potentialAction\":[{\"@type\":\"ReadAction\",\"target\":[\"https:\/\/paliskunnat.fi\/poro\/poro\/usein-kysyttya\/petteri-punakuono\/\"]}]},{\"@type\":\"BreadcrumbList\",\"@id\":\"https:\/\/paliskunnat.fi\/poro\/poro\/usein-kysyttya\/petteri-punakuono\/#breadcrumb\",\"itemListElement\":[{\"@type\":\"ListItem\",\"position\":1,\"name\":\"Home\",\"item\":\"https:\/\/paliskunnat.fi\/poro\/\"},{\"@type\":\"ListItem\",\"position\":2,\"name\":\"Poro\",\"item\":\"https:\/\/paliskunnat.fi\/poro\/poro\/\"},{\"@type\":\"ListItem\",\"position\":3,\"name\":\"Usein kysytty\u00e4\",\"item\":\"https:\/\/paliskunnat.fi\/poro\/poro\/usein-kysyttya\/\"},{\"@type\":\"ListItem\",\"position\":4,\"name\":\"Petteri Punakuono\"}]},{\"@type\":\"WebSite\",\"@id\":\"https:\/\/paliskunnat.fi\/poro\/#website\",\"url\":\"https:\/\/paliskunnat.fi\/poro\/\",\"name\":\"Poro ja poronhoito\",\"description\":\"Poro ja poronhoito Suomessa\",\"potentialAction\":[{\"@type\":\"SearchAction\",\"target\":{\"@type\":\"EntryPoint\",\"urlTemplate\":\"https:\/\/paliskunnat.fi\/poro\/?s={search_term_string}\"},\"query-input\":{\"@type\":\"PropertyValueSpecification\",\"valueRequired\":true,\"valueName\":\"search_term_string\"}}],\"inLanguage\":\"fi\"}]}<\/script>\n<!-- \/ Yoast SEO plugin. -->","yoast_head_json":{"title":"Petteri Punakuono - Poro ja poronhoito","robots":{"index":"index","follow":"follow","max-snippet":"max-snippet:-1","max-image-preview":"max-image-preview:large","max-video-preview":"max-video-preview:-1"},"canonical":"https:\/\/paliskunnat.fi\/poro\/poro\/usein-kysyttya\/petteri-punakuono\/","og_locale":"fi_FI","og_type":"article","og_title":"Petteri Punakuono - Poro ja poronhoito","og_description":"Onko Petteri Punakuono tytt\u00f6? Urosporot eli hirvaat pudottavat sarvensa syksyll\u00e4, kiima-ajan p\u00e4\u00e4tytty\u00e4. Joulupukin poroilla on kuitenkin sarvet! T\u00e4st\u00e4 on virinnyt ep\u00e4ilys, ett\u00e4 Joulupukin porot, Petteri Punakuono etunen\u00e4ss\u00e4, olisivat sittenkin tytt\u00f6poroja. Ei, Petteri on kyll\u00e4 poika. Kuohitut urosporot, eli h\u00e4rj\u00e4t, pudottavat sarvensa naarasporojen tapaan vasta kev\u00e4\u00e4ll\u00e4. Matkailuk\u00e4yt\u00f6ss\u00e4 olevat ajoporot ovat l\u00e4hes poikkeuksetta t\u00e4llaisia kuohittuja urosporoja. Siksi [&hellip;]","og_url":"https:\/\/paliskunnat.fi\/poro\/poro\/usein-kysyttya\/petteri-punakuono\/","og_site_name":"Poro ja poronhoito","article_modified_time":"2015-05-08T11:42:06+00:00","twitter_card":"summary_large_image","schema":{"@context":"https:\/\/schema.org","@graph":[{"@type":"WebPage","@id":"https:\/\/paliskunnat.fi\/poro\/poro\/usein-kysyttya\/petteri-punakuono\/","url":"https:\/\/paliskunnat.fi\/poro\/poro\/usein-kysyttya\/petteri-punakuono\/","name":"Petteri Punakuono - Poro ja poronhoito","isPartOf":{"@id":"https:\/\/paliskunnat.fi\/poro\/#website"},"datePublished":"2015-04-29T18:21:07+00:00","dateModified":"2015-05-08T11:42:06+00:00","breadcrumb":{"@id":"https:\/\/paliskunnat.fi\/poro\/poro\/usein-kysyttya\/petteri-punakuono\/#breadcrumb"},"inLanguage":"fi","potentialAction":[{"@type":"ReadAction","target":["https:\/\/paliskunnat.fi\/poro\/poro\/usein-kysyttya\/petteri-punakuono\/"]}]},{"@type":"BreadcrumbList","@id":"https:\/\/paliskunnat.fi\/poro\/poro\/usein-kysyttya\/petteri-punakuono\/#breadcrumb","itemListElement":[{"@type":"ListItem","position":1,"name":"Home","item":"https:\/\/paliskunnat.fi\/poro\/"},{"@type":"ListItem","position":2,"name":"Poro","item":"https:\/\/paliskunnat.fi\/poro\/poro\/"},{"@type":"ListItem","position":3,"name":"Usein kysytty\u00e4","item":"https:\/\/paliskunnat.fi\/poro\/poro\/usein-kysyttya\/"},{"@type":"ListItem","position":4,"name":"Petteri Punakuono"}]},{"@type":"WebSite","@id":"https:\/\/paliskunnat.fi\/poro\/#website","url":"https:\/\/paliskunnat.fi\/poro\/","name":"Poro ja poronhoito","description":"Poro ja poronhoito Suomessa","potentialAction":[{"@type":"SearchAction","target":{"@type":"EntryPoint","urlTemplate":"https:\/\/paliskunnat.fi\/poro\/?s={search_term_string}"},"query-input":{"@type":"PropertyValueSpecification","valueRequired":true,"valueName":"search_term_string"}}],"inLanguage":"fi"}]}},"_links":{"self":[{"href":"https:\/\/paliskunnat.fi\/poro\/wp-json\/wp\/v2\/pages\/2982","targetHints":{"allow":["GET"]}}],"collection":[{"href":"https:\/\/paliskunnat.fi\/poro\/wp-json\/wp\/v2\/pages"}],"about":[{"href":"https:\/\/paliskunnat.fi\/poro\/wp-json\/wp\/v2\/types\/page"}],"author":[{"embeddable":true,"href":"https:\/\/paliskunnat.fi\/poro\/wp-json\/wp\/v2\/users\/1"}],"replies":[{"embeddable":true,"href":"https:\/\/paliskunnat.fi\/poro\/wp-json\/wp\/v2\/comments?post=2982"}],"version-history":[{"count":3,"href":"https:\/\/paliskunnat.fi\/poro\/wp-json\/wp\/v2\/pages\/2982\/revisions"}],"predecessor-version":[{"id":3075,"href":"https:\/\/paliskunnat.fi\/poro\/wp-json\/wp\/v2\/pages\/2982\/revisions\/3075"}],"up":[{"embeddable":true,"href":"https:\/\/paliskunnat.fi\/poro\/wp-json\/wp\/v2\/pages\/108"}],"wp:attachment":[{"href":"https:\/\/paliskunnat.fi\/poro\/wp-json\/wp\/v2\/media?parent=2982"}],"curies":[{"name":"wp","href":"https:\/\/api.w.org\/{rel}","templated":true}]}}