{"id":352,"date":"2014-09-06T20:08:14","date_gmt":"2014-09-06T17:08:14","guid":{"rendered":"http:\/\/80.69.171.23\/poro\/?page_id=352"},"modified":"2017-03-25T23:09:49","modified_gmt":"2017-03-25T21:09:49","slug":"poroaidat","status":"publish","type":"page","link":"https:\/\/paliskunnat.fi\/poro\/poronhoito\/menetelmia\/poroaidat\/","title":{"rendered":"Poroaidat"},"content":{"rendered":"<h2>Poroaidat<\/h2>\n<p>Poronhoidossa\u00a0k\u00e4ytett\u00e4v\u00e4t poroaidat ovat poronhoitokulttuurin n\u00e4kyvin ja helpoimmin tunnistettava osa. Raja-aitoja on sek\u00e4 <a href=\"https:\/\/paliskunnat.fi\/py\/organisaatio\/rajaporoaidat\/\">valtakunnan rajoilla<\/a>\u00a0ett\u00e4 paliskuntien v\u00e4lill\u00e4 ja niiden teht\u00e4v\u00e4n\u00e4 rajoittaa porojen liikkumista v\u00e4\u00e4rille alueille. Paliskuntien sis\u00e4ll\u00e4 on muun muassa erotusaitoja ja laidunkiertoaitoja.<\/p>\n<p>Poroaidat voivat olla pysyvi\u00e4 tai tilap\u00e4isi\u00e4. Erotusaidan osia ovat siula, sy\u00f6tt\u00f6aita, kaarre, kirnu ja konttorit. Siulat ovat pitki\u00e4 johdinaitoja, joiden avulla porot ohjataan sy\u00f6tt\u00f6aitaan ja sen kautta edelleen kaarteeseen ja kaarteesta kirnuun. Kirnussa porot k\u00e4sitell\u00e4\u00e4n, eloporot vedet\u00e4\u00e4n takaisin vapauteen ja teurasporot konttoreihin. Teurastukset toteutetaan erotuksen j\u00e4lkeen.<\/p>\n<p><a href=\"https:\/\/paliskunnat.fi\/poro\/wp-content\/uploads\/2014\/09\/sallivaaran_erotusaita_2014b.png\" rel=\"lightbox[352]\"><img loading=\"lazy\" decoding=\"async\" class=\"alignnone wp-image-2417\" src=\"https:\/\/paliskunnat.fi\/poro\/wp-content\/uploads\/2014\/09\/sallivaaran_erotusaita_2014b.png\" alt=\"Sallivaaran vanha poroaita\" width=\"460\" height=\"310\" srcset=\"https:\/\/paliskunnat.fi\/poro\/wp-content\/uploads\/2014\/09\/sallivaaran_erotusaita_2014b.png 1000w, https:\/\/paliskunnat.fi\/poro\/wp-content\/uploads\/2014\/09\/sallivaaran_erotusaita_2014b-300x202.png 300w\" sizes=\"auto, (max-width: 460px) 100vw, 460px\" \/><\/a><\/p>\n<p>Poroaitojen nimityksiss\u00e4 ja rakenteissa on maantieteellisi\u00e4 eroja. <em>Kaarre<\/em>-sana on ollut k\u00e4yt\u00f6ss\u00e4 1930-luvulla Enonteki\u00f6n, Muonion, Kolarin, Turtolan, Kittil\u00e4n, Inarin, Sodankyl\u00e4n, Savukosken ja Kemij\u00e4rven alueella.\u00a0Etel\u00e4isell\u00e4 poronhoitoalueella poroaitoja on kutsuttu <em>poropelloiksi<\/em>. Avoimia niittyj\u00e4 tai peltoja on ollut helppo k\u00e4ytt\u00e4\u00e4 apuna porojen kokoamisessa. Porojen luontaisen lannoituksen seurauksena poroaitaan on kertynyt ravinteita ja alue on heinittynyt. Poropeltoja on aikoinaan k\u00e4ytetty my\u00f6s viljelysmaina (Kortesalmi 2008).<\/p>\n<p>&nbsp;<\/p>\n<p>&nbsp;<\/p>\n<p><!--more--><\/p>\n<h2>Poroaidat<\/h2>\n<p><a href=\"http:\/\/www.rky.fi\/read\/asp\/r_kohde_det.aspx?KOHDE_ID=2130\" class=\"external external_icon\" rel=\"nofollow\">Museovirasto poroerotuspaikat ja -aidat<\/a><\/p>\n<h2>Kilpajuoksua kuuraa vastaan<\/h2>\n<p>Talvi avotunturissa on ankara. Aitapylv\u00e4isiin kertyy huurretta ja tuulen kinostama tykky voi kaataa koko aidan. Aitamiesten ratkaisu ongelmaan (<a href=\"https:\/\/www.youtube.com\/watch?v=lUNrOKJPTWw\" class=\"external external_icon\" rel=\"nofollow\">Youtube<\/a>). &#8211; Julkaistu 1\/2014.<\/p>\n","protected":false},"excerpt":{"rendered":"<p>Poroaidat Poronhoidossa\u00a0k\u00e4ytett\u00e4v\u00e4t poroaidat ovat poronhoitokulttuurin n\u00e4kyvin ja helpoimmin tunnistettava osa. Raja-aitoja on sek\u00e4 valtakunnan rajoilla\u00a0ett\u00e4 paliskuntien v\u00e4lill\u00e4 ja niiden teht\u00e4v\u00e4n\u00e4 rajoittaa porojen liikkumista v\u00e4\u00e4rille alueille. Paliskuntien sis\u00e4ll\u00e4 on muun muassa erotusaitoja ja laidunkiertoaitoja. Poroaidat voivat olla pysyvi\u00e4 tai tilap\u00e4isi\u00e4. Erotusaidan osia ovat siula, sy\u00f6tt\u00f6aita, kaarre, kirnu ja konttorit. Siulat ovat pitki\u00e4 johdinaitoja, joiden avulla porot [&hellip;]<\/p>\n","protected":false},"author":1,"featured_media":0,"parent":2325,"menu_order":2,"comment_status":"open","ping_status":"closed","template":"","meta":{"footnotes":""},"class_list":["post-352","page","type-page","status-publish","hentry"],"yoast_head":"<!-- This site is optimized with the Yoast SEO plugin v27.2 - https:\/\/yoast.com\/product\/yoast-seo-wordpress\/ -->\n<title>Poroaidat - Poro ja poronhoito<\/title>\n<meta name=\"robots\" content=\"index, follow, max-snippet:-1, max-image-preview:large, max-video-preview:-1\" \/>\n<link rel=\"canonical\" href=\"https:\/\/paliskunnat.fi\/poro\/poronhoito\/menetelmia\/poroaidat\/\" \/>\n<meta property=\"og:locale\" content=\"fi_FI\" \/>\n<meta property=\"og:type\" content=\"article\" \/>\n<meta property=\"og:title\" content=\"Poroaidat - Poro ja poronhoito\" \/>\n<meta property=\"og:description\" content=\"Poroaidat Poronhoidossa\u00a0k\u00e4ytett\u00e4v\u00e4t poroaidat ovat poronhoitokulttuurin n\u00e4kyvin ja helpoimmin tunnistettava osa. Raja-aitoja on sek\u00e4 valtakunnan rajoilla\u00a0ett\u00e4 paliskuntien v\u00e4lill\u00e4 ja niiden teht\u00e4v\u00e4n\u00e4 rajoittaa porojen liikkumista v\u00e4\u00e4rille alueille. Paliskuntien sis\u00e4ll\u00e4 on muun muassa erotusaitoja ja laidunkiertoaitoja. Poroaidat voivat olla pysyvi\u00e4 tai tilap\u00e4isi\u00e4. Erotusaidan osia ovat siula, sy\u00f6tt\u00f6aita, kaarre, kirnu ja konttorit. Siulat ovat pitki\u00e4 johdinaitoja, joiden avulla porot [&hellip;]\" \/>\n<meta property=\"og:url\" content=\"https:\/\/paliskunnat.fi\/poro\/poronhoito\/menetelmia\/poroaidat\/\" \/>\n<meta property=\"og:site_name\" content=\"Poro ja poronhoito\" \/>\n<meta property=\"article:modified_time\" content=\"2017-03-25T21:09:49+00:00\" \/>\n<meta property=\"og:image\" content=\"https:\/\/paliskunnat.fi\/poro\/wp-content\/uploads\/2014\/09\/sallivaaran_erotusaita_2014b.png\" \/>\n<meta name=\"twitter:card\" content=\"summary_large_image\" \/>\n<meta name=\"twitter:label1\" content=\"Arvioitu lukuaika\" \/>\n\t<meta name=\"twitter:data1\" content=\"1 minuutti\" \/>\n<script type=\"application\/ld+json\" class=\"yoast-schema-graph\">{\"@context\":\"https:\/\/schema.org\",\"@graph\":[{\"@type\":\"WebPage\",\"@id\":\"https:\/\/paliskunnat.fi\/poro\/poronhoito\/menetelmia\/poroaidat\/\",\"url\":\"https:\/\/paliskunnat.fi\/poro\/poronhoito\/menetelmia\/poroaidat\/\",\"name\":\"Poroaidat - Poro ja poronhoito\",\"isPartOf\":{\"@id\":\"https:\/\/paliskunnat.fi\/poro\/#website\"},\"primaryImageOfPage\":{\"@id\":\"https:\/\/paliskunnat.fi\/poro\/poronhoito\/menetelmia\/poroaidat\/#primaryimage\"},\"image\":{\"@id\":\"https:\/\/paliskunnat.fi\/poro\/poronhoito\/menetelmia\/poroaidat\/#primaryimage\"},\"thumbnailUrl\":\"https:\/\/paliskunnat.fi\/poro\/wp-content\/uploads\/2014\/09\/sallivaaran_erotusaita_2014b.png\",\"datePublished\":\"2014-09-06T17:08:14+00:00\",\"dateModified\":\"2017-03-25T21:09:49+00:00\",\"breadcrumb\":{\"@id\":\"https:\/\/paliskunnat.fi\/poro\/poronhoito\/menetelmia\/poroaidat\/#breadcrumb\"},\"inLanguage\":\"fi\",\"potentialAction\":[{\"@type\":\"ReadAction\",\"target\":[\"https:\/\/paliskunnat.fi\/poro\/poronhoito\/menetelmia\/poroaidat\/\"]}]},{\"@type\":\"ImageObject\",\"inLanguage\":\"fi\",\"@id\":\"https:\/\/paliskunnat.fi\/poro\/poronhoito\/menetelmia\/poroaidat\/#primaryimage\",\"url\":\"https:\/\/paliskunnat.fi\/poro\/wp-content\/uploads\/2014\/09\/sallivaaran_erotusaita_2014b.png\",\"contentUrl\":\"https:\/\/paliskunnat.fi\/poro\/wp-content\/uploads\/2014\/09\/sallivaaran_erotusaita_2014b.png\",\"width\":1000,\"height\":673},{\"@type\":\"BreadcrumbList\",\"@id\":\"https:\/\/paliskunnat.fi\/poro\/poronhoito\/menetelmia\/poroaidat\/#breadcrumb\",\"itemListElement\":[{\"@type\":\"ListItem\",\"position\":1,\"name\":\"Home\",\"item\":\"https:\/\/paliskunnat.fi\/poro\/\"},{\"@type\":\"ListItem\",\"position\":2,\"name\":\"Poronhoito\",\"item\":\"https:\/\/paliskunnat.fi\/poro\/poronhoito\/\"},{\"@type\":\"ListItem\",\"position\":3,\"name\":\"Menetelmi\u00e4\",\"item\":\"https:\/\/paliskunnat.fi\/poro\/poronhoito\/menetelmia\/\"},{\"@type\":\"ListItem\",\"position\":4,\"name\":\"Poroaidat\"}]},{\"@type\":\"WebSite\",\"@id\":\"https:\/\/paliskunnat.fi\/poro\/#website\",\"url\":\"https:\/\/paliskunnat.fi\/poro\/\",\"name\":\"Poro ja poronhoito\",\"description\":\"Poro ja poronhoito Suomessa\",\"potentialAction\":[{\"@type\":\"SearchAction\",\"target\":{\"@type\":\"EntryPoint\",\"urlTemplate\":\"https:\/\/paliskunnat.fi\/poro\/?s={search_term_string}\"},\"query-input\":{\"@type\":\"PropertyValueSpecification\",\"valueRequired\":true,\"valueName\":\"search_term_string\"}}],\"inLanguage\":\"fi\"}]}<\/script>\n<!-- \/ Yoast SEO plugin. -->","yoast_head_json":{"title":"Poroaidat - Poro ja poronhoito","robots":{"index":"index","follow":"follow","max-snippet":"max-snippet:-1","max-image-preview":"max-image-preview:large","max-video-preview":"max-video-preview:-1"},"canonical":"https:\/\/paliskunnat.fi\/poro\/poronhoito\/menetelmia\/poroaidat\/","og_locale":"fi_FI","og_type":"article","og_title":"Poroaidat - Poro ja poronhoito","og_description":"Poroaidat Poronhoidossa\u00a0k\u00e4ytett\u00e4v\u00e4t poroaidat ovat poronhoitokulttuurin n\u00e4kyvin ja helpoimmin tunnistettava osa. Raja-aitoja on sek\u00e4 valtakunnan rajoilla\u00a0ett\u00e4 paliskuntien v\u00e4lill\u00e4 ja niiden teht\u00e4v\u00e4n\u00e4 rajoittaa porojen liikkumista v\u00e4\u00e4rille alueille. Paliskuntien sis\u00e4ll\u00e4 on muun muassa erotusaitoja ja laidunkiertoaitoja. Poroaidat voivat olla pysyvi\u00e4 tai tilap\u00e4isi\u00e4. Erotusaidan osia ovat siula, sy\u00f6tt\u00f6aita, kaarre, kirnu ja konttorit. Siulat ovat pitki\u00e4 johdinaitoja, joiden avulla porot [&hellip;]","og_url":"https:\/\/paliskunnat.fi\/poro\/poronhoito\/menetelmia\/poroaidat\/","og_site_name":"Poro ja poronhoito","article_modified_time":"2017-03-25T21:09:49+00:00","og_image":[{"url":"https:\/\/paliskunnat.fi\/poro\/wp-content\/uploads\/2014\/09\/sallivaaran_erotusaita_2014b.png","type":"","width":"","height":""}],"twitter_card":"summary_large_image","twitter_misc":{"Arvioitu lukuaika":"1 minuutti"},"schema":{"@context":"https:\/\/schema.org","@graph":[{"@type":"WebPage","@id":"https:\/\/paliskunnat.fi\/poro\/poronhoito\/menetelmia\/poroaidat\/","url":"https:\/\/paliskunnat.fi\/poro\/poronhoito\/menetelmia\/poroaidat\/","name":"Poroaidat - Poro ja poronhoito","isPartOf":{"@id":"https:\/\/paliskunnat.fi\/poro\/#website"},"primaryImageOfPage":{"@id":"https:\/\/paliskunnat.fi\/poro\/poronhoito\/menetelmia\/poroaidat\/#primaryimage"},"image":{"@id":"https:\/\/paliskunnat.fi\/poro\/poronhoito\/menetelmia\/poroaidat\/#primaryimage"},"thumbnailUrl":"https:\/\/paliskunnat.fi\/poro\/wp-content\/uploads\/2014\/09\/sallivaaran_erotusaita_2014b.png","datePublished":"2014-09-06T17:08:14+00:00","dateModified":"2017-03-25T21:09:49+00:00","breadcrumb":{"@id":"https:\/\/paliskunnat.fi\/poro\/poronhoito\/menetelmia\/poroaidat\/#breadcrumb"},"inLanguage":"fi","potentialAction":[{"@type":"ReadAction","target":["https:\/\/paliskunnat.fi\/poro\/poronhoito\/menetelmia\/poroaidat\/"]}]},{"@type":"ImageObject","inLanguage":"fi","@id":"https:\/\/paliskunnat.fi\/poro\/poronhoito\/menetelmia\/poroaidat\/#primaryimage","url":"https:\/\/paliskunnat.fi\/poro\/wp-content\/uploads\/2014\/09\/sallivaaran_erotusaita_2014b.png","contentUrl":"https:\/\/paliskunnat.fi\/poro\/wp-content\/uploads\/2014\/09\/sallivaaran_erotusaita_2014b.png","width":1000,"height":673},{"@type":"BreadcrumbList","@id":"https:\/\/paliskunnat.fi\/poro\/poronhoito\/menetelmia\/poroaidat\/#breadcrumb","itemListElement":[{"@type":"ListItem","position":1,"name":"Home","item":"https:\/\/paliskunnat.fi\/poro\/"},{"@type":"ListItem","position":2,"name":"Poronhoito","item":"https:\/\/paliskunnat.fi\/poro\/poronhoito\/"},{"@type":"ListItem","position":3,"name":"Menetelmi\u00e4","item":"https:\/\/paliskunnat.fi\/poro\/poronhoito\/menetelmia\/"},{"@type":"ListItem","position":4,"name":"Poroaidat"}]},{"@type":"WebSite","@id":"https:\/\/paliskunnat.fi\/poro\/#website","url":"https:\/\/paliskunnat.fi\/poro\/","name":"Poro ja poronhoito","description":"Poro ja poronhoito Suomessa","potentialAction":[{"@type":"SearchAction","target":{"@type":"EntryPoint","urlTemplate":"https:\/\/paliskunnat.fi\/poro\/?s={search_term_string}"},"query-input":{"@type":"PropertyValueSpecification","valueRequired":true,"valueName":"search_term_string"}}],"inLanguage":"fi"}]}},"_links":{"self":[{"href":"https:\/\/paliskunnat.fi\/poro\/wp-json\/wp\/v2\/pages\/352","targetHints":{"allow":["GET"]}}],"collection":[{"href":"https:\/\/paliskunnat.fi\/poro\/wp-json\/wp\/v2\/pages"}],"about":[{"href":"https:\/\/paliskunnat.fi\/poro\/wp-json\/wp\/v2\/types\/page"}],"author":[{"embeddable":true,"href":"https:\/\/paliskunnat.fi\/poro\/wp-json\/wp\/v2\/users\/1"}],"replies":[{"embeddable":true,"href":"https:\/\/paliskunnat.fi\/poro\/wp-json\/wp\/v2\/comments?post=352"}],"version-history":[{"count":59,"href":"https:\/\/paliskunnat.fi\/poro\/wp-json\/wp\/v2\/pages\/352\/revisions"}],"predecessor-version":[{"id":3749,"href":"https:\/\/paliskunnat.fi\/poro\/wp-json\/wp\/v2\/pages\/352\/revisions\/3749"}],"up":[{"embeddable":true,"href":"https:\/\/paliskunnat.fi\/poro\/wp-json\/wp\/v2\/pages\/2325"}],"wp:attachment":[{"href":"https:\/\/paliskunnat.fi\/poro\/wp-json\/wp\/v2\/media?parent=352"}],"curies":[{"name":"wp","href":"https:\/\/api.w.org\/{rel}","templated":true}]}}