{"id":3954,"date":"2018-06-11T06:42:54","date_gmt":"2018-06-11T03:42:54","guid":{"rendered":"https:\/\/paliskunnat.fi\/poro\/?page_id=3954"},"modified":"2020-11-19T12:03:49","modified_gmt":"2020-11-19T10:03:49","slug":"evasteet","status":"publish","type":"page","link":"https:\/\/paliskunnat.fi\/poro\/evasteet\/","title":{"rendered":"Ev\u00e4steet"},"content":{"rendered":"<h2>Ev\u00e4stek\u00e4yt\u00e4nn\u00f6t<\/h2>\n<p>Verkkopalvelumme k\u00e4ytt\u00e4\u00e4 Google Analytics -palvelua mittaamaan verkkopalvelumme k\u00e4ytt\u00f6\u00e4. Google Analytics voi asentaa ev\u00e4steit\u00e4 k\u00e4ytt\u00e4j\u00e4n laitteelle ker\u00e4t\u00e4kseen tietoja esimerkiksi sivustojen k\u00e4vij\u00e4m\u00e4\u00e4rist\u00e4. Lis\u00e4tietoja Google Analytics -ehdoista voi <a href=\"https:\/\/policies.google.com\/technologies\/partner-sites?hl=fi\" class=\"external external_icon\" rel=\"nofollow\">lukea t\u00e4\u00e4lt\u00e4<\/a>.<\/p>\n","protected":false},"excerpt":{"rendered":"<p>Ev\u00e4stek\u00e4yt\u00e4nn\u00f6t Verkkopalvelumme k\u00e4ytt\u00e4\u00e4 Google Analytics -palvelua mittaamaan verkkopalvelumme k\u00e4ytt\u00f6\u00e4. Google Analytics voi asentaa ev\u00e4steit\u00e4 k\u00e4ytt\u00e4j\u00e4n laitteelle ker\u00e4t\u00e4kseen tietoja esimerkiksi sivustojen k\u00e4vij\u00e4m\u00e4\u00e4rist\u00e4. Lis\u00e4tietoja Google Analytics -ehdoista voi lukea t\u00e4\u00e4lt\u00e4.<\/p>\n","protected":false},"author":1,"featured_media":0,"parent":0,"menu_order":0,"comment_status":"closed","ping_status":"closed","template":"","meta":{"footnotes":""},"class_list":["post-3954","page","type-page","status-publish","hentry"],"yoast_head":"<!-- This site is optimized with the Yoast SEO plugin v27.2 - https:\/\/yoast.com\/product\/yoast-seo-wordpress\/ -->\n<title>Ev\u00e4steet - Poro ja poronhoito<\/title>\n<meta name=\"robots\" content=\"index, follow, max-snippet:-1, max-image-preview:large, max-video-preview:-1\" \/>\n<link rel=\"canonical\" href=\"https:\/\/paliskunnat.fi\/poro\/evasteet\/\" \/>\n<meta property=\"og:locale\" content=\"fi_FI\" \/>\n<meta property=\"og:type\" content=\"article\" \/>\n<meta property=\"og:title\" content=\"Ev\u00e4steet - Poro ja poronhoito\" \/>\n<meta property=\"og:description\" content=\"Ev\u00e4stek\u00e4yt\u00e4nn\u00f6t Verkkopalvelumme k\u00e4ytt\u00e4\u00e4 Google Analytics -palvelua mittaamaan verkkopalvelumme k\u00e4ytt\u00f6\u00e4. Google Analytics voi asentaa ev\u00e4steit\u00e4 k\u00e4ytt\u00e4j\u00e4n laitteelle ker\u00e4t\u00e4kseen tietoja esimerkiksi sivustojen k\u00e4vij\u00e4m\u00e4\u00e4rist\u00e4. Lis\u00e4tietoja Google Analytics -ehdoista voi lukea t\u00e4\u00e4lt\u00e4.\" \/>\n<meta property=\"og:url\" content=\"https:\/\/paliskunnat.fi\/poro\/evasteet\/\" \/>\n<meta property=\"og:site_name\" content=\"Poro ja poronhoito\" \/>\n<meta property=\"article:modified_time\" content=\"2020-11-19T10:03:49+00:00\" \/>\n<meta name=\"twitter:card\" content=\"summary_large_image\" \/>\n<script type=\"application\/ld+json\" class=\"yoast-schema-graph\">{\"@context\":\"https:\/\/schema.org\",\"@graph\":[{\"@type\":\"WebPage\",\"@id\":\"https:\/\/paliskunnat.fi\/poro\/evasteet\/\",\"url\":\"https:\/\/paliskunnat.fi\/poro\/evasteet\/\",\"name\":\"Ev\u00e4steet - Poro ja poronhoito\",\"isPartOf\":{\"@id\":\"https:\/\/paliskunnat.fi\/poro\/#website\"},\"datePublished\":\"2018-06-11T03:42:54+00:00\",\"dateModified\":\"2020-11-19T10:03:49+00:00\",\"breadcrumb\":{\"@id\":\"https:\/\/paliskunnat.fi\/poro\/evasteet\/#breadcrumb\"},\"inLanguage\":\"fi\",\"potentialAction\":[{\"@type\":\"ReadAction\",\"target\":[\"https:\/\/paliskunnat.fi\/poro\/evasteet\/\"]}]},{\"@type\":\"BreadcrumbList\",\"@id\":\"https:\/\/paliskunnat.fi\/poro\/evasteet\/#breadcrumb\",\"itemListElement\":[{\"@type\":\"ListItem\",\"position\":1,\"name\":\"Home\",\"item\":\"https:\/\/paliskunnat.fi\/poro\/\"},{\"@type\":\"ListItem\",\"position\":2,\"name\":\"Ev\u00e4steet\"}]},{\"@type\":\"WebSite\",\"@id\":\"https:\/\/paliskunnat.fi\/poro\/#website\",\"url\":\"https:\/\/paliskunnat.fi\/poro\/\",\"name\":\"Poro ja poronhoito\",\"description\":\"Poro ja poronhoito Suomessa\",\"potentialAction\":[{\"@type\":\"SearchAction\",\"target\":{\"@type\":\"EntryPoint\",\"urlTemplate\":\"https:\/\/paliskunnat.fi\/poro\/?s={search_term_string}\"},\"query-input\":{\"@type\":\"PropertyValueSpecification\",\"valueRequired\":true,\"valueName\":\"search_term_string\"}}],\"inLanguage\":\"fi\"}]}<\/script>\n<!-- \/ Yoast SEO plugin. -->","yoast_head_json":{"title":"Ev\u00e4steet - Poro ja poronhoito","robots":{"index":"index","follow":"follow","max-snippet":"max-snippet:-1","max-image-preview":"max-image-preview:large","max-video-preview":"max-video-preview:-1"},"canonical":"https:\/\/paliskunnat.fi\/poro\/evasteet\/","og_locale":"fi_FI","og_type":"article","og_title":"Ev\u00e4steet - Poro ja poronhoito","og_description":"Ev\u00e4stek\u00e4yt\u00e4nn\u00f6t Verkkopalvelumme k\u00e4ytt\u00e4\u00e4 Google Analytics -palvelua mittaamaan verkkopalvelumme k\u00e4ytt\u00f6\u00e4. Google Analytics voi asentaa ev\u00e4steit\u00e4 k\u00e4ytt\u00e4j\u00e4n laitteelle ker\u00e4t\u00e4kseen tietoja esimerkiksi sivustojen k\u00e4vij\u00e4m\u00e4\u00e4rist\u00e4. Lis\u00e4tietoja Google Analytics -ehdoista voi lukea t\u00e4\u00e4lt\u00e4.","og_url":"https:\/\/paliskunnat.fi\/poro\/evasteet\/","og_site_name":"Poro ja poronhoito","article_modified_time":"2020-11-19T10:03:49+00:00","twitter_card":"summary_large_image","schema":{"@context":"https:\/\/schema.org","@graph":[{"@type":"WebPage","@id":"https:\/\/paliskunnat.fi\/poro\/evasteet\/","url":"https:\/\/paliskunnat.fi\/poro\/evasteet\/","name":"Ev\u00e4steet - Poro ja poronhoito","isPartOf":{"@id":"https:\/\/paliskunnat.fi\/poro\/#website"},"datePublished":"2018-06-11T03:42:54+00:00","dateModified":"2020-11-19T10:03:49+00:00","breadcrumb":{"@id":"https:\/\/paliskunnat.fi\/poro\/evasteet\/#breadcrumb"},"inLanguage":"fi","potentialAction":[{"@type":"ReadAction","target":["https:\/\/paliskunnat.fi\/poro\/evasteet\/"]}]},{"@type":"BreadcrumbList","@id":"https:\/\/paliskunnat.fi\/poro\/evasteet\/#breadcrumb","itemListElement":[{"@type":"ListItem","position":1,"name":"Home","item":"https:\/\/paliskunnat.fi\/poro\/"},{"@type":"ListItem","position":2,"name":"Ev\u00e4steet"}]},{"@type":"WebSite","@id":"https:\/\/paliskunnat.fi\/poro\/#website","url":"https:\/\/paliskunnat.fi\/poro\/","name":"Poro ja poronhoito","description":"Poro ja poronhoito Suomessa","potentialAction":[{"@type":"SearchAction","target":{"@type":"EntryPoint","urlTemplate":"https:\/\/paliskunnat.fi\/poro\/?s={search_term_string}"},"query-input":{"@type":"PropertyValueSpecification","valueRequired":true,"valueName":"search_term_string"}}],"inLanguage":"fi"}]}},"_links":{"self":[{"href":"https:\/\/paliskunnat.fi\/poro\/wp-json\/wp\/v2\/pages\/3954","targetHints":{"allow":["GET"]}}],"collection":[{"href":"https:\/\/paliskunnat.fi\/poro\/wp-json\/wp\/v2\/pages"}],"about":[{"href":"https:\/\/paliskunnat.fi\/poro\/wp-json\/wp\/v2\/types\/page"}],"author":[{"embeddable":true,"href":"https:\/\/paliskunnat.fi\/poro\/wp-json\/wp\/v2\/users\/1"}],"replies":[{"embeddable":true,"href":"https:\/\/paliskunnat.fi\/poro\/wp-json\/wp\/v2\/comments?post=3954"}],"version-history":[{"count":3,"href":"https:\/\/paliskunnat.fi\/poro\/wp-json\/wp\/v2\/pages\/3954\/revisions"}],"predecessor-version":[{"id":4290,"href":"https:\/\/paliskunnat.fi\/poro\/wp-json\/wp\/v2\/pages\/3954\/revisions\/4290"}],"wp:attachment":[{"href":"https:\/\/paliskunnat.fi\/poro\/wp-json\/wp\/v2\/media?parent=3954"}],"curies":[{"name":"wp","href":"https:\/\/api.w.org\/{rel}","templated":true}]}}