{"id":4230,"date":"2020-03-06T16:32:41","date_gmt":"2020-03-06T14:32:41","guid":{"rendered":"https:\/\/paliskunnat.fi\/poro\/?page_id=4230"},"modified":"2020-03-06T16:58:50","modified_gmt":"2020-03-06T14:58:50","slug":"haaskakuvaus","status":"publish","type":"page","link":"https:\/\/paliskunnat.fi\/poro\/poronhoito\/poronhoidon-haasteet\/haaskakuvaus\/","title":{"rendered":"Haaskakuvaus"},"content":{"rendered":"<h2>Haaskakuvaus muodostaa petotihentymi\u00e4<\/h2>\n<p>Haaskakuvauksessa suurpetoja houkutellaan kuvauspaikoille ruokinnan avulla. Haaskapaikoilla vierailee p\u00e4\u00e4osin karhuja, mutta my\u00f6s ahmat ja sudet k\u00e4yv\u00e4t hakemassa valmiista pitop\u00f6yd\u00e4st\u00e4 ruokaa. Ilves ei ole haaskansy\u00f6j\u00e4, joten sit\u00e4 on vaikea p\u00e4\u00e4st\u00e4 kuvauspaikoilla n\u00e4kem\u00e4\u00e4n.<\/p>\n<p>Pedot tottuvat vierailemaan ruokintapaikoilla ja kuvaaminen sujuu haaskan l\u00e4heisyyteen sijoitettujen kuvauskojujen avulla. Haaskaruokintapaikoille kertyy huomattavia petotihentymi\u00e4, jotka samalla tottuvat ihmisen l\u00e4heisyyteen ja yhdist\u00e4v\u00e4t ihmisen tarjolla olevaan ruokaan.<\/p>\n<p>Petotihentymien \u00e4\u00e4rell\u00e4 porovahinkojen m\u00e4\u00e4r\u00e4t kasvavat ja luonnossa liikkujan on syyt\u00e4 olla varuillaan haaskaruokinta-alueella kulkiessaan. Retkeilij\u00e4n on my\u00f6s vaikea tunnistaa ruokintapaikan muodostamaa mahdollista riski\u00e4, koska ruokintapaikkojen sijainnit eiv\u00e4t ole julkista tietoa.<\/p>\n<p>Tutkimustietoa haaskakuvauksen kaikkien vaikutusten selvitt\u00e4miseksi tarvitaan kipe\u00e4sti.<\/p>\n<p><a href=\"http:\/\/paliskunnat.fi\/poro\/wp-content\/uploads\/2020\/03\/haaskakuvauspaikat-ita-suomi-ruokavirasto-2019.jpg\" rel=\"lightbox[4230]\"><img loading=\"lazy\" decoding=\"async\" class=\"alignnone wp-image-4232\" src=\"http:\/\/paliskunnat.fi\/poro\/wp-content\/uploads\/2020\/03\/haaskakuvauspaikat-ita-suomi-ruokavirasto-2019.jpg\" alt=\"Haaskakuvauspaikat poronhoitoalueella ja sen l\u00e4heisyydess\u00e4 2019. L\u00e4hde: Ruokavirasto.\" width=\"460\" height=\"655\" srcset=\"https:\/\/paliskunnat.fi\/poro\/wp-content\/uploads\/2020\/03\/haaskakuvauspaikat-ita-suomi-ruokavirasto-2019.jpg 632w, https:\/\/paliskunnat.fi\/poro\/wp-content\/uploads\/2020\/03\/haaskakuvauspaikat-ita-suomi-ruokavirasto-2019-211x300.jpg 211w\" sizes=\"auto, (max-width: 460px) 100vw, 460px\" \/><\/a><\/p>\n<p>&nbsp;<\/p>\n<p><!--more--><\/p>\n<h2>Haaskakuvauksen vaikutukset selvitett\u00e4v\u00e4 tutkimuksella<\/h2>\n<p><a href=\"https:\/\/poromieslehti.blogspot.com\/2019\/08\/haaskakuvauspaikkojen-vaikutukset.html\" class=\"external external_icon\" rel=\"nofollow\">Poromies-lehti<\/a> 3\/2019.<\/p>\n","protected":false},"excerpt":{"rendered":"<p>Haaskakuvaus muodostaa petotihentymi\u00e4 Haaskakuvauksessa suurpetoja houkutellaan kuvauspaikoille ruokinnan avulla. Haaskapaikoilla vierailee p\u00e4\u00e4osin karhuja, mutta my\u00f6s ahmat ja sudet k\u00e4yv\u00e4t hakemassa valmiista pitop\u00f6yd\u00e4st\u00e4 ruokaa. Ilves ei ole haaskansy\u00f6j\u00e4, joten sit\u00e4 on vaikea p\u00e4\u00e4st\u00e4 kuvauspaikoilla n\u00e4kem\u00e4\u00e4n. Pedot tottuvat vierailemaan ruokintapaikoilla ja kuvaaminen sujuu haaskan l\u00e4heisyyteen sijoitettujen kuvauskojujen avulla. Haaskaruokintapaikoille kertyy huomattavia petotihentymi\u00e4, jotka samalla tottuvat ihmisen l\u00e4heisyyteen [&hellip;]<\/p>\n","protected":false},"author":1,"featured_media":0,"parent":89,"menu_order":4,"comment_status":"closed","ping_status":"closed","template":"","meta":{"footnotes":""},"class_list":["post-4230","page","type-page","status-publish","hentry"],"yoast_head":"<!-- This site is optimized with the Yoast SEO plugin v27.2 - https:\/\/yoast.com\/product\/yoast-seo-wordpress\/ -->\n<title>Haaskakuvaus - Poro ja poronhoito<\/title>\n<meta name=\"robots\" content=\"index, follow, max-snippet:-1, max-image-preview:large, max-video-preview:-1\" \/>\n<link rel=\"canonical\" href=\"https:\/\/paliskunnat.fi\/poro\/poronhoito\/poronhoidon-haasteet\/haaskakuvaus\/\" \/>\n<meta property=\"og:locale\" content=\"fi_FI\" \/>\n<meta property=\"og:type\" content=\"article\" \/>\n<meta property=\"og:title\" content=\"Haaskakuvaus - Poro ja poronhoito\" \/>\n<meta property=\"og:description\" content=\"Haaskakuvaus muodostaa petotihentymi\u00e4 Haaskakuvauksessa suurpetoja houkutellaan kuvauspaikoille ruokinnan avulla. Haaskapaikoilla vierailee p\u00e4\u00e4osin karhuja, mutta my\u00f6s ahmat ja sudet k\u00e4yv\u00e4t hakemassa valmiista pitop\u00f6yd\u00e4st\u00e4 ruokaa. Ilves ei ole haaskansy\u00f6j\u00e4, joten sit\u00e4 on vaikea p\u00e4\u00e4st\u00e4 kuvauspaikoilla n\u00e4kem\u00e4\u00e4n. Pedot tottuvat vierailemaan ruokintapaikoilla ja kuvaaminen sujuu haaskan l\u00e4heisyyteen sijoitettujen kuvauskojujen avulla. Haaskaruokintapaikoille kertyy huomattavia petotihentymi\u00e4, jotka samalla tottuvat ihmisen l\u00e4heisyyteen [&hellip;]\" \/>\n<meta property=\"og:url\" content=\"https:\/\/paliskunnat.fi\/poro\/poronhoito\/poronhoidon-haasteet\/haaskakuvaus\/\" \/>\n<meta property=\"og:site_name\" content=\"Poro ja poronhoito\" \/>\n<meta property=\"article:modified_time\" content=\"2020-03-06T14:58:50+00:00\" \/>\n<meta property=\"og:image\" content=\"http:\/\/paliskunnat.fi\/poro\/wp-content\/uploads\/2020\/03\/haaskakuvauspaikat-ita-suomi-ruokavirasto-2019.jpg\" \/>\n<meta name=\"twitter:card\" content=\"summary_large_image\" \/>\n<meta name=\"twitter:label1\" content=\"Arvioitu lukuaika\" \/>\n\t<meta name=\"twitter:data1\" content=\"1 minuutti\" \/>\n<script type=\"application\/ld+json\" class=\"yoast-schema-graph\">{\"@context\":\"https:\/\/schema.org\",\"@graph\":[{\"@type\":\"WebPage\",\"@id\":\"https:\/\/paliskunnat.fi\/poro\/poronhoito\/poronhoidon-haasteet\/haaskakuvaus\/\",\"url\":\"https:\/\/paliskunnat.fi\/poro\/poronhoito\/poronhoidon-haasteet\/haaskakuvaus\/\",\"name\":\"Haaskakuvaus - Poro ja poronhoito\",\"isPartOf\":{\"@id\":\"https:\/\/paliskunnat.fi\/poro\/#website\"},\"primaryImageOfPage\":{\"@id\":\"https:\/\/paliskunnat.fi\/poro\/poronhoito\/poronhoidon-haasteet\/haaskakuvaus\/#primaryimage\"},\"image\":{\"@id\":\"https:\/\/paliskunnat.fi\/poro\/poronhoito\/poronhoidon-haasteet\/haaskakuvaus\/#primaryimage\"},\"thumbnailUrl\":\"http:\/\/paliskunnat.fi\/poro\/wp-content\/uploads\/2020\/03\/haaskakuvauspaikat-ita-suomi-ruokavirasto-2019.jpg\",\"datePublished\":\"2020-03-06T14:32:41+00:00\",\"dateModified\":\"2020-03-06T14:58:50+00:00\",\"breadcrumb\":{\"@id\":\"https:\/\/paliskunnat.fi\/poro\/poronhoito\/poronhoidon-haasteet\/haaskakuvaus\/#breadcrumb\"},\"inLanguage\":\"fi\",\"potentialAction\":[{\"@type\":\"ReadAction\",\"target\":[\"https:\/\/paliskunnat.fi\/poro\/poronhoito\/poronhoidon-haasteet\/haaskakuvaus\/\"]}]},{\"@type\":\"ImageObject\",\"inLanguage\":\"fi\",\"@id\":\"https:\/\/paliskunnat.fi\/poro\/poronhoito\/poronhoidon-haasteet\/haaskakuvaus\/#primaryimage\",\"url\":\"http:\/\/paliskunnat.fi\/poro\/wp-content\/uploads\/2020\/03\/haaskakuvauspaikat-ita-suomi-ruokavirasto-2019.jpg\",\"contentUrl\":\"http:\/\/paliskunnat.fi\/poro\/wp-content\/uploads\/2020\/03\/haaskakuvauspaikat-ita-suomi-ruokavirasto-2019.jpg\"},{\"@type\":\"BreadcrumbList\",\"@id\":\"https:\/\/paliskunnat.fi\/poro\/poronhoito\/poronhoidon-haasteet\/haaskakuvaus\/#breadcrumb\",\"itemListElement\":[{\"@type\":\"ListItem\",\"position\":1,\"name\":\"Home\",\"item\":\"https:\/\/paliskunnat.fi\/poro\/\"},{\"@type\":\"ListItem\",\"position\":2,\"name\":\"Poronhoito\",\"item\":\"https:\/\/paliskunnat.fi\/poro\/poronhoito\/\"},{\"@type\":\"ListItem\",\"position\":3,\"name\":\"Poronhoidon haasteet\",\"item\":\"https:\/\/paliskunnat.fi\/poro\/poronhoito\/poronhoidon-haasteet\/\"},{\"@type\":\"ListItem\",\"position\":4,\"name\":\"Haaskakuvaus\"}]},{\"@type\":\"WebSite\",\"@id\":\"https:\/\/paliskunnat.fi\/poro\/#website\",\"url\":\"https:\/\/paliskunnat.fi\/poro\/\",\"name\":\"Poro ja poronhoito\",\"description\":\"Poro ja poronhoito Suomessa\",\"potentialAction\":[{\"@type\":\"SearchAction\",\"target\":{\"@type\":\"EntryPoint\",\"urlTemplate\":\"https:\/\/paliskunnat.fi\/poro\/?s={search_term_string}\"},\"query-input\":{\"@type\":\"PropertyValueSpecification\",\"valueRequired\":true,\"valueName\":\"search_term_string\"}}],\"inLanguage\":\"fi\"}]}<\/script>\n<!-- \/ Yoast SEO plugin. -->","yoast_head_json":{"title":"Haaskakuvaus - Poro ja poronhoito","robots":{"index":"index","follow":"follow","max-snippet":"max-snippet:-1","max-image-preview":"max-image-preview:large","max-video-preview":"max-video-preview:-1"},"canonical":"https:\/\/paliskunnat.fi\/poro\/poronhoito\/poronhoidon-haasteet\/haaskakuvaus\/","og_locale":"fi_FI","og_type":"article","og_title":"Haaskakuvaus - Poro ja poronhoito","og_description":"Haaskakuvaus muodostaa petotihentymi\u00e4 Haaskakuvauksessa suurpetoja houkutellaan kuvauspaikoille ruokinnan avulla. Haaskapaikoilla vierailee p\u00e4\u00e4osin karhuja, mutta my\u00f6s ahmat ja sudet k\u00e4yv\u00e4t hakemassa valmiista pitop\u00f6yd\u00e4st\u00e4 ruokaa. Ilves ei ole haaskansy\u00f6j\u00e4, joten sit\u00e4 on vaikea p\u00e4\u00e4st\u00e4 kuvauspaikoilla n\u00e4kem\u00e4\u00e4n. Pedot tottuvat vierailemaan ruokintapaikoilla ja kuvaaminen sujuu haaskan l\u00e4heisyyteen sijoitettujen kuvauskojujen avulla. Haaskaruokintapaikoille kertyy huomattavia petotihentymi\u00e4, jotka samalla tottuvat ihmisen l\u00e4heisyyteen [&hellip;]","og_url":"https:\/\/paliskunnat.fi\/poro\/poronhoito\/poronhoidon-haasteet\/haaskakuvaus\/","og_site_name":"Poro ja poronhoito","article_modified_time":"2020-03-06T14:58:50+00:00","og_image":[{"url":"http:\/\/paliskunnat.fi\/poro\/wp-content\/uploads\/2020\/03\/haaskakuvauspaikat-ita-suomi-ruokavirasto-2019.jpg","type":"","width":"","height":""}],"twitter_card":"summary_large_image","twitter_misc":{"Arvioitu lukuaika":"1 minuutti"},"schema":{"@context":"https:\/\/schema.org","@graph":[{"@type":"WebPage","@id":"https:\/\/paliskunnat.fi\/poro\/poronhoito\/poronhoidon-haasteet\/haaskakuvaus\/","url":"https:\/\/paliskunnat.fi\/poro\/poronhoito\/poronhoidon-haasteet\/haaskakuvaus\/","name":"Haaskakuvaus - Poro ja poronhoito","isPartOf":{"@id":"https:\/\/paliskunnat.fi\/poro\/#website"},"primaryImageOfPage":{"@id":"https:\/\/paliskunnat.fi\/poro\/poronhoito\/poronhoidon-haasteet\/haaskakuvaus\/#primaryimage"},"image":{"@id":"https:\/\/paliskunnat.fi\/poro\/poronhoito\/poronhoidon-haasteet\/haaskakuvaus\/#primaryimage"},"thumbnailUrl":"http:\/\/paliskunnat.fi\/poro\/wp-content\/uploads\/2020\/03\/haaskakuvauspaikat-ita-suomi-ruokavirasto-2019.jpg","datePublished":"2020-03-06T14:32:41+00:00","dateModified":"2020-03-06T14:58:50+00:00","breadcrumb":{"@id":"https:\/\/paliskunnat.fi\/poro\/poronhoito\/poronhoidon-haasteet\/haaskakuvaus\/#breadcrumb"},"inLanguage":"fi","potentialAction":[{"@type":"ReadAction","target":["https:\/\/paliskunnat.fi\/poro\/poronhoito\/poronhoidon-haasteet\/haaskakuvaus\/"]}]},{"@type":"ImageObject","inLanguage":"fi","@id":"https:\/\/paliskunnat.fi\/poro\/poronhoito\/poronhoidon-haasteet\/haaskakuvaus\/#primaryimage","url":"http:\/\/paliskunnat.fi\/poro\/wp-content\/uploads\/2020\/03\/haaskakuvauspaikat-ita-suomi-ruokavirasto-2019.jpg","contentUrl":"http:\/\/paliskunnat.fi\/poro\/wp-content\/uploads\/2020\/03\/haaskakuvauspaikat-ita-suomi-ruokavirasto-2019.jpg"},{"@type":"BreadcrumbList","@id":"https:\/\/paliskunnat.fi\/poro\/poronhoito\/poronhoidon-haasteet\/haaskakuvaus\/#breadcrumb","itemListElement":[{"@type":"ListItem","position":1,"name":"Home","item":"https:\/\/paliskunnat.fi\/poro\/"},{"@type":"ListItem","position":2,"name":"Poronhoito","item":"https:\/\/paliskunnat.fi\/poro\/poronhoito\/"},{"@type":"ListItem","position":3,"name":"Poronhoidon haasteet","item":"https:\/\/paliskunnat.fi\/poro\/poronhoito\/poronhoidon-haasteet\/"},{"@type":"ListItem","position":4,"name":"Haaskakuvaus"}]},{"@type":"WebSite","@id":"https:\/\/paliskunnat.fi\/poro\/#website","url":"https:\/\/paliskunnat.fi\/poro\/","name":"Poro ja poronhoito","description":"Poro ja poronhoito Suomessa","potentialAction":[{"@type":"SearchAction","target":{"@type":"EntryPoint","urlTemplate":"https:\/\/paliskunnat.fi\/poro\/?s={search_term_string}"},"query-input":{"@type":"PropertyValueSpecification","valueRequired":true,"valueName":"search_term_string"}}],"inLanguage":"fi"}]}},"_links":{"self":[{"href":"https:\/\/paliskunnat.fi\/poro\/wp-json\/wp\/v2\/pages\/4230","targetHints":{"allow":["GET"]}}],"collection":[{"href":"https:\/\/paliskunnat.fi\/poro\/wp-json\/wp\/v2\/pages"}],"about":[{"href":"https:\/\/paliskunnat.fi\/poro\/wp-json\/wp\/v2\/types\/page"}],"author":[{"embeddable":true,"href":"https:\/\/paliskunnat.fi\/poro\/wp-json\/wp\/v2\/users\/1"}],"replies":[{"embeddable":true,"href":"https:\/\/paliskunnat.fi\/poro\/wp-json\/wp\/v2\/comments?post=4230"}],"version-history":[{"count":7,"href":"https:\/\/paliskunnat.fi\/poro\/wp-json\/wp\/v2\/pages\/4230\/revisions"}],"predecessor-version":[{"id":4238,"href":"https:\/\/paliskunnat.fi\/poro\/wp-json\/wp\/v2\/pages\/4230\/revisions\/4238"}],"up":[{"embeddable":true,"href":"https:\/\/paliskunnat.fi\/poro\/wp-json\/wp\/v2\/pages\/89"}],"wp:attachment":[{"href":"https:\/\/paliskunnat.fi\/poro\/wp-json\/wp\/v2\/media?parent=4230"}],"curies":[{"name":"wp","href":"https:\/\/api.w.org\/{rel}","templated":true}]}}