{"id":4481,"date":"2022-06-22T15:14:03","date_gmt":"2022-06-22T12:14:03","guid":{"rendered":"https:\/\/paliskunnat.fi\/poro\/?page_id=4481"},"modified":"2023-05-12T13:09:26","modified_gmt":"2023-05-12T10:09:26","slug":"nimisuoja-esityksia","status":"publish","type":"page","link":"https:\/\/paliskunnat.fi\/poro\/pororuoka\/nimisuojat\/nimisuoja-esityksia\/","title":{"rendered":"Nimisuoja-esityksi\u00e4"},"content":{"rendered":"<h2>Poronlihan nimisuojat\u00a0 &#8211; 4.5.2023<\/h2>\n<ul>\n<li><a href=\"https:\/\/paliskunnat.fi\/tiedostot\/webinaari-5-2023\/Lapin-Poron-nimisuojat-webinaari-4-5-2023.pdf\" target=\"_blank\" rel=\"noopener\">Lapin Poron nimisuojat<\/a> (Matti S\u00e4rkel\u00e4)<\/li>\n<li><a href=\"https:\/\/paliskunnat.fi\/tiedostot\/webinaari-5-2023\/Nimisuoja-Marjo-Sarkka-4-5-2023.pdf\">Nimisuojat Euroopassa<\/a> (Marjo S\u00e4rkk\u00e4)<\/li>\n<\/ul>\n<h2>Poronlihan nimisuojat ravintoloissa &#8211; 15.11.2022<\/h2>\n<ul>\n<li><a href=\"https:\/\/paliskunnat.fi\/tiedostot\/webinaari_11_2022\/Poronlihan_nimisuojat_ravintoloissa_11_2022.pdf\" target=\"_blank\" rel=\"noopener\">Poronlihan nimisuojat ravintoloissa -hanke-esittely<\/a><br \/>\n(Anna-Riikka Lavia)<\/li>\n<li><a href=\"https:\/\/paliskunnat.fi\/tiedostot\/webinaari_11_2022\/Lapin_Poron_nimisuojat_webinaari_11_2022.pdf\" target=\"_blank\" rel=\"noopener\">Lapin Poron nimisuojat<\/a> (Matti S\u00e4rkel\u00e4)<\/li>\n<li><a href=\"https:\/\/paliskunnat.fi\/tiedostot\/webinaari_11_2022\/Nimisuojat_Euroopassa_Marjo_Sarkka_11_2022.pdf\" target=\"_blank\" rel=\"noopener\">Nimisuojat Euroopassa<\/a> (Marjo S\u00e4rkk\u00e4)<\/li>\n<li><a href=\"https:\/\/paliskunnat.fi\/tiedostot\/webinaari_11_2022\/ArctiFood_Eveliina_Paakkola_nimisuojat_2022.pdf\" target=\"_blank\" rel=\"noopener\">Kent\u00e4n kuulumisia<\/a> (Eveliina P\u00e4\u00e4kk\u00f6l\u00e4, ArctiFood)<\/li>\n<li><a href=\"https:\/\/paliskunnat.fi\/tiedostot\/webinaari_11_2022\/Nimisuojamerkin_kaytto_Piritta_Sokura_11_2022.pdf\" target=\"_blank\" rel=\"noopener\">Nimisuojamerkin k\u00e4ytt\u00f6<\/a> (Piritta Sokura, Ruokavirasto)<\/li>\n<\/ul>\n<h2>Poronlihan nimisuojat &#8211; 15.6.2022<\/h2>\n<ul>\n<li><a href=\"https:\/\/paliskunnat.fi\/tiedostot\/Poronlihan-nimisuojahanke-esittely-15-6-2022.pdf\" target=\"_blank\" rel=\"noopener\">Poronlihan nimisuojahankkeen esittely<\/a> (Anna-Riikka Lavia)<\/li>\n<li><a href=\"https:\/\/paliskunnat.fi\/tiedostot\/Nimisuoja-myynnin-apuna-Marjo-Sarkka-2022.pdf\" target=\"_blank\" rel=\"noopener\">Nimisuoja myynnin apuna<\/a> (Marjo S\u00e4rkk\u00e4)<\/li>\n<li><a href=\"https:\/\/paliskunnat.fi\/tiedostot\/Poronlihan-nimisuoja-Risto-Ruuska-2022.pdf\" target=\"_blank\" rel=\"noopener\">Poronlihatuotteiden nimisuoja poroteurastamossa ja lihanjalostuksessa<\/a> (Risto Ruuska)<\/li>\n<\/ul>\n<p>&nbsp;<\/p>\n<p>&nbsp;<\/p>\n","protected":false},"excerpt":{"rendered":"<p>Poronlihan nimisuojat\u00a0 &#8211; 4.5.2023 Lapin Poron nimisuojat (Matti S\u00e4rkel\u00e4) Nimisuojat Euroopassa (Marjo S\u00e4rkk\u00e4) Poronlihan nimisuojat ravintoloissa &#8211; 15.11.2022 Poronlihan nimisuojat ravintoloissa -hanke-esittely (Anna-Riikka Lavia) Lapin Poron nimisuojat (Matti S\u00e4rkel\u00e4) Nimisuojat Euroopassa (Marjo S\u00e4rkk\u00e4) Kent\u00e4n kuulumisia (Eveliina P\u00e4\u00e4kk\u00f6l\u00e4, ArctiFood) Nimisuojamerkin k\u00e4ytt\u00f6 (Piritta Sokura, Ruokavirasto) Poronlihan nimisuojat &#8211; 15.6.2022 Poronlihan nimisuojahankkeen esittely (Anna-Riikka Lavia) Nimisuoja myynnin apuna [&hellip;]<\/p>\n","protected":false},"author":1,"featured_media":0,"parent":674,"menu_order":2,"comment_status":"closed","ping_status":"closed","template":"","meta":{"footnotes":""},"class_list":["post-4481","page","type-page","status-publish","hentry"],"yoast_head":"<!-- This site is optimized with the Yoast SEO plugin v27.2 - https:\/\/yoast.com\/product\/yoast-seo-wordpress\/ -->\n<title>Nimisuoja-esityksi\u00e4 - Poro ja poronhoito<\/title>\n<meta name=\"robots\" content=\"index, follow, max-snippet:-1, max-image-preview:large, max-video-preview:-1\" \/>\n<link rel=\"canonical\" href=\"https:\/\/paliskunnat.fi\/poro\/pororuoka\/nimisuojat\/nimisuoja-esityksia\/\" \/>\n<meta property=\"og:locale\" content=\"fi_FI\" \/>\n<meta property=\"og:type\" content=\"article\" \/>\n<meta property=\"og:title\" content=\"Nimisuoja-esityksi\u00e4 - Poro ja poronhoito\" \/>\n<meta property=\"og:description\" content=\"Poronlihan nimisuojat\u00a0 &#8211; 4.5.2023 Lapin Poron nimisuojat (Matti S\u00e4rkel\u00e4) Nimisuojat Euroopassa (Marjo S\u00e4rkk\u00e4) Poronlihan nimisuojat ravintoloissa &#8211; 15.11.2022 Poronlihan nimisuojat ravintoloissa -hanke-esittely (Anna-Riikka Lavia) Lapin Poron nimisuojat (Matti S\u00e4rkel\u00e4) Nimisuojat Euroopassa (Marjo S\u00e4rkk\u00e4) Kent\u00e4n kuulumisia (Eveliina P\u00e4\u00e4kk\u00f6l\u00e4, ArctiFood) Nimisuojamerkin k\u00e4ytt\u00f6 (Piritta Sokura, Ruokavirasto) Poronlihan nimisuojat &#8211; 15.6.2022 Poronlihan nimisuojahankkeen esittely (Anna-Riikka Lavia) Nimisuoja myynnin apuna [&hellip;]\" \/>\n<meta property=\"og:url\" content=\"https:\/\/paliskunnat.fi\/poro\/pororuoka\/nimisuojat\/nimisuoja-esityksia\/\" \/>\n<meta property=\"og:site_name\" content=\"Poro ja poronhoito\" \/>\n<meta property=\"article:modified_time\" content=\"2023-05-12T10:09:26+00:00\" \/>\n<meta name=\"twitter:card\" content=\"summary_large_image\" \/>\n<meta name=\"twitter:label1\" content=\"Arvioitu lukuaika\" \/>\n\t<meta name=\"twitter:data1\" content=\"1 minuutti\" \/>\n<script type=\"application\/ld+json\" class=\"yoast-schema-graph\">{\"@context\":\"https:\/\/schema.org\",\"@graph\":[{\"@type\":\"WebPage\",\"@id\":\"https:\/\/paliskunnat.fi\/poro\/pororuoka\/nimisuojat\/nimisuoja-esityksia\/\",\"url\":\"https:\/\/paliskunnat.fi\/poro\/pororuoka\/nimisuojat\/nimisuoja-esityksia\/\",\"name\":\"Nimisuoja-esityksi\u00e4 - Poro ja poronhoito\",\"isPartOf\":{\"@id\":\"https:\/\/paliskunnat.fi\/poro\/#website\"},\"datePublished\":\"2022-06-22T12:14:03+00:00\",\"dateModified\":\"2023-05-12T10:09:26+00:00\",\"breadcrumb\":{\"@id\":\"https:\/\/paliskunnat.fi\/poro\/pororuoka\/nimisuojat\/nimisuoja-esityksia\/#breadcrumb\"},\"inLanguage\":\"fi\",\"potentialAction\":[{\"@type\":\"ReadAction\",\"target\":[\"https:\/\/paliskunnat.fi\/poro\/pororuoka\/nimisuojat\/nimisuoja-esityksia\/\"]}]},{\"@type\":\"BreadcrumbList\",\"@id\":\"https:\/\/paliskunnat.fi\/poro\/pororuoka\/nimisuojat\/nimisuoja-esityksia\/#breadcrumb\",\"itemListElement\":[{\"@type\":\"ListItem\",\"position\":1,\"name\":\"Home\",\"item\":\"https:\/\/paliskunnat.fi\/poro\/\"},{\"@type\":\"ListItem\",\"position\":2,\"name\":\"Pororuoka\",\"item\":\"https:\/\/paliskunnat.fi\/poro\/pororuoka\/\"},{\"@type\":\"ListItem\",\"position\":3,\"name\":\"Poronlihan nimisuojat\",\"item\":\"https:\/\/paliskunnat.fi\/poro\/pororuoka\/nimisuojat\/\"},{\"@type\":\"ListItem\",\"position\":4,\"name\":\"Nimisuoja-esityksi\u00e4\"}]},{\"@type\":\"WebSite\",\"@id\":\"https:\/\/paliskunnat.fi\/poro\/#website\",\"url\":\"https:\/\/paliskunnat.fi\/poro\/\",\"name\":\"Poro ja poronhoito\",\"description\":\"Poro ja poronhoito Suomessa\",\"potentialAction\":[{\"@type\":\"SearchAction\",\"target\":{\"@type\":\"EntryPoint\",\"urlTemplate\":\"https:\/\/paliskunnat.fi\/poro\/?s={search_term_string}\"},\"query-input\":{\"@type\":\"PropertyValueSpecification\",\"valueRequired\":true,\"valueName\":\"search_term_string\"}}],\"inLanguage\":\"fi\"}]}<\/script>\n<!-- \/ Yoast SEO plugin. -->","yoast_head_json":{"title":"Nimisuoja-esityksi\u00e4 - Poro ja poronhoito","robots":{"index":"index","follow":"follow","max-snippet":"max-snippet:-1","max-image-preview":"max-image-preview:large","max-video-preview":"max-video-preview:-1"},"canonical":"https:\/\/paliskunnat.fi\/poro\/pororuoka\/nimisuojat\/nimisuoja-esityksia\/","og_locale":"fi_FI","og_type":"article","og_title":"Nimisuoja-esityksi\u00e4 - Poro ja poronhoito","og_description":"Poronlihan nimisuojat\u00a0 &#8211; 4.5.2023 Lapin Poron nimisuojat (Matti S\u00e4rkel\u00e4) Nimisuojat Euroopassa (Marjo S\u00e4rkk\u00e4) Poronlihan nimisuojat ravintoloissa &#8211; 15.11.2022 Poronlihan nimisuojat ravintoloissa -hanke-esittely (Anna-Riikka Lavia) Lapin Poron nimisuojat (Matti S\u00e4rkel\u00e4) Nimisuojat Euroopassa (Marjo S\u00e4rkk\u00e4) Kent\u00e4n kuulumisia (Eveliina P\u00e4\u00e4kk\u00f6l\u00e4, ArctiFood) Nimisuojamerkin k\u00e4ytt\u00f6 (Piritta Sokura, Ruokavirasto) Poronlihan nimisuojat &#8211; 15.6.2022 Poronlihan nimisuojahankkeen esittely (Anna-Riikka Lavia) Nimisuoja myynnin apuna [&hellip;]","og_url":"https:\/\/paliskunnat.fi\/poro\/pororuoka\/nimisuojat\/nimisuoja-esityksia\/","og_site_name":"Poro ja poronhoito","article_modified_time":"2023-05-12T10:09:26+00:00","twitter_card":"summary_large_image","twitter_misc":{"Arvioitu lukuaika":"1 minuutti"},"schema":{"@context":"https:\/\/schema.org","@graph":[{"@type":"WebPage","@id":"https:\/\/paliskunnat.fi\/poro\/pororuoka\/nimisuojat\/nimisuoja-esityksia\/","url":"https:\/\/paliskunnat.fi\/poro\/pororuoka\/nimisuojat\/nimisuoja-esityksia\/","name":"Nimisuoja-esityksi\u00e4 - Poro ja poronhoito","isPartOf":{"@id":"https:\/\/paliskunnat.fi\/poro\/#website"},"datePublished":"2022-06-22T12:14:03+00:00","dateModified":"2023-05-12T10:09:26+00:00","breadcrumb":{"@id":"https:\/\/paliskunnat.fi\/poro\/pororuoka\/nimisuojat\/nimisuoja-esityksia\/#breadcrumb"},"inLanguage":"fi","potentialAction":[{"@type":"ReadAction","target":["https:\/\/paliskunnat.fi\/poro\/pororuoka\/nimisuojat\/nimisuoja-esityksia\/"]}]},{"@type":"BreadcrumbList","@id":"https:\/\/paliskunnat.fi\/poro\/pororuoka\/nimisuojat\/nimisuoja-esityksia\/#breadcrumb","itemListElement":[{"@type":"ListItem","position":1,"name":"Home","item":"https:\/\/paliskunnat.fi\/poro\/"},{"@type":"ListItem","position":2,"name":"Pororuoka","item":"https:\/\/paliskunnat.fi\/poro\/pororuoka\/"},{"@type":"ListItem","position":3,"name":"Poronlihan nimisuojat","item":"https:\/\/paliskunnat.fi\/poro\/pororuoka\/nimisuojat\/"},{"@type":"ListItem","position":4,"name":"Nimisuoja-esityksi\u00e4"}]},{"@type":"WebSite","@id":"https:\/\/paliskunnat.fi\/poro\/#website","url":"https:\/\/paliskunnat.fi\/poro\/","name":"Poro ja poronhoito","description":"Poro ja poronhoito Suomessa","potentialAction":[{"@type":"SearchAction","target":{"@type":"EntryPoint","urlTemplate":"https:\/\/paliskunnat.fi\/poro\/?s={search_term_string}"},"query-input":{"@type":"PropertyValueSpecification","valueRequired":true,"valueName":"search_term_string"}}],"inLanguage":"fi"}]}},"_links":{"self":[{"href":"https:\/\/paliskunnat.fi\/poro\/wp-json\/wp\/v2\/pages\/4481","targetHints":{"allow":["GET"]}}],"collection":[{"href":"https:\/\/paliskunnat.fi\/poro\/wp-json\/wp\/v2\/pages"}],"about":[{"href":"https:\/\/paliskunnat.fi\/poro\/wp-json\/wp\/v2\/types\/page"}],"author":[{"embeddable":true,"href":"https:\/\/paliskunnat.fi\/poro\/wp-json\/wp\/v2\/users\/1"}],"replies":[{"embeddable":true,"href":"https:\/\/paliskunnat.fi\/poro\/wp-json\/wp\/v2\/comments?post=4481"}],"version-history":[{"count":27,"href":"https:\/\/paliskunnat.fi\/poro\/wp-json\/wp\/v2\/pages\/4481\/revisions"}],"predecessor-version":[{"id":4561,"href":"https:\/\/paliskunnat.fi\/poro\/wp-json\/wp\/v2\/pages\/4481\/revisions\/4561"}],"up":[{"embeddable":true,"href":"https:\/\/paliskunnat.fi\/poro\/wp-json\/wp\/v2\/pages\/674"}],"wp:attachment":[{"href":"https:\/\/paliskunnat.fi\/poro\/wp-json\/wp\/v2\/media?parent=4481"}],"curies":[{"name":"wp","href":"https:\/\/api.w.org\/{rel}","templated":true}]}}