{"id":449,"date":"2014-09-09T21:35:22","date_gmt":"2014-09-09T18:35:22","guid":{"rendered":"http:\/\/80.69.171.23\/poro\/?page_id=449"},"modified":"2019-10-03T12:17:53","modified_gmt":"2019-10-03T09:17:53","slug":"paliskuntain-yhdistys","status":"publish","type":"page","link":"https:\/\/paliskunnat.fi\/poro\/poronhoito\/paliskunnat\/paliskuntain-yhdistys\/","title":{"rendered":"Paliskuntain yhdistys"},"content":{"rendered":"<h2>Paliskuntain yhdistys<\/h2>\n<p>Paliskuntain yhdistys on porotalouden ohjaus-, neuvonta- ja asiantuntijaorganisaatio.\u00a0Paliskuntain yhdistyksen teht\u00e4v\u00e4n\u00e4 on poronhoitolain (<a href=\"https:\/\/www.finlex.fi\/fi\/laki\/ajantasa\/1990\/19900848#P20\" class=\"external external_icon\" rel=\"nofollow\">848\/1990<\/a>) mukaan:<\/p>\n<p>1) toimia paliskuntien yhdyssiteen\u00e4;<br \/>\n2) kehitt\u00e4\u00e4 poronhoitoa ja porotaloutta;<br \/>\n3) edist\u00e4\u00e4 poronhoidon tutkimusta, poronhoitoa koskevaa koetoimintaa ja poronjalostusta; sek\u00e4<br \/>\n4) suorittaa muut sille s\u00e4\u00e4detyt tai m\u00e4\u00e4r\u00e4tyt teht\u00e4v\u00e4t (<a href=\"http:\/\/www.finlex.fi\/fi\/laki\/ajantasa\/1990\/19900848#P20\" class=\"external external_icon\" rel=\"nofollow\">PHL 20.1 \u00a7<\/a>).<\/p>\n<p>Paliskuntain yhdistys:<\/p>\n<ul>\n<li>Neuvoo paliskuntia, poronomistajia, sidosryhmi\u00e4 ja kansalaisia poroihin liittyviss\u00e4 kysymyksiss\u00e4<\/li>\n<li>Julkaisee <a href=\"http:\/\/paliskunnat.fi\/py\/organisaatio\/poromies-lehti\/\">Poromies-lehte\u00e4<\/a> ja muuta poronhoidon tietomateriaalia<\/li>\n<li>J\u00e4rjest\u00e4\u00e4 neuvottelu-, tiedotus- ja koulutustilaisuuksia<\/li>\n<li>Tekee poronhoidon ja porotalouden kehitt\u00e4miseksi aloitteita lains\u00e4\u00e4d\u00e4nn\u00f6n ja hallinnon alalla<\/li>\n<li>Edist\u00e4\u00e4 paliskuntien yhteistoimintaa<\/li>\n<li>Vaikuttaa porotalouteen liittyviin muihin elinkeinoihin ja sidosryhmiin poronhoidon toimintaedellytysten s\u00e4ilytt\u00e4miseksi<\/li>\n<li>Tukee poronhoidon tutkimustoimintaa ja yll\u00e4pit\u00e4\u00e4 <a href=\"http:\/\/paliskunnat.fi\/py\/organisaatio\/koeporotarha\/\">Kutuharjun koeporotarhaa<\/a><\/li>\n<li>Vastaa valtakuntien v\u00e4lisist\u00e4 <a href=\"http:\/\/paliskunnat.fi\/py\/organisaatio\/rajaporoaidat\/\">rajaporoesteaidoista<\/a><\/li>\n<li>Toimii viranomaisena <a href=\"http:\/\/paliskunnat.fi\/py\/neuvonta\/poromerkit-ja-pilttarekisterit\/\">poromerkkiasioissa<\/a><\/li>\n<\/ul>\n<p>Paliskuntain yhdistyksen j\u00e4seni\u00e4 ovat lakis\u00e4\u00e4teisesti kaikki paliskunnat.<\/p>\n<p>Paliskunnat k\u00e4ytt\u00e4v\u00e4t p\u00e4\u00e4t\u00f6svaltaansa yhdistyksen kokouksessa (<a href=\"https:\/\/www.finlex.fi\/fi\/laki\/ajantasa\/1990\/19900848#P20\" class=\"external external_icon\" rel=\"nofollow\">PHL 20.2 \u00a7<\/a>). Yhdistyksen hallitus ja edustajakokous hyv\u00e4ksyv\u00e4t vuosittain toimintasuunnitelman ja talousarvion, joista k\u00e4yv\u00e4t ilmi Paliskuntain yhdistyksen teht\u00e4v\u00e4t. Paliskuntain yhdistyksen varsinainen yleinen kokous eli <a href=\"http:\/\/paliskunnat.fi\/py\/organisaatio\/poroparlamentti\/\">Poroparlamentti<\/a>\u00a0pidet\u00e4\u00e4n kerran vuodessa kes\u00e4kuun alussa.<\/p>\n<p>Paliskuntain yhdistyksen tulosohjauksesta vastaa <a href=\"https:\/\/www.ely-keskus.fi\/web\/ely\/ely-lappi#.VGS7EfmsV8E\" class=\"external external_icon\" rel=\"nofollow\">Lapin elinkeino-, liikenne- ja ymp\u00e4rist\u00f6keskus<\/a>. Vuosittain teht\u00e4v\u00e4ss\u00e4 tulossopimuksessa m\u00e4\u00e4ritell\u00e4\u00e4n yhdistyksen tarkemmat teht\u00e4v\u00e4t.<\/p>\n<p>&nbsp;<\/p>\n<p><!--more--><\/p>\n<h2>Paliskuntain yhdistyksen porologo<\/h2>\n<p><a href=\"https:\/\/paliskunnat.fi\/poro\/wp-content\/uploads\/2014\/09\/py_logoA.png\" rel=\"lightbox[449]\"><img loading=\"lazy\" decoding=\"async\" class=\"alignnone wp-image-1322\" src=\"https:\/\/paliskunnat.fi\/poro\/wp-content\/uploads\/2014\/09\/py_logoA.png\" alt=\"py_logoA\" width=\"190\" height=\"229\" srcset=\"https:\/\/paliskunnat.fi\/poro\/wp-content\/uploads\/2014\/09\/py_logoA.png 536w, https:\/\/paliskunnat.fi\/poro\/wp-content\/uploads\/2014\/09\/py_logoA-249x300.png 249w\" sizes=\"auto, (max-width: 190px) 100vw, 190px\" \/><\/a><\/p>\n<h2>PY:n henkil\u00f6kunta ja yhteystiedot<\/h2>\n<p>Yhteystiedot PY:n <a href=\"https:\/\/paliskunnat.fi\/py\/organisaatio\/yhteystiedot\/\">WWW-sivuilla<\/a><\/p>\n","protected":false},"excerpt":{"rendered":"<p>Paliskuntain yhdistys Paliskuntain yhdistys on porotalouden ohjaus-, neuvonta- ja asiantuntijaorganisaatio.\u00a0Paliskuntain yhdistyksen teht\u00e4v\u00e4n\u00e4 on poronhoitolain (848\/1990) mukaan: 1) toimia paliskuntien yhdyssiteen\u00e4; 2) kehitt\u00e4\u00e4 poronhoitoa ja porotaloutta; 3) edist\u00e4\u00e4 poronhoidon tutkimusta, poronhoitoa koskevaa koetoimintaa ja poronjalostusta; sek\u00e4 4) suorittaa muut sille s\u00e4\u00e4detyt tai m\u00e4\u00e4r\u00e4tyt teht\u00e4v\u00e4t (PHL 20.1 \u00a7). Paliskuntain yhdistys: Neuvoo paliskuntia, poronomistajia, sidosryhmi\u00e4 ja kansalaisia poroihin [&hellip;]<\/p>\n","protected":false},"author":1,"featured_media":0,"parent":82,"menu_order":1,"comment_status":"open","ping_status":"closed","template":"","meta":{"footnotes":""},"class_list":["post-449","page","type-page","status-publish","hentry"],"yoast_head":"<!-- This site is optimized with the Yoast SEO plugin v27.2 - https:\/\/yoast.com\/product\/yoast-seo-wordpress\/ -->\n<title>Paliskuntain yhdistys - Poro ja poronhoito<\/title>\n<meta name=\"robots\" content=\"index, follow, max-snippet:-1, max-image-preview:large, max-video-preview:-1\" \/>\n<link rel=\"canonical\" href=\"https:\/\/paliskunnat.fi\/poro\/poronhoito\/paliskunnat\/paliskuntain-yhdistys\/\" \/>\n<meta property=\"og:locale\" content=\"fi_FI\" \/>\n<meta property=\"og:type\" content=\"article\" \/>\n<meta property=\"og:title\" content=\"Paliskuntain yhdistys - Poro ja poronhoito\" \/>\n<meta property=\"og:description\" content=\"Paliskuntain yhdistys Paliskuntain yhdistys on porotalouden ohjaus-, neuvonta- ja asiantuntijaorganisaatio.\u00a0Paliskuntain yhdistyksen teht\u00e4v\u00e4n\u00e4 on poronhoitolain (848\/1990) mukaan: 1) toimia paliskuntien yhdyssiteen\u00e4; 2) kehitt\u00e4\u00e4 poronhoitoa ja porotaloutta; 3) edist\u00e4\u00e4 poronhoidon tutkimusta, poronhoitoa koskevaa koetoimintaa ja poronjalostusta; sek\u00e4 4) suorittaa muut sille s\u00e4\u00e4detyt tai m\u00e4\u00e4r\u00e4tyt teht\u00e4v\u00e4t (PHL 20.1 \u00a7). Paliskuntain yhdistys: Neuvoo paliskuntia, poronomistajia, sidosryhmi\u00e4 ja kansalaisia poroihin [&hellip;]\" \/>\n<meta property=\"og:url\" content=\"https:\/\/paliskunnat.fi\/poro\/poronhoito\/paliskunnat\/paliskuntain-yhdistys\/\" \/>\n<meta property=\"og:site_name\" content=\"Poro ja poronhoito\" \/>\n<meta property=\"article:modified_time\" content=\"2019-10-03T09:17:53+00:00\" \/>\n<meta property=\"og:image\" content=\"https:\/\/paliskunnat.fi\/poro\/wp-content\/uploads\/2014\/09\/py_logoA.png\" \/>\n<meta name=\"twitter:card\" content=\"summary_large_image\" \/>\n<meta name=\"twitter:label1\" content=\"Arvioitu lukuaika\" \/>\n\t<meta name=\"twitter:data1\" content=\"1 minuutti\" \/>\n<script type=\"application\/ld+json\" class=\"yoast-schema-graph\">{\"@context\":\"https:\/\/schema.org\",\"@graph\":[{\"@type\":\"WebPage\",\"@id\":\"https:\/\/paliskunnat.fi\/poro\/poronhoito\/paliskunnat\/paliskuntain-yhdistys\/\",\"url\":\"https:\/\/paliskunnat.fi\/poro\/poronhoito\/paliskunnat\/paliskuntain-yhdistys\/\",\"name\":\"Paliskuntain yhdistys - Poro ja poronhoito\",\"isPartOf\":{\"@id\":\"https:\/\/paliskunnat.fi\/poro\/#website\"},\"primaryImageOfPage\":{\"@id\":\"https:\/\/paliskunnat.fi\/poro\/poronhoito\/paliskunnat\/paliskuntain-yhdistys\/#primaryimage\"},\"image\":{\"@id\":\"https:\/\/paliskunnat.fi\/poro\/poronhoito\/paliskunnat\/paliskuntain-yhdistys\/#primaryimage\"},\"thumbnailUrl\":\"https:\/\/paliskunnat.fi\/poro\/wp-content\/uploads\/2014\/09\/py_logoA.png\",\"datePublished\":\"2014-09-09T18:35:22+00:00\",\"dateModified\":\"2019-10-03T09:17:53+00:00\",\"breadcrumb\":{\"@id\":\"https:\/\/paliskunnat.fi\/poro\/poronhoito\/paliskunnat\/paliskuntain-yhdistys\/#breadcrumb\"},\"inLanguage\":\"fi\",\"potentialAction\":[{\"@type\":\"ReadAction\",\"target\":[\"https:\/\/paliskunnat.fi\/poro\/poronhoito\/paliskunnat\/paliskuntain-yhdistys\/\"]}]},{\"@type\":\"ImageObject\",\"inLanguage\":\"fi\",\"@id\":\"https:\/\/paliskunnat.fi\/poro\/poronhoito\/paliskunnat\/paliskuntain-yhdistys\/#primaryimage\",\"url\":\"https:\/\/paliskunnat.fi\/poro\/wp-content\/uploads\/2014\/09\/py_logoA.png\",\"contentUrl\":\"https:\/\/paliskunnat.fi\/poro\/wp-content\/uploads\/2014\/09\/py_logoA.png\",\"width\":536,\"height\":645},{\"@type\":\"BreadcrumbList\",\"@id\":\"https:\/\/paliskunnat.fi\/poro\/poronhoito\/paliskunnat\/paliskuntain-yhdistys\/#breadcrumb\",\"itemListElement\":[{\"@type\":\"ListItem\",\"position\":1,\"name\":\"Home\",\"item\":\"https:\/\/paliskunnat.fi\/poro\/\"},{\"@type\":\"ListItem\",\"position\":2,\"name\":\"Poronhoito\",\"item\":\"https:\/\/paliskunnat.fi\/poro\/poronhoito\/\"},{\"@type\":\"ListItem\",\"position\":3,\"name\":\"Paliskunnat\",\"item\":\"https:\/\/paliskunnat.fi\/poro\/poronhoito\/paliskunnat\/\"},{\"@type\":\"ListItem\",\"position\":4,\"name\":\"Paliskuntain yhdistys\"}]},{\"@type\":\"WebSite\",\"@id\":\"https:\/\/paliskunnat.fi\/poro\/#website\",\"url\":\"https:\/\/paliskunnat.fi\/poro\/\",\"name\":\"Poro ja poronhoito\",\"description\":\"Poro ja poronhoito Suomessa\",\"potentialAction\":[{\"@type\":\"SearchAction\",\"target\":{\"@type\":\"EntryPoint\",\"urlTemplate\":\"https:\/\/paliskunnat.fi\/poro\/?s={search_term_string}\"},\"query-input\":{\"@type\":\"PropertyValueSpecification\",\"valueRequired\":true,\"valueName\":\"search_term_string\"}}],\"inLanguage\":\"fi\"}]}<\/script>\n<!-- \/ Yoast SEO plugin. -->","yoast_head_json":{"title":"Paliskuntain yhdistys - Poro ja poronhoito","robots":{"index":"index","follow":"follow","max-snippet":"max-snippet:-1","max-image-preview":"max-image-preview:large","max-video-preview":"max-video-preview:-1"},"canonical":"https:\/\/paliskunnat.fi\/poro\/poronhoito\/paliskunnat\/paliskuntain-yhdistys\/","og_locale":"fi_FI","og_type":"article","og_title":"Paliskuntain yhdistys - Poro ja poronhoito","og_description":"Paliskuntain yhdistys Paliskuntain yhdistys on porotalouden ohjaus-, neuvonta- ja asiantuntijaorganisaatio.\u00a0Paliskuntain yhdistyksen teht\u00e4v\u00e4n\u00e4 on poronhoitolain (848\/1990) mukaan: 1) toimia paliskuntien yhdyssiteen\u00e4; 2) kehitt\u00e4\u00e4 poronhoitoa ja porotaloutta; 3) edist\u00e4\u00e4 poronhoidon tutkimusta, poronhoitoa koskevaa koetoimintaa ja poronjalostusta; sek\u00e4 4) suorittaa muut sille s\u00e4\u00e4detyt tai m\u00e4\u00e4r\u00e4tyt teht\u00e4v\u00e4t (PHL 20.1 \u00a7). Paliskuntain yhdistys: Neuvoo paliskuntia, poronomistajia, sidosryhmi\u00e4 ja kansalaisia poroihin [&hellip;]","og_url":"https:\/\/paliskunnat.fi\/poro\/poronhoito\/paliskunnat\/paliskuntain-yhdistys\/","og_site_name":"Poro ja poronhoito","article_modified_time":"2019-10-03T09:17:53+00:00","og_image":[{"url":"https:\/\/paliskunnat.fi\/poro\/wp-content\/uploads\/2014\/09\/py_logoA.png","type":"","width":"","height":""}],"twitter_card":"summary_large_image","twitter_misc":{"Arvioitu lukuaika":"1 minuutti"},"schema":{"@context":"https:\/\/schema.org","@graph":[{"@type":"WebPage","@id":"https:\/\/paliskunnat.fi\/poro\/poronhoito\/paliskunnat\/paliskuntain-yhdistys\/","url":"https:\/\/paliskunnat.fi\/poro\/poronhoito\/paliskunnat\/paliskuntain-yhdistys\/","name":"Paliskuntain yhdistys - Poro ja poronhoito","isPartOf":{"@id":"https:\/\/paliskunnat.fi\/poro\/#website"},"primaryImageOfPage":{"@id":"https:\/\/paliskunnat.fi\/poro\/poronhoito\/paliskunnat\/paliskuntain-yhdistys\/#primaryimage"},"image":{"@id":"https:\/\/paliskunnat.fi\/poro\/poronhoito\/paliskunnat\/paliskuntain-yhdistys\/#primaryimage"},"thumbnailUrl":"https:\/\/paliskunnat.fi\/poro\/wp-content\/uploads\/2014\/09\/py_logoA.png","datePublished":"2014-09-09T18:35:22+00:00","dateModified":"2019-10-03T09:17:53+00:00","breadcrumb":{"@id":"https:\/\/paliskunnat.fi\/poro\/poronhoito\/paliskunnat\/paliskuntain-yhdistys\/#breadcrumb"},"inLanguage":"fi","potentialAction":[{"@type":"ReadAction","target":["https:\/\/paliskunnat.fi\/poro\/poronhoito\/paliskunnat\/paliskuntain-yhdistys\/"]}]},{"@type":"ImageObject","inLanguage":"fi","@id":"https:\/\/paliskunnat.fi\/poro\/poronhoito\/paliskunnat\/paliskuntain-yhdistys\/#primaryimage","url":"https:\/\/paliskunnat.fi\/poro\/wp-content\/uploads\/2014\/09\/py_logoA.png","contentUrl":"https:\/\/paliskunnat.fi\/poro\/wp-content\/uploads\/2014\/09\/py_logoA.png","width":536,"height":645},{"@type":"BreadcrumbList","@id":"https:\/\/paliskunnat.fi\/poro\/poronhoito\/paliskunnat\/paliskuntain-yhdistys\/#breadcrumb","itemListElement":[{"@type":"ListItem","position":1,"name":"Home","item":"https:\/\/paliskunnat.fi\/poro\/"},{"@type":"ListItem","position":2,"name":"Poronhoito","item":"https:\/\/paliskunnat.fi\/poro\/poronhoito\/"},{"@type":"ListItem","position":3,"name":"Paliskunnat","item":"https:\/\/paliskunnat.fi\/poro\/poronhoito\/paliskunnat\/"},{"@type":"ListItem","position":4,"name":"Paliskuntain yhdistys"}]},{"@type":"WebSite","@id":"https:\/\/paliskunnat.fi\/poro\/#website","url":"https:\/\/paliskunnat.fi\/poro\/","name":"Poro ja poronhoito","description":"Poro ja poronhoito Suomessa","potentialAction":[{"@type":"SearchAction","target":{"@type":"EntryPoint","urlTemplate":"https:\/\/paliskunnat.fi\/poro\/?s={search_term_string}"},"query-input":{"@type":"PropertyValueSpecification","valueRequired":true,"valueName":"search_term_string"}}],"inLanguage":"fi"}]}},"_links":{"self":[{"href":"https:\/\/paliskunnat.fi\/poro\/wp-json\/wp\/v2\/pages\/449","targetHints":{"allow":["GET"]}}],"collection":[{"href":"https:\/\/paliskunnat.fi\/poro\/wp-json\/wp\/v2\/pages"}],"about":[{"href":"https:\/\/paliskunnat.fi\/poro\/wp-json\/wp\/v2\/types\/page"}],"author":[{"embeddable":true,"href":"https:\/\/paliskunnat.fi\/poro\/wp-json\/wp\/v2\/users\/1"}],"replies":[{"embeddable":true,"href":"https:\/\/paliskunnat.fi\/poro\/wp-json\/wp\/v2\/comments?post=449"}],"version-history":[{"count":28,"href":"https:\/\/paliskunnat.fi\/poro\/wp-json\/wp\/v2\/pages\/449\/revisions"}],"predecessor-version":[{"id":4142,"href":"https:\/\/paliskunnat.fi\/poro\/wp-json\/wp\/v2\/pages\/449\/revisions\/4142"}],"up":[{"embeddable":true,"href":"https:\/\/paliskunnat.fi\/poro\/wp-json\/wp\/v2\/pages\/82"}],"wp:attachment":[{"href":"https:\/\/paliskunnat.fi\/poro\/wp-json\/wp\/v2\/media?parent=449"}],"curies":[{"name":"wp","href":"https:\/\/api.w.org\/{rel}","templated":true}]}}