{"id":455,"date":"2014-09-09T22:16:52","date_gmt":"2014-09-09T19:16:52","guid":{"rendered":"http:\/\/80.69.171.23\/poro\/?page_id=455"},"modified":"2025-12-13T14:43:56","modified_gmt":"2025-12-13T12:43:56","slug":"porokilpailut","status":"publish","type":"page","link":"https:\/\/paliskunnat.fi\/poro\/porokilpailut\/","title":{"rendered":"Porokilpailut"},"content":{"rendered":"<h2>Porokilpailut tarjoavat el\u00e4myksi\u00e4<\/h2>\n<p>Porokilpailut pitkine perinteineen ovat paitsi vauhdikas ja v\u00e4rik\u00e4s urheilulaji my\u00f6s\u00a0olennainen osa pohjoista porokulttuuria. Porokilpailuja on Suomessa j\u00e4rjestetty\u00a0vuodesta 1932. Nykyisell\u00e4\u00e4n porokilpailut ovat organisoitua\u00a0ja s\u00e4\u00e4nnelty\u00e4 harrastustoimintaa.<\/p>\n<p>Kilpaporot ovat koulutettuja urosporoja. Niiden hyvinvoinnista huolehtiminen on porokilpailutoiminnassa avainasemassa. Poroja koulutetaan ja valmennetaan systemaattisesti ja ammattitaidolla.<\/p>\n<p>Poroa ei ole mahdollista pakottaa juoksemaan: jos poro ei halua juosta, se ei juokse.<\/p>\n\n\t\t<style type=\"text\/css\">\n\t\t\t#gallery-1 {\n\t\t\t\tmargin: auto;\n\t\t\t}\n\t\t\t#gallery-1 .gallery-item {\n\t\t\t\tfloat: left;\n\t\t\t\tmargin-top: 10px;\n\t\t\t\ttext-align: center;\n\t\t\t\twidth: 33%;\n\t\t\t}\n\t\t\t#gallery-1 img {\n\t\t\t\tborder: 2px solid #cfcfcf;\n\t\t\t}\n\t\t\t#gallery-1 .gallery-caption {\n\t\t\t\tmargin-left: 0;\n\t\t\t}\n\t\t\t\/* see gallery_shortcode() in wp-includes\/media.php *\/\n\t\t<\/style>\n\t\t<div id='gallery-1' class='gallery galleryid-455 gallery-columns-3 gallery-size-thumbnail'><dl class='gallery-item'>\n\t\t\t<dt class='gallery-icon landscape'>\n\t\t\t\t<a href='https:\/\/paliskunnat.fi\/poro\/wp-content\/uploads\/2014\/09\/DSC_0019a1.jpg' rel=\"lightbox[455]\"><img loading=\"lazy\" decoding=\"async\" width=\"150\" height=\"150\" src=\"https:\/\/paliskunnat.fi\/poro\/wp-content\/uploads\/2014\/09\/DSC_0019a1-150x150.jpg\" class=\"attachment-thumbnail size-thumbnail\" alt=\"\" \/><\/a>\n\t\t\t<\/dt><\/dl><dl class='gallery-item'>\n\t\t\t<dt class='gallery-icon landscape'>\n\t\t\t\t<a href='https:\/\/paliskunnat.fi\/poro\/wp-content\/uploads\/2014\/09\/DSC_0238a1.jpg' rel=\"lightbox[455]\"><img loading=\"lazy\" decoding=\"async\" width=\"150\" height=\"150\" src=\"https:\/\/paliskunnat.fi\/poro\/wp-content\/uploads\/2014\/09\/DSC_0238a1-150x150.jpg\" class=\"attachment-thumbnail size-thumbnail\" alt=\"\" \/><\/a>\n\t\t\t<\/dt><\/dl><dl class='gallery-item'>\n\t\t\t<dt class='gallery-icon landscape'>\n\t\t\t\t<a href='https:\/\/paliskunnat.fi\/poro\/wp-content\/uploads\/2014\/09\/DSC_0328a.jpg' rel=\"lightbox[455]\"><img loading=\"lazy\" decoding=\"async\" width=\"150\" height=\"150\" src=\"https:\/\/paliskunnat.fi\/poro\/wp-content\/uploads\/2014\/09\/DSC_0328a-150x150.jpg\" class=\"attachment-thumbnail size-thumbnail\" alt=\"\" \/><\/a>\n\t\t\t<\/dt><\/dl><br style=\"clear: both\" \/><dl class='gallery-item'>\n\t\t\t<dt class='gallery-icon portrait'>\n\t\t\t\t<a href='https:\/\/paliskunnat.fi\/poro\/wp-content\/uploads\/2014\/09\/DSC_0348a.jpg' rel=\"lightbox[455]\"><img loading=\"lazy\" decoding=\"async\" width=\"150\" height=\"150\" src=\"https:\/\/paliskunnat.fi\/poro\/wp-content\/uploads\/2014\/09\/DSC_0348a-150x150.jpg\" class=\"attachment-thumbnail size-thumbnail\" alt=\"\" \/><\/a>\n\t\t\t<\/dt><\/dl><dl class='gallery-item'>\n\t\t\t<dt class='gallery-icon landscape'>\n\t\t\t\t<a href='https:\/\/paliskunnat.fi\/poro\/wp-content\/uploads\/2014\/09\/DSC_0499a.jpg' rel=\"lightbox[455]\"><img loading=\"lazy\" decoding=\"async\" width=\"150\" height=\"150\" src=\"https:\/\/paliskunnat.fi\/poro\/wp-content\/uploads\/2014\/09\/DSC_0499a-150x150.jpg\" class=\"attachment-thumbnail size-thumbnail\" alt=\"\" \/><\/a>\n\t\t\t<\/dt><\/dl><dl class='gallery-item'>\n\t\t\t<dt class='gallery-icon landscape'>\n\t\t\t\t<a href='https:\/\/paliskunnat.fi\/poro\/wp-content\/uploads\/2014\/09\/DSC_0567a.jpg' rel=\"lightbox[455]\"><img loading=\"lazy\" decoding=\"async\" width=\"150\" height=\"150\" src=\"https:\/\/paliskunnat.fi\/poro\/wp-content\/uploads\/2014\/09\/DSC_0567a-150x150.jpg\" class=\"attachment-thumbnail size-thumbnail\" alt=\"\" \/><\/a>\n\t\t\t<\/dt><\/dl><br style=\"clear: both\" \/>\n\t\t<\/div>\n\n<p>&nbsp;<\/p>\n<p>Porokilpailut ovat koko perheelle mukava\u00a0el\u00e4myksellinen tapahtumaviikonloppu.\u00a0Porokilpailujen talvinen eksotiikka houkuttelee my\u00f6s kansainv\u00e4list\u00e4 yleis\u00f6\u00e4 ja kisapaikalla riitt\u00e4\u00e4 n\u00e4ht\u00e4v\u00e4\u00e4. Teknologia on tuonut porokilpailut kaikkien ulottuville. Tunnelmia jaetaan\u00a0sosiaalisessa mediassa\u00a0ja reaaliaikainen tulosseuranta on palvellut tuloksista\u00a0kiinnostuneita.<\/p>\n<p>Suomen Porokilpailijat ry \u00a0valvoo Poro Cup -kilpailusarjaa ja vastaa porokuninkuusajojen\u00a0j\u00e4rjestelyist\u00e4.\u00a0Poro Cup -kausi alkaa helmikuun puoliv\u00e4liss\u00e4 ja jatkuu huhtikuun alkuun. Kisakausi huipentuu parhaiden porojen mittel\u00f6\u00f6n porokuninkuudesta.<\/p>\n<p>&nbsp;<\/p>\n<p><!--more--><\/p>\n<h2>Suomen Porokilpailijat ry<\/h2>\n<p><a href=\"https:\/\/porokilpailijat.fi\/\" class=\"external external_icon\" rel=\"nofollow\">Porokilpailijat<\/a><\/p>\n<h2>FB Team Kilpah\u00e4r\u00e4t<\/h2>\n<p><a href=\"https:\/\/www.facebook.com\/Porokilpailut.fi\/timeline?ref=page_internal\" class=\"external external_icon\" rel=\"nofollow\">Team Kilpah\u00e4r\u00e4t ry<\/a><\/p>\n<h2>Suopunginheitt\u00e4j\u00e4t ry<\/h2>\n<p><a href=\"http:\/\/www.suopunki.fi\/\" class=\"external external_icon\" rel=\"nofollow\">www.suopunki.fi<\/a><\/p>\n<h2>62. Porokuninkuus<br \/>\n(Inari 2014)<\/h2>\n<p><a href=\"https:\/\/www.youtube.com\/watch?v=GfA6E1NMOxo&amp;feature=youtu.be\" class=\"external\" rel=\"nofollow\"><img loading=\"lazy\" decoding=\"async\" class=\"alignnone wp-image-3368 size-full\" src=\"https:\/\/paliskunnat.fi\/poro\/wp-content\/uploads\/2015\/12\/porokuninkuus2014.png\" alt=\"porokuninkuus2014\" width=\"150\" height=\"84\" \/><\/a>Videokooste Inarin porokuninkuusajoista (<a href=\"https:\/\/www.youtube.com\/watch?v=GfA6E1NMOxo&amp;feature=youtu.be\" class=\"external external_icon\" rel=\"nofollow\">Youtube<\/a>)<\/p>\n<h2>63. Porokuninkuus<br \/>\n(Inari 2015)<\/h2>\n<p><a href=\"https:\/\/www.youtube.com\/watch?v=8Ga_sd0DWpg&amp;feature=youtu.be\" class=\"external\" rel=\"nofollow\"><img loading=\"lazy\" decoding=\"async\" class=\"alignnone wp-image-3369 size-full\" src=\"https:\/\/paliskunnat.fi\/poro\/wp-content\/uploads\/2015\/12\/porokuninkuus2015.png\" alt=\"porokuninkuus2015\" width=\"150\" height=\"83\" \/><\/a><\/p>\n<p>The guardian: <a href=\"https:\/\/www.theguardian.com\/world\/2015\/dec\/23\/how-to-train-your-reindeer-racing-finland\" class=\"external external_icon\" rel=\"nofollow\">This is not a beauty contest<\/a>\u00a0(2015)<\/p>\n<p>Watching <a href=\"http:\/\/finland.fi\/life-society\/watching-rudolph-run-in-finnish-lapland\/\" class=\"external external_icon\" rel=\"nofollow\">Rudolf run in Finnish Lapland<\/a> (2014)<\/p>\n","protected":false},"excerpt":{"rendered":"<p>Porokilpailut tarjoavat el\u00e4myksi\u00e4 Porokilpailut pitkine perinteineen ovat paitsi vauhdikas ja v\u00e4rik\u00e4s urheilulaji my\u00f6s\u00a0olennainen osa pohjoista porokulttuuria. Porokilpailuja on Suomessa j\u00e4rjestetty\u00a0vuodesta 1932. Nykyisell\u00e4\u00e4n porokilpailut ovat organisoitua\u00a0ja s\u00e4\u00e4nnelty\u00e4 harrastustoimintaa. Kilpaporot ovat koulutettuja urosporoja. Niiden hyvinvoinnista huolehtiminen on porokilpailutoiminnassa avainasemassa. Poroja koulutetaan ja valmennetaan systemaattisesti ja ammattitaidolla. Poroa ei ole mahdollista pakottaa juoksemaan: jos poro ei halua juosta, [&hellip;]<\/p>\n","protected":false},"author":1,"featured_media":0,"parent":0,"menu_order":6,"comment_status":"open","ping_status":"closed","template":"","meta":{"footnotes":""},"class_list":["post-455","page","type-page","status-publish","hentry"],"yoast_head":"<!-- This site is optimized with the Yoast SEO plugin v27.2 - https:\/\/yoast.com\/product\/yoast-seo-wordpress\/ -->\n<title>Porokilpailut - Poro ja poronhoito<\/title>\n<meta name=\"robots\" content=\"index, follow, max-snippet:-1, max-image-preview:large, max-video-preview:-1\" \/>\n<link rel=\"canonical\" href=\"https:\/\/paliskunnat.fi\/poro\/porokilpailut\/\" \/>\n<meta property=\"og:locale\" content=\"fi_FI\" \/>\n<meta property=\"og:type\" content=\"article\" \/>\n<meta property=\"og:title\" content=\"Porokilpailut - Poro ja poronhoito\" \/>\n<meta property=\"og:description\" content=\"Porokilpailut tarjoavat el\u00e4myksi\u00e4 Porokilpailut pitkine perinteineen ovat paitsi vauhdikas ja v\u00e4rik\u00e4s urheilulaji my\u00f6s\u00a0olennainen osa pohjoista porokulttuuria. Porokilpailuja on Suomessa j\u00e4rjestetty\u00a0vuodesta 1932. Nykyisell\u00e4\u00e4n porokilpailut ovat organisoitua\u00a0ja s\u00e4\u00e4nnelty\u00e4 harrastustoimintaa. Kilpaporot ovat koulutettuja urosporoja. Niiden hyvinvoinnista huolehtiminen on porokilpailutoiminnassa avainasemassa. Poroja koulutetaan ja valmennetaan systemaattisesti ja ammattitaidolla. Poroa ei ole mahdollista pakottaa juoksemaan: jos poro ei halua juosta, [&hellip;]\" \/>\n<meta property=\"og:url\" content=\"https:\/\/paliskunnat.fi\/poro\/porokilpailut\/\" \/>\n<meta property=\"og:site_name\" content=\"Poro ja poronhoito\" \/>\n<meta property=\"article:modified_time\" content=\"2025-12-13T12:43:56+00:00\" \/>\n<meta property=\"og:image\" content=\"https:\/\/paliskunnat.fi\/poro\/wp-content\/uploads\/2014\/09\/DSC_0019a1-150x150.jpg\" \/>\n<meta name=\"twitter:card\" content=\"summary_large_image\" \/>\n<meta name=\"twitter:label1\" content=\"Arvioitu lukuaika\" \/>\n\t<meta name=\"twitter:data1\" content=\"2 minuuttia\" \/>\n<script type=\"application\/ld+json\" class=\"yoast-schema-graph\">{\"@context\":\"https:\/\/schema.org\",\"@graph\":[{\"@type\":\"WebPage\",\"@id\":\"https:\/\/paliskunnat.fi\/poro\/porokilpailut\/\",\"url\":\"https:\/\/paliskunnat.fi\/poro\/porokilpailut\/\",\"name\":\"Porokilpailut - Poro ja poronhoito\",\"isPartOf\":{\"@id\":\"https:\/\/paliskunnat.fi\/poro\/#website\"},\"primaryImageOfPage\":{\"@id\":\"https:\/\/paliskunnat.fi\/poro\/porokilpailut\/#primaryimage\"},\"image\":{\"@id\":\"https:\/\/paliskunnat.fi\/poro\/porokilpailut\/#primaryimage\"},\"thumbnailUrl\":\"https:\/\/paliskunnat.fi\/poro\/wp-content\/uploads\/2015\/12\/porokuninkuus2014.png\",\"datePublished\":\"2014-09-09T19:16:52+00:00\",\"dateModified\":\"2025-12-13T12:43:56+00:00\",\"breadcrumb\":{\"@id\":\"https:\/\/paliskunnat.fi\/poro\/porokilpailut\/#breadcrumb\"},\"inLanguage\":\"fi\",\"potentialAction\":[{\"@type\":\"ReadAction\",\"target\":[\"https:\/\/paliskunnat.fi\/poro\/porokilpailut\/\"]}]},{\"@type\":\"ImageObject\",\"inLanguage\":\"fi\",\"@id\":\"https:\/\/paliskunnat.fi\/poro\/porokilpailut\/#primaryimage\",\"url\":\"https:\/\/paliskunnat.fi\/poro\/wp-content\/uploads\/2015\/12\/porokuninkuus2014.png\",\"contentUrl\":\"https:\/\/paliskunnat.fi\/poro\/wp-content\/uploads\/2015\/12\/porokuninkuus2014.png\",\"width\":150,\"height\":84},{\"@type\":\"BreadcrumbList\",\"@id\":\"https:\/\/paliskunnat.fi\/poro\/porokilpailut\/#breadcrumb\",\"itemListElement\":[{\"@type\":\"ListItem\",\"position\":1,\"name\":\"Home\",\"item\":\"https:\/\/paliskunnat.fi\/poro\/\"},{\"@type\":\"ListItem\",\"position\":2,\"name\":\"Porokilpailut\"}]},{\"@type\":\"WebSite\",\"@id\":\"https:\/\/paliskunnat.fi\/poro\/#website\",\"url\":\"https:\/\/paliskunnat.fi\/poro\/\",\"name\":\"Poro ja poronhoito\",\"description\":\"Poro ja poronhoito Suomessa\",\"potentialAction\":[{\"@type\":\"SearchAction\",\"target\":{\"@type\":\"EntryPoint\",\"urlTemplate\":\"https:\/\/paliskunnat.fi\/poro\/?s={search_term_string}\"},\"query-input\":{\"@type\":\"PropertyValueSpecification\",\"valueRequired\":true,\"valueName\":\"search_term_string\"}}],\"inLanguage\":\"fi\"}]}<\/script>\n<!-- \/ Yoast SEO plugin. -->","yoast_head_json":{"title":"Porokilpailut - Poro ja poronhoito","robots":{"index":"index","follow":"follow","max-snippet":"max-snippet:-1","max-image-preview":"max-image-preview:large","max-video-preview":"max-video-preview:-1"},"canonical":"https:\/\/paliskunnat.fi\/poro\/porokilpailut\/","og_locale":"fi_FI","og_type":"article","og_title":"Porokilpailut - Poro ja poronhoito","og_description":"Porokilpailut tarjoavat el\u00e4myksi\u00e4 Porokilpailut pitkine perinteineen ovat paitsi vauhdikas ja v\u00e4rik\u00e4s urheilulaji my\u00f6s\u00a0olennainen osa pohjoista porokulttuuria. Porokilpailuja on Suomessa j\u00e4rjestetty\u00a0vuodesta 1932. Nykyisell\u00e4\u00e4n porokilpailut ovat organisoitua\u00a0ja s\u00e4\u00e4nnelty\u00e4 harrastustoimintaa. Kilpaporot ovat koulutettuja urosporoja. Niiden hyvinvoinnista huolehtiminen on porokilpailutoiminnassa avainasemassa. Poroja koulutetaan ja valmennetaan systemaattisesti ja ammattitaidolla. Poroa ei ole mahdollista pakottaa juoksemaan: jos poro ei halua juosta, [&hellip;]","og_url":"https:\/\/paliskunnat.fi\/poro\/porokilpailut\/","og_site_name":"Poro ja poronhoito","article_modified_time":"2025-12-13T12:43:56+00:00","og_image":[{"url":"https:\/\/paliskunnat.fi\/poro\/wp-content\/uploads\/2014\/09\/DSC_0019a1-150x150.jpg","type":"","width":"","height":""}],"twitter_card":"summary_large_image","twitter_misc":{"Arvioitu lukuaika":"2 minuuttia"},"schema":{"@context":"https:\/\/schema.org","@graph":[{"@type":"WebPage","@id":"https:\/\/paliskunnat.fi\/poro\/porokilpailut\/","url":"https:\/\/paliskunnat.fi\/poro\/porokilpailut\/","name":"Porokilpailut - Poro ja poronhoito","isPartOf":{"@id":"https:\/\/paliskunnat.fi\/poro\/#website"},"primaryImageOfPage":{"@id":"https:\/\/paliskunnat.fi\/poro\/porokilpailut\/#primaryimage"},"image":{"@id":"https:\/\/paliskunnat.fi\/poro\/porokilpailut\/#primaryimage"},"thumbnailUrl":"https:\/\/paliskunnat.fi\/poro\/wp-content\/uploads\/2015\/12\/porokuninkuus2014.png","datePublished":"2014-09-09T19:16:52+00:00","dateModified":"2025-12-13T12:43:56+00:00","breadcrumb":{"@id":"https:\/\/paliskunnat.fi\/poro\/porokilpailut\/#breadcrumb"},"inLanguage":"fi","potentialAction":[{"@type":"ReadAction","target":["https:\/\/paliskunnat.fi\/poro\/porokilpailut\/"]}]},{"@type":"ImageObject","inLanguage":"fi","@id":"https:\/\/paliskunnat.fi\/poro\/porokilpailut\/#primaryimage","url":"https:\/\/paliskunnat.fi\/poro\/wp-content\/uploads\/2015\/12\/porokuninkuus2014.png","contentUrl":"https:\/\/paliskunnat.fi\/poro\/wp-content\/uploads\/2015\/12\/porokuninkuus2014.png","width":150,"height":84},{"@type":"BreadcrumbList","@id":"https:\/\/paliskunnat.fi\/poro\/porokilpailut\/#breadcrumb","itemListElement":[{"@type":"ListItem","position":1,"name":"Home","item":"https:\/\/paliskunnat.fi\/poro\/"},{"@type":"ListItem","position":2,"name":"Porokilpailut"}]},{"@type":"WebSite","@id":"https:\/\/paliskunnat.fi\/poro\/#website","url":"https:\/\/paliskunnat.fi\/poro\/","name":"Poro ja poronhoito","description":"Poro ja poronhoito Suomessa","potentialAction":[{"@type":"SearchAction","target":{"@type":"EntryPoint","urlTemplate":"https:\/\/paliskunnat.fi\/poro\/?s={search_term_string}"},"query-input":{"@type":"PropertyValueSpecification","valueRequired":true,"valueName":"search_term_string"}}],"inLanguage":"fi"}]}},"_links":{"self":[{"href":"https:\/\/paliskunnat.fi\/poro\/wp-json\/wp\/v2\/pages\/455","targetHints":{"allow":["GET"]}}],"collection":[{"href":"https:\/\/paliskunnat.fi\/poro\/wp-json\/wp\/v2\/pages"}],"about":[{"href":"https:\/\/paliskunnat.fi\/poro\/wp-json\/wp\/v2\/types\/page"}],"author":[{"embeddable":true,"href":"https:\/\/paliskunnat.fi\/poro\/wp-json\/wp\/v2\/users\/1"}],"replies":[{"embeddable":true,"href":"https:\/\/paliskunnat.fi\/poro\/wp-json\/wp\/v2\/comments?post=455"}],"version-history":[{"count":91,"href":"https:\/\/paliskunnat.fi\/poro\/wp-json\/wp\/v2\/pages\/455\/revisions"}],"predecessor-version":[{"id":4753,"href":"https:\/\/paliskunnat.fi\/poro\/wp-json\/wp\/v2\/pages\/455\/revisions\/4753"}],"wp:attachment":[{"href":"https:\/\/paliskunnat.fi\/poro\/wp-json\/wp\/v2\/media?parent=455"}],"curies":[{"name":"wp","href":"https:\/\/api.w.org\/{rel}","templated":true}]}}