{"id":483,"date":"2014-09-10T20:55:37","date_gmt":"2014-09-10T17:55:37","guid":{"rendered":"http:\/\/80.69.171.23\/poro\/?page_id=483"},"modified":"2019-02-03T15:23:25","modified_gmt":"2019-02-03T13:23:25","slug":"porokoirat","status":"publish","type":"page","link":"https:\/\/paliskunnat.fi\/poro\/poro\/porokoirat\/","title":{"rendered":"Porokoirat"},"content":{"rendered":"<h2>Porokoirat<\/h2>\n<p>Kortesalmen (2008) mukaan suomalaisen porokoiran s\u00e4k\u00e4korkeus on 49\u221253 cm ja koira on pitk\u00e4, jalkava ja nopea. V\u00e4rilt\u00e4\u00e4n porokoira on tavallisesti musta tai parkinv\u00e4rinen. Rinnassa, p\u00e4\u00e4ss\u00e4 ja jaloissa on valkeita t\u00e4pli\u00e4. H\u00e4nt\u00e4 on kuten paimenkoiralla ja heiluu laajassa kaaressa. Jalostuksen tuloksena Suomeen on muodostunut kaksi porokoirarotua: <a href=\"https:\/\/fi.wikipedia.org\/wiki\/Suomenlapinkoira\" class=\"external external_icon\" rel=\"nofollow\"><strong><em>suomenlapinkoira<\/em><\/strong><\/a> ja <a href=\"https:\/\/fi.wikipedia.org\/wiki\/Lapinporokoira\" class=\"external external_icon\" rel=\"nofollow\"><strong><em>lapinporokoira<\/em><\/strong><\/a>.<\/p>\n<p><a href=\"http:\/\/www.koiramuseo.fi\/tarina\/lapinporokoira-1950-luvun-alussa\" class=\"external external_icon\" rel=\"nofollow\">Lapinporokoira 1950-luvun alussa<\/a> (video: www.koiramuseo.fi)<\/p>\n<p>Koiran k\u00e4yt\u00f6ll\u00e4 poronhoidossa on pitk\u00e4t perinteet, mutta moottorikelkka ja elinkeinon teknistyminen notkauttivat porokoiran suosion.\u00a0Kelkan avulla porot saadaan koottua aitoihin joutuisammin koirista riippumatta ja lis\u00e4ksi varhaisissa kelkoissa ei ollut paikkaa koiran kuljettamiseen. Kiinnostus porokoiraa kohtaan on kuitenkin virinnyt uudelleen 1990-luvulta alkaen. Nykyisin koiria on k\u00e4yt\u00f6ss\u00e4 jo kohtuullisen laajalti erityisesti pohjoisella ja keskisell\u00e4 poronhoitoalueella.<\/p>\n<p><a href=\"https:\/\/paliskunnat.fi\/poro\/wp-content\/uploads\/2014\/09\/porokoira_muonio.jpg\" rel=\"lightbox[483]\"><img loading=\"lazy\" decoding=\"async\" class=\"alignnone wp-image-3239\" src=\"https:\/\/paliskunnat.fi\/poro\/wp-content\/uploads\/2014\/09\/porokoira_muonio.jpg\" alt=\"Muonion paliskunnan ty\u00f6koira P\u00f6s\u00f6 (lapinporokoira)\" width=\"460\" height=\"323\" srcset=\"https:\/\/paliskunnat.fi\/poro\/wp-content\/uploads\/2014\/09\/porokoira_muonio.jpg 1000w, https:\/\/paliskunnat.fi\/poro\/wp-content\/uploads\/2014\/09\/porokoira_muonio-300x211.jpg 300w\" sizes=\"auto, (max-width: 460px) 100vw, 460px\" \/><\/a><\/p>\n<p>Koiran ja ihmisen yhteinen suhde ulottuu yli 15 000 vuoden p\u00e4\u00e4h\u00e4n vanhemmalle kivikaudelle saakka. Milloin koiraa alettiin k\u00e4ytt\u00e4\u00e4 apuna poronhoitot\u00f6iss\u00e4? Kirjallisia tietoja koirien k\u00e4yt\u00f6st\u00e4 ei ole s\u00e4ilynyt.\u00a0V. J. Oinonen toteaa <em>Lapin yliper\u00e4ll\u00e4\u00a0<\/em>kirjassaan seuraavasti:<\/p>\n<p><em>&#8221;Kun h\u00e4ik\u00e4ilem\u00e4t\u00f6n peuranpyynti talttui riistan v\u00e4hetess\u00e4 suunnilleen nykyaikaiseksi porotaloudeksi, Lapin koirankin piti muuttaa luonnettaan. Vihaisesti porojen kimppuun k\u00e4yneen mets\u00e4styskoiran oli t\u00e4st\u00b4edes maltettava suhtautua niihin leppe\u00e4sti varoen kuitenkin menett\u00e4m\u00e4st\u00e4 arvovaltaansa porojen silmiss\u00e4. Koirassa tapahtunut muutos on lappalaisten aikaansaannos. Pahimmat porojen laukottajat ja kinttuihin pureutujat h\u00e4vitettiin ja saman kohtalon saivat pehme\u00e4luontoiset koirat, joita porot eiv\u00e4t kunnioittaneet. N\u00e4iden \u00e4\u00e4rimm\u00e4isyyksien v\u00e4liin j\u00e4\u00e4neist\u00e4 koirista koulutettiin poromiehen ty\u00f6toveri&#8221;.<\/em><\/p>\n<p>&nbsp;<\/p>\n<p>&nbsp;<\/p>\n<p><!--more--><\/p>\n<h2>Porokoira -arkistoelokuva<\/h2>\n<p><a href=\"https:\/\/yle.fi\/aihe\/artikkeli\/2010\/02\/08\/porokoira-on-poromiehen-paras-apuri\/\" target=\"_blank\" rel=\"noopener nofollow\" class=\"external external_icon\">Porokoira<\/a> on poromiehen paras apuri. El\u00e4v\u00e4 arkisto 1969.<\/p>\n<h2>Dogs of Lapland<\/h2>\n<p>Sanna Karppinen: <a href=\"https:\/\/issuu.com\/kirjakaari\/docs\/dogsoflapland_netti\" class=\"external external_icon\" rel=\"nofollow\">Dog of Lapland cheerful presents<\/a> (issuu-julkaisu)<\/p>\n<h2>Uniaavan kennel -sivusto<\/h2>\n<blockquote class=\"wp-embedded-content\" data-secret=\"46kaSTflSf\"><p><a href=\"https:\/\/uniaavan.wordpress.com\/\" class=\"external external_icon\" rel=\"nofollow\">Poroja ja ty\u00f6koiria&nbsp;Aapalapista<\/a><\/p><\/blockquote>\n<p><iframe loading=\"lazy\" class=\"wp-embedded-content\" sandbox=\"allow-scripts\" security=\"restricted\" style=\"position: absolute; clip: rect(1px, 1px, 1px, 1px);\" title=\"&#8221;Poroja ja ty\u00f6koiria&nbsp;Aapalapista&#8221; &#8212; Uniaavan kennel\" src=\"https:\/\/uniaavan.wordpress.com\/embed\/#?secret=2G5ANc3Y3u#?secret=46kaSTflSf\" data-secret=\"46kaSTflSf\" width=\"500\" height=\"282\" frameborder=\"0\" marginwidth=\"0\" marginheight=\"0\" scrolling=\"no\"><\/iframe><\/p>\n<h2>Lappalaiskoirat ry<\/h2>\n<p><a href=\"http:\/\/www.lappalaiskoirat.fi\/\" class=\"external external_icon\" rel=\"nofollow\">Lappalaiskoirat ry<\/a>; rotutietoa, tietoa ja kasvattajia<\/p>\n<h2>Lapinporokoira<\/h2>\n<p>Wikipedia-artikkeli: <a href=\"http:\/\/fi.wikipedia.org\/wiki\/Lapinporokoira\" class=\"external external_icon\" rel=\"nofollow\">Lapinporokoira<\/a><\/p>\n<h2>Paimensukuinen lapinkoira<\/h2>\n<p><a href=\"http:\/\/paimensukuinen.fi\/wpress\/about\/\" class=\"external external_icon\" rel=\"nofollow\">WWW-sivusto<\/a> paimensukuisesta lapinkoirasta.<\/p>\n","protected":false},"excerpt":{"rendered":"<p>Porokoirat Kortesalmen (2008) mukaan suomalaisen porokoiran s\u00e4k\u00e4korkeus on 49\u221253 cm ja koira on pitk\u00e4, jalkava ja nopea. V\u00e4rilt\u00e4\u00e4n porokoira on tavallisesti musta tai parkinv\u00e4rinen. Rinnassa, p\u00e4\u00e4ss\u00e4 ja jaloissa on valkeita t\u00e4pli\u00e4. H\u00e4nt\u00e4 on kuten paimenkoiralla ja heiluu laajassa kaaressa. Jalostuksen tuloksena Suomeen on muodostunut kaksi porokoirarotua: suomenlapinkoira ja lapinporokoira. Lapinporokoira 1950-luvun alussa (video: www.koiramuseo.fi) Koiran [&hellip;]<\/p>\n","protected":false},"author":1,"featured_media":0,"parent":2,"menu_order":3,"comment_status":"open","ping_status":"closed","template":"","meta":{"footnotes":""},"class_list":["post-483","page","type-page","status-publish","hentry"],"yoast_head":"<!-- This site is optimized with the Yoast SEO plugin v27.2 - https:\/\/yoast.com\/product\/yoast-seo-wordpress\/ -->\n<title>Porokoirat - Poro ja poronhoito<\/title>\n<meta name=\"robots\" content=\"index, follow, max-snippet:-1, max-image-preview:large, max-video-preview:-1\" \/>\n<link rel=\"canonical\" href=\"https:\/\/paliskunnat.fi\/poro\/poro\/porokoirat\/\" \/>\n<meta property=\"og:locale\" content=\"fi_FI\" \/>\n<meta property=\"og:type\" content=\"article\" \/>\n<meta property=\"og:title\" content=\"Porokoirat - Poro ja poronhoito\" \/>\n<meta property=\"og:description\" content=\"Porokoirat Kortesalmen (2008) mukaan suomalaisen porokoiran s\u00e4k\u00e4korkeus on 49\u221253 cm ja koira on pitk\u00e4, jalkava ja nopea. V\u00e4rilt\u00e4\u00e4n porokoira on tavallisesti musta tai parkinv\u00e4rinen. Rinnassa, p\u00e4\u00e4ss\u00e4 ja jaloissa on valkeita t\u00e4pli\u00e4. H\u00e4nt\u00e4 on kuten paimenkoiralla ja heiluu laajassa kaaressa. Jalostuksen tuloksena Suomeen on muodostunut kaksi porokoirarotua: suomenlapinkoira ja lapinporokoira. Lapinporokoira 1950-luvun alussa (video: www.koiramuseo.fi) Koiran [&hellip;]\" \/>\n<meta property=\"og:url\" content=\"https:\/\/paliskunnat.fi\/poro\/poro\/porokoirat\/\" \/>\n<meta property=\"og:site_name\" content=\"Poro ja poronhoito\" \/>\n<meta property=\"article:modified_time\" content=\"2019-02-03T13:23:25+00:00\" \/>\n<meta property=\"og:image\" content=\"https:\/\/paliskunnat.fi\/poro\/wp-content\/uploads\/2014\/09\/porokoira_muonio.jpg\" \/>\n<meta name=\"twitter:card\" content=\"summary_large_image\" \/>\n<meta name=\"twitter:label1\" content=\"Arvioitu lukuaika\" \/>\n\t<meta name=\"twitter:data1\" content=\"1 minuutti\" \/>\n<script type=\"application\/ld+json\" class=\"yoast-schema-graph\">{\"@context\":\"https:\/\/schema.org\",\"@graph\":[{\"@type\":\"WebPage\",\"@id\":\"https:\/\/paliskunnat.fi\/poro\/poro\/porokoirat\/\",\"url\":\"https:\/\/paliskunnat.fi\/poro\/poro\/porokoirat\/\",\"name\":\"Porokoirat - Poro ja poronhoito\",\"isPartOf\":{\"@id\":\"https:\/\/paliskunnat.fi\/poro\/#website\"},\"primaryImageOfPage\":{\"@id\":\"https:\/\/paliskunnat.fi\/poro\/poro\/porokoirat\/#primaryimage\"},\"image\":{\"@id\":\"https:\/\/paliskunnat.fi\/poro\/poro\/porokoirat\/#primaryimage\"},\"thumbnailUrl\":\"https:\/\/paliskunnat.fi\/poro\/wp-content\/uploads\/2014\/09\/porokoira_muonio.jpg\",\"datePublished\":\"2014-09-10T17:55:37+00:00\",\"dateModified\":\"2019-02-03T13:23:25+00:00\",\"breadcrumb\":{\"@id\":\"https:\/\/paliskunnat.fi\/poro\/poro\/porokoirat\/#breadcrumb\"},\"inLanguage\":\"fi\",\"potentialAction\":[{\"@type\":\"ReadAction\",\"target\":[\"https:\/\/paliskunnat.fi\/poro\/poro\/porokoirat\/\"]}]},{\"@type\":\"ImageObject\",\"inLanguage\":\"fi\",\"@id\":\"https:\/\/paliskunnat.fi\/poro\/poro\/porokoirat\/#primaryimage\",\"url\":\"https:\/\/paliskunnat.fi\/poro\/wp-content\/uploads\/2014\/09\/porokoira_muonio.jpg\",\"contentUrl\":\"https:\/\/paliskunnat.fi\/poro\/wp-content\/uploads\/2014\/09\/porokoira_muonio.jpg\",\"width\":1000,\"height\":703},{\"@type\":\"BreadcrumbList\",\"@id\":\"https:\/\/paliskunnat.fi\/poro\/poro\/porokoirat\/#breadcrumb\",\"itemListElement\":[{\"@type\":\"ListItem\",\"position\":1,\"name\":\"Home\",\"item\":\"https:\/\/paliskunnat.fi\/poro\/\"},{\"@type\":\"ListItem\",\"position\":2,\"name\":\"Poro\",\"item\":\"https:\/\/paliskunnat.fi\/poro\/poro\/\"},{\"@type\":\"ListItem\",\"position\":3,\"name\":\"Porokoirat\"}]},{\"@type\":\"WebSite\",\"@id\":\"https:\/\/paliskunnat.fi\/poro\/#website\",\"url\":\"https:\/\/paliskunnat.fi\/poro\/\",\"name\":\"Poro ja poronhoito\",\"description\":\"Poro ja poronhoito Suomessa\",\"potentialAction\":[{\"@type\":\"SearchAction\",\"target\":{\"@type\":\"EntryPoint\",\"urlTemplate\":\"https:\/\/paliskunnat.fi\/poro\/?s={search_term_string}\"},\"query-input\":{\"@type\":\"PropertyValueSpecification\",\"valueRequired\":true,\"valueName\":\"search_term_string\"}}],\"inLanguage\":\"fi\"}]}<\/script>\n<!-- \/ Yoast SEO plugin. -->","yoast_head_json":{"title":"Porokoirat - Poro ja poronhoito","robots":{"index":"index","follow":"follow","max-snippet":"max-snippet:-1","max-image-preview":"max-image-preview:large","max-video-preview":"max-video-preview:-1"},"canonical":"https:\/\/paliskunnat.fi\/poro\/poro\/porokoirat\/","og_locale":"fi_FI","og_type":"article","og_title":"Porokoirat - Poro ja poronhoito","og_description":"Porokoirat Kortesalmen (2008) mukaan suomalaisen porokoiran s\u00e4k\u00e4korkeus on 49\u221253 cm ja koira on pitk\u00e4, jalkava ja nopea. V\u00e4rilt\u00e4\u00e4n porokoira on tavallisesti musta tai parkinv\u00e4rinen. Rinnassa, p\u00e4\u00e4ss\u00e4 ja jaloissa on valkeita t\u00e4pli\u00e4. H\u00e4nt\u00e4 on kuten paimenkoiralla ja heiluu laajassa kaaressa. Jalostuksen tuloksena Suomeen on muodostunut kaksi porokoirarotua: suomenlapinkoira ja lapinporokoira. Lapinporokoira 1950-luvun alussa (video: www.koiramuseo.fi) Koiran [&hellip;]","og_url":"https:\/\/paliskunnat.fi\/poro\/poro\/porokoirat\/","og_site_name":"Poro ja poronhoito","article_modified_time":"2019-02-03T13:23:25+00:00","og_image":[{"url":"https:\/\/paliskunnat.fi\/poro\/wp-content\/uploads\/2014\/09\/porokoira_muonio.jpg","type":"","width":"","height":""}],"twitter_card":"summary_large_image","twitter_misc":{"Arvioitu lukuaika":"1 minuutti"},"schema":{"@context":"https:\/\/schema.org","@graph":[{"@type":"WebPage","@id":"https:\/\/paliskunnat.fi\/poro\/poro\/porokoirat\/","url":"https:\/\/paliskunnat.fi\/poro\/poro\/porokoirat\/","name":"Porokoirat - Poro ja poronhoito","isPartOf":{"@id":"https:\/\/paliskunnat.fi\/poro\/#website"},"primaryImageOfPage":{"@id":"https:\/\/paliskunnat.fi\/poro\/poro\/porokoirat\/#primaryimage"},"image":{"@id":"https:\/\/paliskunnat.fi\/poro\/poro\/porokoirat\/#primaryimage"},"thumbnailUrl":"https:\/\/paliskunnat.fi\/poro\/wp-content\/uploads\/2014\/09\/porokoira_muonio.jpg","datePublished":"2014-09-10T17:55:37+00:00","dateModified":"2019-02-03T13:23:25+00:00","breadcrumb":{"@id":"https:\/\/paliskunnat.fi\/poro\/poro\/porokoirat\/#breadcrumb"},"inLanguage":"fi","potentialAction":[{"@type":"ReadAction","target":["https:\/\/paliskunnat.fi\/poro\/poro\/porokoirat\/"]}]},{"@type":"ImageObject","inLanguage":"fi","@id":"https:\/\/paliskunnat.fi\/poro\/poro\/porokoirat\/#primaryimage","url":"https:\/\/paliskunnat.fi\/poro\/wp-content\/uploads\/2014\/09\/porokoira_muonio.jpg","contentUrl":"https:\/\/paliskunnat.fi\/poro\/wp-content\/uploads\/2014\/09\/porokoira_muonio.jpg","width":1000,"height":703},{"@type":"BreadcrumbList","@id":"https:\/\/paliskunnat.fi\/poro\/poro\/porokoirat\/#breadcrumb","itemListElement":[{"@type":"ListItem","position":1,"name":"Home","item":"https:\/\/paliskunnat.fi\/poro\/"},{"@type":"ListItem","position":2,"name":"Poro","item":"https:\/\/paliskunnat.fi\/poro\/poro\/"},{"@type":"ListItem","position":3,"name":"Porokoirat"}]},{"@type":"WebSite","@id":"https:\/\/paliskunnat.fi\/poro\/#website","url":"https:\/\/paliskunnat.fi\/poro\/","name":"Poro ja poronhoito","description":"Poro ja poronhoito Suomessa","potentialAction":[{"@type":"SearchAction","target":{"@type":"EntryPoint","urlTemplate":"https:\/\/paliskunnat.fi\/poro\/?s={search_term_string}"},"query-input":{"@type":"PropertyValueSpecification","valueRequired":true,"valueName":"search_term_string"}}],"inLanguage":"fi"}]}},"_links":{"self":[{"href":"https:\/\/paliskunnat.fi\/poro\/wp-json\/wp\/v2\/pages\/483","targetHints":{"allow":["GET"]}}],"collection":[{"href":"https:\/\/paliskunnat.fi\/poro\/wp-json\/wp\/v2\/pages"}],"about":[{"href":"https:\/\/paliskunnat.fi\/poro\/wp-json\/wp\/v2\/types\/page"}],"author":[{"embeddable":true,"href":"https:\/\/paliskunnat.fi\/poro\/wp-json\/wp\/v2\/users\/1"}],"replies":[{"embeddable":true,"href":"https:\/\/paliskunnat.fi\/poro\/wp-json\/wp\/v2\/comments?post=483"}],"version-history":[{"count":53,"href":"https:\/\/paliskunnat.fi\/poro\/wp-json\/wp\/v2\/pages\/483\/revisions"}],"predecessor-version":[{"id":4030,"href":"https:\/\/paliskunnat.fi\/poro\/wp-json\/wp\/v2\/pages\/483\/revisions\/4030"}],"up":[{"embeddable":true,"href":"https:\/\/paliskunnat.fi\/poro\/wp-json\/wp\/v2\/pages\/2"}],"wp:attachment":[{"href":"https:\/\/paliskunnat.fi\/poro\/wp-json\/wp\/v2\/media?parent=483"}],"curies":[{"name":"wp","href":"https:\/\/api.w.org\/{rel}","templated":true}]}}