{"id":56,"date":"2014-09-01T09:33:11","date_gmt":"2014-09-01T06:33:11","guid":{"rendered":"http:\/\/80.69.171.23\/poro\/?page_id=56"},"modified":"2018-03-29T16:20:03","modified_gmt":"2018-03-29T13:20:03","slug":"historia","status":"publish","type":"page","link":"https:\/\/paliskunnat.fi\/poro\/poronhoito\/historia\/","title":{"rendered":"Poronhoidon kehitys"},"content":{"rendered":"<h2>Poronhoidon kehitys<\/h2>\n<p>Poronhoidon katsotaan saaneen alkunsa peuranmets\u00e4styksest\u00e4. Peurat olivat elint\u00e4rkeit\u00e4 riistael\u00e4imi\u00e4 heti j\u00e4\u00e4kauden j\u00e4lkeen, el\u00e4m\u00e4n levitt\u00e4ytyess\u00e4 kohti pohjoista. Peuranmets\u00e4stys hiipui villipeurojen m\u00e4\u00e4r\u00e4n v\u00e4hentymisen my\u00f6t\u00e4.\u00a0Peuranmets\u00e4styksest\u00e4 siirryttiin v\u00e4hitellen pienimuotoiseen poronhoitoon peuroja kesytt\u00e4m\u00e4ll\u00e4.<\/p>\n<p>T\u00e4ydellist\u00e4 varmuutta peurojen kesytt\u00e4mistavasta ei ole, mutta peuralaumoja on saatettu pyydyst\u00e4\u00e4 kesytett\u00e4v\u00e4ksi laajojen poroaitaa muistuttavien aitojen eli vuomenien avulla. Yksitt\u00e4isi\u00e4 peuroja on kesytetty monin eri tavoin ja niit\u00e4 on k\u00e4ytetty houkutusel\u00e4imin\u00e4 peuranpyynniss\u00e4, lihan ja maidon tuottajina sek\u00e4 kanto- ja vetoel\u00e4imin\u00e4.<\/p>\n<p>Norjan <a href=\"http:\/\/www.alta.museum.no\/sider\/tekst.asp?side=22&amp;meny=ROCK%20ART\" class=\"external external_icon\" rel=\"nofollow\">Altasta<\/a> l\u00f6ydetyiss\u00e4 kalliopiirroksissa on kuvattu hirvi\u00e4 ja aitauksessa olevia peuroja. Ik\u00e4\u00e4 piirroksilla on 5000\u22126000-vuotta.<\/p>\n\n\t\t<style type=\"text\/css\">\n\t\t\t#gallery-1 {\n\t\t\t\tmargin: auto;\n\t\t\t}\n\t\t\t#gallery-1 .gallery-item {\n\t\t\t\tfloat: left;\n\t\t\t\tmargin-top: 10px;\n\t\t\t\ttext-align: center;\n\t\t\t\twidth: 33%;\n\t\t\t}\n\t\t\t#gallery-1 img {\n\t\t\t\tborder: 2px solid #cfcfcf;\n\t\t\t}\n\t\t\t#gallery-1 .gallery-caption {\n\t\t\t\tmargin-left: 0;\n\t\t\t}\n\t\t\t\/* see gallery_shortcode() in wp-includes\/media.php *\/\n\t\t<\/style>\n\t\t<div id='gallery-1' class='gallery galleryid-56 gallery-columns-3 gallery-size-thumbnail'><dl class='gallery-item'>\n\t\t\t<dt class='gallery-icon landscape'>\n\t\t\t\t<a href='https:\/\/paliskunnat.fi\/poro\/wp-content\/uploads\/2018\/03\/Alta06.jpg' rel=\"lightbox[56]\"><img loading=\"lazy\" decoding=\"async\" width=\"150\" height=\"150\" src=\"https:\/\/paliskunnat.fi\/poro\/wp-content\/uploads\/2018\/03\/Alta06-150x150.jpg\" class=\"attachment-thumbnail size-thumbnail\" alt=\"\" \/><\/a>\n\t\t\t<\/dt><\/dl><dl class='gallery-item'>\n\t\t\t<dt class='gallery-icon landscape'>\n\t\t\t\t<a href='https:\/\/paliskunnat.fi\/poro\/wp-content\/uploads\/2018\/03\/Alta05.jpg' rel=\"lightbox[56]\"><img loading=\"lazy\" decoding=\"async\" width=\"150\" height=\"150\" src=\"https:\/\/paliskunnat.fi\/poro\/wp-content\/uploads\/2018\/03\/Alta05-150x150.jpg\" class=\"attachment-thumbnail size-thumbnail\" alt=\"\" \/><\/a>\n\t\t\t<\/dt><\/dl><dl class='gallery-item'>\n\t\t\t<dt class='gallery-icon landscape'>\n\t\t\t\t<a href='https:\/\/paliskunnat.fi\/poro\/wp-content\/uploads\/2018\/03\/Alta04.jpg' rel=\"lightbox[56]\"><img loading=\"lazy\" decoding=\"async\" width=\"150\" height=\"150\" src=\"https:\/\/paliskunnat.fi\/poro\/wp-content\/uploads\/2018\/03\/Alta04-150x150.jpg\" class=\"attachment-thumbnail size-thumbnail\" alt=\"\" \/><\/a>\n\t\t\t<\/dt><\/dl><br style=\"clear: both\" \/><dl class='gallery-item'>\n\t\t\t<dt class='gallery-icon landscape'>\n\t\t\t\t<a href='https:\/\/paliskunnat.fi\/poro\/wp-content\/uploads\/2018\/03\/Alta03.jpg' rel=\"lightbox[56]\"><img loading=\"lazy\" decoding=\"async\" width=\"150\" height=\"150\" src=\"https:\/\/paliskunnat.fi\/poro\/wp-content\/uploads\/2018\/03\/Alta03-150x150.jpg\" class=\"attachment-thumbnail size-thumbnail\" alt=\"\" \/><\/a>\n\t\t\t<\/dt><\/dl><dl class='gallery-item'>\n\t\t\t<dt class='gallery-icon landscape'>\n\t\t\t\t<a href='https:\/\/paliskunnat.fi\/poro\/wp-content\/uploads\/2018\/03\/Alta02.jpg' rel=\"lightbox[56]\"><img loading=\"lazy\" decoding=\"async\" width=\"150\" height=\"150\" src=\"https:\/\/paliskunnat.fi\/poro\/wp-content\/uploads\/2018\/03\/Alta02-150x150.jpg\" class=\"attachment-thumbnail size-thumbnail\" alt=\"\" \/><\/a>\n\t\t\t<\/dt><\/dl><dl class='gallery-item'>\n\t\t\t<dt class='gallery-icon landscape'>\n\t\t\t\t<a href='https:\/\/paliskunnat.fi\/poro\/wp-content\/uploads\/2018\/03\/Alta01.jpg' rel=\"lightbox[56]\"><img loading=\"lazy\" decoding=\"async\" width=\"150\" height=\"150\" src=\"https:\/\/paliskunnat.fi\/poro\/wp-content\/uploads\/2018\/03\/Alta01-150x150.jpg\" class=\"attachment-thumbnail size-thumbnail\" alt=\"\" \/><\/a>\n\t\t\t<\/dt><\/dl><br style=\"clear: both\" \/>\n\t\t<\/div>\n\n<p>&nbsp;<\/p>\n<p>Kesyn vaatimen ja villin hirvaan saattaminen yhteen kiima-aikana on menetelm\u00e4, jota kolttasaamelaiset k\u00e4yttiv\u00e4t viel\u00e4 1800-luvun lopussa (Helle 1982).<\/p>\n<p>Omavaraistaloudessa elett\u00e4ess\u00e4 poro\u00a0hy\u00f6dynnettiin\u00a0mahdollisimman tarkoin. Se toimi my\u00f6s\u00a0veto- ja kantojuhtana sek\u00e4 keskeisimp\u00e4n\u00e4 kulkuv\u00e4lineen\u00e4 pohjoisen er\u00e4maissa. Porosta saatiin ravintoa ja raaka-aineita vaatteisiin ja ty\u00f6kaluihin.<\/p>\n<p>Porot olivat jo varhain\u00a0yksityist\u00e4 omaisuutta. 800-luvulla el\u00e4neen norjalaisen heimop\u00e4\u00e4llik\u00f6n Ottarin todetaan omistaneen 600 poroa ja houkutusporoa. Porot lienev\u00e4t olleet Ottarin veroalueen saamelaisten omistamia tai hoitamia (Helle 1982, Nieminen 2014).<\/p>\n<h3>Suurporonhoidon synty<\/h3>\n<p>V\u00e4hitellen poronhoidossa siirryttiin muutamien porojen omistamisesta suurempiin porokarjoihin. Fennoskandian alueen suurporonhoito sai alkunsa my\u00f6h\u00e4iskeskiajalla L\u00e4nsi-Norjan alueella. Tunturipeurojen m\u00e4\u00e4r\u00e4n v\u00e4hentyess\u00e4 kehitettiin\u00a0uusi, paimennukseen ja jutaamiseen perustuva poronhoito. Poronhoito alkoi levit\u00e4 eri suuntiin 1300-luvulla ja saavutti Pohjois-Ruotsin ja Tornion Lapin 1400-1600-lukujen aikana.<\/p>\n<p>Paimentolaisporonhoidossa porot laidunsivat laajalla alueella. Talvella ne hankkivat ravintonsa mets\u00e4seutujen j\u00e4k\u00e4lik\u00f6ilt\u00e4, kes\u00e4laitumet taas olivat ylh\u00e4\u00e4ll\u00e4 tunturinummilla tai J\u00e4\u00e4meren hein\u00e4isill\u00e4 rannoilla ja saarilla. Yhteen suuntaan jutausmatka saattoi olla pituudeltaan jopa 400 kilometri\u00e4. Tuntureiden etel\u00e4puolisilla mets\u00e4alueilla tokat pysytteliv\u00e4t suppeammilla alueilla, poronhoito oli er\u00e4\u00e4nlaista puolipaimentolaisuutta.<\/p>\n<h3>Poronhoidon levi\u00e4minen Suomeen<\/h3>\n<p>Ruotsin ja Norjan tunturialueilta suurporonhoito levitt\u00e4ytyi v\u00e4hitellen l\u00e4nteen. Suurporonhoito levisi Suomeen Enonteki\u00f6n ja Muonion kautta. Suomessa saamelaisten ohella pohjoisen alueen uudisasukkaat ja talonpojat omaksuivat poronhoidon elinkeinokseen hyvin varhaisessa vaiheessa.<\/p>\n<p>1600-luvulla poroja yritettiin kuningas Kaarle IX:n toimeksiannosta kotiuttaa Etel\u00e4-Pohjanmaalle. Et\u00e4isimm\u00e4t kokeilut eiv\u00e4t onnistuneet kovinkaan hyvin. 1700-luvun puoliv\u00e4liin menness\u00e4 poronhoitoa harjoitettiin Kuhmo-Oulu-linjan pohjoispuolella, kutakuinkin nykyisen poronhoitoalueen mukaisella alueella.<\/p>\n","protected":false},"excerpt":{"rendered":"<p>Poronhoidon kehitys Poronhoidon katsotaan saaneen alkunsa peuranmets\u00e4styksest\u00e4. Peurat olivat elint\u00e4rkeit\u00e4 riistael\u00e4imi\u00e4 heti j\u00e4\u00e4kauden j\u00e4lkeen, el\u00e4m\u00e4n levitt\u00e4ytyess\u00e4 kohti pohjoista. Peuranmets\u00e4stys hiipui villipeurojen m\u00e4\u00e4r\u00e4n v\u00e4hentymisen my\u00f6t\u00e4.\u00a0Peuranmets\u00e4styksest\u00e4 siirryttiin v\u00e4hitellen pienimuotoiseen poronhoitoon peuroja kesytt\u00e4m\u00e4ll\u00e4. T\u00e4ydellist\u00e4 varmuutta peurojen kesytt\u00e4mistavasta ei ole, mutta peuralaumoja on saatettu pyydyst\u00e4\u00e4 kesytett\u00e4v\u00e4ksi laajojen poroaitaa muistuttavien aitojen eli vuomenien avulla. Yksitt\u00e4isi\u00e4 peuroja on kesytetty monin eri [&hellip;]<\/p>\n","protected":false},"author":1,"featured_media":0,"parent":765,"menu_order":1,"comment_status":"open","ping_status":"closed","template":"","meta":{"footnotes":""},"class_list":["post-56","page","type-page","status-publish","hentry"],"yoast_head":"<!-- This site is optimized with the Yoast SEO plugin v27.2 - https:\/\/yoast.com\/product\/yoast-seo-wordpress\/ -->\n<title>Poronhoidon kehitys - Poro ja poronhoito<\/title>\n<meta name=\"robots\" content=\"index, follow, max-snippet:-1, max-image-preview:large, max-video-preview:-1\" \/>\n<link rel=\"canonical\" href=\"https:\/\/paliskunnat.fi\/poro\/poronhoito\/historia\/\" \/>\n<meta property=\"og:locale\" content=\"fi_FI\" \/>\n<meta property=\"og:type\" content=\"article\" \/>\n<meta property=\"og:title\" content=\"Poronhoidon kehitys - Poro ja poronhoito\" \/>\n<meta property=\"og:description\" content=\"Poronhoidon kehitys Poronhoidon katsotaan saaneen alkunsa peuranmets\u00e4styksest\u00e4. Peurat olivat elint\u00e4rkeit\u00e4 riistael\u00e4imi\u00e4 heti j\u00e4\u00e4kauden j\u00e4lkeen, el\u00e4m\u00e4n levitt\u00e4ytyess\u00e4 kohti pohjoista. Peuranmets\u00e4stys hiipui villipeurojen m\u00e4\u00e4r\u00e4n v\u00e4hentymisen my\u00f6t\u00e4.\u00a0Peuranmets\u00e4styksest\u00e4 siirryttiin v\u00e4hitellen pienimuotoiseen poronhoitoon peuroja kesytt\u00e4m\u00e4ll\u00e4. T\u00e4ydellist\u00e4 varmuutta peurojen kesytt\u00e4mistavasta ei ole, mutta peuralaumoja on saatettu pyydyst\u00e4\u00e4 kesytett\u00e4v\u00e4ksi laajojen poroaitaa muistuttavien aitojen eli vuomenien avulla. Yksitt\u00e4isi\u00e4 peuroja on kesytetty monin eri [&hellip;]\" \/>\n<meta property=\"og:url\" content=\"https:\/\/paliskunnat.fi\/poro\/poronhoito\/historia\/\" \/>\n<meta property=\"og:site_name\" content=\"Poro ja poronhoito\" \/>\n<meta property=\"article:modified_time\" content=\"2018-03-29T13:20:03+00:00\" \/>\n<meta property=\"og:image\" content=\"https:\/\/paliskunnat.fi\/poro\/wp-content\/uploads\/2018\/03\/Alta06-150x150.jpg\" \/>\n<meta name=\"twitter:card\" content=\"summary_large_image\" \/>\n<meta name=\"twitter:label1\" content=\"Arvioitu lukuaika\" \/>\n\t<meta name=\"twitter:data1\" content=\"2 minuuttia\" \/>\n<script type=\"application\/ld+json\" class=\"yoast-schema-graph\">{\"@context\":\"https:\/\/schema.org\",\"@graph\":[{\"@type\":\"WebPage\",\"@id\":\"https:\/\/paliskunnat.fi\/poro\/poronhoito\/historia\/\",\"url\":\"https:\/\/paliskunnat.fi\/poro\/poronhoito\/historia\/\",\"name\":\"Poronhoidon kehitys - Poro ja poronhoito\",\"isPartOf\":{\"@id\":\"https:\/\/paliskunnat.fi\/poro\/#website\"},\"datePublished\":\"2014-09-01T06:33:11+00:00\",\"dateModified\":\"2018-03-29T13:20:03+00:00\",\"breadcrumb\":{\"@id\":\"https:\/\/paliskunnat.fi\/poro\/poronhoito\/historia\/#breadcrumb\"},\"inLanguage\":\"fi\",\"potentialAction\":[{\"@type\":\"ReadAction\",\"target\":[\"https:\/\/paliskunnat.fi\/poro\/poronhoito\/historia\/\"]}]},{\"@type\":\"BreadcrumbList\",\"@id\":\"https:\/\/paliskunnat.fi\/poro\/poronhoito\/historia\/#breadcrumb\",\"itemListElement\":[{\"@type\":\"ListItem\",\"position\":1,\"name\":\"Home\",\"item\":\"https:\/\/paliskunnat.fi\/poro\/\"},{\"@type\":\"ListItem\",\"position\":2,\"name\":\"Poronhoito\",\"item\":\"https:\/\/paliskunnat.fi\/poro\/poronhoito\/\"},{\"@type\":\"ListItem\",\"position\":3,\"name\":\"Poronhoidon kehitys\"}]},{\"@type\":\"WebSite\",\"@id\":\"https:\/\/paliskunnat.fi\/poro\/#website\",\"url\":\"https:\/\/paliskunnat.fi\/poro\/\",\"name\":\"Poro ja poronhoito\",\"description\":\"Poro ja poronhoito Suomessa\",\"potentialAction\":[{\"@type\":\"SearchAction\",\"target\":{\"@type\":\"EntryPoint\",\"urlTemplate\":\"https:\/\/paliskunnat.fi\/poro\/?s={search_term_string}\"},\"query-input\":{\"@type\":\"PropertyValueSpecification\",\"valueRequired\":true,\"valueName\":\"search_term_string\"}}],\"inLanguage\":\"fi\"}]}<\/script>\n<!-- \/ Yoast SEO plugin. -->","yoast_head_json":{"title":"Poronhoidon kehitys - Poro ja poronhoito","robots":{"index":"index","follow":"follow","max-snippet":"max-snippet:-1","max-image-preview":"max-image-preview:large","max-video-preview":"max-video-preview:-1"},"canonical":"https:\/\/paliskunnat.fi\/poro\/poronhoito\/historia\/","og_locale":"fi_FI","og_type":"article","og_title":"Poronhoidon kehitys - Poro ja poronhoito","og_description":"Poronhoidon kehitys Poronhoidon katsotaan saaneen alkunsa peuranmets\u00e4styksest\u00e4. Peurat olivat elint\u00e4rkeit\u00e4 riistael\u00e4imi\u00e4 heti j\u00e4\u00e4kauden j\u00e4lkeen, el\u00e4m\u00e4n levitt\u00e4ytyess\u00e4 kohti pohjoista. Peuranmets\u00e4stys hiipui villipeurojen m\u00e4\u00e4r\u00e4n v\u00e4hentymisen my\u00f6t\u00e4.\u00a0Peuranmets\u00e4styksest\u00e4 siirryttiin v\u00e4hitellen pienimuotoiseen poronhoitoon peuroja kesytt\u00e4m\u00e4ll\u00e4. T\u00e4ydellist\u00e4 varmuutta peurojen kesytt\u00e4mistavasta ei ole, mutta peuralaumoja on saatettu pyydyst\u00e4\u00e4 kesytett\u00e4v\u00e4ksi laajojen poroaitaa muistuttavien aitojen eli vuomenien avulla. Yksitt\u00e4isi\u00e4 peuroja on kesytetty monin eri [&hellip;]","og_url":"https:\/\/paliskunnat.fi\/poro\/poronhoito\/historia\/","og_site_name":"Poro ja poronhoito","article_modified_time":"2018-03-29T13:20:03+00:00","og_image":[{"url":"https:\/\/paliskunnat.fi\/poro\/wp-content\/uploads\/2018\/03\/Alta06-150x150.jpg","type":"","width":"","height":""}],"twitter_card":"summary_large_image","twitter_misc":{"Arvioitu lukuaika":"2 minuuttia"},"schema":{"@context":"https:\/\/schema.org","@graph":[{"@type":"WebPage","@id":"https:\/\/paliskunnat.fi\/poro\/poronhoito\/historia\/","url":"https:\/\/paliskunnat.fi\/poro\/poronhoito\/historia\/","name":"Poronhoidon kehitys - Poro ja poronhoito","isPartOf":{"@id":"https:\/\/paliskunnat.fi\/poro\/#website"},"datePublished":"2014-09-01T06:33:11+00:00","dateModified":"2018-03-29T13:20:03+00:00","breadcrumb":{"@id":"https:\/\/paliskunnat.fi\/poro\/poronhoito\/historia\/#breadcrumb"},"inLanguage":"fi","potentialAction":[{"@type":"ReadAction","target":["https:\/\/paliskunnat.fi\/poro\/poronhoito\/historia\/"]}]},{"@type":"BreadcrumbList","@id":"https:\/\/paliskunnat.fi\/poro\/poronhoito\/historia\/#breadcrumb","itemListElement":[{"@type":"ListItem","position":1,"name":"Home","item":"https:\/\/paliskunnat.fi\/poro\/"},{"@type":"ListItem","position":2,"name":"Poronhoito","item":"https:\/\/paliskunnat.fi\/poro\/poronhoito\/"},{"@type":"ListItem","position":3,"name":"Poronhoidon kehitys"}]},{"@type":"WebSite","@id":"https:\/\/paliskunnat.fi\/poro\/#website","url":"https:\/\/paliskunnat.fi\/poro\/","name":"Poro ja poronhoito","description":"Poro ja poronhoito Suomessa","potentialAction":[{"@type":"SearchAction","target":{"@type":"EntryPoint","urlTemplate":"https:\/\/paliskunnat.fi\/poro\/?s={search_term_string}"},"query-input":{"@type":"PropertyValueSpecification","valueRequired":true,"valueName":"search_term_string"}}],"inLanguage":"fi"}]}},"_links":{"self":[{"href":"https:\/\/paliskunnat.fi\/poro\/wp-json\/wp\/v2\/pages\/56","targetHints":{"allow":["GET"]}}],"collection":[{"href":"https:\/\/paliskunnat.fi\/poro\/wp-json\/wp\/v2\/pages"}],"about":[{"href":"https:\/\/paliskunnat.fi\/poro\/wp-json\/wp\/v2\/types\/page"}],"author":[{"embeddable":true,"href":"https:\/\/paliskunnat.fi\/poro\/wp-json\/wp\/v2\/users\/1"}],"replies":[{"embeddable":true,"href":"https:\/\/paliskunnat.fi\/poro\/wp-json\/wp\/v2\/comments?post=56"}],"version-history":[{"count":82,"href":"https:\/\/paliskunnat.fi\/poro\/wp-json\/wp\/v2\/pages\/56\/revisions"}],"predecessor-version":[{"id":3939,"href":"https:\/\/paliskunnat.fi\/poro\/wp-json\/wp\/v2\/pages\/56\/revisions\/3939"}],"up":[{"embeddable":true,"href":"https:\/\/paliskunnat.fi\/poro\/wp-json\/wp\/v2\/pages\/765"}],"wp:attachment":[{"href":"https:\/\/paliskunnat.fi\/poro\/wp-json\/wp\/v2\/media?parent=56"}],"curies":[{"name":"wp","href":"https:\/\/api.w.org\/{rel}","templated":true}]}}