{"id":58,"date":"2014-09-01T09:34:44","date_gmt":"2014-09-01T06:34:44","guid":{"rendered":"http:\/\/80.69.171.23\/poro\/?page_id=58"},"modified":"2017-03-25T23:04:25","modified_gmt":"2017-03-25T21:04:25","slug":"poronhoitovuosi","status":"publish","type":"page","link":"https:\/\/paliskunnat.fi\/poro\/poronhoito\/poronhoitovuosi\/","title":{"rendered":"Poronhoitovuosi"},"content":{"rendered":"<h2>Poronhoitovuosi (1.6.\u221231.5.)<\/h2>\n<div class=\"simplePullQuote right\"><p>Poronhoidossa elet\u00e4\u00e4n\u00a0pohjoisen luonnon rytmiss\u00e4, porojen luontaisen vuodenkierron tahtiin.<\/p>\n<\/div>\n<p>Kiivaimpia ty\u00f6jaksoja ovat kes\u00e4-hein\u00e4kuulle sijoittuva vasanmerkint\u00e4 sek\u00e4 syyskuun lopulta tammikuulle kest\u00e4v\u00e4 poroerotuskausi. Kes\u00e4ll\u00e4 korjataan ja kunnostetaan aitoja sek\u00e4 tehd\u00e4\u00e4n hein\u00e4\u00e4 ja lehtikerppuja ja nostetaan kortetta talven varalle.<\/p>\n<p>Poronhoitovuosi p\u00e4\u00e4ttyy toukokuun loppuun (31.5.) ja vastaavasti uusi alkaa kes\u00e4kuun alussa (1.6.).<\/p>\n<p><a href=\"https:\/\/paliskunnat.fi\/poro\/wp-content\/uploads\/2014\/09\/poronhoitovuosiB.jpg\" rel=\"lightbox[58]\"><img loading=\"lazy\" decoding=\"async\" class=\"alignnone wp-image-2854\" src=\"https:\/\/paliskunnat.fi\/poro\/wp-content\/uploads\/2014\/09\/poronhoitovuosiB.jpg\" alt=\"Poronhoitovuosi\" width=\"460\" height=\"352\" srcset=\"https:\/\/paliskunnat.fi\/poro\/wp-content\/uploads\/2014\/09\/poronhoitovuosiB.jpg 1000w, https:\/\/paliskunnat.fi\/poro\/wp-content\/uploads\/2014\/09\/poronhoitovuosiB-300x230.jpg 300w\" sizes=\"auto, (max-width: 460px) 100vw, 460px\" \/><\/a><\/p>\n<p>Poronhoitot\u00f6iss\u00e4 hy\u00f6dynnet\u00e4\u00e4n\u00a0porojen luontaista k\u00e4ytt\u00e4ytymist\u00e4. Kes\u00e4ll\u00e4 r\u00e4kk\u00e4ajan alettua porot ker\u00e4\u00e4ntyv\u00e4t luonnostaan tokkiin, jolloin niit\u00e4 on helpompi\u00a0koota ja kuljettaa aitaan vasamerkint\u00e4\u00e4 varten.\u00a0Syksyll\u00e4 rykim\u00e4aikaan hirvaat kokoavat vaatimia rykim\u00e4parttioihin ja vartioivat niit\u00e4 tarkoin. Hirvas pit\u00e4\u00e4 oman parttionsa tehokkaasti koossa, mik\u00e4\u00a0helpottaa huomattavasti tokan kokoamista ja kuljettamista erotusaitaan.<\/p>\n<p>&nbsp;<\/p>\n<p><!--more--><\/p>\n<p><a href=\"http:\/\/yle.fi\/uutiset\/3-7796707\" class=\"external external_icon\" rel=\"nofollow\">Porovuosi &#8211; Tutkija pororenkin\u00e4 Sompiossa (2015)<\/a><\/p>\n","protected":false},"excerpt":{"rendered":"<p>Poronhoitovuosi (1.6.\u221231.5.) Kiivaimpia ty\u00f6jaksoja ovat kes\u00e4-hein\u00e4kuulle sijoittuva vasanmerkint\u00e4 sek\u00e4 syyskuun lopulta tammikuulle kest\u00e4v\u00e4 poroerotuskausi. Kes\u00e4ll\u00e4 korjataan ja kunnostetaan aitoja sek\u00e4 tehd\u00e4\u00e4n hein\u00e4\u00e4 ja lehtikerppuja ja nostetaan kortetta talven varalle. Poronhoitovuosi p\u00e4\u00e4ttyy toukokuun loppuun (31.5.) ja vastaavasti uusi alkaa kes\u00e4kuun alussa (1.6.). Poronhoitot\u00f6iss\u00e4 hy\u00f6dynnet\u00e4\u00e4n\u00a0porojen luontaista k\u00e4ytt\u00e4ytymist\u00e4. Kes\u00e4ll\u00e4 r\u00e4kk\u00e4ajan alettua porot ker\u00e4\u00e4ntyv\u00e4t luonnostaan tokkiin, jolloin niit\u00e4 on [&hellip;]<\/p>\n","protected":false},"author":1,"featured_media":0,"parent":765,"menu_order":2,"comment_status":"open","ping_status":"closed","template":"","meta":{"footnotes":""},"class_list":["post-58","page","type-page","status-publish","hentry"],"yoast_head":"<!-- This site is optimized with the Yoast SEO plugin v27.2 - https:\/\/yoast.com\/product\/yoast-seo-wordpress\/ -->\n<title>Poronhoitovuosi - Poro ja poronhoito<\/title>\n<meta name=\"robots\" content=\"index, follow, max-snippet:-1, max-image-preview:large, max-video-preview:-1\" \/>\n<link rel=\"canonical\" href=\"https:\/\/paliskunnat.fi\/poro\/poronhoito\/poronhoitovuosi\/\" \/>\n<meta property=\"og:locale\" content=\"fi_FI\" \/>\n<meta property=\"og:type\" content=\"article\" \/>\n<meta property=\"og:title\" content=\"Poronhoitovuosi - Poro ja poronhoito\" \/>\n<meta property=\"og:description\" content=\"Poronhoitovuosi (1.6.\u221231.5.) Kiivaimpia ty\u00f6jaksoja ovat kes\u00e4-hein\u00e4kuulle sijoittuva vasanmerkint\u00e4 sek\u00e4 syyskuun lopulta tammikuulle kest\u00e4v\u00e4 poroerotuskausi. Kes\u00e4ll\u00e4 korjataan ja kunnostetaan aitoja sek\u00e4 tehd\u00e4\u00e4n hein\u00e4\u00e4 ja lehtikerppuja ja nostetaan kortetta talven varalle. Poronhoitovuosi p\u00e4\u00e4ttyy toukokuun loppuun (31.5.) ja vastaavasti uusi alkaa kes\u00e4kuun alussa (1.6.). Poronhoitot\u00f6iss\u00e4 hy\u00f6dynnet\u00e4\u00e4n\u00a0porojen luontaista k\u00e4ytt\u00e4ytymist\u00e4. Kes\u00e4ll\u00e4 r\u00e4kk\u00e4ajan alettua porot ker\u00e4\u00e4ntyv\u00e4t luonnostaan tokkiin, jolloin niit\u00e4 on [&hellip;]\" \/>\n<meta property=\"og:url\" content=\"https:\/\/paliskunnat.fi\/poro\/poronhoito\/poronhoitovuosi\/\" \/>\n<meta property=\"og:site_name\" content=\"Poro ja poronhoito\" \/>\n<meta property=\"article:modified_time\" content=\"2017-03-25T21:04:25+00:00\" \/>\n<meta property=\"og:image\" content=\"https:\/\/paliskunnat.fi\/poro\/wp-content\/uploads\/2014\/09\/poronhoitovuosiB.jpg\" \/>\n<meta name=\"twitter:card\" content=\"summary_large_image\" \/>\n<meta name=\"twitter:label1\" content=\"Arvioitu lukuaika\" \/>\n\t<meta name=\"twitter:data1\" content=\"1 minuutti\" \/>\n<script type=\"application\/ld+json\" class=\"yoast-schema-graph\">{\"@context\":\"https:\/\/schema.org\",\"@graph\":[{\"@type\":\"WebPage\",\"@id\":\"https:\/\/paliskunnat.fi\/poro\/poronhoito\/poronhoitovuosi\/\",\"url\":\"https:\/\/paliskunnat.fi\/poro\/poronhoito\/poronhoitovuosi\/\",\"name\":\"Poronhoitovuosi - Poro ja poronhoito\",\"isPartOf\":{\"@id\":\"https:\/\/paliskunnat.fi\/poro\/#website\"},\"primaryImageOfPage\":{\"@id\":\"https:\/\/paliskunnat.fi\/poro\/poronhoito\/poronhoitovuosi\/#primaryimage\"},\"image\":{\"@id\":\"https:\/\/paliskunnat.fi\/poro\/poronhoito\/poronhoitovuosi\/#primaryimage\"},\"thumbnailUrl\":\"https:\/\/paliskunnat.fi\/poro\/wp-content\/uploads\/2014\/09\/poronhoitovuosiB.jpg\",\"datePublished\":\"2014-09-01T06:34:44+00:00\",\"dateModified\":\"2017-03-25T21:04:25+00:00\",\"breadcrumb\":{\"@id\":\"https:\/\/paliskunnat.fi\/poro\/poronhoito\/poronhoitovuosi\/#breadcrumb\"},\"inLanguage\":\"fi\",\"potentialAction\":[{\"@type\":\"ReadAction\",\"target\":[\"https:\/\/paliskunnat.fi\/poro\/poronhoito\/poronhoitovuosi\/\"]}]},{\"@type\":\"ImageObject\",\"inLanguage\":\"fi\",\"@id\":\"https:\/\/paliskunnat.fi\/poro\/poronhoito\/poronhoitovuosi\/#primaryimage\",\"url\":\"https:\/\/paliskunnat.fi\/poro\/wp-content\/uploads\/2014\/09\/poronhoitovuosiB.jpg\",\"contentUrl\":\"https:\/\/paliskunnat.fi\/poro\/wp-content\/uploads\/2014\/09\/poronhoitovuosiB.jpg\",\"width\":1000,\"height\":765},{\"@type\":\"BreadcrumbList\",\"@id\":\"https:\/\/paliskunnat.fi\/poro\/poronhoito\/poronhoitovuosi\/#breadcrumb\",\"itemListElement\":[{\"@type\":\"ListItem\",\"position\":1,\"name\":\"Home\",\"item\":\"https:\/\/paliskunnat.fi\/poro\/\"},{\"@type\":\"ListItem\",\"position\":2,\"name\":\"Poronhoito\",\"item\":\"https:\/\/paliskunnat.fi\/poro\/poronhoito\/\"},{\"@type\":\"ListItem\",\"position\":3,\"name\":\"Poronhoitovuosi\"}]},{\"@type\":\"WebSite\",\"@id\":\"https:\/\/paliskunnat.fi\/poro\/#website\",\"url\":\"https:\/\/paliskunnat.fi\/poro\/\",\"name\":\"Poro ja poronhoito\",\"description\":\"Poro ja poronhoito Suomessa\",\"potentialAction\":[{\"@type\":\"SearchAction\",\"target\":{\"@type\":\"EntryPoint\",\"urlTemplate\":\"https:\/\/paliskunnat.fi\/poro\/?s={search_term_string}\"},\"query-input\":{\"@type\":\"PropertyValueSpecification\",\"valueRequired\":true,\"valueName\":\"search_term_string\"}}],\"inLanguage\":\"fi\"}]}<\/script>\n<!-- \/ Yoast SEO plugin. -->","yoast_head_json":{"title":"Poronhoitovuosi - Poro ja poronhoito","robots":{"index":"index","follow":"follow","max-snippet":"max-snippet:-1","max-image-preview":"max-image-preview:large","max-video-preview":"max-video-preview:-1"},"canonical":"https:\/\/paliskunnat.fi\/poro\/poronhoito\/poronhoitovuosi\/","og_locale":"fi_FI","og_type":"article","og_title":"Poronhoitovuosi - Poro ja poronhoito","og_description":"Poronhoitovuosi (1.6.\u221231.5.) Kiivaimpia ty\u00f6jaksoja ovat kes\u00e4-hein\u00e4kuulle sijoittuva vasanmerkint\u00e4 sek\u00e4 syyskuun lopulta tammikuulle kest\u00e4v\u00e4 poroerotuskausi. Kes\u00e4ll\u00e4 korjataan ja kunnostetaan aitoja sek\u00e4 tehd\u00e4\u00e4n hein\u00e4\u00e4 ja lehtikerppuja ja nostetaan kortetta talven varalle. Poronhoitovuosi p\u00e4\u00e4ttyy toukokuun loppuun (31.5.) ja vastaavasti uusi alkaa kes\u00e4kuun alussa (1.6.). Poronhoitot\u00f6iss\u00e4 hy\u00f6dynnet\u00e4\u00e4n\u00a0porojen luontaista k\u00e4ytt\u00e4ytymist\u00e4. Kes\u00e4ll\u00e4 r\u00e4kk\u00e4ajan alettua porot ker\u00e4\u00e4ntyv\u00e4t luonnostaan tokkiin, jolloin niit\u00e4 on [&hellip;]","og_url":"https:\/\/paliskunnat.fi\/poro\/poronhoito\/poronhoitovuosi\/","og_site_name":"Poro ja poronhoito","article_modified_time":"2017-03-25T21:04:25+00:00","og_image":[{"url":"https:\/\/paliskunnat.fi\/poro\/wp-content\/uploads\/2014\/09\/poronhoitovuosiB.jpg","type":"","width":"","height":""}],"twitter_card":"summary_large_image","twitter_misc":{"Arvioitu lukuaika":"1 minuutti"},"schema":{"@context":"https:\/\/schema.org","@graph":[{"@type":"WebPage","@id":"https:\/\/paliskunnat.fi\/poro\/poronhoito\/poronhoitovuosi\/","url":"https:\/\/paliskunnat.fi\/poro\/poronhoito\/poronhoitovuosi\/","name":"Poronhoitovuosi - Poro ja poronhoito","isPartOf":{"@id":"https:\/\/paliskunnat.fi\/poro\/#website"},"primaryImageOfPage":{"@id":"https:\/\/paliskunnat.fi\/poro\/poronhoito\/poronhoitovuosi\/#primaryimage"},"image":{"@id":"https:\/\/paliskunnat.fi\/poro\/poronhoito\/poronhoitovuosi\/#primaryimage"},"thumbnailUrl":"https:\/\/paliskunnat.fi\/poro\/wp-content\/uploads\/2014\/09\/poronhoitovuosiB.jpg","datePublished":"2014-09-01T06:34:44+00:00","dateModified":"2017-03-25T21:04:25+00:00","breadcrumb":{"@id":"https:\/\/paliskunnat.fi\/poro\/poronhoito\/poronhoitovuosi\/#breadcrumb"},"inLanguage":"fi","potentialAction":[{"@type":"ReadAction","target":["https:\/\/paliskunnat.fi\/poro\/poronhoito\/poronhoitovuosi\/"]}]},{"@type":"ImageObject","inLanguage":"fi","@id":"https:\/\/paliskunnat.fi\/poro\/poronhoito\/poronhoitovuosi\/#primaryimage","url":"https:\/\/paliskunnat.fi\/poro\/wp-content\/uploads\/2014\/09\/poronhoitovuosiB.jpg","contentUrl":"https:\/\/paliskunnat.fi\/poro\/wp-content\/uploads\/2014\/09\/poronhoitovuosiB.jpg","width":1000,"height":765},{"@type":"BreadcrumbList","@id":"https:\/\/paliskunnat.fi\/poro\/poronhoito\/poronhoitovuosi\/#breadcrumb","itemListElement":[{"@type":"ListItem","position":1,"name":"Home","item":"https:\/\/paliskunnat.fi\/poro\/"},{"@type":"ListItem","position":2,"name":"Poronhoito","item":"https:\/\/paliskunnat.fi\/poro\/poronhoito\/"},{"@type":"ListItem","position":3,"name":"Poronhoitovuosi"}]},{"@type":"WebSite","@id":"https:\/\/paliskunnat.fi\/poro\/#website","url":"https:\/\/paliskunnat.fi\/poro\/","name":"Poro ja poronhoito","description":"Poro ja poronhoito Suomessa","potentialAction":[{"@type":"SearchAction","target":{"@type":"EntryPoint","urlTemplate":"https:\/\/paliskunnat.fi\/poro\/?s={search_term_string}"},"query-input":{"@type":"PropertyValueSpecification","valueRequired":true,"valueName":"search_term_string"}}],"inLanguage":"fi"}]}},"_links":{"self":[{"href":"https:\/\/paliskunnat.fi\/poro\/wp-json\/wp\/v2\/pages\/58","targetHints":{"allow":["GET"]}}],"collection":[{"href":"https:\/\/paliskunnat.fi\/poro\/wp-json\/wp\/v2\/pages"}],"about":[{"href":"https:\/\/paliskunnat.fi\/poro\/wp-json\/wp\/v2\/types\/page"}],"author":[{"embeddable":true,"href":"https:\/\/paliskunnat.fi\/poro\/wp-json\/wp\/v2\/users\/1"}],"replies":[{"embeddable":true,"href":"https:\/\/paliskunnat.fi\/poro\/wp-json\/wp\/v2\/comments?post=58"}],"version-history":[{"count":60,"href":"https:\/\/paliskunnat.fi\/poro\/wp-json\/wp\/v2\/pages\/58\/revisions"}],"predecessor-version":[{"id":3745,"href":"https:\/\/paliskunnat.fi\/poro\/wp-json\/wp\/v2\/pages\/58\/revisions\/3745"}],"up":[{"embeddable":true,"href":"https:\/\/paliskunnat.fi\/poro\/wp-json\/wp\/v2\/pages\/765"}],"wp:attachment":[{"href":"https:\/\/paliskunnat.fi\/poro\/wp-json\/wp\/v2\/media?parent=58"}],"curies":[{"name":"wp","href":"https:\/\/api.w.org\/{rel}","templated":true}]}}