{"id":62,"date":"2014-09-01T09:37:17","date_gmt":"2014-09-01T06:37:17","guid":{"rendered":"http:\/\/80.69.171.23\/poro\/?page_id=62"},"modified":"2020-02-13T19:06:31","modified_gmt":"2020-02-13T17:06:31","slug":"poronhoidon-kesa","status":"publish","type":"page","link":"https:\/\/paliskunnat.fi\/poro\/poronhoito\/poronhoitovuosi\/poronhoidon-kesa\/","title":{"rendered":"Poronhoidon kes\u00e4"},"content":{"rendered":"<h2>Vasanmerkint\u00e4 eli vasanleikko<\/h2>\n<p><a href=\"https:\/\/paliskunnat.fi\/poro\/wp-content\/uploads\/2014\/09\/IMG_9151a.jpg\" rel=\"lightbox[62]\"><img loading=\"lazy\" decoding=\"async\" class=\"alignnone wp-image-970\" src=\"https:\/\/paliskunnat.fi\/poro\/wp-content\/uploads\/2014\/09\/IMG_9151a.jpg\" alt=\"Vasa merkit\u00e4\u00e4n. Kuva: Marja Anttonen.\" width=\"460\" height=\"345\" srcset=\"https:\/\/paliskunnat.fi\/poro\/wp-content\/uploads\/2014\/09\/IMG_9151a.jpg 900w, https:\/\/paliskunnat.fi\/poro\/wp-content\/uploads\/2014\/09\/IMG_9151a-300x225.jpg 300w\" sizes=\"auto, (max-width: 460px) 100vw, 460px\" \/><\/a><\/p>\n<p>Porot kootaan vasanleikkoon yleisimmin juhannuksen tiet\u00e4mill\u00e4. Vasanleikossa kev\u00e4\u00e4ll\u00e4 syntyneet vasat korvamerkit\u00e4\u00e4n.<\/p>\n<div class=\"simplePullQuote right\"><p>Vasanleikossa poronvasa saa korviinsa omistajansa merkin<\/p>\n<\/div>\n<p>Vasanleikossa\u00a0hy\u00f6dynnet\u00e4\u00e4n porojen r\u00e4kk\u00e4aikaista tokkaantumista. Tokat \u00a0kootaan aitoihin joko jalkaisin tai m\u00f6nkij\u00f6it\u00e4 apuna k\u00e4ytt\u00e4en, kunkin alueen maastoista riippuen. Poronhoitoalueen eri puolilla menetelm\u00e4t ja ty\u00f6tavat eroavat toisistaan: ty\u00f6t ja toimet hoidetaan kuhunkin ymp\u00e4rist\u00f6\u00f6n ja paliskunnan perinteisiin parhaiten sopivalla tavalla. Kaikki vasanleikkoon kuuluvat ty\u00f6t, eli porojen kokoaminen ja kuljettaminen sek\u00e4 vasojen korvamerkint\u00e4,\u00a0toteutetaan my\u00f6h\u00e4\u00e4n iltaisin\u00a0ja \u00f6isin, ilman viilennytty\u00e4. N\u00e4in minimoidaan\u00a0poroille aiheutuva rasitus.<\/p>\n<p>Kuvat:\u00a0Sallivaaran Hirvassalmen vasanmerkint\u00e4 5\u22126.7.2014.<\/p>\n\n\t\t<style type=\"text\/css\">\n\t\t\t#gallery-1 {\n\t\t\t\tmargin: auto;\n\t\t\t}\n\t\t\t#gallery-1 .gallery-item {\n\t\t\t\tfloat: left;\n\t\t\t\tmargin-top: 10px;\n\t\t\t\ttext-align: center;\n\t\t\t\twidth: 33%;\n\t\t\t}\n\t\t\t#gallery-1 img {\n\t\t\t\tborder: 2px solid #cfcfcf;\n\t\t\t}\n\t\t\t#gallery-1 .gallery-caption {\n\t\t\t\tmargin-left: 0;\n\t\t\t}\n\t\t\t\/* see gallery_shortcode() in wp-includes\/media.php *\/\n\t\t<\/style>\n\t\t<div id='gallery-1' class='gallery galleryid-62 gallery-columns-3 gallery-size-thumbnail'><dl class='gallery-item'>\n\t\t\t<dt class='gallery-icon landscape'>\n\t\t\t\t<a href='https:\/\/paliskunnat.fi\/poro\/wp-content\/uploads\/2014\/09\/sallivaara1a.jpg' rel=\"lightbox[62]\"><img loading=\"lazy\" decoding=\"async\" width=\"150\" height=\"150\" src=\"https:\/\/paliskunnat.fi\/poro\/wp-content\/uploads\/2014\/09\/sallivaara1a-150x150.jpg\" class=\"attachment-thumbnail size-thumbnail\" alt=\"Merkitsem\u00e4t\u00f6n vasa eli &#039;peurakorva&#039; matkalla kohti erotusaitaa.\" \/><\/a>\n\t\t\t<\/dt><\/dl><dl class='gallery-item'>\n\t\t\t<dt class='gallery-icon landscape'>\n\t\t\t\t<a href='https:\/\/paliskunnat.fi\/poro\/wp-content\/uploads\/2014\/09\/sallivaara11.jpg' rel=\"lightbox[62]\"><img loading=\"lazy\" decoding=\"async\" width=\"150\" height=\"150\" src=\"https:\/\/paliskunnat.fi\/poro\/wp-content\/uploads\/2014\/09\/sallivaara11-150x150.jpg\" class=\"attachment-thumbnail size-thumbnail\" alt=\"Porot on saatu koottua aitaan ja on aika heng\u00e4ht\u00e4\u00e4 hetki.\" \/><\/a>\n\t\t\t<\/dt><\/dl><dl class='gallery-item'>\n\t\t\t<dt class='gallery-icon landscape'>\n\t\t\t\t<a href='https:\/\/paliskunnat.fi\/poro\/wp-content\/uploads\/2014\/09\/sallivaara2.jpg' rel=\"lightbox[62]\"><img loading=\"lazy\" decoding=\"async\" width=\"150\" height=\"150\" src=\"https:\/\/paliskunnat.fi\/poro\/wp-content\/uploads\/2014\/09\/sallivaara2-150x150.jpg\" class=\"attachment-thumbnail size-thumbnail\" alt=\"\" \/><\/a>\n\t\t\t<\/dt><\/dl><br style=\"clear: both\" \/><dl class='gallery-item'>\n\t\t\t<dt class='gallery-icon portrait'>\n\t\t\t\t<a href='https:\/\/paliskunnat.fi\/poro\/wp-content\/uploads\/2014\/09\/sallivaara3.jpg' rel=\"lightbox[62]\"><img loading=\"lazy\" decoding=\"async\" width=\"150\" height=\"150\" src=\"https:\/\/paliskunnat.fi\/poro\/wp-content\/uploads\/2014\/09\/sallivaara3-150x150.jpg\" class=\"attachment-thumbnail size-thumbnail\" alt=\"\" \/><\/a>\n\t\t\t<\/dt><\/dl><dl class='gallery-item'>\n\t\t\t<dt class='gallery-icon landscape'>\n\t\t\t\t<a href='https:\/\/paliskunnat.fi\/poro\/wp-content\/uploads\/2014\/09\/sallivaara4a.jpg' rel=\"lightbox[62]\"><img loading=\"lazy\" decoding=\"async\" width=\"150\" height=\"150\" src=\"https:\/\/paliskunnat.fi\/poro\/wp-content\/uploads\/2014\/09\/sallivaara4a-150x150.jpg\" class=\"attachment-thumbnail size-thumbnail\" alt=\"\" \/><\/a>\n\t\t\t<\/dt><\/dl><dl class='gallery-item'>\n\t\t\t<dt class='gallery-icon landscape'>\n\t\t\t\t<a href='https:\/\/paliskunnat.fi\/poro\/wp-content\/uploads\/2014\/09\/sallivaara4b.jpg' rel=\"lightbox[62]\"><img loading=\"lazy\" decoding=\"async\" width=\"150\" height=\"150\" src=\"https:\/\/paliskunnat.fi\/poro\/wp-content\/uploads\/2014\/09\/sallivaara4b-150x150.jpg\" class=\"attachment-thumbnail size-thumbnail\" alt=\"\" \/><\/a>\n\t\t\t<\/dt><\/dl><br style=\"clear: both\" \/><dl class='gallery-item'>\n\t\t\t<dt class='gallery-icon landscape'>\n\t\t\t\t<a href='https:\/\/paliskunnat.fi\/poro\/wp-content\/uploads\/2014\/09\/sallivaara6a.jpg' rel=\"lightbox[62]\"><img loading=\"lazy\" decoding=\"async\" width=\"150\" height=\"150\" src=\"https:\/\/paliskunnat.fi\/poro\/wp-content\/uploads\/2014\/09\/sallivaara6a-150x150.jpg\" class=\"attachment-thumbnail size-thumbnail\" alt=\"\" \/><\/a>\n\t\t\t<\/dt><\/dl><dl class='gallery-item'>\n\t\t\t<dt class='gallery-icon landscape'>\n\t\t\t\t<a href='https:\/\/paliskunnat.fi\/poro\/wp-content\/uploads\/2014\/09\/sallivaara4e.jpg' rel=\"lightbox[62]\"><img loading=\"lazy\" decoding=\"async\" width=\"150\" height=\"150\" src=\"https:\/\/paliskunnat.fi\/poro\/wp-content\/uploads\/2014\/09\/sallivaara4e-150x150.jpg\" class=\"attachment-thumbnail size-thumbnail\" alt=\"\" \/><\/a>\n\t\t\t<\/dt><\/dl><dl class='gallery-item'>\n\t\t\t<dt class='gallery-icon portrait'>\n\t\t\t\t<a href='https:\/\/paliskunnat.fi\/poro\/wp-content\/uploads\/2014\/09\/sallivaara5a.jpg' rel=\"lightbox[62]\"><img loading=\"lazy\" decoding=\"async\" width=\"150\" height=\"150\" src=\"https:\/\/paliskunnat.fi\/poro\/wp-content\/uploads\/2014\/09\/sallivaara5a-150x150.jpg\" class=\"attachment-thumbnail size-thumbnail\" alt=\"\" \/><\/a>\n\t\t\t<\/dt><\/dl><br style=\"clear: both\" \/>\n\t\t<\/div>\n\n<p>&nbsp;<\/p>\n<p>Leikkoaidassa merkitt\u00f6m\u00e4t vasat otetaan kiinni k\u00e4sin, suopunkia tai vimpaa k\u00e4ytt\u00e4en ja niille laitetaan kaulaan numerolappu eli vasat laputetaan. Laputtamisen j\u00e4lkeen vasat p\u00e4\u00e4stet\u00e4\u00e4n rauhassa etsim\u00e4\u00e4n em\u00e4ns\u00e4. Vasat etsiv\u00e4t emi\u00e4\u00e4n ja em\u00e4t vasojaan roukumalla. Kun parit ovat l\u00f6yt\u00e4neet toisensa, aidassa tulee j\u00e4lleen hiljaista. T\u00e4m\u00e4n tapahduttua kuljetaan hiljaa porojen seassa katsoen, mit\u00e4 vaadinta mill\u00e4kin numerolla laputettu vasa seuraa. Havainnot kirjataan paperille ja tulokset tarkistetaan yhdess\u00e4. Kun kunkin vasan omistaja on yksimielisesti selvill\u00e4, vasat otetaan uudelleen kiinni ja merkitaan omistajansa korvamerkill\u00e4. Joissakin paliskunnissa poronomistaja heitt\u00e4\u00e4 em\u00e4n per\u00e4st\u00e4 suopungilla kiinni omat vasansa ja merkitsee ne.<\/p>\n<p>Merkinn\u00e4n j\u00e4lkeen porot p\u00e4\u00e4stet\u00e4\u00e4n takaisin\u00a0kes\u00e4laitumille.<\/p>\n<p>Vasamerkint\u00e4ty\u00f6t kest\u00e4v\u00e4t s\u00e4\u00e4olosuhteista riippuen kokonaisuudessaan noin\u00a0pari-kolme viikkoa. T\u00e4ss\u00e4 ajassa mahdollisimman suuri osa paliskunnan poroista pyrit\u00e4\u00e4n k\u00e4ytt\u00e4m\u00e4\u00e4n aidassa. Kaikissa paliskunnissa vasamerkint\u00e4\u00e4 ei tehd\u00e4 kes\u00e4ll\u00e4. T\u00e4ll\u00f6in\u00a0vasat merkit\u00e4\u00e4n joko kotiaidassa vasottaen tai vasta syksyll\u00e4 erotusten aikaan.<\/p>\n<p>&nbsp;<\/p>\n<p><!--more--><\/p>\n<h2>Vasamerkint\u00e4 2018 (Yle)<\/h2>\n<p><a href=\"https:\/\/yle.fi\/uutiset\/3-10287727\" class=\"external external_icon\" rel=\"nofollow\">Keskikes\u00e4ll\u00e4 poronhoitajat valvovat y\u00f6t ja nukkuvat p\u00e4iv\u00e4t<\/a><\/p>\n<h2>Mun Lappi &#8211; Lapland Above Ordinary<\/h2>\n<p><a href=\"https:\/\/www.lapland.fi\/fi\/asuminen\/tyo\/poromies-kesa-nuorgam\/\" class=\"external external_icon\" rel=\"nofollow\">Poromiehen kes\u00e4 on talveen varautumista<\/a><\/p>\n","protected":false},"excerpt":{"rendered":"<p>Vasanmerkint\u00e4 eli vasanleikko Porot kootaan vasanleikkoon yleisimmin juhannuksen tiet\u00e4mill\u00e4. Vasanleikossa kev\u00e4\u00e4ll\u00e4 syntyneet vasat korvamerkit\u00e4\u00e4n. Vasanleikossa\u00a0hy\u00f6dynnet\u00e4\u00e4n porojen r\u00e4kk\u00e4aikaista tokkaantumista. Tokat \u00a0kootaan aitoihin joko jalkaisin tai m\u00f6nkij\u00f6it\u00e4 apuna k\u00e4ytt\u00e4en, kunkin alueen maastoista riippuen. Poronhoitoalueen eri puolilla menetelm\u00e4t ja ty\u00f6tavat eroavat toisistaan: ty\u00f6t ja toimet hoidetaan kuhunkin ymp\u00e4rist\u00f6\u00f6n ja paliskunnan perinteisiin parhaiten sopivalla tavalla. Kaikki vasanleikkoon kuuluvat ty\u00f6t, [&hellip;]<\/p>\n","protected":false},"author":1,"featured_media":0,"parent":58,"menu_order":1,"comment_status":"open","ping_status":"closed","template":"","meta":{"footnotes":""},"class_list":["post-62","page","type-page","status-publish","hentry"],"yoast_head":"<!-- This site is optimized with the Yoast SEO plugin v27.2 - https:\/\/yoast.com\/product\/yoast-seo-wordpress\/ -->\n<title>Poronhoidon kes\u00e4 - Poro ja poronhoito<\/title>\n<meta name=\"robots\" content=\"index, follow, max-snippet:-1, max-image-preview:large, max-video-preview:-1\" \/>\n<link rel=\"canonical\" href=\"https:\/\/paliskunnat.fi\/poro\/poronhoito\/poronhoitovuosi\/poronhoidon-kesa\/\" \/>\n<meta property=\"og:locale\" content=\"fi_FI\" \/>\n<meta property=\"og:type\" content=\"article\" \/>\n<meta property=\"og:title\" content=\"Poronhoidon kes\u00e4 - Poro ja poronhoito\" \/>\n<meta property=\"og:description\" content=\"Vasanmerkint\u00e4 eli vasanleikko Porot kootaan vasanleikkoon yleisimmin juhannuksen tiet\u00e4mill\u00e4. Vasanleikossa kev\u00e4\u00e4ll\u00e4 syntyneet vasat korvamerkit\u00e4\u00e4n. Vasanleikossa\u00a0hy\u00f6dynnet\u00e4\u00e4n porojen r\u00e4kk\u00e4aikaista tokkaantumista. Tokat \u00a0kootaan aitoihin joko jalkaisin tai m\u00f6nkij\u00f6it\u00e4 apuna k\u00e4ytt\u00e4en, kunkin alueen maastoista riippuen. Poronhoitoalueen eri puolilla menetelm\u00e4t ja ty\u00f6tavat eroavat toisistaan: ty\u00f6t ja toimet hoidetaan kuhunkin ymp\u00e4rist\u00f6\u00f6n ja paliskunnan perinteisiin parhaiten sopivalla tavalla. Kaikki vasanleikkoon kuuluvat ty\u00f6t, [&hellip;]\" \/>\n<meta property=\"og:url\" content=\"https:\/\/paliskunnat.fi\/poro\/poronhoito\/poronhoitovuosi\/poronhoidon-kesa\/\" \/>\n<meta property=\"og:site_name\" content=\"Poro ja poronhoito\" \/>\n<meta property=\"article:modified_time\" content=\"2020-02-13T17:06:31+00:00\" \/>\n<meta property=\"og:image\" content=\"https:\/\/paliskunnat.fi\/poro\/wp-content\/uploads\/2014\/09\/sallivaara1a-150x150.jpg\" \/>\n<meta name=\"twitter:card\" content=\"summary_large_image\" \/>\n<meta name=\"twitter:label1\" content=\"Arvioitu lukuaika\" \/>\n\t<meta name=\"twitter:data1\" content=\"2 minuuttia\" \/>\n<script type=\"application\/ld+json\" class=\"yoast-schema-graph\">{\"@context\":\"https:\/\/schema.org\",\"@graph\":[{\"@type\":\"WebPage\",\"@id\":\"https:\/\/paliskunnat.fi\/poro\/poronhoito\/poronhoitovuosi\/poronhoidon-kesa\/\",\"url\":\"https:\/\/paliskunnat.fi\/poro\/poronhoito\/poronhoitovuosi\/poronhoidon-kesa\/\",\"name\":\"Poronhoidon kes\u00e4 - Poro ja poronhoito\",\"isPartOf\":{\"@id\":\"https:\/\/paliskunnat.fi\/poro\/#website\"},\"primaryImageOfPage\":{\"@id\":\"https:\/\/paliskunnat.fi\/poro\/poronhoito\/poronhoitovuosi\/poronhoidon-kesa\/#primaryimage\"},\"image\":{\"@id\":\"https:\/\/paliskunnat.fi\/poro\/poronhoito\/poronhoitovuosi\/poronhoidon-kesa\/#primaryimage\"},\"thumbnailUrl\":\"https:\/\/paliskunnat.fi\/poro\/wp-content\/uploads\/2014\/09\/IMG_9151a.jpg\",\"datePublished\":\"2014-09-01T06:37:17+00:00\",\"dateModified\":\"2020-02-13T17:06:31+00:00\",\"breadcrumb\":{\"@id\":\"https:\/\/paliskunnat.fi\/poro\/poronhoito\/poronhoitovuosi\/poronhoidon-kesa\/#breadcrumb\"},\"inLanguage\":\"fi\",\"potentialAction\":[{\"@type\":\"ReadAction\",\"target\":[\"https:\/\/paliskunnat.fi\/poro\/poronhoito\/poronhoitovuosi\/poronhoidon-kesa\/\"]}]},{\"@type\":\"ImageObject\",\"inLanguage\":\"fi\",\"@id\":\"https:\/\/paliskunnat.fi\/poro\/poronhoito\/poronhoitovuosi\/poronhoidon-kesa\/#primaryimage\",\"url\":\"https:\/\/paliskunnat.fi\/poro\/wp-content\/uploads\/2014\/09\/IMG_9151a.jpg\",\"contentUrl\":\"https:\/\/paliskunnat.fi\/poro\/wp-content\/uploads\/2014\/09\/IMG_9151a.jpg\",\"width\":900,\"height\":675},{\"@type\":\"BreadcrumbList\",\"@id\":\"https:\/\/paliskunnat.fi\/poro\/poronhoito\/poronhoitovuosi\/poronhoidon-kesa\/#breadcrumb\",\"itemListElement\":[{\"@type\":\"ListItem\",\"position\":1,\"name\":\"Home\",\"item\":\"https:\/\/paliskunnat.fi\/poro\/\"},{\"@type\":\"ListItem\",\"position\":2,\"name\":\"Poronhoito\",\"item\":\"https:\/\/paliskunnat.fi\/poro\/poronhoito\/\"},{\"@type\":\"ListItem\",\"position\":3,\"name\":\"Poronhoitovuosi\",\"item\":\"https:\/\/paliskunnat.fi\/poro\/poronhoito\/poronhoitovuosi\/\"},{\"@type\":\"ListItem\",\"position\":4,\"name\":\"Poronhoidon kes\u00e4\"}]},{\"@type\":\"WebSite\",\"@id\":\"https:\/\/paliskunnat.fi\/poro\/#website\",\"url\":\"https:\/\/paliskunnat.fi\/poro\/\",\"name\":\"Poro ja poronhoito\",\"description\":\"Poro ja poronhoito Suomessa\",\"potentialAction\":[{\"@type\":\"SearchAction\",\"target\":{\"@type\":\"EntryPoint\",\"urlTemplate\":\"https:\/\/paliskunnat.fi\/poro\/?s={search_term_string}\"},\"query-input\":{\"@type\":\"PropertyValueSpecification\",\"valueRequired\":true,\"valueName\":\"search_term_string\"}}],\"inLanguage\":\"fi\"}]}<\/script>\n<!-- \/ Yoast SEO plugin. -->","yoast_head_json":{"title":"Poronhoidon kes\u00e4 - Poro ja poronhoito","robots":{"index":"index","follow":"follow","max-snippet":"max-snippet:-1","max-image-preview":"max-image-preview:large","max-video-preview":"max-video-preview:-1"},"canonical":"https:\/\/paliskunnat.fi\/poro\/poronhoito\/poronhoitovuosi\/poronhoidon-kesa\/","og_locale":"fi_FI","og_type":"article","og_title":"Poronhoidon kes\u00e4 - Poro ja poronhoito","og_description":"Vasanmerkint\u00e4 eli vasanleikko Porot kootaan vasanleikkoon yleisimmin juhannuksen tiet\u00e4mill\u00e4. Vasanleikossa kev\u00e4\u00e4ll\u00e4 syntyneet vasat korvamerkit\u00e4\u00e4n. Vasanleikossa\u00a0hy\u00f6dynnet\u00e4\u00e4n porojen r\u00e4kk\u00e4aikaista tokkaantumista. Tokat \u00a0kootaan aitoihin joko jalkaisin tai m\u00f6nkij\u00f6it\u00e4 apuna k\u00e4ytt\u00e4en, kunkin alueen maastoista riippuen. Poronhoitoalueen eri puolilla menetelm\u00e4t ja ty\u00f6tavat eroavat toisistaan: ty\u00f6t ja toimet hoidetaan kuhunkin ymp\u00e4rist\u00f6\u00f6n ja paliskunnan perinteisiin parhaiten sopivalla tavalla. Kaikki vasanleikkoon kuuluvat ty\u00f6t, [&hellip;]","og_url":"https:\/\/paliskunnat.fi\/poro\/poronhoito\/poronhoitovuosi\/poronhoidon-kesa\/","og_site_name":"Poro ja poronhoito","article_modified_time":"2020-02-13T17:06:31+00:00","og_image":[{"url":"https:\/\/paliskunnat.fi\/poro\/wp-content\/uploads\/2014\/09\/sallivaara1a-150x150.jpg","type":"","width":"","height":""}],"twitter_card":"summary_large_image","twitter_misc":{"Arvioitu lukuaika":"2 minuuttia"},"schema":{"@context":"https:\/\/schema.org","@graph":[{"@type":"WebPage","@id":"https:\/\/paliskunnat.fi\/poro\/poronhoito\/poronhoitovuosi\/poronhoidon-kesa\/","url":"https:\/\/paliskunnat.fi\/poro\/poronhoito\/poronhoitovuosi\/poronhoidon-kesa\/","name":"Poronhoidon kes\u00e4 - Poro ja poronhoito","isPartOf":{"@id":"https:\/\/paliskunnat.fi\/poro\/#website"},"primaryImageOfPage":{"@id":"https:\/\/paliskunnat.fi\/poro\/poronhoito\/poronhoitovuosi\/poronhoidon-kesa\/#primaryimage"},"image":{"@id":"https:\/\/paliskunnat.fi\/poro\/poronhoito\/poronhoitovuosi\/poronhoidon-kesa\/#primaryimage"},"thumbnailUrl":"https:\/\/paliskunnat.fi\/poro\/wp-content\/uploads\/2014\/09\/IMG_9151a.jpg","datePublished":"2014-09-01T06:37:17+00:00","dateModified":"2020-02-13T17:06:31+00:00","breadcrumb":{"@id":"https:\/\/paliskunnat.fi\/poro\/poronhoito\/poronhoitovuosi\/poronhoidon-kesa\/#breadcrumb"},"inLanguage":"fi","potentialAction":[{"@type":"ReadAction","target":["https:\/\/paliskunnat.fi\/poro\/poronhoito\/poronhoitovuosi\/poronhoidon-kesa\/"]}]},{"@type":"ImageObject","inLanguage":"fi","@id":"https:\/\/paliskunnat.fi\/poro\/poronhoito\/poronhoitovuosi\/poronhoidon-kesa\/#primaryimage","url":"https:\/\/paliskunnat.fi\/poro\/wp-content\/uploads\/2014\/09\/IMG_9151a.jpg","contentUrl":"https:\/\/paliskunnat.fi\/poro\/wp-content\/uploads\/2014\/09\/IMG_9151a.jpg","width":900,"height":675},{"@type":"BreadcrumbList","@id":"https:\/\/paliskunnat.fi\/poro\/poronhoito\/poronhoitovuosi\/poronhoidon-kesa\/#breadcrumb","itemListElement":[{"@type":"ListItem","position":1,"name":"Home","item":"https:\/\/paliskunnat.fi\/poro\/"},{"@type":"ListItem","position":2,"name":"Poronhoito","item":"https:\/\/paliskunnat.fi\/poro\/poronhoito\/"},{"@type":"ListItem","position":3,"name":"Poronhoitovuosi","item":"https:\/\/paliskunnat.fi\/poro\/poronhoito\/poronhoitovuosi\/"},{"@type":"ListItem","position":4,"name":"Poronhoidon kes\u00e4"}]},{"@type":"WebSite","@id":"https:\/\/paliskunnat.fi\/poro\/#website","url":"https:\/\/paliskunnat.fi\/poro\/","name":"Poro ja poronhoito","description":"Poro ja poronhoito Suomessa","potentialAction":[{"@type":"SearchAction","target":{"@type":"EntryPoint","urlTemplate":"https:\/\/paliskunnat.fi\/poro\/?s={search_term_string}"},"query-input":{"@type":"PropertyValueSpecification","valueRequired":true,"valueName":"search_term_string"}}],"inLanguage":"fi"}]}},"_links":{"self":[{"href":"https:\/\/paliskunnat.fi\/poro\/wp-json\/wp\/v2\/pages\/62","targetHints":{"allow":["GET"]}}],"collection":[{"href":"https:\/\/paliskunnat.fi\/poro\/wp-json\/wp\/v2\/pages"}],"about":[{"href":"https:\/\/paliskunnat.fi\/poro\/wp-json\/wp\/v2\/types\/page"}],"author":[{"embeddable":true,"href":"https:\/\/paliskunnat.fi\/poro\/wp-json\/wp\/v2\/users\/1"}],"replies":[{"embeddable":true,"href":"https:\/\/paliskunnat.fi\/poro\/wp-json\/wp\/v2\/comments?post=62"}],"version-history":[{"count":88,"href":"https:\/\/paliskunnat.fi\/poro\/wp-json\/wp\/v2\/pages\/62\/revisions"}],"predecessor-version":[{"id":4212,"href":"https:\/\/paliskunnat.fi\/poro\/wp-json\/wp\/v2\/pages\/62\/revisions\/4212"}],"up":[{"embeddable":true,"href":"https:\/\/paliskunnat.fi\/poro\/wp-json\/wp\/v2\/pages\/58"}],"wp:attachment":[{"href":"https:\/\/paliskunnat.fi\/poro\/wp-json\/wp\/v2\/media?parent=62"}],"curies":[{"name":"wp","href":"https:\/\/api.w.org\/{rel}","templated":true}]}}