{"id":620,"date":"2014-12-06T18:47:22","date_gmt":"2014-12-06T16:47:22","guid":{"rendered":"http:\/\/80.69.171.23\/poro\/?page_id=620"},"modified":"2025-04-10T12:25:35","modified_gmt":"2025-04-10T09:25:35","slug":"porokuninkuusajot","status":"publish","type":"page","link":"https:\/\/paliskunnat.fi\/poro\/porokilpailut\/porokuninkuusajot\/","title":{"rendered":"Porokuninkuusajot"},"content":{"rendered":"<h2>Porokuninkuusajot &#8211;\u00a0kisakauden huipennus<\/h2>\n<p>Porokuninkuudesta kilpailevat 24 Poro Cup-osakilpailuissa eniten pisteit\u00e4 saaneet\u00a0kuuman sarjan suomalaiset\u00a0kilpaporot.\u00a0Porokuninkuusajon lis\u00e4ksi kisap\u00e4iv\u00e4n\u00e4 ajetaan yleinen sarja, kuuma sarja, sprintti tai juniori sarja. Suopunginheitto ja leikkimielinen haasteajo kuuluvat perinteisesti kuninkuuskisaviikonlopun lajeihin.<\/p>\n<p>Porokuninkuusajot j\u00e4rjest\u00e4\u00e4 \u00a0Suomen Porokilpailijat ry (vuodesta 2016 l\u00e4htien).<\/p>\n<p><a href=\"https:\/\/paliskunnat.fi\/poro\/wp-content\/uploads\/2014\/12\/inari_2014b.jpg\" rel=\"lightbox[620]\"><img loading=\"lazy\" decoding=\"async\" class=\"alignnone wp-image-2667\" src=\"https:\/\/paliskunnat.fi\/poro\/wp-content\/uploads\/2014\/12\/inari_2014b.jpg\" alt=\"Porokuninkuusajot Inarissa 2014. Kuva: Tarja Konstig.\" width=\"460\" height=\"299\" srcset=\"https:\/\/paliskunnat.fi\/poro\/wp-content\/uploads\/2014\/12\/inari_2014b.jpg 960w, https:\/\/paliskunnat.fi\/poro\/wp-content\/uploads\/2014\/12\/inari_2014b-300x195.jpg 300w\" sizes=\"auto, (max-width: 460px) 100vw, 460px\" \/><\/a><\/p>\n<h3>Porokuninkaat<\/h3>\n\n\t\t<style type=\"text\/css\">\n\t\t\t#gallery-1 {\n\t\t\t\tmargin: auto;\n\t\t\t}\n\t\t\t#gallery-1 .gallery-item {\n\t\t\t\tfloat: left;\n\t\t\t\tmargin-top: 10px;\n\t\t\t\ttext-align: center;\n\t\t\t\twidth: 33%;\n\t\t\t}\n\t\t\t#gallery-1 img {\n\t\t\t\tborder: 2px solid #cfcfcf;\n\t\t\t}\n\t\t\t#gallery-1 .gallery-caption {\n\t\t\t\tmargin-left: 0;\n\t\t\t}\n\t\t\t\/* see gallery_shortcode() in wp-includes\/media.php *\/\n\t\t<\/style>\n\t\t<div id='gallery-1' class='gallery galleryid-620 gallery-columns-3 gallery-size-thumbnail'><dl class='gallery-item'>\n\t\t\t<dt class='gallery-icon landscape'>\n\t\t\t\t<a href='https:\/\/paliskunnat.fi\/poro\/wp-content\/uploads\/2014\/12\/ote_2015_31.jpg' rel=\"lightbox[620]\"><img loading=\"lazy\" decoding=\"async\" width=\"150\" height=\"150\" src=\"https:\/\/paliskunnat.fi\/poro\/wp-content\/uploads\/2014\/12\/ote_2015_31-150x150.jpg\" class=\"attachment-thumbnail size-thumbnail\" alt=\"Porokuningas Ote 2015. Kuva: Anne Ollila.\" \/><\/a>\n\t\t\t<\/dt><\/dl><dl class='gallery-item'>\n\t\t\t<dt class='gallery-icon landscape'>\n\t\t\t\t<a href='https:\/\/paliskunnat.fi\/poro\/wp-content\/uploads\/2014\/12\/ote_2015_2.jpg' rel=\"lightbox[620]\"><img loading=\"lazy\" decoding=\"async\" width=\"150\" height=\"150\" src=\"https:\/\/paliskunnat.fi\/poro\/wp-content\/uploads\/2014\/12\/ote_2015_2-150x150.jpg\" class=\"attachment-thumbnail size-thumbnail\" alt=\"Porokuningas Ote 2015. Kuva: Anne Ollila.\" \/><\/a>\n\t\t\t<\/dt><\/dl><dl class='gallery-item'>\n\t\t\t<dt class='gallery-icon landscape'>\n\t\t\t\t<a href='https:\/\/paliskunnat.fi\/poro\/wp-content\/uploads\/2014\/12\/ote_2015_1.jpg' rel=\"lightbox[620]\"><img loading=\"lazy\" decoding=\"async\" width=\"150\" height=\"150\" src=\"https:\/\/paliskunnat.fi\/poro\/wp-content\/uploads\/2014\/12\/ote_2015_1-150x150.jpg\" class=\"attachment-thumbnail size-thumbnail\" alt=\"Porokuningas Ote 2015. Kuva: Anne Ollila.\" \/><\/a>\n\t\t\t<\/dt><\/dl><br style=\"clear: both\" \/>\n\t\t<\/div>\n\n<p>2025 Nikama \/ Kollajan paliskunta, omistaja Kaleva Reino (1000 m radalla s\u00e4\u00e4olosuhteiden vuoksi), ajaja Sari Kettunen<\/p>\n<p>2024 Kultala \/ Paistunturin paliskunta, omistaja Aikio\/Konttaniemi, ajaja Eemil Saraj\u00e4rvi<\/p>\n<p>2023 Verneri \/ Pintamon paliskunta, omistaja Miika ja pojat (1000 m radalla s\u00e4\u00e4olosuhteiden vuoksi), ajaja Janne Alatalo<\/p>\n<p>2022 S\u00e4mpyl\u00e4 \/ Pintamon paliskunta, omistaja Kentt\u00e4l\u00e4 Reijo ja Kaleva Esa, ajaja Sari Kettunen<\/p>\n<p>2021\u00a0 Kisat peruttiin korona epidemian vuoksi (COVID-19)<\/p>\n<p>2020 Kisat peruttiin korona epidemian vuoksi (COVID-19)<\/p>\n<p>2019 Annin Suivakko \/ Paistunturin paliskunta, omistaja Vuolab Juha ja Portimo Anni, ajaja Marko Tervaniemi<\/p>\n<p>2018 Tulimus \/ Sallivaaran paliskunta, omistaja Rauni N\u00e4kk\u00e4l\u00e4j\u00e4rvi, ajaja Seija Matero<\/p>\n<p>2017 Pikalaaki \/ Pintamon paliskunta, omistaja Taneli Paso, ajaja Hanna Mikkola.<\/p>\n<p>2016 Pikalaaki \/ Pintamon paliskunta, omistaja Taneli Paso, ajaja Hanna Mikkola.<\/p>\n<p>2015 Ote \/ Kiiminki-Kollajan paliskunta, omistaja \u00a0Jouni Kyr\u00f6nniemi, Ajajat Janne Alatalo ja Eero P\u00e4kkil\u00e4.<\/p>\n<p>2014 Urmas \/ Sattasniemen paliskunta, omistaja Jorma Kuukasj\u00e4rvi, ajaja Hanna Mikkola.<\/p>\n<p>2013 Annint\u00e4hti \/ Kaldoaivin paliskunta, omistaja Anni L\u00e4nsman, ajaja Uula Petteri Somby.<\/p>\n<p>2012 Annint\u00e4hti \/ Kaldoaivin paliskunta, omistaja Anni L\u00e4nsman, ajaja Uula Petteri Somby.<\/p>\n<p>2011 Dat lea \/ Paistunturin paliskunta, omistaja Ari Niittyvuopio, ajaja Uula Petteri Somby.<\/p>\n<p>2010 Dat lea \/ Paistunturin paliskunta, omistaja Ari Niittyvuopio, ajaja Uula Petteri Somby.<\/p>\n<p>&nbsp;<\/p>\n<p>&nbsp;<\/p>\n","protected":false},"excerpt":{"rendered":"<p>Porokuninkuusajot &#8211;\u00a0kisakauden huipennus Porokuninkuudesta kilpailevat 24 Poro Cup-osakilpailuissa eniten pisteit\u00e4 saaneet\u00a0kuuman sarjan suomalaiset\u00a0kilpaporot.\u00a0Porokuninkuusajon lis\u00e4ksi kisap\u00e4iv\u00e4n\u00e4 ajetaan yleinen sarja, kuuma sarja, sprintti tai juniori sarja. Suopunginheitto ja leikkimielinen haasteajo kuuluvat perinteisesti kuninkuuskisaviikonlopun lajeihin. Porokuninkuusajot j\u00e4rjest\u00e4\u00e4 \u00a0Suomen Porokilpailijat ry (vuodesta 2016 l\u00e4htien). Porokuninkaat 2025 Nikama \/ Kollajan paliskunta, omistaja Kaleva Reino (1000 m radalla s\u00e4\u00e4olosuhteiden vuoksi), ajaja [&hellip;]<\/p>\n","protected":false},"author":1,"featured_media":0,"parent":455,"menu_order":3,"comment_status":"open","ping_status":"closed","template":"","meta":{"footnotes":""},"class_list":["post-620","page","type-page","status-publish","hentry"],"yoast_head":"<!-- This site is optimized with the Yoast SEO plugin v27.2 - https:\/\/yoast.com\/product\/yoast-seo-wordpress\/ -->\n<title>Porokuninkuusajot - Poro ja poronhoito<\/title>\n<meta name=\"robots\" content=\"index, follow, max-snippet:-1, max-image-preview:large, max-video-preview:-1\" \/>\n<link rel=\"canonical\" href=\"https:\/\/paliskunnat.fi\/poro\/porokilpailut\/porokuninkuusajot\/\" \/>\n<meta property=\"og:locale\" content=\"fi_FI\" \/>\n<meta property=\"og:type\" content=\"article\" \/>\n<meta property=\"og:title\" content=\"Porokuninkuusajot - Poro ja poronhoito\" \/>\n<meta property=\"og:description\" content=\"Porokuninkuusajot &#8211;\u00a0kisakauden huipennus Porokuninkuudesta kilpailevat 24 Poro Cup-osakilpailuissa eniten pisteit\u00e4 saaneet\u00a0kuuman sarjan suomalaiset\u00a0kilpaporot.\u00a0Porokuninkuusajon lis\u00e4ksi kisap\u00e4iv\u00e4n\u00e4 ajetaan yleinen sarja, kuuma sarja, sprintti tai juniori sarja. Suopunginheitto ja leikkimielinen haasteajo kuuluvat perinteisesti kuninkuuskisaviikonlopun lajeihin. Porokuninkuusajot j\u00e4rjest\u00e4\u00e4 \u00a0Suomen Porokilpailijat ry (vuodesta 2016 l\u00e4htien). Porokuninkaat 2025 Nikama \/ Kollajan paliskunta, omistaja Kaleva Reino (1000 m radalla s\u00e4\u00e4olosuhteiden vuoksi), ajaja [&hellip;]\" \/>\n<meta property=\"og:url\" content=\"https:\/\/paliskunnat.fi\/poro\/porokilpailut\/porokuninkuusajot\/\" \/>\n<meta property=\"og:site_name\" content=\"Poro ja poronhoito\" \/>\n<meta property=\"article:modified_time\" content=\"2025-04-10T09:25:35+00:00\" \/>\n<meta property=\"og:image\" content=\"https:\/\/paliskunnat.fi\/poro\/wp-content\/uploads\/2014\/12\/ote_2015_31-150x150.jpg\" \/>\n<meta name=\"twitter:card\" content=\"summary_large_image\" \/>\n<meta name=\"twitter:label1\" content=\"Arvioitu lukuaika\" \/>\n\t<meta name=\"twitter:data1\" content=\"2 minuuttia\" \/>\n<script type=\"application\/ld+json\" class=\"yoast-schema-graph\">{\"@context\":\"https:\/\/schema.org\",\"@graph\":[{\"@type\":\"WebPage\",\"@id\":\"https:\/\/paliskunnat.fi\/poro\/porokilpailut\/porokuninkuusajot\/\",\"url\":\"https:\/\/paliskunnat.fi\/poro\/porokilpailut\/porokuninkuusajot\/\",\"name\":\"Porokuninkuusajot - Poro ja poronhoito\",\"isPartOf\":{\"@id\":\"https:\/\/paliskunnat.fi\/poro\/#website\"},\"primaryImageOfPage\":{\"@id\":\"https:\/\/paliskunnat.fi\/poro\/porokilpailut\/porokuninkuusajot\/#primaryimage\"},\"image\":{\"@id\":\"https:\/\/paliskunnat.fi\/poro\/porokilpailut\/porokuninkuusajot\/#primaryimage\"},\"thumbnailUrl\":\"https:\/\/paliskunnat.fi\/poro\/wp-content\/uploads\/2014\/12\/inari_2014b.jpg\",\"datePublished\":\"2014-12-06T16:47:22+00:00\",\"dateModified\":\"2025-04-10T09:25:35+00:00\",\"breadcrumb\":{\"@id\":\"https:\/\/paliskunnat.fi\/poro\/porokilpailut\/porokuninkuusajot\/#breadcrumb\"},\"inLanguage\":\"fi\",\"potentialAction\":[{\"@type\":\"ReadAction\",\"target\":[\"https:\/\/paliskunnat.fi\/poro\/porokilpailut\/porokuninkuusajot\/\"]}]},{\"@type\":\"ImageObject\",\"inLanguage\":\"fi\",\"@id\":\"https:\/\/paliskunnat.fi\/poro\/porokilpailut\/porokuninkuusajot\/#primaryimage\",\"url\":\"https:\/\/paliskunnat.fi\/poro\/wp-content\/uploads\/2014\/12\/inari_2014b.jpg\",\"contentUrl\":\"https:\/\/paliskunnat.fi\/poro\/wp-content\/uploads\/2014\/12\/inari_2014b.jpg\",\"width\":960,\"height\":624},{\"@type\":\"BreadcrumbList\",\"@id\":\"https:\/\/paliskunnat.fi\/poro\/porokilpailut\/porokuninkuusajot\/#breadcrumb\",\"itemListElement\":[{\"@type\":\"ListItem\",\"position\":1,\"name\":\"Home\",\"item\":\"https:\/\/paliskunnat.fi\/poro\/\"},{\"@type\":\"ListItem\",\"position\":2,\"name\":\"Porokilpailut\",\"item\":\"https:\/\/paliskunnat.fi\/poro\/porokilpailut\/\"},{\"@type\":\"ListItem\",\"position\":3,\"name\":\"Porokuninkuusajot\"}]},{\"@type\":\"WebSite\",\"@id\":\"https:\/\/paliskunnat.fi\/poro\/#website\",\"url\":\"https:\/\/paliskunnat.fi\/poro\/\",\"name\":\"Poro ja poronhoito\",\"description\":\"Poro ja poronhoito Suomessa\",\"potentialAction\":[{\"@type\":\"SearchAction\",\"target\":{\"@type\":\"EntryPoint\",\"urlTemplate\":\"https:\/\/paliskunnat.fi\/poro\/?s={search_term_string}\"},\"query-input\":{\"@type\":\"PropertyValueSpecification\",\"valueRequired\":true,\"valueName\":\"search_term_string\"}}],\"inLanguage\":\"fi\"}]}<\/script>\n<!-- \/ Yoast SEO plugin. -->","yoast_head_json":{"title":"Porokuninkuusajot - Poro ja poronhoito","robots":{"index":"index","follow":"follow","max-snippet":"max-snippet:-1","max-image-preview":"max-image-preview:large","max-video-preview":"max-video-preview:-1"},"canonical":"https:\/\/paliskunnat.fi\/poro\/porokilpailut\/porokuninkuusajot\/","og_locale":"fi_FI","og_type":"article","og_title":"Porokuninkuusajot - Poro ja poronhoito","og_description":"Porokuninkuusajot &#8211;\u00a0kisakauden huipennus Porokuninkuudesta kilpailevat 24 Poro Cup-osakilpailuissa eniten pisteit\u00e4 saaneet\u00a0kuuman sarjan suomalaiset\u00a0kilpaporot.\u00a0Porokuninkuusajon lis\u00e4ksi kisap\u00e4iv\u00e4n\u00e4 ajetaan yleinen sarja, kuuma sarja, sprintti tai juniori sarja. Suopunginheitto ja leikkimielinen haasteajo kuuluvat perinteisesti kuninkuuskisaviikonlopun lajeihin. Porokuninkuusajot j\u00e4rjest\u00e4\u00e4 \u00a0Suomen Porokilpailijat ry (vuodesta 2016 l\u00e4htien). Porokuninkaat 2025 Nikama \/ Kollajan paliskunta, omistaja Kaleva Reino (1000 m radalla s\u00e4\u00e4olosuhteiden vuoksi), ajaja [&hellip;]","og_url":"https:\/\/paliskunnat.fi\/poro\/porokilpailut\/porokuninkuusajot\/","og_site_name":"Poro ja poronhoito","article_modified_time":"2025-04-10T09:25:35+00:00","og_image":[{"url":"https:\/\/paliskunnat.fi\/poro\/wp-content\/uploads\/2014\/12\/ote_2015_31-150x150.jpg","type":"","width":"","height":""}],"twitter_card":"summary_large_image","twitter_misc":{"Arvioitu lukuaika":"2 minuuttia"},"schema":{"@context":"https:\/\/schema.org","@graph":[{"@type":"WebPage","@id":"https:\/\/paliskunnat.fi\/poro\/porokilpailut\/porokuninkuusajot\/","url":"https:\/\/paliskunnat.fi\/poro\/porokilpailut\/porokuninkuusajot\/","name":"Porokuninkuusajot - Poro ja poronhoito","isPartOf":{"@id":"https:\/\/paliskunnat.fi\/poro\/#website"},"primaryImageOfPage":{"@id":"https:\/\/paliskunnat.fi\/poro\/porokilpailut\/porokuninkuusajot\/#primaryimage"},"image":{"@id":"https:\/\/paliskunnat.fi\/poro\/porokilpailut\/porokuninkuusajot\/#primaryimage"},"thumbnailUrl":"https:\/\/paliskunnat.fi\/poro\/wp-content\/uploads\/2014\/12\/inari_2014b.jpg","datePublished":"2014-12-06T16:47:22+00:00","dateModified":"2025-04-10T09:25:35+00:00","breadcrumb":{"@id":"https:\/\/paliskunnat.fi\/poro\/porokilpailut\/porokuninkuusajot\/#breadcrumb"},"inLanguage":"fi","potentialAction":[{"@type":"ReadAction","target":["https:\/\/paliskunnat.fi\/poro\/porokilpailut\/porokuninkuusajot\/"]}]},{"@type":"ImageObject","inLanguage":"fi","@id":"https:\/\/paliskunnat.fi\/poro\/porokilpailut\/porokuninkuusajot\/#primaryimage","url":"https:\/\/paliskunnat.fi\/poro\/wp-content\/uploads\/2014\/12\/inari_2014b.jpg","contentUrl":"https:\/\/paliskunnat.fi\/poro\/wp-content\/uploads\/2014\/12\/inari_2014b.jpg","width":960,"height":624},{"@type":"BreadcrumbList","@id":"https:\/\/paliskunnat.fi\/poro\/porokilpailut\/porokuninkuusajot\/#breadcrumb","itemListElement":[{"@type":"ListItem","position":1,"name":"Home","item":"https:\/\/paliskunnat.fi\/poro\/"},{"@type":"ListItem","position":2,"name":"Porokilpailut","item":"https:\/\/paliskunnat.fi\/poro\/porokilpailut\/"},{"@type":"ListItem","position":3,"name":"Porokuninkuusajot"}]},{"@type":"WebSite","@id":"https:\/\/paliskunnat.fi\/poro\/#website","url":"https:\/\/paliskunnat.fi\/poro\/","name":"Poro ja poronhoito","description":"Poro ja poronhoito Suomessa","potentialAction":[{"@type":"SearchAction","target":{"@type":"EntryPoint","urlTemplate":"https:\/\/paliskunnat.fi\/poro\/?s={search_term_string}"},"query-input":{"@type":"PropertyValueSpecification","valueRequired":true,"valueName":"search_term_string"}}],"inLanguage":"fi"}]}},"_links":{"self":[{"href":"https:\/\/paliskunnat.fi\/poro\/wp-json\/wp\/v2\/pages\/620","targetHints":{"allow":["GET"]}}],"collection":[{"href":"https:\/\/paliskunnat.fi\/poro\/wp-json\/wp\/v2\/pages"}],"about":[{"href":"https:\/\/paliskunnat.fi\/poro\/wp-json\/wp\/v2\/types\/page"}],"author":[{"embeddable":true,"href":"https:\/\/paliskunnat.fi\/poro\/wp-json\/wp\/v2\/users\/1"}],"replies":[{"embeddable":true,"href":"https:\/\/paliskunnat.fi\/poro\/wp-json\/wp\/v2\/comments?post=620"}],"version-history":[{"count":48,"href":"https:\/\/paliskunnat.fi\/poro\/wp-json\/wp\/v2\/pages\/620\/revisions"}],"predecessor-version":[{"id":4695,"href":"https:\/\/paliskunnat.fi\/poro\/wp-json\/wp\/v2\/pages\/620\/revisions\/4695"}],"up":[{"embeddable":true,"href":"https:\/\/paliskunnat.fi\/poro\/wp-json\/wp\/v2\/pages\/455"}],"wp:attachment":[{"href":"https:\/\/paliskunnat.fi\/poro\/wp-json\/wp\/v2\/media?parent=620"}],"curies":[{"name":"wp","href":"https:\/\/api.w.org\/{rel}","templated":true}]}}