{"id":631,"date":"2014-12-07T15:51:43","date_gmt":"2014-12-07T13:51:43","guid":{"rendered":"http:\/\/80.69.171.23\/poro\/?page_id=631"},"modified":"2025-12-13T14:53:36","modified_gmt":"2025-12-13T12:53:36","slug":"kursseja-ja-koulutusta","status":"publish","type":"page","link":"https:\/\/paliskunnat.fi\/poro\/porotuotteet\/kursseja-ja-koulutusta\/","title":{"rendered":"Koulutusta ja julkaisuja"},"content":{"rendered":"<h2>Porotuotteisiin liittyv\u00e4\u00e4 koulutusta<\/h2>\n<p><a href=\"http:\/\/www.sogsakk.fi\/\" class=\"external external_icon\" rel=\"nofollow\">Saamelaisalueen koulutuskeskus<\/a> tarjoaa monipuolisesti porotuotteisiin liittyv\u00e4\u00e4 <a href=\"http:\/\/www.sogsakk.fi\/fi\/Hakijalle\/Lyhytkoulutukset\" class=\"external external_icon\" rel=\"nofollow\">koulutusta ja kursseja<\/a> Saamelaisten kotiseutualueen kunnissa ja ajoittain my\u00f6s muualla.<\/p>\n<p>Saamelaisalueen koulutuskeskuksen poromateriaalihankkeissa on aktiivisesti edistetty poromateriaalien k\u00e4ytt\u00f6\u00e4:<\/p>\n<p><a href=\"https:\/\/www.sogsakk.fi\/fi\" class=\"external external_icon\" rel=\"nofollow\">Saamelaisalueen koulutuskeskuksen<\/a> palvelut<\/p>\n<h3>Julkaisuja ja oppaita<\/h3>\n<p>Anna Kauppila: <a href=\"http:\/\/urn.fi\/URN:NBN:fi:amk-201105279981\" class=\"external external_icon\" rel=\"nofollow\">Poronnahka kalusteverhoilun materiaalina<\/a><\/p>\n<p><a href=\"https:\/\/www.finna.fi\/Search\/Results?lookfor=%22poronnahka%22&amp;type=Subject&amp;sort=relevance&amp;view=list&amp;limit=100\" class=\"external external_icon\" rel=\"nofollow\">Poronnahka<\/a> &#8211; Suomen arkistojen, kirjastojen ja museoiden aarteet<\/p>\n<p>&nbsp;<\/p>\n","protected":false},"excerpt":{"rendered":"<p>Porotuotteisiin liittyv\u00e4\u00e4 koulutusta Saamelaisalueen koulutuskeskus tarjoaa monipuolisesti porotuotteisiin liittyv\u00e4\u00e4 koulutusta ja kursseja Saamelaisten kotiseutualueen kunnissa ja ajoittain my\u00f6s muualla. Saamelaisalueen koulutuskeskuksen poromateriaalihankkeissa on aktiivisesti edistetty poromateriaalien k\u00e4ytt\u00f6\u00e4: Saamelaisalueen koulutuskeskuksen palvelut Julkaisuja ja oppaita Anna Kauppila: Poronnahka kalusteverhoilun materiaalina Poronnahka &#8211; Suomen arkistojen, kirjastojen ja museoiden aarteet &nbsp;<\/p>\n","protected":false},"author":1,"featured_media":0,"parent":288,"menu_order":3,"comment_status":"open","ping_status":"closed","template":"","meta":{"footnotes":""},"class_list":["post-631","page","type-page","status-publish","hentry"],"yoast_head":"<!-- This site is optimized with the Yoast SEO plugin v27.2 - https:\/\/yoast.com\/product\/yoast-seo-wordpress\/ -->\n<title>Koulutusta ja julkaisuja - Poro ja poronhoito<\/title>\n<meta name=\"robots\" content=\"index, follow, max-snippet:-1, max-image-preview:large, max-video-preview:-1\" \/>\n<link rel=\"canonical\" href=\"https:\/\/paliskunnat.fi\/poro\/porotuotteet\/kursseja-ja-koulutusta\/\" \/>\n<meta property=\"og:locale\" content=\"fi_FI\" \/>\n<meta property=\"og:type\" content=\"article\" \/>\n<meta property=\"og:title\" content=\"Koulutusta ja julkaisuja - Poro ja poronhoito\" \/>\n<meta property=\"og:description\" content=\"Porotuotteisiin liittyv\u00e4\u00e4 koulutusta Saamelaisalueen koulutuskeskus tarjoaa monipuolisesti porotuotteisiin liittyv\u00e4\u00e4 koulutusta ja kursseja Saamelaisten kotiseutualueen kunnissa ja ajoittain my\u00f6s muualla. Saamelaisalueen koulutuskeskuksen poromateriaalihankkeissa on aktiivisesti edistetty poromateriaalien k\u00e4ytt\u00f6\u00e4: Saamelaisalueen koulutuskeskuksen palvelut Julkaisuja ja oppaita Anna Kauppila: Poronnahka kalusteverhoilun materiaalina Poronnahka &#8211; Suomen arkistojen, kirjastojen ja museoiden aarteet &nbsp;\" \/>\n<meta property=\"og:url\" content=\"https:\/\/paliskunnat.fi\/poro\/porotuotteet\/kursseja-ja-koulutusta\/\" \/>\n<meta property=\"og:site_name\" content=\"Poro ja poronhoito\" \/>\n<meta property=\"article:modified_time\" content=\"2025-12-13T12:53:36+00:00\" \/>\n<meta name=\"twitter:card\" content=\"summary_large_image\" \/>\n<meta name=\"twitter:label1\" content=\"Arvioitu lukuaika\" \/>\n\t<meta name=\"twitter:data1\" content=\"1 minuutti\" \/>\n<script type=\"application\/ld+json\" class=\"yoast-schema-graph\">{\"@context\":\"https:\/\/schema.org\",\"@graph\":[{\"@type\":\"WebPage\",\"@id\":\"https:\/\/paliskunnat.fi\/poro\/porotuotteet\/kursseja-ja-koulutusta\/\",\"url\":\"https:\/\/paliskunnat.fi\/poro\/porotuotteet\/kursseja-ja-koulutusta\/\",\"name\":\"Koulutusta ja julkaisuja - Poro ja poronhoito\",\"isPartOf\":{\"@id\":\"https:\/\/paliskunnat.fi\/poro\/#website\"},\"datePublished\":\"2014-12-07T13:51:43+00:00\",\"dateModified\":\"2025-12-13T12:53:36+00:00\",\"breadcrumb\":{\"@id\":\"https:\/\/paliskunnat.fi\/poro\/porotuotteet\/kursseja-ja-koulutusta\/#breadcrumb\"},\"inLanguage\":\"fi\",\"potentialAction\":[{\"@type\":\"ReadAction\",\"target\":[\"https:\/\/paliskunnat.fi\/poro\/porotuotteet\/kursseja-ja-koulutusta\/\"]}]},{\"@type\":\"BreadcrumbList\",\"@id\":\"https:\/\/paliskunnat.fi\/poro\/porotuotteet\/kursseja-ja-koulutusta\/#breadcrumb\",\"itemListElement\":[{\"@type\":\"ListItem\",\"position\":1,\"name\":\"Home\",\"item\":\"https:\/\/paliskunnat.fi\/poro\/\"},{\"@type\":\"ListItem\",\"position\":2,\"name\":\"Porotuotteet\",\"item\":\"https:\/\/paliskunnat.fi\/poro\/porotuotteet\/\"},{\"@type\":\"ListItem\",\"position\":3,\"name\":\"Koulutusta ja julkaisuja\"}]},{\"@type\":\"WebSite\",\"@id\":\"https:\/\/paliskunnat.fi\/poro\/#website\",\"url\":\"https:\/\/paliskunnat.fi\/poro\/\",\"name\":\"Poro ja poronhoito\",\"description\":\"Poro ja poronhoito Suomessa\",\"potentialAction\":[{\"@type\":\"SearchAction\",\"target\":{\"@type\":\"EntryPoint\",\"urlTemplate\":\"https:\/\/paliskunnat.fi\/poro\/?s={search_term_string}\"},\"query-input\":{\"@type\":\"PropertyValueSpecification\",\"valueRequired\":true,\"valueName\":\"search_term_string\"}}],\"inLanguage\":\"fi\"}]}<\/script>\n<!-- \/ Yoast SEO plugin. -->","yoast_head_json":{"title":"Koulutusta ja julkaisuja - Poro ja poronhoito","robots":{"index":"index","follow":"follow","max-snippet":"max-snippet:-1","max-image-preview":"max-image-preview:large","max-video-preview":"max-video-preview:-1"},"canonical":"https:\/\/paliskunnat.fi\/poro\/porotuotteet\/kursseja-ja-koulutusta\/","og_locale":"fi_FI","og_type":"article","og_title":"Koulutusta ja julkaisuja - Poro ja poronhoito","og_description":"Porotuotteisiin liittyv\u00e4\u00e4 koulutusta Saamelaisalueen koulutuskeskus tarjoaa monipuolisesti porotuotteisiin liittyv\u00e4\u00e4 koulutusta ja kursseja Saamelaisten kotiseutualueen kunnissa ja ajoittain my\u00f6s muualla. Saamelaisalueen koulutuskeskuksen poromateriaalihankkeissa on aktiivisesti edistetty poromateriaalien k\u00e4ytt\u00f6\u00e4: Saamelaisalueen koulutuskeskuksen palvelut Julkaisuja ja oppaita Anna Kauppila: Poronnahka kalusteverhoilun materiaalina Poronnahka &#8211; Suomen arkistojen, kirjastojen ja museoiden aarteet &nbsp;","og_url":"https:\/\/paliskunnat.fi\/poro\/porotuotteet\/kursseja-ja-koulutusta\/","og_site_name":"Poro ja poronhoito","article_modified_time":"2025-12-13T12:53:36+00:00","twitter_card":"summary_large_image","twitter_misc":{"Arvioitu lukuaika":"1 minuutti"},"schema":{"@context":"https:\/\/schema.org","@graph":[{"@type":"WebPage","@id":"https:\/\/paliskunnat.fi\/poro\/porotuotteet\/kursseja-ja-koulutusta\/","url":"https:\/\/paliskunnat.fi\/poro\/porotuotteet\/kursseja-ja-koulutusta\/","name":"Koulutusta ja julkaisuja - Poro ja poronhoito","isPartOf":{"@id":"https:\/\/paliskunnat.fi\/poro\/#website"},"datePublished":"2014-12-07T13:51:43+00:00","dateModified":"2025-12-13T12:53:36+00:00","breadcrumb":{"@id":"https:\/\/paliskunnat.fi\/poro\/porotuotteet\/kursseja-ja-koulutusta\/#breadcrumb"},"inLanguage":"fi","potentialAction":[{"@type":"ReadAction","target":["https:\/\/paliskunnat.fi\/poro\/porotuotteet\/kursseja-ja-koulutusta\/"]}]},{"@type":"BreadcrumbList","@id":"https:\/\/paliskunnat.fi\/poro\/porotuotteet\/kursseja-ja-koulutusta\/#breadcrumb","itemListElement":[{"@type":"ListItem","position":1,"name":"Home","item":"https:\/\/paliskunnat.fi\/poro\/"},{"@type":"ListItem","position":2,"name":"Porotuotteet","item":"https:\/\/paliskunnat.fi\/poro\/porotuotteet\/"},{"@type":"ListItem","position":3,"name":"Koulutusta ja julkaisuja"}]},{"@type":"WebSite","@id":"https:\/\/paliskunnat.fi\/poro\/#website","url":"https:\/\/paliskunnat.fi\/poro\/","name":"Poro ja poronhoito","description":"Poro ja poronhoito Suomessa","potentialAction":[{"@type":"SearchAction","target":{"@type":"EntryPoint","urlTemplate":"https:\/\/paliskunnat.fi\/poro\/?s={search_term_string}"},"query-input":{"@type":"PropertyValueSpecification","valueRequired":true,"valueName":"search_term_string"}}],"inLanguage":"fi"}]}},"_links":{"self":[{"href":"https:\/\/paliskunnat.fi\/poro\/wp-json\/wp\/v2\/pages\/631","targetHints":{"allow":["GET"]}}],"collection":[{"href":"https:\/\/paliskunnat.fi\/poro\/wp-json\/wp\/v2\/pages"}],"about":[{"href":"https:\/\/paliskunnat.fi\/poro\/wp-json\/wp\/v2\/types\/page"}],"author":[{"embeddable":true,"href":"https:\/\/paliskunnat.fi\/poro\/wp-json\/wp\/v2\/users\/1"}],"replies":[{"embeddable":true,"href":"https:\/\/paliskunnat.fi\/poro\/wp-json\/wp\/v2\/comments?post=631"}],"version-history":[{"count":28,"href":"https:\/\/paliskunnat.fi\/poro\/wp-json\/wp\/v2\/pages\/631\/revisions"}],"predecessor-version":[{"id":4761,"href":"https:\/\/paliskunnat.fi\/poro\/wp-json\/wp\/v2\/pages\/631\/revisions\/4761"}],"up":[{"embeddable":true,"href":"https:\/\/paliskunnat.fi\/poro\/wp-json\/wp\/v2\/pages\/288"}],"wp:attachment":[{"href":"https:\/\/paliskunnat.fi\/poro\/wp-json\/wp\/v2\/media?parent=631"}],"curies":[{"name":"wp","href":"https:\/\/api.w.org\/{rel}","templated":true}]}}