{"id":64,"date":"2014-09-01T09:37:44","date_gmt":"2014-09-01T06:37:44","guid":{"rendered":"http:\/\/80.69.171.23\/poro\/?page_id=64"},"modified":"2017-03-25T23:19:58","modified_gmt":"2017-03-25T21:19:58","slug":"syksy","status":"publish","type":"page","link":"https:\/\/paliskunnat.fi\/poro\/poronhoito\/poronhoitovuosi\/syksy\/","title":{"rendered":"Poronhoidon syksy"},"content":{"rendered":"<h2>Poroerotus<\/h2>\n<p>Syksyll\u00e4 porot ovat parhaassa kunnossa. Varsinkin hyv\u00e4n\u00e4 sienisyksyn\u00e4 porot sy\u00f6v\u00e4t runsaasti sieni\u00e4 ja kerrytt\u00e4v\u00e4t niill\u00e4 rasvavarastojaan talven varalle.<\/p>\n<p><a href=\"https:\/\/paliskunnat.fi\/poro\/wp-content\/uploads\/2014\/09\/DSC0018a.jpg\" rel=\"lightbox[64]\"><img loading=\"lazy\" decoding=\"async\" class=\"alignnone wp-image-978\" src=\"https:\/\/paliskunnat.fi\/poro\/wp-content\/uploads\/2014\/09\/DSC0018a.jpg\" alt=\"Poroja Syv\u00e4j\u00e4rven erotuksessa syksyll\u00e4 2013\" width=\"460\" height=\"307\" srcset=\"https:\/\/paliskunnat.fi\/poro\/wp-content\/uploads\/2014\/09\/DSC0018a.jpg 900w, https:\/\/paliskunnat.fi\/poro\/wp-content\/uploads\/2014\/09\/DSC0018a-300x200.jpg 300w\" sizes=\"auto, (max-width: 460px) 100vw, 460px\" \/><\/a><\/p>\n<p>Hirvaat tulevat kiimaan syyskuussa ja vaatimet pari viikkoa my\u00f6hemmin. Porojen kiima-aika eli rykim\u00e4 on saanut nimens\u00e4 hirvaiden rykimist\u00e4 muistuttavasta \u00e4\u00e4nest\u00e4. Valtahirvaat kokoavat vaatimia yhteen ja vartioivat omiaan\u00a0kilpailijoiden\u00a0varalta. T\u00e4t\u00e4 luonnon tapahtumaa hy\u00f6dynt\u00e4\u00e4 poromies.<\/p>\n<p>Rykim\u00e4parttioita kootaan suurempiin tokkiin, jotka kuljetetaan\u00a0aitoihin jalan, moottoripy\u00f6ri\u00e4, m\u00f6kij\u00f6it\u00e4 tai helikopteria apuna k\u00e4ytt\u00e4en. Poronhoitoalueen etel\u00e4- ja keskiosissa porojen kokoaminen aloitetaan sulanmaan aikana syys-lokakuun vaihteessa ja ty\u00f6t\u00e4 tehd\u00e4\u00e4n edelleen usein jalkaisin. Poronhoitoalueen pohjoisimmissa osissa t\u00f6ihin p\u00e4\u00e4st\u00e4\u00e4n yleens\u00e4 vasta vesist\u00f6jen saatua riitt\u00e4v\u00e4n lujan j\u00e4\u00e4peitteen ja liikkumiseen k\u00e4ytet\u00e4\u00e4n moottorikelkkoja. Paikoin apuna k\u00e4ytet\u00e4\u00e4n my\u00f6s helikoptereita.<\/p>\n<div class=\"simplePullQuote right\"><p>Syksy on poronmiehen sadonkorjuuaikaa<\/p>\n<\/div>\n<p>Poroerotuksessa hirvaat otetaan aidasta kiinni ensin, yleens\u00e4 suopungilla heitt\u00e4en. Ne luetaan (eli kirjataan omistajansa poroluetteloon), loisl\u00e4\u00e4kit\u00e4\u00e4n ja p\u00e4\u00e4stet\u00e4\u00e4n\u00a0aidasta pois. N\u00e4in ne eiv\u00e4t aiheuta turhia vaaratilanteita py\u00f6rim\u00e4ll\u00e4 aidassa suurine sarvineen ja kiivaine luonteineen.<\/p>\n<p>Vaatimet ja vasat ajetaan pieniss\u00e4 eriss\u00e4 kirnuun (eli pienemp\u00e4\u00e4n aitaan), jossa teurasporot erotetaan eloporoista.\u00a0Porot otetaan kirnussa kiinni joko k\u00e4sin tai suopungilla. Kaikki porot luetaan. El\u00e4m\u00e4\u00e4n j\u00e4\u00e4v\u00e4t loisl\u00e4\u00e4kit\u00e4\u00e4n ja p\u00e4\u00e4stet\u00e4\u00e4n aidasta takaisin luontoon. Teurasporot siirret\u00e4\u00e4n pienempiin aitoihin eli konttoreihin.<\/p>\n<p>Lukeminen tarkoittaa porojen kirjaamista omistajalleen. Lukeminen on lakis\u00e4\u00e4teinen teht\u00e4v\u00e4. Luettava poro otetaan kiinni, sen korvamerkki tunnistetaan ja omistaja ilmoitetaan lukumiehelle, joka merkitsee poron lukulautaan. Poron kylkikarvoihin merkit\u00e4\u00e4n puukolla viillot, jotta poron tiedet\u00e4\u00e4n tulleen luetuksi. N\u00e4in v\u00e4ltyt\u00e4\u00e4n lukemasta samaa poroa moneen kertaan ja pysyt\u00e4\u00e4n ajantasalla porom\u00e4\u00e4r\u00e4st\u00e4. Lukumerkit katoavat poron kyljist\u00e4 karvan vaihdon my\u00f6t\u00e4 ennen seuraavaa erotuskautta.<\/p>\n<p>Paliskunnan alueelle harhautuneet toisten paliskuntien alueelle kuuluvat porot, eli vieroporot, palautetaan omaan paliskuntaansa tai hoidetaan muulla sovitulla tavalla.<\/p>\n<p>My\u00f6s teurasporot luetteloidaan. Poronlihaa tuotetaan vajaa kaksi miljoonaa kiloa vuosittain. T\u00e4rkeit\u00e4 tuotteita ovat my\u00f6s taljat, nahka ja sarvet. Kaikki poron osat pyrit\u00e4\u00e4n edelleen hy\u00f6dynt\u00e4m\u00e4\u00e4n.<\/p>\n<p>Ennen Suomen EU-j\u00e4senyytt\u00e4 porojen teurastukset hoidettiin erotusaidoilla olevissa\u00a0kentt\u00e4teurastamoissa. Nyk\u00e4\u00e4n myyntiin menev\u00e4 liha on teurastettava EU-s\u00e4\u00e4nn\u00f6sten mukaisissa hyv\u00e4ksytyiss\u00e4 teurastamoissa ja liha k\u00e4sitelt\u00e4v\u00e4 hyv\u00e4ksytyiss\u00e4 leikkaamoissa. Ainoastaan poronomistajan omaan k\u00e4ytt\u00f6\u00f6n tai aidalta tai kotitilalta tapahtuvaan suoramyyntiin tarkoitettu poro voidaan teurastaa edelleen aidalla.<\/p>\n<p>&nbsp;<\/p>\n<p>&nbsp;<\/p>\n","protected":false},"excerpt":{"rendered":"<p>Poroerotus Syksyll\u00e4 porot ovat parhaassa kunnossa. Varsinkin hyv\u00e4n\u00e4 sienisyksyn\u00e4 porot sy\u00f6v\u00e4t runsaasti sieni\u00e4 ja kerrytt\u00e4v\u00e4t niill\u00e4 rasvavarastojaan talven varalle. Hirvaat tulevat kiimaan syyskuussa ja vaatimet pari viikkoa my\u00f6hemmin. Porojen kiima-aika eli rykim\u00e4 on saanut nimens\u00e4 hirvaiden rykimist\u00e4 muistuttavasta \u00e4\u00e4nest\u00e4. Valtahirvaat kokoavat vaatimia yhteen ja vartioivat omiaan\u00a0kilpailijoiden\u00a0varalta. T\u00e4t\u00e4 luonnon tapahtumaa hy\u00f6dynt\u00e4\u00e4 poromies. Rykim\u00e4parttioita kootaan suurempiin tokkiin, [&hellip;]<\/p>\n","protected":false},"author":1,"featured_media":0,"parent":58,"menu_order":2,"comment_status":"open","ping_status":"closed","template":"","meta":{"footnotes":""},"class_list":["post-64","page","type-page","status-publish","hentry"],"yoast_head":"<!-- This site is optimized with the Yoast SEO plugin v27.2 - https:\/\/yoast.com\/product\/yoast-seo-wordpress\/ -->\n<title>Poronhoidon syksy - Poro ja poronhoito<\/title>\n<meta name=\"robots\" content=\"index, follow, max-snippet:-1, max-image-preview:large, max-video-preview:-1\" \/>\n<link rel=\"canonical\" href=\"https:\/\/paliskunnat.fi\/poro\/poronhoito\/poronhoitovuosi\/syksy\/\" \/>\n<meta property=\"og:locale\" content=\"fi_FI\" \/>\n<meta property=\"og:type\" content=\"article\" \/>\n<meta property=\"og:title\" content=\"Poronhoidon syksy - Poro ja poronhoito\" \/>\n<meta property=\"og:description\" content=\"Poroerotus Syksyll\u00e4 porot ovat parhaassa kunnossa. Varsinkin hyv\u00e4n\u00e4 sienisyksyn\u00e4 porot sy\u00f6v\u00e4t runsaasti sieni\u00e4 ja kerrytt\u00e4v\u00e4t niill\u00e4 rasvavarastojaan talven varalle. Hirvaat tulevat kiimaan syyskuussa ja vaatimet pari viikkoa my\u00f6hemmin. Porojen kiima-aika eli rykim\u00e4 on saanut nimens\u00e4 hirvaiden rykimist\u00e4 muistuttavasta \u00e4\u00e4nest\u00e4. Valtahirvaat kokoavat vaatimia yhteen ja vartioivat omiaan\u00a0kilpailijoiden\u00a0varalta. T\u00e4t\u00e4 luonnon tapahtumaa hy\u00f6dynt\u00e4\u00e4 poromies. Rykim\u00e4parttioita kootaan suurempiin tokkiin, [&hellip;]\" \/>\n<meta property=\"og:url\" content=\"https:\/\/paliskunnat.fi\/poro\/poronhoito\/poronhoitovuosi\/syksy\/\" \/>\n<meta property=\"og:site_name\" content=\"Poro ja poronhoito\" \/>\n<meta property=\"article:modified_time\" content=\"2017-03-25T21:19:58+00:00\" \/>\n<meta property=\"og:image\" content=\"https:\/\/paliskunnat.fi\/poro\/wp-content\/uploads\/2014\/09\/DSC0018a.jpg\" \/>\n<meta name=\"twitter:card\" content=\"summary_large_image\" \/>\n<meta name=\"twitter:label1\" content=\"Arvioitu lukuaika\" \/>\n\t<meta name=\"twitter:data1\" content=\"2 minuuttia\" \/>\n<script type=\"application\/ld+json\" class=\"yoast-schema-graph\">{\"@context\":\"https:\/\/schema.org\",\"@graph\":[{\"@type\":\"WebPage\",\"@id\":\"https:\/\/paliskunnat.fi\/poro\/poronhoito\/poronhoitovuosi\/syksy\/\",\"url\":\"https:\/\/paliskunnat.fi\/poro\/poronhoito\/poronhoitovuosi\/syksy\/\",\"name\":\"Poronhoidon syksy - Poro ja poronhoito\",\"isPartOf\":{\"@id\":\"https:\/\/paliskunnat.fi\/poro\/#website\"},\"primaryImageOfPage\":{\"@id\":\"https:\/\/paliskunnat.fi\/poro\/poronhoito\/poronhoitovuosi\/syksy\/#primaryimage\"},\"image\":{\"@id\":\"https:\/\/paliskunnat.fi\/poro\/poronhoito\/poronhoitovuosi\/syksy\/#primaryimage\"},\"thumbnailUrl\":\"https:\/\/paliskunnat.fi\/poro\/wp-content\/uploads\/2014\/09\/DSC0018a.jpg\",\"datePublished\":\"2014-09-01T06:37:44+00:00\",\"dateModified\":\"2017-03-25T21:19:58+00:00\",\"breadcrumb\":{\"@id\":\"https:\/\/paliskunnat.fi\/poro\/poronhoito\/poronhoitovuosi\/syksy\/#breadcrumb\"},\"inLanguage\":\"fi\",\"potentialAction\":[{\"@type\":\"ReadAction\",\"target\":[\"https:\/\/paliskunnat.fi\/poro\/poronhoito\/poronhoitovuosi\/syksy\/\"]}]},{\"@type\":\"ImageObject\",\"inLanguage\":\"fi\",\"@id\":\"https:\/\/paliskunnat.fi\/poro\/poronhoito\/poronhoitovuosi\/syksy\/#primaryimage\",\"url\":\"https:\/\/paliskunnat.fi\/poro\/wp-content\/uploads\/2014\/09\/DSC0018a.jpg\",\"contentUrl\":\"https:\/\/paliskunnat.fi\/poro\/wp-content\/uploads\/2014\/09\/DSC0018a.jpg\",\"width\":900,\"height\":600},{\"@type\":\"BreadcrumbList\",\"@id\":\"https:\/\/paliskunnat.fi\/poro\/poronhoito\/poronhoitovuosi\/syksy\/#breadcrumb\",\"itemListElement\":[{\"@type\":\"ListItem\",\"position\":1,\"name\":\"Home\",\"item\":\"https:\/\/paliskunnat.fi\/poro\/\"},{\"@type\":\"ListItem\",\"position\":2,\"name\":\"Poronhoito\",\"item\":\"https:\/\/paliskunnat.fi\/poro\/poronhoito\/\"},{\"@type\":\"ListItem\",\"position\":3,\"name\":\"Poronhoitovuosi\",\"item\":\"https:\/\/paliskunnat.fi\/poro\/poronhoito\/poronhoitovuosi\/\"},{\"@type\":\"ListItem\",\"position\":4,\"name\":\"Poronhoidon syksy\"}]},{\"@type\":\"WebSite\",\"@id\":\"https:\/\/paliskunnat.fi\/poro\/#website\",\"url\":\"https:\/\/paliskunnat.fi\/poro\/\",\"name\":\"Poro ja poronhoito\",\"description\":\"Poro ja poronhoito Suomessa\",\"potentialAction\":[{\"@type\":\"SearchAction\",\"target\":{\"@type\":\"EntryPoint\",\"urlTemplate\":\"https:\/\/paliskunnat.fi\/poro\/?s={search_term_string}\"},\"query-input\":{\"@type\":\"PropertyValueSpecification\",\"valueRequired\":true,\"valueName\":\"search_term_string\"}}],\"inLanguage\":\"fi\"}]}<\/script>\n<!-- \/ Yoast SEO plugin. -->","yoast_head_json":{"title":"Poronhoidon syksy - Poro ja poronhoito","robots":{"index":"index","follow":"follow","max-snippet":"max-snippet:-1","max-image-preview":"max-image-preview:large","max-video-preview":"max-video-preview:-1"},"canonical":"https:\/\/paliskunnat.fi\/poro\/poronhoito\/poronhoitovuosi\/syksy\/","og_locale":"fi_FI","og_type":"article","og_title":"Poronhoidon syksy - Poro ja poronhoito","og_description":"Poroerotus Syksyll\u00e4 porot ovat parhaassa kunnossa. Varsinkin hyv\u00e4n\u00e4 sienisyksyn\u00e4 porot sy\u00f6v\u00e4t runsaasti sieni\u00e4 ja kerrytt\u00e4v\u00e4t niill\u00e4 rasvavarastojaan talven varalle. Hirvaat tulevat kiimaan syyskuussa ja vaatimet pari viikkoa my\u00f6hemmin. Porojen kiima-aika eli rykim\u00e4 on saanut nimens\u00e4 hirvaiden rykimist\u00e4 muistuttavasta \u00e4\u00e4nest\u00e4. Valtahirvaat kokoavat vaatimia yhteen ja vartioivat omiaan\u00a0kilpailijoiden\u00a0varalta. T\u00e4t\u00e4 luonnon tapahtumaa hy\u00f6dynt\u00e4\u00e4 poromies. Rykim\u00e4parttioita kootaan suurempiin tokkiin, [&hellip;]","og_url":"https:\/\/paliskunnat.fi\/poro\/poronhoito\/poronhoitovuosi\/syksy\/","og_site_name":"Poro ja poronhoito","article_modified_time":"2017-03-25T21:19:58+00:00","og_image":[{"url":"https:\/\/paliskunnat.fi\/poro\/wp-content\/uploads\/2014\/09\/DSC0018a.jpg","type":"","width":"","height":""}],"twitter_card":"summary_large_image","twitter_misc":{"Arvioitu lukuaika":"2 minuuttia"},"schema":{"@context":"https:\/\/schema.org","@graph":[{"@type":"WebPage","@id":"https:\/\/paliskunnat.fi\/poro\/poronhoito\/poronhoitovuosi\/syksy\/","url":"https:\/\/paliskunnat.fi\/poro\/poronhoito\/poronhoitovuosi\/syksy\/","name":"Poronhoidon syksy - Poro ja poronhoito","isPartOf":{"@id":"https:\/\/paliskunnat.fi\/poro\/#website"},"primaryImageOfPage":{"@id":"https:\/\/paliskunnat.fi\/poro\/poronhoito\/poronhoitovuosi\/syksy\/#primaryimage"},"image":{"@id":"https:\/\/paliskunnat.fi\/poro\/poronhoito\/poronhoitovuosi\/syksy\/#primaryimage"},"thumbnailUrl":"https:\/\/paliskunnat.fi\/poro\/wp-content\/uploads\/2014\/09\/DSC0018a.jpg","datePublished":"2014-09-01T06:37:44+00:00","dateModified":"2017-03-25T21:19:58+00:00","breadcrumb":{"@id":"https:\/\/paliskunnat.fi\/poro\/poronhoito\/poronhoitovuosi\/syksy\/#breadcrumb"},"inLanguage":"fi","potentialAction":[{"@type":"ReadAction","target":["https:\/\/paliskunnat.fi\/poro\/poronhoito\/poronhoitovuosi\/syksy\/"]}]},{"@type":"ImageObject","inLanguage":"fi","@id":"https:\/\/paliskunnat.fi\/poro\/poronhoito\/poronhoitovuosi\/syksy\/#primaryimage","url":"https:\/\/paliskunnat.fi\/poro\/wp-content\/uploads\/2014\/09\/DSC0018a.jpg","contentUrl":"https:\/\/paliskunnat.fi\/poro\/wp-content\/uploads\/2014\/09\/DSC0018a.jpg","width":900,"height":600},{"@type":"BreadcrumbList","@id":"https:\/\/paliskunnat.fi\/poro\/poronhoito\/poronhoitovuosi\/syksy\/#breadcrumb","itemListElement":[{"@type":"ListItem","position":1,"name":"Home","item":"https:\/\/paliskunnat.fi\/poro\/"},{"@type":"ListItem","position":2,"name":"Poronhoito","item":"https:\/\/paliskunnat.fi\/poro\/poronhoito\/"},{"@type":"ListItem","position":3,"name":"Poronhoitovuosi","item":"https:\/\/paliskunnat.fi\/poro\/poronhoito\/poronhoitovuosi\/"},{"@type":"ListItem","position":4,"name":"Poronhoidon syksy"}]},{"@type":"WebSite","@id":"https:\/\/paliskunnat.fi\/poro\/#website","url":"https:\/\/paliskunnat.fi\/poro\/","name":"Poro ja poronhoito","description":"Poro ja poronhoito Suomessa","potentialAction":[{"@type":"SearchAction","target":{"@type":"EntryPoint","urlTemplate":"https:\/\/paliskunnat.fi\/poro\/?s={search_term_string}"},"query-input":{"@type":"PropertyValueSpecification","valueRequired":true,"valueName":"search_term_string"}}],"inLanguage":"fi"}]}},"_links":{"self":[{"href":"https:\/\/paliskunnat.fi\/poro\/wp-json\/wp\/v2\/pages\/64","targetHints":{"allow":["GET"]}}],"collection":[{"href":"https:\/\/paliskunnat.fi\/poro\/wp-json\/wp\/v2\/pages"}],"about":[{"href":"https:\/\/paliskunnat.fi\/poro\/wp-json\/wp\/v2\/types\/page"}],"author":[{"embeddable":true,"href":"https:\/\/paliskunnat.fi\/poro\/wp-json\/wp\/v2\/users\/1"}],"replies":[{"embeddable":true,"href":"https:\/\/paliskunnat.fi\/poro\/wp-json\/wp\/v2\/comments?post=64"}],"version-history":[{"count":48,"href":"https:\/\/paliskunnat.fi\/poro\/wp-json\/wp\/v2\/pages\/64\/revisions"}],"predecessor-version":[{"id":3757,"href":"https:\/\/paliskunnat.fi\/poro\/wp-json\/wp\/v2\/pages\/64\/revisions\/3757"}],"up":[{"embeddable":true,"href":"https:\/\/paliskunnat.fi\/poro\/wp-json\/wp\/v2\/pages\/58"}],"wp:attachment":[{"href":"https:\/\/paliskunnat.fi\/poro\/wp-json\/wp\/v2\/media?parent=64"}],"curies":[{"name":"wp","href":"https:\/\/api.w.org\/{rel}","templated":true}]}}