{"id":67,"date":"2014-09-01T09:39:28","date_gmt":"2014-09-01T06:39:28","guid":{"rendered":"http:\/\/80.69.171.23\/poro\/?page_id=67"},"modified":"2024-01-16T16:52:03","modified_gmt":"2024-01-16T14:52:03","slug":"talvi","status":"publish","type":"page","link":"https:\/\/paliskunnat.fi\/poro\/poro\/poron-vuosi\/talvi\/","title":{"rendered":"Poron talvi"},"content":{"rendered":"<h2>Poron talvi on lunta ja kaivosta<\/h2>\n<p>Pohjoisen talveen kuuluu pitk\u00e4 pime\u00e4 jakso eli kaamos. Keskitalvella aurinko ei nouse pohjoisimmassa Lapissa lainkaan taivaanrannan yl\u00e4puolelle. Pisin kaamosaika on Utsjoella, miss\u00e4 kaamos alkaa marraskuun lopussa ja jatkuu tammikuun puoliv\u00e4liin. Yhdess\u00e4 paksun lumipeitteen ja kovan pakkasen kanssa kaamos on porolle vaativa ajanjakso. Talven aikana poro\u00a0menett\u00e4\u00e4 luonnonlaitumella 10\u221220 prosenttia syksyisest\u00e4 painostaan, vaikeina talvina jopa 40 prosenttia. Talvisen ravinnon laatu ja saatavuus sek\u00e4 kes\u00e4kaudella ker\u00e4tty rasvavarasto ovat poron selviytymisen kannalta ratkaisevat tekij\u00e4t.<\/p>\n<div class=\"simplePullQuote right\"><p>Poro ahertaa kaivoksellaan seitsem\u00e4n kuukautta vuodessa, v\u00e4hint\u00e4\u00e4n kahdeksan tuntia p\u00e4iv\u00e4ss\u00e4 (Timo Helle)<\/p>\n<\/div>\n<p>Lumen alle j\u00e4\u00e4v\u00e4 ravinto muuttuu vaikeasti saavutettavaksi erityisesti silloin, kun\u00a0lumeen muodostuu suojakelin j\u00e4lkeen kovia j\u00e4\u00e4kerroksia. Nykyisin porojen hyvinvoinnista kuitenkin huolehditaan\u00a0lis\u00e4ruokkimalla niit\u00e4 syd\u00e4ntalvella silloin, kun ravinnonsaanti on vaikeinta. N\u00e4in varmistetaan porojen selviytyminen hyv\u00e4kuntoisina l\u00e4pi vaikeimpienkin talvien, estet\u00e4\u00e4n n\u00e4lkiintyminen ja turvataan tulevan kev\u00e4\u00e4n vasatuotto.<\/p>\n<h3><a href=\"https:\/\/paliskunnat.fi\/poro\/wp-content\/uploads\/2015\/04\/timo-helle-teravoitu-pieni.jpg\" rel=\"lightbox[67]\"><img loading=\"lazy\" decoding=\"async\" class=\"alignnone wp-image-2663\" src=\"https:\/\/paliskunnat.fi\/poro\/wp-content\/uploads\/2015\/04\/timo-helle-teravoitu-pieni.jpg\" alt=\"Porot kaivoksella. Kuva: Timo Helle.\" width=\"460\" height=\"315\" srcset=\"https:\/\/paliskunnat.fi\/poro\/wp-content\/uploads\/2015\/04\/timo-helle-teravoitu-pieni.jpg 1000w, https:\/\/paliskunnat.fi\/poro\/wp-content\/uploads\/2015\/04\/timo-helle-teravoitu-pieni-300x205.jpg 300w\" sizes=\"auto, (max-width: 460px) 100vw, 460px\" \/><\/a><\/h3>\n<h3>Poro ruokailee kaivoksella eli kieker\u00f6ss\u00e4<\/h3>\n<p>Poro ja peura ovat ainoat suurikokoiset kasvissy\u00f6j\u00e4t, jotka pystyv\u00e4t hy\u00f6dynt\u00e4m\u00e4\u00e4n p\u00e4\u00e4asiallisena ravintonaan j\u00e4k\u00e4l\u00e4\u00e4. Poro kaivaa koparoillaan\u00a0j\u00e4k\u00e4l\u00e4\u00e4\u00a0sujuvasti paksunkin lumen alta. Poro sy\u00f6 talvella my\u00f6s varpuja, hein\u00e4\u00e4 ja luppoa. Talvisena lis\u00e4ravintona poroille annetaan muun muassa hein\u00e4\u00e4, lehtikerppuja ja porolle tarkoitettua t\u00e4ysrehua, joka ei sis\u00e4ll\u00e4 soijaa.\u00a0Samoilla ev\u00e4ill\u00e4\u00a0hoidetaan talvisin my\u00f6s Suomen luonnossa el\u00e4v\u00e4n <a href=\"http:\/\/riista.fi\/metsastys\/ohjeita-metsastajalle\/hyvan-riistanhoidon-suositukset\/riistapelto-ja-ruokintapaikka\/\" class=\"external external_icon\" rel=\"nofollow\">riistan ruokinta.<\/a><\/p>\n<p>Poro paikantaa j\u00e4k\u00e4l\u00e4n hangen alta hyv\u00e4n hajuaistinsa avulla. Pehme\u00e4n lumen aikana hangessa n\u00e4kyy py\u00f6reit\u00e4 poronturvan painalluksia poron haistellessa ravintoa lumen alta. Mik\u00e4li hangen l\u00e4pi ei kantaudu riitt\u00e4v\u00e4n lupaavaa tuoksua, ei poro ala kaivaa, vaan jatkaa etsint\u00e4\u00e4.<\/p>\n<p>Poron lumeen kaivamaa kuoppaa kutsutaan kaivokseksi (kieker\u00f6). Aluksi poro viskoo lumen yl\u00f6s kuopasta. Paksussa lumessa poro pyrkii jatkamaan samaa kaivosta kuoppaa laajentaen. N\u00e4in kaivaminen on kevyemp\u00e4\u00e4, koska lunta ei tarvitse nostaa kuopasta pois. Kaivoksesta\u00a0syntyy pitkulaisia k\u00e4yt\u00e4vi\u00e4 hankeen. Todella paksun lumen aikana erityisesti vasat voivat kaivautua pitkin hangen sis\u00e4ll\u00e4 olevia k\u00e4yt\u00e4vi\u00e4.<\/p>\n<p>Kev\u00e4ttalvella hangen kovettuessa j\u00e4k\u00e4l\u00e4n kaivaminen vaikeutuu. T\u00e4l\u00f6in porot siirtyv\u00e4t sy\u00f6m\u00e4\u00e4n luppoa tai nousevat ylemm\u00e4s tunturille.<\/p>\n<h3>Vaatimet hy\u00f6tyv\u00e4t sarvistaan talvella<\/h3>\n<p>Vaatimen sarvet ovat t\u00e4rke\u00e4 osa porojen talvista ravintok\u00e4ytt\u00e4ytymist\u00e4. Syksyll\u00e4 urosporot eli hirvaat k\u00e4ytt\u00e4v\u00e4t sarvia valta-asemansa hankintaan ja yll\u00e4pit\u00e4miseen kiima- eli rykim\u00e4aikana. Rykim\u00e4n j\u00e4lkeen hirvaiden sarvet putoavat. Sen sijaan kantavat vaatimet s\u00e4ilytt\u00e4v\u00e4t\u00a0sarvensa yli talven. Ravinnon saatavuuden kannalta kriittisen\u00e4 aikana huhti-toukokuussa kantavat vaatimet ovat ainoita sarvellisia t\u00e4ysikasvuisia poroja.<\/p>\n<p>Vaatimet hy\u00f6tyv\u00e4t sarvistaan ravintokilpailussa pystyess\u00e4\u00e4n puolustamaan ja valtaamaan kaivoksia muilta poroilta. Kooltaan suuremmat, mutta sarvettomat hirvaat joutuvat v\u00e4istym\u00e4\u00e4n syrj\u00e4\u00e4n kaivoksella. Vaadin saattaa jopa odottaa kilpailijan saavan kaivoksen valmiiksi, jotta sen j\u00e4lkeen voi ajaa toisen poron pois kuopasta. Evoluution n\u00e4k\u00f6kulmasta asia on hyvin perusteltu. Vaadin turvaa samalla kolmen poron el\u00e4m\u00e4n jatkumista: oma syntym\u00e4t\u00f6n vasa, vaadinta seuraava edellisen kes\u00e4n vasa ja emo itse.<\/p>\n<p>&nbsp;<\/p>\n<p><a href=\"https:\/\/paliskunnat.fi\/poro\/wp-content\/uploads\/2014\/09\/porot_talvella_2a.jpg\" rel=\"lightbox[67]\"><img loading=\"lazy\" decoding=\"async\" class=\"alignnone wp-image-324\" src=\"https:\/\/paliskunnat.fi\/poro\/wp-content\/uploads\/2014\/09\/porot_talvella_2a.jpg\" alt=\"Porot talvella tunturissa. Kuva: Maaren Angeli\" width=\"500\" height=\"281\" srcset=\"https:\/\/paliskunnat.fi\/poro\/wp-content\/uploads\/2014\/09\/porot_talvella_2a.jpg 839w, https:\/\/paliskunnat.fi\/poro\/wp-content\/uploads\/2014\/09\/porot_talvella_2a-300x168.jpg 300w\" sizes=\"auto, (max-width: 500px) 100vw, 500px\" \/><\/a><\/p>\n<h3>J\u00e4k\u00e4l\u00e4 on suosituin, mutta ei yksinomainen talviravinto<\/h3>\n<p>Talvella\u00a0ravintoa on helpompi l\u00f6yt\u00e4\u00e4 esimerkiksi avoimilta v\u00e4h\u00e4lumisilta tunturiharjanteilta. J\u00e4k\u00e4l\u00e4 ja kev\u00e4ttalvella luppo ovat Fennoskandiassa poron talvisen ravinnon perusta, mutta porot pystyv\u00e4t hy\u00f6dynt\u00e4m\u00e4\u00e4n my\u00f6s\u00a0muuta l\u00f6ytyv\u00e4\u00e4 kasvillisuutta. Esimerkiksi Huippuvuorilla el\u00e4v\u00e4ll\u00e4 huippuvuortenpeuralla (<em>Rangifer tarandus platyrhynchus<\/em>) on tarjolla \u00e4\u00e4rimm\u00e4isen niukasti j\u00e4k\u00e4l\u00e4\u00e4. Etel\u00e4iselle pallonpuoliskolle Etel\u00e4-Georgian saarelle 1900-luvun alussa viedyill\u00e4 norjalaisilla poroille ei ollut lainkaan j\u00e4k\u00e4l\u00e4ravintoa. Etel\u00e4-Georgian porot eliv\u00e4t yli talven k\u00e4ytt\u00e4en ravintona hein\u00e4kasveja, kuten nurmikoita (Poa). Samoin Alaskassa el\u00e4v\u00e4t karibut tulevat toimeen ilman j\u00e4k\u00e4l\u00e4laitumia.<\/p>\n<p>Porot selvi\u00e4v\u00e4t yli talven tarvittaessa ilman j\u00e4k\u00e4l\u00e4\u00e4. Mik\u00e4li j\u00e4k\u00e4l\u00e4\u00e4 on saatavissa, niin se on porolle\u00a0suosituin, mutta ei yksinomainen talviravinto. Poro t\u00e4ydent\u00e4\u00e4 j\u00e4k\u00e4l\u00e4ravintoa lumen alta kaivamillaan\u00a0ruoho- ja varpukasveilla sek\u00e4 puista nyht\u00e4m\u00e4ll\u00e4\u00e4n\u00a0naavalla eli lupolla tai tuulisten p\u00e4ivien puista pudottamalla lupposadannalla. Vanhojen luppometsien v\u00e4heneminen hakkuiden my\u00f6t\u00e4\u00a0on heikent\u00e4nyt\u00a0porojen talvista\u00a0ravinnonsaantia merkitt\u00e4v\u00e4sti.<\/p>\n<p>&nbsp;<\/p>\n<p><!--more--><\/p>\n<h2>Muutoksen kauhistus ja hoidettu poro<\/h2>\n<p><a href=\"https:\/\/paliskuntainyhdistys.blogspot.fi\/2014\/05\/poronhoito-muutoksessa.html\" class=\"external external_icon\" rel=\"nofollow\">Porojen ruokinnasta<\/a><\/p>\n","protected":false},"excerpt":{"rendered":"<p>Poron talvi on lunta ja kaivosta Pohjoisen talveen kuuluu pitk\u00e4 pime\u00e4 jakso eli kaamos. Keskitalvella aurinko ei nouse pohjoisimmassa Lapissa lainkaan taivaanrannan yl\u00e4puolelle. Pisin kaamosaika on Utsjoella, miss\u00e4 kaamos alkaa marraskuun lopussa ja jatkuu tammikuun puoliv\u00e4liin. Yhdess\u00e4 paksun lumipeitteen ja kovan pakkasen kanssa kaamos on porolle vaativa ajanjakso. Talven aikana poro\u00a0menett\u00e4\u00e4 luonnonlaitumella 10\u221220 prosenttia syksyisest\u00e4 [&hellip;]<\/p>\n","protected":false},"author":1,"featured_media":0,"parent":47,"menu_order":4,"comment_status":"open","ping_status":"closed","template":"","meta":{"footnotes":""},"class_list":["post-67","page","type-page","status-publish","hentry"],"yoast_head":"<!-- This site is optimized with the Yoast SEO plugin v27.2 - https:\/\/yoast.com\/product\/yoast-seo-wordpress\/ -->\n<title>Poron talvi - Poro ja poronhoito<\/title>\n<meta name=\"robots\" content=\"index, follow, max-snippet:-1, max-image-preview:large, max-video-preview:-1\" \/>\n<link rel=\"canonical\" href=\"https:\/\/paliskunnat.fi\/poro\/poro\/poron-vuosi\/talvi\/\" \/>\n<meta property=\"og:locale\" content=\"fi_FI\" \/>\n<meta property=\"og:type\" content=\"article\" \/>\n<meta property=\"og:title\" content=\"Poron talvi - Poro ja poronhoito\" \/>\n<meta property=\"og:description\" content=\"Poron talvi on lunta ja kaivosta Pohjoisen talveen kuuluu pitk\u00e4 pime\u00e4 jakso eli kaamos. Keskitalvella aurinko ei nouse pohjoisimmassa Lapissa lainkaan taivaanrannan yl\u00e4puolelle. Pisin kaamosaika on Utsjoella, miss\u00e4 kaamos alkaa marraskuun lopussa ja jatkuu tammikuun puoliv\u00e4liin. Yhdess\u00e4 paksun lumipeitteen ja kovan pakkasen kanssa kaamos on porolle vaativa ajanjakso. Talven aikana poro\u00a0menett\u00e4\u00e4 luonnonlaitumella 10\u221220 prosenttia syksyisest\u00e4 [&hellip;]\" \/>\n<meta property=\"og:url\" content=\"https:\/\/paliskunnat.fi\/poro\/poro\/poron-vuosi\/talvi\/\" \/>\n<meta property=\"og:site_name\" content=\"Poro ja poronhoito\" \/>\n<meta property=\"article:modified_time\" content=\"2024-01-16T14:52:03+00:00\" \/>\n<meta property=\"og:image\" content=\"https:\/\/paliskunnat.fi\/poro\/wp-content\/uploads\/2015\/04\/timo-helle-teravoitu-pieni.jpg\" \/>\n<meta name=\"twitter:card\" content=\"summary_large_image\" \/>\n<meta name=\"twitter:label1\" content=\"Arvioitu lukuaika\" \/>\n\t<meta name=\"twitter:data1\" content=\"4 minuuttia\" \/>\n<script type=\"application\/ld+json\" class=\"yoast-schema-graph\">{\"@context\":\"https:\/\/schema.org\",\"@graph\":[{\"@type\":\"WebPage\",\"@id\":\"https:\/\/paliskunnat.fi\/poro\/poro\/poron-vuosi\/talvi\/\",\"url\":\"https:\/\/paliskunnat.fi\/poro\/poro\/poron-vuosi\/talvi\/\",\"name\":\"Poron talvi - Poro ja poronhoito\",\"isPartOf\":{\"@id\":\"https:\/\/paliskunnat.fi\/poro\/#website\"},\"primaryImageOfPage\":{\"@id\":\"https:\/\/paliskunnat.fi\/poro\/poro\/poron-vuosi\/talvi\/#primaryimage\"},\"image\":{\"@id\":\"https:\/\/paliskunnat.fi\/poro\/poro\/poron-vuosi\/talvi\/#primaryimage\"},\"thumbnailUrl\":\"https:\/\/paliskunnat.fi\/poro\/wp-content\/uploads\/2015\/04\/timo-helle-teravoitu-pieni.jpg\",\"datePublished\":\"2014-09-01T06:39:28+00:00\",\"dateModified\":\"2024-01-16T14:52:03+00:00\",\"breadcrumb\":{\"@id\":\"https:\/\/paliskunnat.fi\/poro\/poro\/poron-vuosi\/talvi\/#breadcrumb\"},\"inLanguage\":\"fi\",\"potentialAction\":[{\"@type\":\"ReadAction\",\"target\":[\"https:\/\/paliskunnat.fi\/poro\/poro\/poron-vuosi\/talvi\/\"]}]},{\"@type\":\"ImageObject\",\"inLanguage\":\"fi\",\"@id\":\"https:\/\/paliskunnat.fi\/poro\/poro\/poron-vuosi\/talvi\/#primaryimage\",\"url\":\"https:\/\/paliskunnat.fi\/poro\/wp-content\/uploads\/2015\/04\/timo-helle-teravoitu-pieni.jpg\",\"contentUrl\":\"https:\/\/paliskunnat.fi\/poro\/wp-content\/uploads\/2015\/04\/timo-helle-teravoitu-pieni.jpg\",\"width\":1000,\"height\":684},{\"@type\":\"BreadcrumbList\",\"@id\":\"https:\/\/paliskunnat.fi\/poro\/poro\/poron-vuosi\/talvi\/#breadcrumb\",\"itemListElement\":[{\"@type\":\"ListItem\",\"position\":1,\"name\":\"Home\",\"item\":\"https:\/\/paliskunnat.fi\/poro\/\"},{\"@type\":\"ListItem\",\"position\":2,\"name\":\"Poro\",\"item\":\"https:\/\/paliskunnat.fi\/poro\/poro\/\"},{\"@type\":\"ListItem\",\"position\":3,\"name\":\"Poron vuosi\",\"item\":\"https:\/\/paliskunnat.fi\/poro\/poro\/poron-vuosi\/\"},{\"@type\":\"ListItem\",\"position\":4,\"name\":\"Poron talvi\"}]},{\"@type\":\"WebSite\",\"@id\":\"https:\/\/paliskunnat.fi\/poro\/#website\",\"url\":\"https:\/\/paliskunnat.fi\/poro\/\",\"name\":\"Poro ja poronhoito\",\"description\":\"Poro ja poronhoito Suomessa\",\"potentialAction\":[{\"@type\":\"SearchAction\",\"target\":{\"@type\":\"EntryPoint\",\"urlTemplate\":\"https:\/\/paliskunnat.fi\/poro\/?s={search_term_string}\"},\"query-input\":{\"@type\":\"PropertyValueSpecification\",\"valueRequired\":true,\"valueName\":\"search_term_string\"}}],\"inLanguage\":\"fi\"}]}<\/script>\n<!-- \/ Yoast SEO plugin. -->","yoast_head_json":{"title":"Poron talvi - Poro ja poronhoito","robots":{"index":"index","follow":"follow","max-snippet":"max-snippet:-1","max-image-preview":"max-image-preview:large","max-video-preview":"max-video-preview:-1"},"canonical":"https:\/\/paliskunnat.fi\/poro\/poro\/poron-vuosi\/talvi\/","og_locale":"fi_FI","og_type":"article","og_title":"Poron talvi - Poro ja poronhoito","og_description":"Poron talvi on lunta ja kaivosta Pohjoisen talveen kuuluu pitk\u00e4 pime\u00e4 jakso eli kaamos. Keskitalvella aurinko ei nouse pohjoisimmassa Lapissa lainkaan taivaanrannan yl\u00e4puolelle. Pisin kaamosaika on Utsjoella, miss\u00e4 kaamos alkaa marraskuun lopussa ja jatkuu tammikuun puoliv\u00e4liin. Yhdess\u00e4 paksun lumipeitteen ja kovan pakkasen kanssa kaamos on porolle vaativa ajanjakso. Talven aikana poro\u00a0menett\u00e4\u00e4 luonnonlaitumella 10\u221220 prosenttia syksyisest\u00e4 [&hellip;]","og_url":"https:\/\/paliskunnat.fi\/poro\/poro\/poron-vuosi\/talvi\/","og_site_name":"Poro ja poronhoito","article_modified_time":"2024-01-16T14:52:03+00:00","og_image":[{"url":"https:\/\/paliskunnat.fi\/poro\/wp-content\/uploads\/2015\/04\/timo-helle-teravoitu-pieni.jpg","type":"","width":"","height":""}],"twitter_card":"summary_large_image","twitter_misc":{"Arvioitu lukuaika":"4 minuuttia"},"schema":{"@context":"https:\/\/schema.org","@graph":[{"@type":"WebPage","@id":"https:\/\/paliskunnat.fi\/poro\/poro\/poron-vuosi\/talvi\/","url":"https:\/\/paliskunnat.fi\/poro\/poro\/poron-vuosi\/talvi\/","name":"Poron talvi - Poro ja poronhoito","isPartOf":{"@id":"https:\/\/paliskunnat.fi\/poro\/#website"},"primaryImageOfPage":{"@id":"https:\/\/paliskunnat.fi\/poro\/poro\/poron-vuosi\/talvi\/#primaryimage"},"image":{"@id":"https:\/\/paliskunnat.fi\/poro\/poro\/poron-vuosi\/talvi\/#primaryimage"},"thumbnailUrl":"https:\/\/paliskunnat.fi\/poro\/wp-content\/uploads\/2015\/04\/timo-helle-teravoitu-pieni.jpg","datePublished":"2014-09-01T06:39:28+00:00","dateModified":"2024-01-16T14:52:03+00:00","breadcrumb":{"@id":"https:\/\/paliskunnat.fi\/poro\/poro\/poron-vuosi\/talvi\/#breadcrumb"},"inLanguage":"fi","potentialAction":[{"@type":"ReadAction","target":["https:\/\/paliskunnat.fi\/poro\/poro\/poron-vuosi\/talvi\/"]}]},{"@type":"ImageObject","inLanguage":"fi","@id":"https:\/\/paliskunnat.fi\/poro\/poro\/poron-vuosi\/talvi\/#primaryimage","url":"https:\/\/paliskunnat.fi\/poro\/wp-content\/uploads\/2015\/04\/timo-helle-teravoitu-pieni.jpg","contentUrl":"https:\/\/paliskunnat.fi\/poro\/wp-content\/uploads\/2015\/04\/timo-helle-teravoitu-pieni.jpg","width":1000,"height":684},{"@type":"BreadcrumbList","@id":"https:\/\/paliskunnat.fi\/poro\/poro\/poron-vuosi\/talvi\/#breadcrumb","itemListElement":[{"@type":"ListItem","position":1,"name":"Home","item":"https:\/\/paliskunnat.fi\/poro\/"},{"@type":"ListItem","position":2,"name":"Poro","item":"https:\/\/paliskunnat.fi\/poro\/poro\/"},{"@type":"ListItem","position":3,"name":"Poron vuosi","item":"https:\/\/paliskunnat.fi\/poro\/poro\/poron-vuosi\/"},{"@type":"ListItem","position":4,"name":"Poron talvi"}]},{"@type":"WebSite","@id":"https:\/\/paliskunnat.fi\/poro\/#website","url":"https:\/\/paliskunnat.fi\/poro\/","name":"Poro ja poronhoito","description":"Poro ja poronhoito Suomessa","potentialAction":[{"@type":"SearchAction","target":{"@type":"EntryPoint","urlTemplate":"https:\/\/paliskunnat.fi\/poro\/?s={search_term_string}"},"query-input":{"@type":"PropertyValueSpecification","valueRequired":true,"valueName":"search_term_string"}}],"inLanguage":"fi"}]}},"_links":{"self":[{"href":"https:\/\/paliskunnat.fi\/poro\/wp-json\/wp\/v2\/pages\/67","targetHints":{"allow":["GET"]}}],"collection":[{"href":"https:\/\/paliskunnat.fi\/poro\/wp-json\/wp\/v2\/pages"}],"about":[{"href":"https:\/\/paliskunnat.fi\/poro\/wp-json\/wp\/v2\/types\/page"}],"author":[{"embeddable":true,"href":"https:\/\/paliskunnat.fi\/poro\/wp-json\/wp\/v2\/users\/1"}],"replies":[{"embeddable":true,"href":"https:\/\/paliskunnat.fi\/poro\/wp-json\/wp\/v2\/comments?post=67"}],"version-history":[{"count":114,"href":"https:\/\/paliskunnat.fi\/poro\/wp-json\/wp\/v2\/pages\/67\/revisions"}],"predecessor-version":[{"id":4600,"href":"https:\/\/paliskunnat.fi\/poro\/wp-json\/wp\/v2\/pages\/67\/revisions\/4600"}],"up":[{"embeddable":true,"href":"https:\/\/paliskunnat.fi\/poro\/wp-json\/wp\/v2\/pages\/47"}],"wp:attachment":[{"href":"https:\/\/paliskunnat.fi\/poro\/wp-json\/wp\/v2\/media?parent=67"}],"curies":[{"name":"wp","href":"https:\/\/api.w.org\/{rel}","templated":true}]}}