{"id":674,"date":"2014-12-07T19:03:45","date_gmt":"2014-12-07T17:03:45","guid":{"rendered":"http:\/\/80.69.171.23\/poro\/?page_id=674"},"modified":"2024-10-11T15:38:24","modified_gmt":"2024-10-11T12:38:24","slug":"nimisuojat","status":"publish","type":"page","link":"https:\/\/paliskunnat.fi\/poro\/pororuoka\/nimisuojat\/","title":{"rendered":"Poronlihan nimisuojat"},"content":{"rendered":"<h2>Poronlihan nimisuojat<\/h2>\n<p>Lapin Poron liha, Lapin Poron kuivaliha ja Lapin Poron kylm\u00e4savuliha on tunnustettu EU:n tasolla korkealaatuisiksi ja perinteisiksi tuotteiksi ja sellaisina lis\u00e4tty suojatun alkuper\u00e4nimityksen (SAN) saaneiden tuotteiden joukkoon (<a href=\"http:\/\/mmm.fi\/fi\/nimisuoja\" class=\"external external_icon\" rel=\"nofollow\">EU:n nimisuojaj\u00e4rjestelm\u00e4<\/a>). Merkint\u00e4\u00e4n oikeutetut porotuotteet on tuotettu Suomen poronhoitoalueella syntyneist\u00e4 ja kasvaneista poroista, joiden liha on leikattu, jalostettu ja my\u00f6s pakattu Suomen poronhoitoalueella.<\/p>\n<p><a href=\"https:\/\/paliskunnat.fi\/poro\/wp-content\/uploads\/2014\/12\/Kuva1.jpg\" rel=\"lightbox[674]\"><img loading=\"lazy\" decoding=\"async\" class=\"alignnone wp-image-676\" src=\"https:\/\/paliskunnat.fi\/poro\/wp-content\/uploads\/2014\/12\/Kuva1.jpg\" alt=\"Poronlihan nimisuojat\" width=\"460\" height=\"307\" srcset=\"https:\/\/paliskunnat.fi\/poro\/wp-content\/uploads\/2014\/12\/Kuva1.jpg 1500w, https:\/\/paliskunnat.fi\/poro\/wp-content\/uploads\/2014\/12\/Kuva1-300x200.jpg 300w, https:\/\/paliskunnat.fi\/poro\/wp-content\/uploads\/2014\/12\/Kuva1-1024x682.jpg 1024w\" sizes=\"auto, (max-width: 460px) 100vw, 460px\" \/><\/a><\/p>\n<p>Nimisuojamerkinn\u00e4t ovat voimassa koko EU:n alueella. EU:n nimisuojamerkin tavoitteena on suojata elintarvikkeita ja maataloustuotteita vakiintuneen nimen v\u00e4\u00e4rink\u00e4yt\u00f6lt\u00e4. Se on my\u00f6s laatumerkki. Yhteys maantieteelliseen sijaintiin n\u00e4hd\u00e4\u00e4n osoituksena elintarvikkeiden laadusta sek\u00e4 takuuna alkuper\u00e4st\u00e4, raaka-aineista ja tuotantomenetelmist\u00e4.<\/p>\n<p><a href=\"https:\/\/paliskunnat.fi\/ohjeet_oppaat\/Poronlihan_nimisuojaopas_ravintoloille.pdf\">Poronlihan nimisuojaopas ravintoloille<\/a> (PDF)<\/p>\n<p><a href=\"https:\/\/paliskunnat.fi\/ohjeet_oppaat\/Poronlihan_nimisuojaopas_tuottajat_ja_jalostajat.pdf\">Poronlihan nimisuojaopas tuottajille ja jalostajille<\/a> (PDF)<\/p>\n<p><a href=\"https:\/\/www.youtube.com\/watch?v=YpBdDpvNqIA\" target=\"_blank\" rel=\"noopener nofollow\" class=\"external external_icon\">Lapin Poron liha ja Lapin Poron kuivaliha<\/a><br \/>\n(Youtube-video)<\/p>\n<p><a href=\"https:\/\/youtu.be\/tTqZ67jgLfs\" target=\"_blank\" rel=\"noopener nofollow\" class=\"external external_icon\">Lapin Poron liha ja porotalousyritt\u00e4j\u00e4<\/a><br \/>\n(Youtube-video)<\/p>\n<p><a href=\"https:\/\/youtu.be\/V7dCMYYM5NI\" target=\"_blank\" rel=\"noopener nofollow\" class=\"external external_icon\">Lapin Poron liha &#8211; opetusvideo ravintoloille<\/a><br \/>\n(Youtube-video)<\/p>\n<p>&nbsp;<\/p>\n<p>&nbsp;<\/p>\n<p>&nbsp;<\/p>\n<p><!--more--><\/p>\n<h2>Nimisuojattujen elintarvikkeiden valvontaohje<\/h2>\n<p><a href=\"https:\/\/www.ruokavirasto.fi\/yritykset\/oppaat\/nimisuojattujen-elintarvikkeiden-valvontaohje\/nimisuojattujen-elintarvikkeiden-valvontaohje\/\" class=\"external external_icon\" rel=\"nofollow\">Ruokavirasto nettisivut<\/a><\/p>\n<h2>Nimisuojatiedote<\/h2>\n<p>Lapin Poron liha:<br \/>\n<a href=\"http:\/\/paliskunnat.fi\/poro\/wp-content\/uploads\/2015\/05\/Lehdist\u00f6tilaisuus_8_5_2009.pdf\">Tiedote<\/a> | <a href=\"http:\/\/paliskunnat.fi\/poro\/wp-content\/uploads\/2015\/05\/lapin_poron_liha.pdf\">Asetus<\/a><\/p>\n<p>Lapin Poron kuivaliha:<br \/>\n<a href=\"http:\/\/paliskunnat.fi\/poro\/wp-content\/uploads\/2015\/05\/LapinPoronkuivaliha.pdf\">Tiedote<\/a> | <a href=\"http:\/\/paliskunnat.fi\/poro\/wp-content\/uploads\/2015\/05\/lapin_poron_kuivaliha.pdf\">Asetus<\/a><\/p>\n<p>Lapin Poron kylm\u00e4savuliha:<br \/>\n<a href=\"http:\/\/paliskunnat.fi\/poro\/wp-content\/uploads\/2015\/05\/lapin_poron_kylmasavuliha.pdf\">Asetus<\/a><\/p>\n<p><a href=\"http:\/\/eur-lex.europa.eu\/LexUriServ\/LexUriServ.do?uri=OJ:L:2008:173:0003:0005:FI:PDF\" class=\"external external_icon\" rel=\"nofollow\">Merkinn\u00e4n v\u00e4riohjeistus<\/a><\/p>\n<p><a href=\"https:\/\/ec.europa.eu\/info\/food-farming-fisheries\/food-safety-and-quality\/certification\/quality-labels\/geographical-indications-register\/\" class=\"external external_icon\" rel=\"nofollow\">EU DOOR nimisuojatietokanta<\/a><br \/>\n(Kielen voi valita kyseiselt\u00e4 sivulta)<\/p>\n<p>&nbsp;<\/p>\n","protected":false},"excerpt":{"rendered":"<p>Poronlihan nimisuojat Lapin Poron liha, Lapin Poron kuivaliha ja Lapin Poron kylm\u00e4savuliha on tunnustettu EU:n tasolla korkealaatuisiksi ja perinteisiksi tuotteiksi ja sellaisina lis\u00e4tty suojatun alkuper\u00e4nimityksen (SAN) saaneiden tuotteiden joukkoon (EU:n nimisuojaj\u00e4rjestelm\u00e4). Merkint\u00e4\u00e4n oikeutetut porotuotteet on tuotettu Suomen poronhoitoalueella syntyneist\u00e4 ja kasvaneista poroista, joiden liha on leikattu, jalostettu ja my\u00f6s pakattu Suomen poronhoitoalueella. Nimisuojamerkinn\u00e4t ovat voimassa [&hellip;]<\/p>\n","protected":false},"author":1,"featured_media":0,"parent":174,"menu_order":2,"comment_status":"open","ping_status":"closed","template":"","meta":{"footnotes":""},"class_list":["post-674","page","type-page","status-publish","hentry"],"yoast_head":"<!-- This site is optimized with the Yoast SEO plugin v27.2 - https:\/\/yoast.com\/product\/yoast-seo-wordpress\/ -->\n<title>Poronlihan nimisuojat - Poro ja poronhoito<\/title>\n<meta name=\"robots\" content=\"index, follow, max-snippet:-1, max-image-preview:large, max-video-preview:-1\" \/>\n<link rel=\"canonical\" href=\"https:\/\/paliskunnat.fi\/poro\/pororuoka\/nimisuojat\/\" \/>\n<meta property=\"og:locale\" content=\"fi_FI\" \/>\n<meta property=\"og:type\" content=\"article\" \/>\n<meta property=\"og:title\" content=\"Poronlihan nimisuojat - Poro ja poronhoito\" \/>\n<meta property=\"og:description\" content=\"Poronlihan nimisuojat Lapin Poron liha, Lapin Poron kuivaliha ja Lapin Poron kylm\u00e4savuliha on tunnustettu EU:n tasolla korkealaatuisiksi ja perinteisiksi tuotteiksi ja sellaisina lis\u00e4tty suojatun alkuper\u00e4nimityksen (SAN) saaneiden tuotteiden joukkoon (EU:n nimisuojaj\u00e4rjestelm\u00e4). Merkint\u00e4\u00e4n oikeutetut porotuotteet on tuotettu Suomen poronhoitoalueella syntyneist\u00e4 ja kasvaneista poroista, joiden liha on leikattu, jalostettu ja my\u00f6s pakattu Suomen poronhoitoalueella. Nimisuojamerkinn\u00e4t ovat voimassa [&hellip;]\" \/>\n<meta property=\"og:url\" content=\"https:\/\/paliskunnat.fi\/poro\/pororuoka\/nimisuojat\/\" \/>\n<meta property=\"og:site_name\" content=\"Poro ja poronhoito\" \/>\n<meta property=\"article:modified_time\" content=\"2024-10-11T12:38:24+00:00\" \/>\n<meta property=\"og:image\" content=\"https:\/\/paliskunnat.fi\/poro\/wp-content\/uploads\/2014\/12\/Kuva1.jpg\" \/>\n\t<meta property=\"og:image:width\" content=\"1500\" \/>\n\t<meta property=\"og:image:height\" content=\"1000\" \/>\n\t<meta property=\"og:image:type\" content=\"image\/jpeg\" \/>\n<meta name=\"twitter:card\" content=\"summary_large_image\" \/>\n<meta name=\"twitter:label1\" content=\"Arvioitu lukuaika\" \/>\n\t<meta name=\"twitter:data1\" content=\"2 minuuttia\" \/>\n<script type=\"application\/ld+json\" class=\"yoast-schema-graph\">{\"@context\":\"https:\/\/schema.org\",\"@graph\":[{\"@type\":\"WebPage\",\"@id\":\"https:\/\/paliskunnat.fi\/poro\/pororuoka\/nimisuojat\/\",\"url\":\"https:\/\/paliskunnat.fi\/poro\/pororuoka\/nimisuojat\/\",\"name\":\"Poronlihan nimisuojat - Poro ja poronhoito\",\"isPartOf\":{\"@id\":\"https:\/\/paliskunnat.fi\/poro\/#website\"},\"primaryImageOfPage\":{\"@id\":\"https:\/\/paliskunnat.fi\/poro\/pororuoka\/nimisuojat\/#primaryimage\"},\"image\":{\"@id\":\"https:\/\/paliskunnat.fi\/poro\/pororuoka\/nimisuojat\/#primaryimage\"},\"thumbnailUrl\":\"https:\/\/paliskunnat.fi\/poro\/wp-content\/uploads\/2014\/12\/Kuva1.jpg\",\"datePublished\":\"2014-12-07T17:03:45+00:00\",\"dateModified\":\"2024-10-11T12:38:24+00:00\",\"breadcrumb\":{\"@id\":\"https:\/\/paliskunnat.fi\/poro\/pororuoka\/nimisuojat\/#breadcrumb\"},\"inLanguage\":\"fi\",\"potentialAction\":[{\"@type\":\"ReadAction\",\"target\":[\"https:\/\/paliskunnat.fi\/poro\/pororuoka\/nimisuojat\/\"]}]},{\"@type\":\"ImageObject\",\"inLanguage\":\"fi\",\"@id\":\"https:\/\/paliskunnat.fi\/poro\/pororuoka\/nimisuojat\/#primaryimage\",\"url\":\"https:\/\/paliskunnat.fi\/poro\/wp-content\/uploads\/2014\/12\/Kuva1.jpg\",\"contentUrl\":\"https:\/\/paliskunnat.fi\/poro\/wp-content\/uploads\/2014\/12\/Kuva1.jpg\",\"width\":1500,\"height\":1000},{\"@type\":\"BreadcrumbList\",\"@id\":\"https:\/\/paliskunnat.fi\/poro\/pororuoka\/nimisuojat\/#breadcrumb\",\"itemListElement\":[{\"@type\":\"ListItem\",\"position\":1,\"name\":\"Home\",\"item\":\"https:\/\/paliskunnat.fi\/poro\/\"},{\"@type\":\"ListItem\",\"position\":2,\"name\":\"Pororuoka\",\"item\":\"https:\/\/paliskunnat.fi\/poro\/pororuoka\/\"},{\"@type\":\"ListItem\",\"position\":3,\"name\":\"Poronlihan nimisuojat\"}]},{\"@type\":\"WebSite\",\"@id\":\"https:\/\/paliskunnat.fi\/poro\/#website\",\"url\":\"https:\/\/paliskunnat.fi\/poro\/\",\"name\":\"Poro ja poronhoito\",\"description\":\"Poro ja poronhoito Suomessa\",\"potentialAction\":[{\"@type\":\"SearchAction\",\"target\":{\"@type\":\"EntryPoint\",\"urlTemplate\":\"https:\/\/paliskunnat.fi\/poro\/?s={search_term_string}\"},\"query-input\":{\"@type\":\"PropertyValueSpecification\",\"valueRequired\":true,\"valueName\":\"search_term_string\"}}],\"inLanguage\":\"fi\"}]}<\/script>\n<!-- \/ Yoast SEO plugin. -->","yoast_head_json":{"title":"Poronlihan nimisuojat - Poro ja poronhoito","robots":{"index":"index","follow":"follow","max-snippet":"max-snippet:-1","max-image-preview":"max-image-preview:large","max-video-preview":"max-video-preview:-1"},"canonical":"https:\/\/paliskunnat.fi\/poro\/pororuoka\/nimisuojat\/","og_locale":"fi_FI","og_type":"article","og_title":"Poronlihan nimisuojat - Poro ja poronhoito","og_description":"Poronlihan nimisuojat Lapin Poron liha, Lapin Poron kuivaliha ja Lapin Poron kylm\u00e4savuliha on tunnustettu EU:n tasolla korkealaatuisiksi ja perinteisiksi tuotteiksi ja sellaisina lis\u00e4tty suojatun alkuper\u00e4nimityksen (SAN) saaneiden tuotteiden joukkoon (EU:n nimisuojaj\u00e4rjestelm\u00e4). Merkint\u00e4\u00e4n oikeutetut porotuotteet on tuotettu Suomen poronhoitoalueella syntyneist\u00e4 ja kasvaneista poroista, joiden liha on leikattu, jalostettu ja my\u00f6s pakattu Suomen poronhoitoalueella. Nimisuojamerkinn\u00e4t ovat voimassa [&hellip;]","og_url":"https:\/\/paliskunnat.fi\/poro\/pororuoka\/nimisuojat\/","og_site_name":"Poro ja poronhoito","article_modified_time":"2024-10-11T12:38:24+00:00","og_image":[{"width":1500,"height":1000,"url":"https:\/\/paliskunnat.fi\/poro\/wp-content\/uploads\/2014\/12\/Kuva1.jpg","type":"image\/jpeg"}],"twitter_card":"summary_large_image","twitter_misc":{"Arvioitu lukuaika":"2 minuuttia"},"schema":{"@context":"https:\/\/schema.org","@graph":[{"@type":"WebPage","@id":"https:\/\/paliskunnat.fi\/poro\/pororuoka\/nimisuojat\/","url":"https:\/\/paliskunnat.fi\/poro\/pororuoka\/nimisuojat\/","name":"Poronlihan nimisuojat - Poro ja poronhoito","isPartOf":{"@id":"https:\/\/paliskunnat.fi\/poro\/#website"},"primaryImageOfPage":{"@id":"https:\/\/paliskunnat.fi\/poro\/pororuoka\/nimisuojat\/#primaryimage"},"image":{"@id":"https:\/\/paliskunnat.fi\/poro\/pororuoka\/nimisuojat\/#primaryimage"},"thumbnailUrl":"https:\/\/paliskunnat.fi\/poro\/wp-content\/uploads\/2014\/12\/Kuva1.jpg","datePublished":"2014-12-07T17:03:45+00:00","dateModified":"2024-10-11T12:38:24+00:00","breadcrumb":{"@id":"https:\/\/paliskunnat.fi\/poro\/pororuoka\/nimisuojat\/#breadcrumb"},"inLanguage":"fi","potentialAction":[{"@type":"ReadAction","target":["https:\/\/paliskunnat.fi\/poro\/pororuoka\/nimisuojat\/"]}]},{"@type":"ImageObject","inLanguage":"fi","@id":"https:\/\/paliskunnat.fi\/poro\/pororuoka\/nimisuojat\/#primaryimage","url":"https:\/\/paliskunnat.fi\/poro\/wp-content\/uploads\/2014\/12\/Kuva1.jpg","contentUrl":"https:\/\/paliskunnat.fi\/poro\/wp-content\/uploads\/2014\/12\/Kuva1.jpg","width":1500,"height":1000},{"@type":"BreadcrumbList","@id":"https:\/\/paliskunnat.fi\/poro\/pororuoka\/nimisuojat\/#breadcrumb","itemListElement":[{"@type":"ListItem","position":1,"name":"Home","item":"https:\/\/paliskunnat.fi\/poro\/"},{"@type":"ListItem","position":2,"name":"Pororuoka","item":"https:\/\/paliskunnat.fi\/poro\/pororuoka\/"},{"@type":"ListItem","position":3,"name":"Poronlihan nimisuojat"}]},{"@type":"WebSite","@id":"https:\/\/paliskunnat.fi\/poro\/#website","url":"https:\/\/paliskunnat.fi\/poro\/","name":"Poro ja poronhoito","description":"Poro ja poronhoito Suomessa","potentialAction":[{"@type":"SearchAction","target":{"@type":"EntryPoint","urlTemplate":"https:\/\/paliskunnat.fi\/poro\/?s={search_term_string}"},"query-input":{"@type":"PropertyValueSpecification","valueRequired":true,"valueName":"search_term_string"}}],"inLanguage":"fi"}]}},"_links":{"self":[{"href":"https:\/\/paliskunnat.fi\/poro\/wp-json\/wp\/v2\/pages\/674","targetHints":{"allow":["GET"]}}],"collection":[{"href":"https:\/\/paliskunnat.fi\/poro\/wp-json\/wp\/v2\/pages"}],"about":[{"href":"https:\/\/paliskunnat.fi\/poro\/wp-json\/wp\/v2\/types\/page"}],"author":[{"embeddable":true,"href":"https:\/\/paliskunnat.fi\/poro\/wp-json\/wp\/v2\/users\/1"}],"replies":[{"embeddable":true,"href":"https:\/\/paliskunnat.fi\/poro\/wp-json\/wp\/v2\/comments?post=674"}],"version-history":[{"count":48,"href":"https:\/\/paliskunnat.fi\/poro\/wp-json\/wp\/v2\/pages\/674\/revisions"}],"predecessor-version":[{"id":4662,"href":"https:\/\/paliskunnat.fi\/poro\/wp-json\/wp\/v2\/pages\/674\/revisions\/4662"}],"up":[{"embeddable":true,"href":"https:\/\/paliskunnat.fi\/poro\/wp-json\/wp\/v2\/pages\/174"}],"wp:attachment":[{"href":"https:\/\/paliskunnat.fi\/poro\/wp-json\/wp\/v2\/media?parent=674"}],"curies":[{"name":"wp","href":"https:\/\/api.w.org\/{rel}","templated":true}]}}