{"id":69,"date":"2014-09-01T09:40:37","date_gmt":"2014-09-01T06:40:37","guid":{"rendered":"http:\/\/80.69.171.23\/poro\/?page_id=69"},"modified":"2015-05-21T17:00:09","modified_gmt":"2015-05-21T14:00:09","slug":"poronhoidon-kevat","status":"publish","type":"page","link":"https:\/\/paliskunnat.fi\/poro\/poronhoito\/poronhoitovuosi\/poronhoidon-kevat\/","title":{"rendered":"Poronhoidon kev\u00e4t"},"content":{"rendered":"<h2>Vappuna vasa hangella<\/h2>\n<p>Kev\u00e4\u00e4ll\u00e4 talven pime\u00e4 kaamos v\u00e4istyy ja kire\u00e4t pakkaset hellitt\u00e4v\u00e4t. Hankikeleill\u00e4 porot sy\u00f6v\u00e4t mieluusti luppoa ja naavaa puista hamuten ja my\u00f6s hangelle varisseesta lupposadannasta.<\/p>\n<p>Kantavat vaatimet vasovat p\u00e4\u00e4osin toukokuun aikana. Vasonnan l\u00e4hestyess\u00e4 osa poromiehist\u00e4 kokoaa omat vaatimensa vasotusaitoihin ja p\u00e4\u00e4st\u00e4\u00e4 ne vasonnan j\u00e4lkeen takaisin laitumilleen. P\u00e4\u00e4osin porot kuitenkin vasovat luonnossa ja hakeutuvat itsen\u00e4isesti vasomaan vakiintuneille vasoma-alueilleen.<\/p>\n<p>Kuvassa kaunis pilkullinen vasa kev\u00e4\u00e4ll\u00e4 2015. Kuva: <a href=\"http:\/\/www.gourmetkokit.fi\/\" class=\"external external_icon\" rel=\"nofollow\">Maritta Autio<\/a>.<\/p>\n<p><a href=\"http:\/\/paliskunnat.fi\/poro\/wp-content\/uploads\/2014\/09\/pilkullinen_vasa_maritta_autio.jpg\" rel=\"lightbox[69]\"><img loading=\"lazy\" decoding=\"async\" class=\"alignnone wp-image-3214\" src=\"http:\/\/paliskunnat.fi\/poro\/wp-content\/uploads\/2014\/09\/pilkullinen_vasa_maritta_autio.jpg\" alt=\"Kaunis pilkullinen vasa. Kuva: Maritta Autio\" width=\"460\" height=\"366\" srcset=\"https:\/\/paliskunnat.fi\/poro\/wp-content\/uploads\/2014\/09\/pilkullinen_vasa_maritta_autio.jpg 894w, https:\/\/paliskunnat.fi\/poro\/wp-content\/uploads\/2014\/09\/pilkullinen_vasa_maritta_autio-300x239.jpg 300w\" sizes=\"auto, (max-width: 460px) 100vw, 460px\" \/><\/a><\/p>\n<p>&nbsp;<\/p>\n<p>&nbsp;<\/p>\n","protected":false},"excerpt":{"rendered":"<p>Vappuna vasa hangella Kev\u00e4\u00e4ll\u00e4 talven pime\u00e4 kaamos v\u00e4istyy ja kire\u00e4t pakkaset hellitt\u00e4v\u00e4t. Hankikeleill\u00e4 porot sy\u00f6v\u00e4t mieluusti luppoa ja naavaa puista hamuten ja my\u00f6s hangelle varisseesta lupposadannasta. Kantavat vaatimet vasovat p\u00e4\u00e4osin toukokuun aikana. Vasonnan l\u00e4hestyess\u00e4 osa poromiehist\u00e4 kokoaa omat vaatimensa vasotusaitoihin ja p\u00e4\u00e4st\u00e4\u00e4 ne vasonnan j\u00e4lkeen takaisin laitumilleen. P\u00e4\u00e4osin porot kuitenkin vasovat luonnossa ja hakeutuvat itsen\u00e4isesti [&hellip;]<\/p>\n","protected":false},"author":1,"featured_media":0,"parent":58,"menu_order":4,"comment_status":"open","ping_status":"closed","template":"","meta":{"footnotes":""},"class_list":["post-69","page","type-page","status-publish","hentry"],"yoast_head":"<!-- This site is optimized with the Yoast SEO plugin v27.2 - https:\/\/yoast.com\/product\/yoast-seo-wordpress\/ -->\n<title>Poronhoidon kev\u00e4t - Poro ja poronhoito<\/title>\n<meta name=\"robots\" content=\"index, follow, max-snippet:-1, max-image-preview:large, max-video-preview:-1\" \/>\n<link rel=\"canonical\" href=\"https:\/\/paliskunnat.fi\/poro\/poronhoito\/poronhoitovuosi\/poronhoidon-kevat\/\" \/>\n<meta property=\"og:locale\" content=\"fi_FI\" \/>\n<meta property=\"og:type\" content=\"article\" \/>\n<meta property=\"og:title\" content=\"Poronhoidon kev\u00e4t - Poro ja poronhoito\" \/>\n<meta property=\"og:description\" content=\"Vappuna vasa hangella Kev\u00e4\u00e4ll\u00e4 talven pime\u00e4 kaamos v\u00e4istyy ja kire\u00e4t pakkaset hellitt\u00e4v\u00e4t. Hankikeleill\u00e4 porot sy\u00f6v\u00e4t mieluusti luppoa ja naavaa puista hamuten ja my\u00f6s hangelle varisseesta lupposadannasta. Kantavat vaatimet vasovat p\u00e4\u00e4osin toukokuun aikana. Vasonnan l\u00e4hestyess\u00e4 osa poromiehist\u00e4 kokoaa omat vaatimensa vasotusaitoihin ja p\u00e4\u00e4st\u00e4\u00e4 ne vasonnan j\u00e4lkeen takaisin laitumilleen. P\u00e4\u00e4osin porot kuitenkin vasovat luonnossa ja hakeutuvat itsen\u00e4isesti [&hellip;]\" \/>\n<meta property=\"og:url\" content=\"https:\/\/paliskunnat.fi\/poro\/poronhoito\/poronhoitovuosi\/poronhoidon-kevat\/\" \/>\n<meta property=\"og:site_name\" content=\"Poro ja poronhoito\" \/>\n<meta property=\"article:modified_time\" content=\"2015-05-21T14:00:09+00:00\" \/>\n<meta property=\"og:image\" content=\"http:\/\/paliskunnat.fi\/poro\/wp-content\/uploads\/2014\/09\/pilkullinen_vasa_maritta_autio.jpg\" \/>\n<meta name=\"twitter:card\" content=\"summary_large_image\" \/>\n<script type=\"application\/ld+json\" class=\"yoast-schema-graph\">{\"@context\":\"https:\/\/schema.org\",\"@graph\":[{\"@type\":\"WebPage\",\"@id\":\"https:\/\/paliskunnat.fi\/poro\/poronhoito\/poronhoitovuosi\/poronhoidon-kevat\/\",\"url\":\"https:\/\/paliskunnat.fi\/poro\/poronhoito\/poronhoitovuosi\/poronhoidon-kevat\/\",\"name\":\"Poronhoidon kev\u00e4t - Poro ja poronhoito\",\"isPartOf\":{\"@id\":\"https:\/\/paliskunnat.fi\/poro\/#website\"},\"primaryImageOfPage\":{\"@id\":\"https:\/\/paliskunnat.fi\/poro\/poronhoito\/poronhoitovuosi\/poronhoidon-kevat\/#primaryimage\"},\"image\":{\"@id\":\"https:\/\/paliskunnat.fi\/poro\/poronhoito\/poronhoitovuosi\/poronhoidon-kevat\/#primaryimage\"},\"thumbnailUrl\":\"http:\/\/paliskunnat.fi\/poro\/wp-content\/uploads\/2014\/09\/pilkullinen_vasa_maritta_autio.jpg\",\"datePublished\":\"2014-09-01T06:40:37+00:00\",\"dateModified\":\"2015-05-21T14:00:09+00:00\",\"breadcrumb\":{\"@id\":\"https:\/\/paliskunnat.fi\/poro\/poronhoito\/poronhoitovuosi\/poronhoidon-kevat\/#breadcrumb\"},\"inLanguage\":\"fi\",\"potentialAction\":[{\"@type\":\"ReadAction\",\"target\":[\"https:\/\/paliskunnat.fi\/poro\/poronhoito\/poronhoitovuosi\/poronhoidon-kevat\/\"]}]},{\"@type\":\"ImageObject\",\"inLanguage\":\"fi\",\"@id\":\"https:\/\/paliskunnat.fi\/poro\/poronhoito\/poronhoitovuosi\/poronhoidon-kevat\/#primaryimage\",\"url\":\"http:\/\/paliskunnat.fi\/poro\/wp-content\/uploads\/2014\/09\/pilkullinen_vasa_maritta_autio.jpg\",\"contentUrl\":\"http:\/\/paliskunnat.fi\/poro\/wp-content\/uploads\/2014\/09\/pilkullinen_vasa_maritta_autio.jpg\"},{\"@type\":\"BreadcrumbList\",\"@id\":\"https:\/\/paliskunnat.fi\/poro\/poronhoito\/poronhoitovuosi\/poronhoidon-kevat\/#breadcrumb\",\"itemListElement\":[{\"@type\":\"ListItem\",\"position\":1,\"name\":\"Home\",\"item\":\"https:\/\/paliskunnat.fi\/poro\/\"},{\"@type\":\"ListItem\",\"position\":2,\"name\":\"Poronhoito\",\"item\":\"https:\/\/paliskunnat.fi\/poro\/poronhoito\/\"},{\"@type\":\"ListItem\",\"position\":3,\"name\":\"Poronhoitovuosi\",\"item\":\"https:\/\/paliskunnat.fi\/poro\/poronhoito\/poronhoitovuosi\/\"},{\"@type\":\"ListItem\",\"position\":4,\"name\":\"Poronhoidon kev\u00e4t\"}]},{\"@type\":\"WebSite\",\"@id\":\"https:\/\/paliskunnat.fi\/poro\/#website\",\"url\":\"https:\/\/paliskunnat.fi\/poro\/\",\"name\":\"Poro ja poronhoito\",\"description\":\"Poro ja poronhoito Suomessa\",\"potentialAction\":[{\"@type\":\"SearchAction\",\"target\":{\"@type\":\"EntryPoint\",\"urlTemplate\":\"https:\/\/paliskunnat.fi\/poro\/?s={search_term_string}\"},\"query-input\":{\"@type\":\"PropertyValueSpecification\",\"valueRequired\":true,\"valueName\":\"search_term_string\"}}],\"inLanguage\":\"fi\"}]}<\/script>\n<!-- \/ Yoast SEO plugin. -->","yoast_head_json":{"title":"Poronhoidon kev\u00e4t - Poro ja poronhoito","robots":{"index":"index","follow":"follow","max-snippet":"max-snippet:-1","max-image-preview":"max-image-preview:large","max-video-preview":"max-video-preview:-1"},"canonical":"https:\/\/paliskunnat.fi\/poro\/poronhoito\/poronhoitovuosi\/poronhoidon-kevat\/","og_locale":"fi_FI","og_type":"article","og_title":"Poronhoidon kev\u00e4t - Poro ja poronhoito","og_description":"Vappuna vasa hangella Kev\u00e4\u00e4ll\u00e4 talven pime\u00e4 kaamos v\u00e4istyy ja kire\u00e4t pakkaset hellitt\u00e4v\u00e4t. Hankikeleill\u00e4 porot sy\u00f6v\u00e4t mieluusti luppoa ja naavaa puista hamuten ja my\u00f6s hangelle varisseesta lupposadannasta. Kantavat vaatimet vasovat p\u00e4\u00e4osin toukokuun aikana. Vasonnan l\u00e4hestyess\u00e4 osa poromiehist\u00e4 kokoaa omat vaatimensa vasotusaitoihin ja p\u00e4\u00e4st\u00e4\u00e4 ne vasonnan j\u00e4lkeen takaisin laitumilleen. P\u00e4\u00e4osin porot kuitenkin vasovat luonnossa ja hakeutuvat itsen\u00e4isesti [&hellip;]","og_url":"https:\/\/paliskunnat.fi\/poro\/poronhoito\/poronhoitovuosi\/poronhoidon-kevat\/","og_site_name":"Poro ja poronhoito","article_modified_time":"2015-05-21T14:00:09+00:00","og_image":[{"url":"http:\/\/paliskunnat.fi\/poro\/wp-content\/uploads\/2014\/09\/pilkullinen_vasa_maritta_autio.jpg","type":"","width":"","height":""}],"twitter_card":"summary_large_image","schema":{"@context":"https:\/\/schema.org","@graph":[{"@type":"WebPage","@id":"https:\/\/paliskunnat.fi\/poro\/poronhoito\/poronhoitovuosi\/poronhoidon-kevat\/","url":"https:\/\/paliskunnat.fi\/poro\/poronhoito\/poronhoitovuosi\/poronhoidon-kevat\/","name":"Poronhoidon kev\u00e4t - Poro ja poronhoito","isPartOf":{"@id":"https:\/\/paliskunnat.fi\/poro\/#website"},"primaryImageOfPage":{"@id":"https:\/\/paliskunnat.fi\/poro\/poronhoito\/poronhoitovuosi\/poronhoidon-kevat\/#primaryimage"},"image":{"@id":"https:\/\/paliskunnat.fi\/poro\/poronhoito\/poronhoitovuosi\/poronhoidon-kevat\/#primaryimage"},"thumbnailUrl":"http:\/\/paliskunnat.fi\/poro\/wp-content\/uploads\/2014\/09\/pilkullinen_vasa_maritta_autio.jpg","datePublished":"2014-09-01T06:40:37+00:00","dateModified":"2015-05-21T14:00:09+00:00","breadcrumb":{"@id":"https:\/\/paliskunnat.fi\/poro\/poronhoito\/poronhoitovuosi\/poronhoidon-kevat\/#breadcrumb"},"inLanguage":"fi","potentialAction":[{"@type":"ReadAction","target":["https:\/\/paliskunnat.fi\/poro\/poronhoito\/poronhoitovuosi\/poronhoidon-kevat\/"]}]},{"@type":"ImageObject","inLanguage":"fi","@id":"https:\/\/paliskunnat.fi\/poro\/poronhoito\/poronhoitovuosi\/poronhoidon-kevat\/#primaryimage","url":"http:\/\/paliskunnat.fi\/poro\/wp-content\/uploads\/2014\/09\/pilkullinen_vasa_maritta_autio.jpg","contentUrl":"http:\/\/paliskunnat.fi\/poro\/wp-content\/uploads\/2014\/09\/pilkullinen_vasa_maritta_autio.jpg"},{"@type":"BreadcrumbList","@id":"https:\/\/paliskunnat.fi\/poro\/poronhoito\/poronhoitovuosi\/poronhoidon-kevat\/#breadcrumb","itemListElement":[{"@type":"ListItem","position":1,"name":"Home","item":"https:\/\/paliskunnat.fi\/poro\/"},{"@type":"ListItem","position":2,"name":"Poronhoito","item":"https:\/\/paliskunnat.fi\/poro\/poronhoito\/"},{"@type":"ListItem","position":3,"name":"Poronhoitovuosi","item":"https:\/\/paliskunnat.fi\/poro\/poronhoito\/poronhoitovuosi\/"},{"@type":"ListItem","position":4,"name":"Poronhoidon kev\u00e4t"}]},{"@type":"WebSite","@id":"https:\/\/paliskunnat.fi\/poro\/#website","url":"https:\/\/paliskunnat.fi\/poro\/","name":"Poro ja poronhoito","description":"Poro ja poronhoito Suomessa","potentialAction":[{"@type":"SearchAction","target":{"@type":"EntryPoint","urlTemplate":"https:\/\/paliskunnat.fi\/poro\/?s={search_term_string}"},"query-input":{"@type":"PropertyValueSpecification","valueRequired":true,"valueName":"search_term_string"}}],"inLanguage":"fi"}]}},"_links":{"self":[{"href":"https:\/\/paliskunnat.fi\/poro\/wp-json\/wp\/v2\/pages\/69","targetHints":{"allow":["GET"]}}],"collection":[{"href":"https:\/\/paliskunnat.fi\/poro\/wp-json\/wp\/v2\/pages"}],"about":[{"href":"https:\/\/paliskunnat.fi\/poro\/wp-json\/wp\/v2\/types\/page"}],"author":[{"embeddable":true,"href":"https:\/\/paliskunnat.fi\/poro\/wp-json\/wp\/v2\/users\/1"}],"replies":[{"embeddable":true,"href":"https:\/\/paliskunnat.fi\/poro\/wp-json\/wp\/v2\/comments?post=69"}],"version-history":[{"count":18,"href":"https:\/\/paliskunnat.fi\/poro\/wp-json\/wp\/v2\/pages\/69\/revisions"}],"predecessor-version":[{"id":3216,"href":"https:\/\/paliskunnat.fi\/poro\/wp-json\/wp\/v2\/pages\/69\/revisions\/3216"}],"up":[{"embeddable":true,"href":"https:\/\/paliskunnat.fi\/poro\/wp-json\/wp\/v2\/pages\/58"}],"wp:attachment":[{"href":"https:\/\/paliskunnat.fi\/poro\/wp-json\/wp\/v2\/media?parent=69"}],"curies":[{"name":"wp","href":"https:\/\/api.w.org\/{rel}","templated":true}]}}