{"id":722,"date":"2014-12-07T21:02:30","date_gmt":"2014-12-07T19:02:30","guid":{"rendered":"http:\/\/80.69.171.23\/poro\/?page_id=722"},"modified":"2015-05-14T10:38:19","modified_gmt":"2015-05-14T07:38:19","slug":"poroa-ravintoloissa","status":"publish","type":"page","link":"https:\/\/paliskunnat.fi\/poro\/pororuoka\/poroa-ravintoloissa\/","title":{"rendered":"Poroa ravintoloissa"},"content":{"rendered":"<h2>Poroa ravintoloissa<\/h2>\n<p>Poroa tarjoillaan ymp\u00e4ri Suomen\u00a0monissa ravintoloissa. P\u00e4\u00e4s\u00e4\u00e4nt\u00f6isesti kokemukset poroannoksista ovat olleet hyvin positiivisia, joten suosittelemme pororuokien kokeilua l\u00e4ht\u00f6kohtaisesti miss\u00e4 tahansa ravintolassa.<\/p>\n<p>Ruokailemme silloin t\u00e4ll\u00f6in\u00a0eri puolilla maata\u00a0testaillen satunnaisesti vastaan tulevia pororuokia. Saamme aiheesta my\u00f6s palautetta ja kiitostakin, vaikka ansio hyv\u00e4st\u00e4 annoksesta kuuluu toki aina lihan tuottajan lis\u00e4ksi asianosaiselle ravintolalle ja annoksen valmistajalle siell\u00e4.<\/p>\n<p>Saamme usein tiedusteluja, mihin kannattaa menn\u00e4 sy\u00f6m\u00e4\u00e4n poroa tai vied\u00e4 vieraita sy\u00f6m\u00e4\u00e4n poroa. Niinp\u00e4 olemme koonneet t\u00e4lle sivustolle sellaisia pororuokaa tarjoavia ravintoloita, joissa olemme asiakkaina tai vieraina asioineet ja jotka olemme kokemuksen kautta erinomaisiksi todenneet.<\/p>\n<p>Listamme ei ole kaikenkattava, joten l\u00f6yd\u00e4t varmasti erinomaisia ravintoloita ja poroannoksia my\u00f6s muualta. Listoja ja paikkakuntia p\u00e4ivitet\u00e4\u00e4n\u00a0sit\u00e4 mukaa kun uusia erinomaisuuksia osuu kohdallemme tai meille niist\u00e4 raportoidaan.\u00a0Kuulemme mieluusti my\u00f6s sinun kokemuksistasi!<\/p>\n<p>Yhteydenotot: <a href=\"http:\/\/paliskunnat.fi\/py\/organisaatio\/yhteystiedot\/henkilokunta\/#porotalousneuvojat\">porotalousneuvojat<\/a><\/p>\n<h3><\/h3>\n<h3><\/h3>\n","protected":false},"excerpt":{"rendered":"<p>Poroa ravintoloissa Poroa tarjoillaan ymp\u00e4ri Suomen\u00a0monissa ravintoloissa. P\u00e4\u00e4s\u00e4\u00e4nt\u00f6isesti kokemukset poroannoksista ovat olleet hyvin positiivisia, joten suosittelemme pororuokien kokeilua l\u00e4ht\u00f6kohtaisesti miss\u00e4 tahansa ravintolassa. Ruokailemme silloin t\u00e4ll\u00f6in\u00a0eri puolilla maata\u00a0testaillen satunnaisesti vastaan tulevia pororuokia. Saamme aiheesta my\u00f6s palautetta ja kiitostakin, vaikka ansio hyv\u00e4st\u00e4 annoksesta kuuluu toki aina lihan tuottajan lis\u00e4ksi asianosaiselle ravintolalle ja annoksen valmistajalle siell\u00e4. Saamme usein [&hellip;]<\/p>\n","protected":false},"author":1,"featured_media":0,"parent":174,"menu_order":2,"comment_status":"open","ping_status":"closed","template":"","meta":{"footnotes":""},"class_list":["post-722","page","type-page","status-publish","hentry"],"yoast_head":"<!-- This site is optimized with the Yoast SEO plugin v27.2 - https:\/\/yoast.com\/product\/yoast-seo-wordpress\/ -->\n<title>Poroa ravintoloissa - Poro ja poronhoito<\/title>\n<meta name=\"robots\" content=\"index, follow, max-snippet:-1, max-image-preview:large, max-video-preview:-1\" \/>\n<link rel=\"canonical\" href=\"https:\/\/paliskunnat.fi\/poro\/pororuoka\/poroa-ravintoloissa\/\" \/>\n<meta property=\"og:locale\" content=\"fi_FI\" \/>\n<meta property=\"og:type\" content=\"article\" \/>\n<meta property=\"og:title\" content=\"Poroa ravintoloissa - Poro ja poronhoito\" \/>\n<meta property=\"og:description\" content=\"Poroa ravintoloissa Poroa tarjoillaan ymp\u00e4ri Suomen\u00a0monissa ravintoloissa. P\u00e4\u00e4s\u00e4\u00e4nt\u00f6isesti kokemukset poroannoksista ovat olleet hyvin positiivisia, joten suosittelemme pororuokien kokeilua l\u00e4ht\u00f6kohtaisesti miss\u00e4 tahansa ravintolassa. Ruokailemme silloin t\u00e4ll\u00f6in\u00a0eri puolilla maata\u00a0testaillen satunnaisesti vastaan tulevia pororuokia. Saamme aiheesta my\u00f6s palautetta ja kiitostakin, vaikka ansio hyv\u00e4st\u00e4 annoksesta kuuluu toki aina lihan tuottajan lis\u00e4ksi asianosaiselle ravintolalle ja annoksen valmistajalle siell\u00e4. Saamme usein [&hellip;]\" \/>\n<meta property=\"og:url\" content=\"https:\/\/paliskunnat.fi\/poro\/pororuoka\/poroa-ravintoloissa\/\" \/>\n<meta property=\"og:site_name\" content=\"Poro ja poronhoito\" \/>\n<meta property=\"article:modified_time\" content=\"2015-05-14T07:38:19+00:00\" \/>\n<meta name=\"twitter:card\" content=\"summary_large_image\" \/>\n<meta name=\"twitter:label1\" content=\"Arvioitu lukuaika\" \/>\n\t<meta name=\"twitter:data1\" content=\"1 minuutti\" \/>\n<script type=\"application\/ld+json\" class=\"yoast-schema-graph\">{\"@context\":\"https:\/\/schema.org\",\"@graph\":[{\"@type\":\"WebPage\",\"@id\":\"https:\/\/paliskunnat.fi\/poro\/pororuoka\/poroa-ravintoloissa\/\",\"url\":\"https:\/\/paliskunnat.fi\/poro\/pororuoka\/poroa-ravintoloissa\/\",\"name\":\"Poroa ravintoloissa - Poro ja poronhoito\",\"isPartOf\":{\"@id\":\"https:\/\/paliskunnat.fi\/poro\/#website\"},\"datePublished\":\"2014-12-07T19:02:30+00:00\",\"dateModified\":\"2015-05-14T07:38:19+00:00\",\"breadcrumb\":{\"@id\":\"https:\/\/paliskunnat.fi\/poro\/pororuoka\/poroa-ravintoloissa\/#breadcrumb\"},\"inLanguage\":\"fi\",\"potentialAction\":[{\"@type\":\"ReadAction\",\"target\":[\"https:\/\/paliskunnat.fi\/poro\/pororuoka\/poroa-ravintoloissa\/\"]}]},{\"@type\":\"BreadcrumbList\",\"@id\":\"https:\/\/paliskunnat.fi\/poro\/pororuoka\/poroa-ravintoloissa\/#breadcrumb\",\"itemListElement\":[{\"@type\":\"ListItem\",\"position\":1,\"name\":\"Home\",\"item\":\"https:\/\/paliskunnat.fi\/poro\/\"},{\"@type\":\"ListItem\",\"position\":2,\"name\":\"Pororuoka\",\"item\":\"https:\/\/paliskunnat.fi\/poro\/pororuoka\/\"},{\"@type\":\"ListItem\",\"position\":3,\"name\":\"Poroa ravintoloissa\"}]},{\"@type\":\"WebSite\",\"@id\":\"https:\/\/paliskunnat.fi\/poro\/#website\",\"url\":\"https:\/\/paliskunnat.fi\/poro\/\",\"name\":\"Poro ja poronhoito\",\"description\":\"Poro ja poronhoito Suomessa\",\"potentialAction\":[{\"@type\":\"SearchAction\",\"target\":{\"@type\":\"EntryPoint\",\"urlTemplate\":\"https:\/\/paliskunnat.fi\/poro\/?s={search_term_string}\"},\"query-input\":{\"@type\":\"PropertyValueSpecification\",\"valueRequired\":true,\"valueName\":\"search_term_string\"}}],\"inLanguage\":\"fi\"}]}<\/script>\n<!-- \/ Yoast SEO plugin. -->","yoast_head_json":{"title":"Poroa ravintoloissa - Poro ja poronhoito","robots":{"index":"index","follow":"follow","max-snippet":"max-snippet:-1","max-image-preview":"max-image-preview:large","max-video-preview":"max-video-preview:-1"},"canonical":"https:\/\/paliskunnat.fi\/poro\/pororuoka\/poroa-ravintoloissa\/","og_locale":"fi_FI","og_type":"article","og_title":"Poroa ravintoloissa - Poro ja poronhoito","og_description":"Poroa ravintoloissa Poroa tarjoillaan ymp\u00e4ri Suomen\u00a0monissa ravintoloissa. P\u00e4\u00e4s\u00e4\u00e4nt\u00f6isesti kokemukset poroannoksista ovat olleet hyvin positiivisia, joten suosittelemme pororuokien kokeilua l\u00e4ht\u00f6kohtaisesti miss\u00e4 tahansa ravintolassa. Ruokailemme silloin t\u00e4ll\u00f6in\u00a0eri puolilla maata\u00a0testaillen satunnaisesti vastaan tulevia pororuokia. Saamme aiheesta my\u00f6s palautetta ja kiitostakin, vaikka ansio hyv\u00e4st\u00e4 annoksesta kuuluu toki aina lihan tuottajan lis\u00e4ksi asianosaiselle ravintolalle ja annoksen valmistajalle siell\u00e4. Saamme usein [&hellip;]","og_url":"https:\/\/paliskunnat.fi\/poro\/pororuoka\/poroa-ravintoloissa\/","og_site_name":"Poro ja poronhoito","article_modified_time":"2015-05-14T07:38:19+00:00","twitter_card":"summary_large_image","twitter_misc":{"Arvioitu lukuaika":"1 minuutti"},"schema":{"@context":"https:\/\/schema.org","@graph":[{"@type":"WebPage","@id":"https:\/\/paliskunnat.fi\/poro\/pororuoka\/poroa-ravintoloissa\/","url":"https:\/\/paliskunnat.fi\/poro\/pororuoka\/poroa-ravintoloissa\/","name":"Poroa ravintoloissa - Poro ja poronhoito","isPartOf":{"@id":"https:\/\/paliskunnat.fi\/poro\/#website"},"datePublished":"2014-12-07T19:02:30+00:00","dateModified":"2015-05-14T07:38:19+00:00","breadcrumb":{"@id":"https:\/\/paliskunnat.fi\/poro\/pororuoka\/poroa-ravintoloissa\/#breadcrumb"},"inLanguage":"fi","potentialAction":[{"@type":"ReadAction","target":["https:\/\/paliskunnat.fi\/poro\/pororuoka\/poroa-ravintoloissa\/"]}]},{"@type":"BreadcrumbList","@id":"https:\/\/paliskunnat.fi\/poro\/pororuoka\/poroa-ravintoloissa\/#breadcrumb","itemListElement":[{"@type":"ListItem","position":1,"name":"Home","item":"https:\/\/paliskunnat.fi\/poro\/"},{"@type":"ListItem","position":2,"name":"Pororuoka","item":"https:\/\/paliskunnat.fi\/poro\/pororuoka\/"},{"@type":"ListItem","position":3,"name":"Poroa ravintoloissa"}]},{"@type":"WebSite","@id":"https:\/\/paliskunnat.fi\/poro\/#website","url":"https:\/\/paliskunnat.fi\/poro\/","name":"Poro ja poronhoito","description":"Poro ja poronhoito Suomessa","potentialAction":[{"@type":"SearchAction","target":{"@type":"EntryPoint","urlTemplate":"https:\/\/paliskunnat.fi\/poro\/?s={search_term_string}"},"query-input":{"@type":"PropertyValueSpecification","valueRequired":true,"valueName":"search_term_string"}}],"inLanguage":"fi"}]}},"_links":{"self":[{"href":"https:\/\/paliskunnat.fi\/poro\/wp-json\/wp\/v2\/pages\/722","targetHints":{"allow":["GET"]}}],"collection":[{"href":"https:\/\/paliskunnat.fi\/poro\/wp-json\/wp\/v2\/pages"}],"about":[{"href":"https:\/\/paliskunnat.fi\/poro\/wp-json\/wp\/v2\/types\/page"}],"author":[{"embeddable":true,"href":"https:\/\/paliskunnat.fi\/poro\/wp-json\/wp\/v2\/users\/1"}],"replies":[{"embeddable":true,"href":"https:\/\/paliskunnat.fi\/poro\/wp-json\/wp\/v2\/comments?post=722"}],"version-history":[{"count":34,"href":"https:\/\/paliskunnat.fi\/poro\/wp-json\/wp\/v2\/pages\/722\/revisions"}],"predecessor-version":[{"id":3150,"href":"https:\/\/paliskunnat.fi\/poro\/wp-json\/wp\/v2\/pages\/722\/revisions\/3150"}],"up":[{"embeddable":true,"href":"https:\/\/paliskunnat.fi\/poro\/wp-json\/wp\/v2\/pages\/174"}],"wp:attachment":[{"href":"https:\/\/paliskunnat.fi\/poro\/wp-json\/wp\/v2\/media?parent=722"}],"curies":[{"name":"wp","href":"https:\/\/api.w.org\/{rel}","templated":true}]}}