{"id":728,"date":"2014-12-07T21:12:31","date_gmt":"2014-12-07T19:12:31","guid":{"rendered":"http:\/\/80.69.171.23\/poro\/?page_id=728"},"modified":"2021-12-02T05:49:43","modified_gmt":"2021-12-02T03:49:43","slug":"poroa-lemmikeille","status":"publish","type":"page","link":"https:\/\/paliskunnat.fi\/poro\/pororuoka\/poroa-lemmikeille\/","title":{"rendered":"Poroa lemmikeille"},"content":{"rendered":"<h2>Poroa lemmikeille<\/h2>\n<p>Porosta valmistettujen tuotteiden valikoima ja suosio kasvavat nopeasti my\u00f6s lemmikkiel\u00e4imille suunnatuissa ruokatuotteissa. Porotuotteet ovat paitsi eettisi\u00e4 ja ekologisia my\u00f6s erityisen maistuvia ja laadukkaita.<\/p>\n<p>Porotuotteet sopivat useimmille ruoka-aineyliherkkyyksist\u00e4 k\u00e4rsiville lemmikeille!<\/p>\n<p><a href=\"https:\/\/paliskunnat.fi\/poro\/wp-content\/uploads\/2014\/12\/koiranruoka-2.jpg\" rel=\"lightbox[728]\"><img loading=\"lazy\" decoding=\"async\" class=\"aligncenter wp-image-3608\" src=\"https:\/\/paliskunnat.fi\/poro\/wp-content\/uploads\/2014\/12\/koiranruoka-2-300x167.jpg\" alt=\"koiranruoka\" width=\"556\" height=\"310\" srcset=\"https:\/\/paliskunnat.fi\/poro\/wp-content\/uploads\/2014\/12\/koiranruoka-2-300x167.jpg 300w, https:\/\/paliskunnat.fi\/poro\/wp-content\/uploads\/2014\/12\/koiranruoka-2-768x428.jpg 768w, https:\/\/paliskunnat.fi\/poro\/wp-content\/uploads\/2014\/12\/koiranruoka-2-1024x571.jpg 1024w, https:\/\/paliskunnat.fi\/poro\/wp-content\/uploads\/2014\/12\/koiranruoka-2.jpg 1513w\" sizes=\"auto, (max-width: 556px) 100vw, 556px\" \/><\/a><\/p>\n<p>&nbsp;<\/p>\n<p>&nbsp;<\/p>\n<p><!--more--><\/p>\n<h2>Pororuokaa lemmikeille<\/h2>\n<p><a href=\"http:\/\/tunturiporo-verkkokauppa.com\/vk\/index.php?main_page=index&amp;cPath=34&amp;zenid=e6e3997a249da943de82fe653eda4588\" class=\"external external_icon\" rel=\"nofollow\">Tunturiporo<\/a> &#8211; kuivamuonaa verkkokaupasta<\/p>\n<p><!--\n<a href=\"http:\/\/www.jahtivahti.fi\/koirien-ruoat\/kuivaherkut\/\" class=\"external external_icon\" rel=\"nofollow\">Jahti&amp;Vahti kuivaherkuissa<\/a>\np\u00e4\u00e4osassa on kotimainen poro\n--><\/p>\n<p><a href=\"http:\/\/www.mushbarf.com\/fi\" class=\"external external_icon\" rel=\"nofollow\">Mush-tuotteet <\/a>&#8211; Esimerkiksi Vaisto Wild<\/p>\n<h2>Muut linkit<\/h2>\n<p><a href=\"http:\/\/www.honkajokioy.fi\" class=\"external external_icon\" rel=\"nofollow\">www.honkajokioy.fi<\/a><\/p>\n","protected":false},"excerpt":{"rendered":"<p>Poroa lemmikeille Porosta valmistettujen tuotteiden valikoima ja suosio kasvavat nopeasti my\u00f6s lemmikkiel\u00e4imille suunnatuissa ruokatuotteissa. Porotuotteet ovat paitsi eettisi\u00e4 ja ekologisia my\u00f6s erityisen maistuvia ja laadukkaita. Porotuotteet sopivat useimmille ruoka-aineyliherkkyyksist\u00e4 k\u00e4rsiville lemmikeille! &nbsp; &nbsp;<\/p>\n","protected":false},"author":1,"featured_media":0,"parent":174,"menu_order":4,"comment_status":"open","ping_status":"closed","template":"","meta":{"footnotes":""},"class_list":["post-728","page","type-page","status-publish","hentry"],"yoast_head":"<!-- This site is optimized with the Yoast SEO plugin v27.2 - https:\/\/yoast.com\/product\/yoast-seo-wordpress\/ -->\n<title>Poroa lemmikeille - Poro ja poronhoito<\/title>\n<meta name=\"robots\" content=\"index, follow, max-snippet:-1, max-image-preview:large, max-video-preview:-1\" \/>\n<link rel=\"canonical\" href=\"https:\/\/paliskunnat.fi\/poro\/pororuoka\/poroa-lemmikeille\/\" \/>\n<meta property=\"og:locale\" content=\"fi_FI\" \/>\n<meta property=\"og:type\" content=\"article\" \/>\n<meta property=\"og:title\" content=\"Poroa lemmikeille - Poro ja poronhoito\" \/>\n<meta property=\"og:description\" content=\"Poroa lemmikeille Porosta valmistettujen tuotteiden valikoima ja suosio kasvavat nopeasti my\u00f6s lemmikkiel\u00e4imille suunnatuissa ruokatuotteissa. Porotuotteet ovat paitsi eettisi\u00e4 ja ekologisia my\u00f6s erityisen maistuvia ja laadukkaita. Porotuotteet sopivat useimmille ruoka-aineyliherkkyyksist\u00e4 k\u00e4rsiville lemmikeille! &nbsp; &nbsp;\" \/>\n<meta property=\"og:url\" content=\"https:\/\/paliskunnat.fi\/poro\/pororuoka\/poroa-lemmikeille\/\" \/>\n<meta property=\"og:site_name\" content=\"Poro ja poronhoito\" \/>\n<meta property=\"article:modified_time\" content=\"2021-12-02T03:49:43+00:00\" \/>\n<meta property=\"og:image\" content=\"https:\/\/paliskunnat.fi\/poro\/wp-content\/uploads\/2014\/12\/koiranruoka-2-300x167.jpg\" \/>\n<meta name=\"twitter:card\" content=\"summary_large_image\" \/>\n<meta name=\"twitter:label1\" content=\"Arvioitu lukuaika\" \/>\n\t<meta name=\"twitter:data1\" content=\"1 minuutti\" \/>\n<script type=\"application\/ld+json\" class=\"yoast-schema-graph\">{\"@context\":\"https:\/\/schema.org\",\"@graph\":[{\"@type\":\"WebPage\",\"@id\":\"https:\/\/paliskunnat.fi\/poro\/pororuoka\/poroa-lemmikeille\/\",\"url\":\"https:\/\/paliskunnat.fi\/poro\/pororuoka\/poroa-lemmikeille\/\",\"name\":\"Poroa lemmikeille - Poro ja poronhoito\",\"isPartOf\":{\"@id\":\"https:\/\/paliskunnat.fi\/poro\/#website\"},\"primaryImageOfPage\":{\"@id\":\"https:\/\/paliskunnat.fi\/poro\/pororuoka\/poroa-lemmikeille\/#primaryimage\"},\"image\":{\"@id\":\"https:\/\/paliskunnat.fi\/poro\/pororuoka\/poroa-lemmikeille\/#primaryimage\"},\"thumbnailUrl\":\"https:\/\/paliskunnat.fi\/poro\/wp-content\/uploads\/2014\/12\/koiranruoka-2-300x167.jpg\",\"datePublished\":\"2014-12-07T19:12:31+00:00\",\"dateModified\":\"2021-12-02T03:49:43+00:00\",\"breadcrumb\":{\"@id\":\"https:\/\/paliskunnat.fi\/poro\/pororuoka\/poroa-lemmikeille\/#breadcrumb\"},\"inLanguage\":\"fi\",\"potentialAction\":[{\"@type\":\"ReadAction\",\"target\":[\"https:\/\/paliskunnat.fi\/poro\/pororuoka\/poroa-lemmikeille\/\"]}]},{\"@type\":\"ImageObject\",\"inLanguage\":\"fi\",\"@id\":\"https:\/\/paliskunnat.fi\/poro\/pororuoka\/poroa-lemmikeille\/#primaryimage\",\"url\":\"https:\/\/paliskunnat.fi\/poro\/wp-content\/uploads\/2014\/12\/koiranruoka-2.jpg\",\"contentUrl\":\"https:\/\/paliskunnat.fi\/poro\/wp-content\/uploads\/2014\/12\/koiranruoka-2.jpg\",\"width\":1513,\"height\":843},{\"@type\":\"BreadcrumbList\",\"@id\":\"https:\/\/paliskunnat.fi\/poro\/pororuoka\/poroa-lemmikeille\/#breadcrumb\",\"itemListElement\":[{\"@type\":\"ListItem\",\"position\":1,\"name\":\"Home\",\"item\":\"https:\/\/paliskunnat.fi\/poro\/\"},{\"@type\":\"ListItem\",\"position\":2,\"name\":\"Pororuoka\",\"item\":\"https:\/\/paliskunnat.fi\/poro\/pororuoka\/\"},{\"@type\":\"ListItem\",\"position\":3,\"name\":\"Poroa lemmikeille\"}]},{\"@type\":\"WebSite\",\"@id\":\"https:\/\/paliskunnat.fi\/poro\/#website\",\"url\":\"https:\/\/paliskunnat.fi\/poro\/\",\"name\":\"Poro ja poronhoito\",\"description\":\"Poro ja poronhoito Suomessa\",\"potentialAction\":[{\"@type\":\"SearchAction\",\"target\":{\"@type\":\"EntryPoint\",\"urlTemplate\":\"https:\/\/paliskunnat.fi\/poro\/?s={search_term_string}\"},\"query-input\":{\"@type\":\"PropertyValueSpecification\",\"valueRequired\":true,\"valueName\":\"search_term_string\"}}],\"inLanguage\":\"fi\"}]}<\/script>\n<!-- \/ Yoast SEO plugin. -->","yoast_head_json":{"title":"Poroa lemmikeille - Poro ja poronhoito","robots":{"index":"index","follow":"follow","max-snippet":"max-snippet:-1","max-image-preview":"max-image-preview:large","max-video-preview":"max-video-preview:-1"},"canonical":"https:\/\/paliskunnat.fi\/poro\/pororuoka\/poroa-lemmikeille\/","og_locale":"fi_FI","og_type":"article","og_title":"Poroa lemmikeille - Poro ja poronhoito","og_description":"Poroa lemmikeille Porosta valmistettujen tuotteiden valikoima ja suosio kasvavat nopeasti my\u00f6s lemmikkiel\u00e4imille suunnatuissa ruokatuotteissa. Porotuotteet ovat paitsi eettisi\u00e4 ja ekologisia my\u00f6s erityisen maistuvia ja laadukkaita. Porotuotteet sopivat useimmille ruoka-aineyliherkkyyksist\u00e4 k\u00e4rsiville lemmikeille! &nbsp; &nbsp;","og_url":"https:\/\/paliskunnat.fi\/poro\/pororuoka\/poroa-lemmikeille\/","og_site_name":"Poro ja poronhoito","article_modified_time":"2021-12-02T03:49:43+00:00","og_image":[{"url":"https:\/\/paliskunnat.fi\/poro\/wp-content\/uploads\/2014\/12\/koiranruoka-2-300x167.jpg","type":"","width":"","height":""}],"twitter_card":"summary_large_image","twitter_misc":{"Arvioitu lukuaika":"1 minuutti"},"schema":{"@context":"https:\/\/schema.org","@graph":[{"@type":"WebPage","@id":"https:\/\/paliskunnat.fi\/poro\/pororuoka\/poroa-lemmikeille\/","url":"https:\/\/paliskunnat.fi\/poro\/pororuoka\/poroa-lemmikeille\/","name":"Poroa lemmikeille - Poro ja poronhoito","isPartOf":{"@id":"https:\/\/paliskunnat.fi\/poro\/#website"},"primaryImageOfPage":{"@id":"https:\/\/paliskunnat.fi\/poro\/pororuoka\/poroa-lemmikeille\/#primaryimage"},"image":{"@id":"https:\/\/paliskunnat.fi\/poro\/pororuoka\/poroa-lemmikeille\/#primaryimage"},"thumbnailUrl":"https:\/\/paliskunnat.fi\/poro\/wp-content\/uploads\/2014\/12\/koiranruoka-2-300x167.jpg","datePublished":"2014-12-07T19:12:31+00:00","dateModified":"2021-12-02T03:49:43+00:00","breadcrumb":{"@id":"https:\/\/paliskunnat.fi\/poro\/pororuoka\/poroa-lemmikeille\/#breadcrumb"},"inLanguage":"fi","potentialAction":[{"@type":"ReadAction","target":["https:\/\/paliskunnat.fi\/poro\/pororuoka\/poroa-lemmikeille\/"]}]},{"@type":"ImageObject","inLanguage":"fi","@id":"https:\/\/paliskunnat.fi\/poro\/pororuoka\/poroa-lemmikeille\/#primaryimage","url":"https:\/\/paliskunnat.fi\/poro\/wp-content\/uploads\/2014\/12\/koiranruoka-2.jpg","contentUrl":"https:\/\/paliskunnat.fi\/poro\/wp-content\/uploads\/2014\/12\/koiranruoka-2.jpg","width":1513,"height":843},{"@type":"BreadcrumbList","@id":"https:\/\/paliskunnat.fi\/poro\/pororuoka\/poroa-lemmikeille\/#breadcrumb","itemListElement":[{"@type":"ListItem","position":1,"name":"Home","item":"https:\/\/paliskunnat.fi\/poro\/"},{"@type":"ListItem","position":2,"name":"Pororuoka","item":"https:\/\/paliskunnat.fi\/poro\/pororuoka\/"},{"@type":"ListItem","position":3,"name":"Poroa lemmikeille"}]},{"@type":"WebSite","@id":"https:\/\/paliskunnat.fi\/poro\/#website","url":"https:\/\/paliskunnat.fi\/poro\/","name":"Poro ja poronhoito","description":"Poro ja poronhoito Suomessa","potentialAction":[{"@type":"SearchAction","target":{"@type":"EntryPoint","urlTemplate":"https:\/\/paliskunnat.fi\/poro\/?s={search_term_string}"},"query-input":{"@type":"PropertyValueSpecification","valueRequired":true,"valueName":"search_term_string"}}],"inLanguage":"fi"}]}},"_links":{"self":[{"href":"https:\/\/paliskunnat.fi\/poro\/wp-json\/wp\/v2\/pages\/728","targetHints":{"allow":["GET"]}}],"collection":[{"href":"https:\/\/paliskunnat.fi\/poro\/wp-json\/wp\/v2\/pages"}],"about":[{"href":"https:\/\/paliskunnat.fi\/poro\/wp-json\/wp\/v2\/types\/page"}],"author":[{"embeddable":true,"href":"https:\/\/paliskunnat.fi\/poro\/wp-json\/wp\/v2\/users\/1"}],"replies":[{"embeddable":true,"href":"https:\/\/paliskunnat.fi\/poro\/wp-json\/wp\/v2\/comments?post=728"}],"version-history":[{"count":19,"href":"https:\/\/paliskunnat.fi\/poro\/wp-json\/wp\/v2\/pages\/728\/revisions"}],"predecessor-version":[{"id":4406,"href":"https:\/\/paliskunnat.fi\/poro\/wp-json\/wp\/v2\/pages\/728\/revisions\/4406"}],"up":[{"embeddable":true,"href":"https:\/\/paliskunnat.fi\/poro\/wp-json\/wp\/v2\/pages\/174"}],"wp:attachment":[{"href":"https:\/\/paliskunnat.fi\/poro\/wp-json\/wp\/v2\/media?parent=728"}],"curies":[{"name":"wp","href":"https:\/\/api.w.org\/{rel}","templated":true}]}}