{"id":765,"date":"2014-12-14T08:33:00","date_gmt":"2014-12-14T06:33:00","guid":{"rendered":"http:\/\/80.69.171.23\/poro\/?page_id=765"},"modified":"2024-03-06T11:17:41","modified_gmt":"2024-03-06T09:17:41","slug":"poronhoito","status":"publish","type":"page","link":"https:\/\/paliskunnat.fi\/poro\/poronhoito\/","title":{"rendered":"Poronhoito"},"content":{"rendered":"<h2>Poro pit\u00e4\u00e4 pohjoisen\u00a0kyl\u00e4t l\u00e4mpimin\u00e4<\/h2>\n<p>Poronhoito on vanhin edelleen elinvoimaisista pohjoisen elinkeinoista. Se on erityisesti pienemmiss\u00e4 pohjoisen kyliss\u00e4 t\u00e4rke\u00e4 ty\u00f6llist\u00e4j\u00e4 ja kylien elinvoimaisuuden yll\u00e4pit\u00e4j\u00e4. Poronhoidon taloudellinen merkitys suorine ja v\u00e4lillisine vaikutuksineen on vuositasolla miljardin luokkaa. Kulttuurin ja perinteiden n\u00e4k\u00f6kulmasta poro on Suomelle ja erityisesti pohjoiselle Suomelle mittaamattoman t\u00e4rke\u00e4. Eip\u00e4 ihme, ett\u00e4 poro on nimetty\u00a0Lapin maakuntael\u00e4imeksi.<\/p>\n<p>Poronhoitoalue on\u00a0poronhoitolailla (<a href=\"http:\/\/www.finlex.fi\/fi\/laki\/ajantasa\/1990\/19900848\" class=\"external external_icon\" rel=\"nofollow\">848\/1990<\/a>) m\u00e4\u00e4ritelty poronhoitoa varten tarkoitettu alue. Poronhoitoalueen koko on 122 936 neli\u00f6kilometri\u00e4 eli 36 % Suomen pinta-alasta. Poronhoitoalue kattaa Lapin maakunnan (Kemi-Tornion aluetta lukuun ottamatta) sek\u00e4 pohjoisosat Pohjois-Pohjanmaan ja Kainuun maakunnista.<\/p>\n<p>&nbsp;<\/p>\n<h3><\/h3>\n<h3><\/h3>\n<p>&nbsp;<\/p>\n<p><!--more--><\/p>\n<h2>Suomen poronhoitoalue<\/h2>\n<p><a href=\"https:\/\/paliskunnat.fi\/poro\/wp-content\/uploads\/2014\/09\/poronhoitoalue_2014_09.png\" rel=\"lightbox[765]\"><img loading=\"lazy\" decoding=\"async\" class=\"alignnone wp-image-445\" src=\"https:\/\/paliskunnat.fi\/poro\/wp-content\/uploads\/2014\/09\/poronhoitoalue_2014_09.png\" alt=\"Suomen poronhoitoalue\" width=\"170\" height=\"195\" srcset=\"https:\/\/paliskunnat.fi\/poro\/wp-content\/uploads\/2014\/09\/poronhoitoalue_2014_09.png 786w, https:\/\/paliskunnat.fi\/poro\/wp-content\/uploads\/2014\/09\/poronhoitoalue_2014_09-262x300.png 262w\" sizes=\"auto, (max-width: 170px) 100vw, 170px\" \/><\/a><!--more--><\/p>\n<h2>Maa- ja mets\u00e4talousministeri\u00f6<\/h2>\n<p><a href=\"https:\/\/mmm.fi\/lisatietoja-poronhoidosta\" class=\"external external_icon\" rel=\"nofollow\">Porotalous<\/a> kuuluu Maa- ja mets\u00e4talousministeri\u00f6n hallinnonalaan.<\/p>\n","protected":false},"excerpt":{"rendered":"<p>Poro pit\u00e4\u00e4 pohjoisen\u00a0kyl\u00e4t l\u00e4mpimin\u00e4 Poronhoito on vanhin edelleen elinvoimaisista pohjoisen elinkeinoista. Se on erityisesti pienemmiss\u00e4 pohjoisen kyliss\u00e4 t\u00e4rke\u00e4 ty\u00f6llist\u00e4j\u00e4 ja kylien elinvoimaisuuden yll\u00e4pit\u00e4j\u00e4. Poronhoidon taloudellinen merkitys suorine ja v\u00e4lillisine vaikutuksineen on vuositasolla miljardin luokkaa. Kulttuurin ja perinteiden n\u00e4k\u00f6kulmasta poro on Suomelle ja erityisesti pohjoiselle Suomelle mittaamattoman t\u00e4rke\u00e4. Eip\u00e4 ihme, ett\u00e4 poro on nimetty\u00a0Lapin maakuntael\u00e4imeksi. Poronhoitoalue [&hellip;]<\/p>\n","protected":false},"author":1,"featured_media":0,"parent":0,"menu_order":3,"comment_status":"open","ping_status":"closed","template":"","meta":{"footnotes":""},"class_list":["post-765","page","type-page","status-publish","hentry"],"yoast_head":"<!-- This site is optimized with the Yoast SEO plugin v27.2 - https:\/\/yoast.com\/product\/yoast-seo-wordpress\/ -->\n<title>Poronhoito - Poro ja poronhoito<\/title>\n<meta name=\"robots\" content=\"index, follow, max-snippet:-1, max-image-preview:large, max-video-preview:-1\" \/>\n<link rel=\"canonical\" href=\"https:\/\/paliskunnat.fi\/poro\/poronhoito\/\" \/>\n<meta property=\"og:locale\" content=\"fi_FI\" \/>\n<meta property=\"og:type\" content=\"article\" \/>\n<meta property=\"og:title\" content=\"Poronhoito - Poro ja poronhoito\" \/>\n<meta property=\"og:description\" content=\"Poro pit\u00e4\u00e4 pohjoisen\u00a0kyl\u00e4t l\u00e4mpimin\u00e4 Poronhoito on vanhin edelleen elinvoimaisista pohjoisen elinkeinoista. Se on erityisesti pienemmiss\u00e4 pohjoisen kyliss\u00e4 t\u00e4rke\u00e4 ty\u00f6llist\u00e4j\u00e4 ja kylien elinvoimaisuuden yll\u00e4pit\u00e4j\u00e4. Poronhoidon taloudellinen merkitys suorine ja v\u00e4lillisine vaikutuksineen on vuositasolla miljardin luokkaa. Kulttuurin ja perinteiden n\u00e4k\u00f6kulmasta poro on Suomelle ja erityisesti pohjoiselle Suomelle mittaamattoman t\u00e4rke\u00e4. Eip\u00e4 ihme, ett\u00e4 poro on nimetty\u00a0Lapin maakuntael\u00e4imeksi. Poronhoitoalue [&hellip;]\" \/>\n<meta property=\"og:url\" content=\"https:\/\/paliskunnat.fi\/poro\/poronhoito\/\" \/>\n<meta property=\"og:site_name\" content=\"Poro ja poronhoito\" \/>\n<meta property=\"article:modified_time\" content=\"2024-03-06T09:17:41+00:00\" \/>\n<meta property=\"og:image\" content=\"https:\/\/paliskunnat.fi\/poro\/wp-content\/uploads\/2014\/09\/poronhoitoalue_2014_09.png\" \/>\n<meta name=\"twitter:card\" content=\"summary_large_image\" \/>\n<meta name=\"twitter:label1\" content=\"Arvioitu lukuaika\" \/>\n\t<meta name=\"twitter:data1\" content=\"2 minuuttia\" \/>\n<script type=\"application\/ld+json\" class=\"yoast-schema-graph\">{\"@context\":\"https:\/\/schema.org\",\"@graph\":[{\"@type\":\"WebPage\",\"@id\":\"https:\/\/paliskunnat.fi\/poro\/poronhoito\/\",\"url\":\"https:\/\/paliskunnat.fi\/poro\/poronhoito\/\",\"name\":\"Poronhoito - Poro ja poronhoito\",\"isPartOf\":{\"@id\":\"https:\/\/paliskunnat.fi\/poro\/#website\"},\"primaryImageOfPage\":{\"@id\":\"https:\/\/paliskunnat.fi\/poro\/poronhoito\/#primaryimage\"},\"image\":{\"@id\":\"https:\/\/paliskunnat.fi\/poro\/poronhoito\/#primaryimage\"},\"thumbnailUrl\":\"https:\/\/paliskunnat.fi\/poro\/wp-content\/uploads\/2014\/09\/poronhoitoalue_2014_09.png\",\"datePublished\":\"2014-12-14T06:33:00+00:00\",\"dateModified\":\"2024-03-06T09:17:41+00:00\",\"breadcrumb\":{\"@id\":\"https:\/\/paliskunnat.fi\/poro\/poronhoito\/#breadcrumb\"},\"inLanguage\":\"fi\",\"potentialAction\":[{\"@type\":\"ReadAction\",\"target\":[\"https:\/\/paliskunnat.fi\/poro\/poronhoito\/\"]}]},{\"@type\":\"ImageObject\",\"inLanguage\":\"fi\",\"@id\":\"https:\/\/paliskunnat.fi\/poro\/poronhoito\/#primaryimage\",\"url\":\"https:\/\/paliskunnat.fi\/poro\/wp-content\/uploads\/2014\/09\/poronhoitoalue_2014_09.png\",\"contentUrl\":\"https:\/\/paliskunnat.fi\/poro\/wp-content\/uploads\/2014\/09\/poronhoitoalue_2014_09.png\",\"width\":786,\"height\":900},{\"@type\":\"BreadcrumbList\",\"@id\":\"https:\/\/paliskunnat.fi\/poro\/poronhoito\/#breadcrumb\",\"itemListElement\":[{\"@type\":\"ListItem\",\"position\":1,\"name\":\"Home\",\"item\":\"https:\/\/paliskunnat.fi\/poro\/\"},{\"@type\":\"ListItem\",\"position\":2,\"name\":\"Poronhoito\"}]},{\"@type\":\"WebSite\",\"@id\":\"https:\/\/paliskunnat.fi\/poro\/#website\",\"url\":\"https:\/\/paliskunnat.fi\/poro\/\",\"name\":\"Poro ja poronhoito\",\"description\":\"Poro ja poronhoito Suomessa\",\"potentialAction\":[{\"@type\":\"SearchAction\",\"target\":{\"@type\":\"EntryPoint\",\"urlTemplate\":\"https:\/\/paliskunnat.fi\/poro\/?s={search_term_string}\"},\"query-input\":{\"@type\":\"PropertyValueSpecification\",\"valueRequired\":true,\"valueName\":\"search_term_string\"}}],\"inLanguage\":\"fi\"}]}<\/script>\n<!-- \/ Yoast SEO plugin. -->","yoast_head_json":{"title":"Poronhoito - Poro ja poronhoito","robots":{"index":"index","follow":"follow","max-snippet":"max-snippet:-1","max-image-preview":"max-image-preview:large","max-video-preview":"max-video-preview:-1"},"canonical":"https:\/\/paliskunnat.fi\/poro\/poronhoito\/","og_locale":"fi_FI","og_type":"article","og_title":"Poronhoito - Poro ja poronhoito","og_description":"Poro pit\u00e4\u00e4 pohjoisen\u00a0kyl\u00e4t l\u00e4mpimin\u00e4 Poronhoito on vanhin edelleen elinvoimaisista pohjoisen elinkeinoista. Se on erityisesti pienemmiss\u00e4 pohjoisen kyliss\u00e4 t\u00e4rke\u00e4 ty\u00f6llist\u00e4j\u00e4 ja kylien elinvoimaisuuden yll\u00e4pit\u00e4j\u00e4. Poronhoidon taloudellinen merkitys suorine ja v\u00e4lillisine vaikutuksineen on vuositasolla miljardin luokkaa. Kulttuurin ja perinteiden n\u00e4k\u00f6kulmasta poro on Suomelle ja erityisesti pohjoiselle Suomelle mittaamattoman t\u00e4rke\u00e4. Eip\u00e4 ihme, ett\u00e4 poro on nimetty\u00a0Lapin maakuntael\u00e4imeksi. Poronhoitoalue [&hellip;]","og_url":"https:\/\/paliskunnat.fi\/poro\/poronhoito\/","og_site_name":"Poro ja poronhoito","article_modified_time":"2024-03-06T09:17:41+00:00","og_image":[{"url":"https:\/\/paliskunnat.fi\/poro\/wp-content\/uploads\/2014\/09\/poronhoitoalue_2014_09.png","type":"","width":"","height":""}],"twitter_card":"summary_large_image","twitter_misc":{"Arvioitu lukuaika":"2 minuuttia"},"schema":{"@context":"https:\/\/schema.org","@graph":[{"@type":"WebPage","@id":"https:\/\/paliskunnat.fi\/poro\/poronhoito\/","url":"https:\/\/paliskunnat.fi\/poro\/poronhoito\/","name":"Poronhoito - Poro ja poronhoito","isPartOf":{"@id":"https:\/\/paliskunnat.fi\/poro\/#website"},"primaryImageOfPage":{"@id":"https:\/\/paliskunnat.fi\/poro\/poronhoito\/#primaryimage"},"image":{"@id":"https:\/\/paliskunnat.fi\/poro\/poronhoito\/#primaryimage"},"thumbnailUrl":"https:\/\/paliskunnat.fi\/poro\/wp-content\/uploads\/2014\/09\/poronhoitoalue_2014_09.png","datePublished":"2014-12-14T06:33:00+00:00","dateModified":"2024-03-06T09:17:41+00:00","breadcrumb":{"@id":"https:\/\/paliskunnat.fi\/poro\/poronhoito\/#breadcrumb"},"inLanguage":"fi","potentialAction":[{"@type":"ReadAction","target":["https:\/\/paliskunnat.fi\/poro\/poronhoito\/"]}]},{"@type":"ImageObject","inLanguage":"fi","@id":"https:\/\/paliskunnat.fi\/poro\/poronhoito\/#primaryimage","url":"https:\/\/paliskunnat.fi\/poro\/wp-content\/uploads\/2014\/09\/poronhoitoalue_2014_09.png","contentUrl":"https:\/\/paliskunnat.fi\/poro\/wp-content\/uploads\/2014\/09\/poronhoitoalue_2014_09.png","width":786,"height":900},{"@type":"BreadcrumbList","@id":"https:\/\/paliskunnat.fi\/poro\/poronhoito\/#breadcrumb","itemListElement":[{"@type":"ListItem","position":1,"name":"Home","item":"https:\/\/paliskunnat.fi\/poro\/"},{"@type":"ListItem","position":2,"name":"Poronhoito"}]},{"@type":"WebSite","@id":"https:\/\/paliskunnat.fi\/poro\/#website","url":"https:\/\/paliskunnat.fi\/poro\/","name":"Poro ja poronhoito","description":"Poro ja poronhoito Suomessa","potentialAction":[{"@type":"SearchAction","target":{"@type":"EntryPoint","urlTemplate":"https:\/\/paliskunnat.fi\/poro\/?s={search_term_string}"},"query-input":{"@type":"PropertyValueSpecification","valueRequired":true,"valueName":"search_term_string"}}],"inLanguage":"fi"}]}},"_links":{"self":[{"href":"https:\/\/paliskunnat.fi\/poro\/wp-json\/wp\/v2\/pages\/765","targetHints":{"allow":["GET"]}}],"collection":[{"href":"https:\/\/paliskunnat.fi\/poro\/wp-json\/wp\/v2\/pages"}],"about":[{"href":"https:\/\/paliskunnat.fi\/poro\/wp-json\/wp\/v2\/types\/page"}],"author":[{"embeddable":true,"href":"https:\/\/paliskunnat.fi\/poro\/wp-json\/wp\/v2\/users\/1"}],"replies":[{"embeddable":true,"href":"https:\/\/paliskunnat.fi\/poro\/wp-json\/wp\/v2\/comments?post=765"}],"version-history":[{"count":46,"href":"https:\/\/paliskunnat.fi\/poro\/wp-json\/wp\/v2\/pages\/765\/revisions"}],"predecessor-version":[{"id":4625,"href":"https:\/\/paliskunnat.fi\/poro\/wp-json\/wp\/v2\/pages\/765\/revisions\/4625"}],"wp:attachment":[{"href":"https:\/\/paliskunnat.fi\/poro\/wp-json\/wp\/v2\/media?parent=765"}],"curies":[{"name":"wp","href":"https:\/\/api.w.org\/{rel}","templated":true}]}}