{"id":82,"date":"2014-09-01T10:38:06","date_gmt":"2014-09-01T07:38:06","guid":{"rendered":"http:\/\/80.69.171.23\/poro\/?page_id=82"},"modified":"2024-03-27T12:31:06","modified_gmt":"2024-03-27T10:31:06","slug":"paliskunnat","status":"publish","type":"page","link":"https:\/\/paliskunnat.fi\/poro\/poronhoito\/paliskunnat\/","title":{"rendered":"Paliskunnat"},"content":{"rendered":"<h2>Paliskunnat<\/h2>\n<p>Suomen poronhoitoalue on jaettu 54 paliskuntaan. Paliskunnat ovat pinta-aloiltaan ja porom\u00e4\u00e4rilt\u00e4\u00e4n erikokoisia poronhoitoyksik\u00f6it\u00e4. Jokainen paliskunta on osakkaidensa muodostama yhteis\u00f6, joka vastaa poronhoidosta alueellaan. Kukin poronomistaja kuuluu vain yhteen paliskuntaan.<\/p>\n<p>Poronhoitolaki (<a href=\"https:\/\/www.finlex.fi\/fi\/laki\/ajantasa\/1990\/19900848\" class=\"external external_icon\" rel=\"nofollow\">848\/1990<\/a>) s\u00e4\u00e4telee paliskunnan toimintaa ja organisaatiota. Paliskuntaa johtaa porois\u00e4nt\u00e4. Lis\u00e4ksi paliskunta\u00a0valitsee itselleen varais\u00e4nn\u00e4n ja nelij\u00e4senisen hallituksen.<\/p>\n<p>Pohjoisessa asuva tai liikkuva voi tarvittaessa ottaa yhteytt\u00e4 poroasioissa alueen paliskunnan porois\u00e4nt\u00e4\u00e4n:\u00a0<a href=\"https:\/\/paliskunnat.fi\/py\/poroisannat\/\">Porois\u00e4ntien yhteystiedot<\/a>.<\/p>\n<p>Paliskunnat <a href=\"https:\/\/paliskunnat.fi\/map\/\" target=\"_blank\" rel=\"noopener noreferrer\">Leaflet<\/a>-kartalla (kartta avautuu omaan selainv\u00e4lilehteen). Paliskuntien viralliset rajakuvaukset sanallisessa muodossa AVIn <a href=\"https:\/\/avi.fi\/asioi\/yritys-tai-yhteiso\/luvat-ilmoitukset-ja-hakemukset\/elaimet\/poroasiat\" class=\"external external_icon\" rel=\"nofollow\">verkkosivuilla<\/a>.<\/p>\n<p><a href=\"https:\/\/paliskunnat.fi\/poro\/wp-content\/uploads\/2024\/03\/suomen-paliskunnat.jpg\" rel=\"lightbox[82]\"><img loading=\"lazy\" decoding=\"async\" class=\"alignnone wp-image-4639\" src=\"https:\/\/paliskunnat.fi\/poro\/wp-content\/uploads\/2024\/03\/suomen-paliskunnat.jpg\" alt=\"Suomen paliskunnat\" width=\"460\" height=\"451\" srcset=\"https:\/\/paliskunnat.fi\/poro\/wp-content\/uploads\/2024\/03\/suomen-paliskunnat.jpg 900w, https:\/\/paliskunnat.fi\/poro\/wp-content\/uploads\/2024\/03\/suomen-paliskunnat-300x294.jpg 300w, https:\/\/paliskunnat.fi\/poro\/wp-content\/uploads\/2024\/03\/suomen-paliskunnat-768x753.jpg 768w\" sizes=\"auto, (max-width: 460px) 100vw, 460px\" \/><\/a><\/p>\n<h3>Paliskuntien muotoutuminen<\/h3>\n<p>Poronhoidon j\u00e4rjest\u00e4ytyminen k\u00e4ynnistyi Suomessa 1700-luvulla. J\u00e4rjest\u00e4ytymisen tarve\u00a0syntyi\u00a0poronhoidon tehostumiseen, maanviljelykseen ja poronhoidon sis\u00e4isiin tarpeisiin liittyvist\u00e4 kysymyksist\u00e4.\u00a0Poronomistajista ja poromerkeist\u00e4 velvoitettiin kokoamaan ja luovuttamaan luettelo pit\u00e4j\u00e4nkokoukselle. Paliskunta-nimitys otettiin k\u00e4ytt\u00f6\u00f6n Kuusamossa 1828-69\u00a0(Kortesalmi 2008).<\/p>\n<p>Sanana <em>paliskunta<\/em> ja sen kantasana <em>palkinen<\/em>\u00a0tulevat\u00a0saamenkielisest\u00e4 verbist\u00e4 palgat, suomennettuna\u00a0palkia, mik\u00e4 tarkoittaa poron rauhatonta\u00a0liikehdint\u00e4\u00e4.\u00a0Porot palkivat samoilla alueilla vuodesta toiseen, joten kyseess\u00e4 on hallinnollisen yksik\u00f6n lis\u00e4ksi my\u00f6s porojen luontaiseen vuosittaiseen laidunkiertoon liittyv\u00e4 alue (Helle 1982).<\/p>\n<div class=\"simplePullQuote right\"><p>Paliskuntien syntyyn vaikutti poronhoidon ja mets\u00e4talouden ensimm\u00e4inen eturistiriita<\/p>\n<\/div>\n<p>Paliskuntien j\u00e4rjest\u00e4ytymist\u00e4 tehostettiin valtiovallan toimesta 1800-luvun lopulla. Syyn\u00e4 olivat maa- ja mets\u00e4talouden merkityksen kasvu ja porotalouden siirtyminen rahatalouteen. Suomen senaatti m\u00e4\u00e4r\u00e4si paliskuntajaon toteutettavaksi 1898. Tarkemmin poronhoidon ja valtionmaiden suhde m\u00e4\u00e4riteltiin senaatin p\u00e4\u00e4t\u00f6ksell\u00e4 1916.<\/p>\n<p>Paliskuntain yhdistyksen edelt\u00e4j\u00e4<em> Suomen Poronjalostusyhdistys<\/em> perustettiin 1926. Perustajia olivat Matti Oskari Lahtela, Kaarlo J. Holster, Heino Alapulli ja Kaarlo Hiltula. Porojalostusyhdistyksen keskeinen teht\u00e4v\u00e4 oli edist\u00e4\u00e4 yhteistoimintaa poronhoitoyhdistysten v\u00e4lill\u00e4. Ensimm\u00e4inen poronhoitolaki s\u00e4\u00e4dettiin vuonna 1932, pitk\u00e4lti Poronjalostusyhdistyksen toiminnanjohtaja Alaruikan ansiosta. Poronhoitolakia uudistettiin vuosina 1948 ja 1968. Nykyinen voimassa oleva <a href=\"https:\/\/www.finlex.fi\/fi\/laki\/ajantasa\/1990\/19900848\" class=\"external external_icon\" rel=\"nofollow\">poronhoitolaki<\/a> on vuodelta 1990. Paliskuntain yhdistys perustettiin 1948 ja samalla pit\u00e4jien poronhoitoyhdistykset lakkautettiin.<\/p>\n<p>&nbsp;<\/p>\n<p>&nbsp;<\/p>\n","protected":false},"excerpt":{"rendered":"<p>Paliskunnat Suomen poronhoitoalue on jaettu 54 paliskuntaan. Paliskunnat ovat pinta-aloiltaan ja porom\u00e4\u00e4rilt\u00e4\u00e4n erikokoisia poronhoitoyksik\u00f6it\u00e4. Jokainen paliskunta on osakkaidensa muodostama yhteis\u00f6, joka vastaa poronhoidosta alueellaan. Kukin poronomistaja kuuluu vain yhteen paliskuntaan. Poronhoitolaki (848\/1990) s\u00e4\u00e4telee paliskunnan toimintaa ja organisaatiota. Paliskuntaa johtaa porois\u00e4nt\u00e4. Lis\u00e4ksi paliskunta\u00a0valitsee itselleen varais\u00e4nn\u00e4n ja nelij\u00e4senisen hallituksen. Pohjoisessa asuva tai liikkuva voi tarvittaessa ottaa yhteytt\u00e4 [&hellip;]<\/p>\n","protected":false},"author":1,"featured_media":0,"parent":765,"menu_order":4,"comment_status":"open","ping_status":"closed","template":"","meta":{"footnotes":""},"class_list":["post-82","page","type-page","status-publish","hentry"],"yoast_head":"<!-- This site is optimized with the Yoast SEO plugin v27.2 - https:\/\/yoast.com\/product\/yoast-seo-wordpress\/ -->\n<title>Paliskunnat - Poro ja poronhoito<\/title>\n<meta name=\"robots\" content=\"index, follow, max-snippet:-1, max-image-preview:large, max-video-preview:-1\" \/>\n<link rel=\"canonical\" href=\"https:\/\/paliskunnat.fi\/poro\/poronhoito\/paliskunnat\/\" \/>\n<meta property=\"og:locale\" content=\"fi_FI\" \/>\n<meta property=\"og:type\" content=\"article\" \/>\n<meta property=\"og:title\" content=\"Paliskunnat - Poro ja poronhoito\" \/>\n<meta property=\"og:description\" content=\"Paliskunnat Suomen poronhoitoalue on jaettu 54 paliskuntaan. Paliskunnat ovat pinta-aloiltaan ja porom\u00e4\u00e4rilt\u00e4\u00e4n erikokoisia poronhoitoyksik\u00f6it\u00e4. Jokainen paliskunta on osakkaidensa muodostama yhteis\u00f6, joka vastaa poronhoidosta alueellaan. Kukin poronomistaja kuuluu vain yhteen paliskuntaan. Poronhoitolaki (848\/1990) s\u00e4\u00e4telee paliskunnan toimintaa ja organisaatiota. Paliskuntaa johtaa porois\u00e4nt\u00e4. Lis\u00e4ksi paliskunta\u00a0valitsee itselleen varais\u00e4nn\u00e4n ja nelij\u00e4senisen hallituksen. Pohjoisessa asuva tai liikkuva voi tarvittaessa ottaa yhteytt\u00e4 [&hellip;]\" \/>\n<meta property=\"og:url\" content=\"https:\/\/paliskunnat.fi\/poro\/poronhoito\/paliskunnat\/\" \/>\n<meta property=\"og:site_name\" content=\"Poro ja poronhoito\" \/>\n<meta property=\"article:modified_time\" content=\"2024-03-27T10:31:06+00:00\" \/>\n<meta property=\"og:image\" content=\"https:\/\/paliskunnat.fi\/poro\/wp-content\/uploads\/2024\/03\/suomen-paliskunnat.jpg\" \/>\n<meta name=\"twitter:card\" content=\"summary_large_image\" \/>\n<meta name=\"twitter:label1\" content=\"Arvioitu lukuaika\" \/>\n\t<meta name=\"twitter:data1\" content=\"2 minuuttia\" \/>\n<script type=\"application\/ld+json\" class=\"yoast-schema-graph\">{\"@context\":\"https:\/\/schema.org\",\"@graph\":[{\"@type\":\"WebPage\",\"@id\":\"https:\/\/paliskunnat.fi\/poro\/poronhoito\/paliskunnat\/\",\"url\":\"https:\/\/paliskunnat.fi\/poro\/poronhoito\/paliskunnat\/\",\"name\":\"Paliskunnat - Poro ja poronhoito\",\"isPartOf\":{\"@id\":\"https:\/\/paliskunnat.fi\/poro\/#website\"},\"primaryImageOfPage\":{\"@id\":\"https:\/\/paliskunnat.fi\/poro\/poronhoito\/paliskunnat\/#primaryimage\"},\"image\":{\"@id\":\"https:\/\/paliskunnat.fi\/poro\/poronhoito\/paliskunnat\/#primaryimage\"},\"thumbnailUrl\":\"https:\/\/paliskunnat.fi\/poro\/wp-content\/uploads\/2024\/03\/suomen-paliskunnat.jpg\",\"datePublished\":\"2014-09-01T07:38:06+00:00\",\"dateModified\":\"2024-03-27T10:31:06+00:00\",\"breadcrumb\":{\"@id\":\"https:\/\/paliskunnat.fi\/poro\/poronhoito\/paliskunnat\/#breadcrumb\"},\"inLanguage\":\"fi\",\"potentialAction\":[{\"@type\":\"ReadAction\",\"target\":[\"https:\/\/paliskunnat.fi\/poro\/poronhoito\/paliskunnat\/\"]}]},{\"@type\":\"ImageObject\",\"inLanguage\":\"fi\",\"@id\":\"https:\/\/paliskunnat.fi\/poro\/poronhoito\/paliskunnat\/#primaryimage\",\"url\":\"https:\/\/paliskunnat.fi\/poro\/wp-content\/uploads\/2024\/03\/suomen-paliskunnat.jpg\",\"contentUrl\":\"https:\/\/paliskunnat.fi\/poro\/wp-content\/uploads\/2024\/03\/suomen-paliskunnat.jpg\",\"width\":900,\"height\":883,\"caption\":\"Suomen paliskunnat\"},{\"@type\":\"BreadcrumbList\",\"@id\":\"https:\/\/paliskunnat.fi\/poro\/poronhoito\/paliskunnat\/#breadcrumb\",\"itemListElement\":[{\"@type\":\"ListItem\",\"position\":1,\"name\":\"Home\",\"item\":\"https:\/\/paliskunnat.fi\/poro\/\"},{\"@type\":\"ListItem\",\"position\":2,\"name\":\"Poronhoito\",\"item\":\"https:\/\/paliskunnat.fi\/poro\/poronhoito\/\"},{\"@type\":\"ListItem\",\"position\":3,\"name\":\"Paliskunnat\"}]},{\"@type\":\"WebSite\",\"@id\":\"https:\/\/paliskunnat.fi\/poro\/#website\",\"url\":\"https:\/\/paliskunnat.fi\/poro\/\",\"name\":\"Poro ja poronhoito\",\"description\":\"Poro ja poronhoito Suomessa\",\"potentialAction\":[{\"@type\":\"SearchAction\",\"target\":{\"@type\":\"EntryPoint\",\"urlTemplate\":\"https:\/\/paliskunnat.fi\/poro\/?s={search_term_string}\"},\"query-input\":{\"@type\":\"PropertyValueSpecification\",\"valueRequired\":true,\"valueName\":\"search_term_string\"}}],\"inLanguage\":\"fi\"}]}<\/script>\n<!-- \/ Yoast SEO plugin. -->","yoast_head_json":{"title":"Paliskunnat - Poro ja poronhoito","robots":{"index":"index","follow":"follow","max-snippet":"max-snippet:-1","max-image-preview":"max-image-preview:large","max-video-preview":"max-video-preview:-1"},"canonical":"https:\/\/paliskunnat.fi\/poro\/poronhoito\/paliskunnat\/","og_locale":"fi_FI","og_type":"article","og_title":"Paliskunnat - Poro ja poronhoito","og_description":"Paliskunnat Suomen poronhoitoalue on jaettu 54 paliskuntaan. Paliskunnat ovat pinta-aloiltaan ja porom\u00e4\u00e4rilt\u00e4\u00e4n erikokoisia poronhoitoyksik\u00f6it\u00e4. Jokainen paliskunta on osakkaidensa muodostama yhteis\u00f6, joka vastaa poronhoidosta alueellaan. Kukin poronomistaja kuuluu vain yhteen paliskuntaan. Poronhoitolaki (848\/1990) s\u00e4\u00e4telee paliskunnan toimintaa ja organisaatiota. Paliskuntaa johtaa porois\u00e4nt\u00e4. Lis\u00e4ksi paliskunta\u00a0valitsee itselleen varais\u00e4nn\u00e4n ja nelij\u00e4senisen hallituksen. Pohjoisessa asuva tai liikkuva voi tarvittaessa ottaa yhteytt\u00e4 [&hellip;]","og_url":"https:\/\/paliskunnat.fi\/poro\/poronhoito\/paliskunnat\/","og_site_name":"Poro ja poronhoito","article_modified_time":"2024-03-27T10:31:06+00:00","og_image":[{"url":"https:\/\/paliskunnat.fi\/poro\/wp-content\/uploads\/2024\/03\/suomen-paliskunnat.jpg","type":"","width":"","height":""}],"twitter_card":"summary_large_image","twitter_misc":{"Arvioitu lukuaika":"2 minuuttia"},"schema":{"@context":"https:\/\/schema.org","@graph":[{"@type":"WebPage","@id":"https:\/\/paliskunnat.fi\/poro\/poronhoito\/paliskunnat\/","url":"https:\/\/paliskunnat.fi\/poro\/poronhoito\/paliskunnat\/","name":"Paliskunnat - Poro ja poronhoito","isPartOf":{"@id":"https:\/\/paliskunnat.fi\/poro\/#website"},"primaryImageOfPage":{"@id":"https:\/\/paliskunnat.fi\/poro\/poronhoito\/paliskunnat\/#primaryimage"},"image":{"@id":"https:\/\/paliskunnat.fi\/poro\/poronhoito\/paliskunnat\/#primaryimage"},"thumbnailUrl":"https:\/\/paliskunnat.fi\/poro\/wp-content\/uploads\/2024\/03\/suomen-paliskunnat.jpg","datePublished":"2014-09-01T07:38:06+00:00","dateModified":"2024-03-27T10:31:06+00:00","breadcrumb":{"@id":"https:\/\/paliskunnat.fi\/poro\/poronhoito\/paliskunnat\/#breadcrumb"},"inLanguage":"fi","potentialAction":[{"@type":"ReadAction","target":["https:\/\/paliskunnat.fi\/poro\/poronhoito\/paliskunnat\/"]}]},{"@type":"ImageObject","inLanguage":"fi","@id":"https:\/\/paliskunnat.fi\/poro\/poronhoito\/paliskunnat\/#primaryimage","url":"https:\/\/paliskunnat.fi\/poro\/wp-content\/uploads\/2024\/03\/suomen-paliskunnat.jpg","contentUrl":"https:\/\/paliskunnat.fi\/poro\/wp-content\/uploads\/2024\/03\/suomen-paliskunnat.jpg","width":900,"height":883,"caption":"Suomen paliskunnat"},{"@type":"BreadcrumbList","@id":"https:\/\/paliskunnat.fi\/poro\/poronhoito\/paliskunnat\/#breadcrumb","itemListElement":[{"@type":"ListItem","position":1,"name":"Home","item":"https:\/\/paliskunnat.fi\/poro\/"},{"@type":"ListItem","position":2,"name":"Poronhoito","item":"https:\/\/paliskunnat.fi\/poro\/poronhoito\/"},{"@type":"ListItem","position":3,"name":"Paliskunnat"}]},{"@type":"WebSite","@id":"https:\/\/paliskunnat.fi\/poro\/#website","url":"https:\/\/paliskunnat.fi\/poro\/","name":"Poro ja poronhoito","description":"Poro ja poronhoito Suomessa","potentialAction":[{"@type":"SearchAction","target":{"@type":"EntryPoint","urlTemplate":"https:\/\/paliskunnat.fi\/poro\/?s={search_term_string}"},"query-input":{"@type":"PropertyValueSpecification","valueRequired":true,"valueName":"search_term_string"}}],"inLanguage":"fi"}]}},"_links":{"self":[{"href":"https:\/\/paliskunnat.fi\/poro\/wp-json\/wp\/v2\/pages\/82","targetHints":{"allow":["GET"]}}],"collection":[{"href":"https:\/\/paliskunnat.fi\/poro\/wp-json\/wp\/v2\/pages"}],"about":[{"href":"https:\/\/paliskunnat.fi\/poro\/wp-json\/wp\/v2\/types\/page"}],"author":[{"embeddable":true,"href":"https:\/\/paliskunnat.fi\/poro\/wp-json\/wp\/v2\/users\/1"}],"replies":[{"embeddable":true,"href":"https:\/\/paliskunnat.fi\/poro\/wp-json\/wp\/v2\/comments?post=82"}],"version-history":[{"count":89,"href":"https:\/\/paliskunnat.fi\/poro\/wp-json\/wp\/v2\/pages\/82\/revisions"}],"predecessor-version":[{"id":4640,"href":"https:\/\/paliskunnat.fi\/poro\/wp-json\/wp\/v2\/pages\/82\/revisions\/4640"}],"up":[{"embeddable":true,"href":"https:\/\/paliskunnat.fi\/poro\/wp-json\/wp\/v2\/pages\/765"}],"wp:attachment":[{"href":"https:\/\/paliskunnat.fi\/poro\/wp-json\/wp\/v2\/media?parent=82"}],"curies":[{"name":"wp","href":"https:\/\/api.w.org\/{rel}","templated":true}]}}