{"id":89,"date":"2014-09-01T11:06:19","date_gmt":"2014-09-01T08:06:19","guid":{"rendered":"http:\/\/80.69.171.23\/poro\/?page_id=89"},"modified":"2019-12-22T10:45:28","modified_gmt":"2019-12-22T08:45:28","slug":"poronhoidon-haasteet","status":"publish","type":"page","link":"https:\/\/paliskunnat.fi\/poro\/poronhoito\/poronhoidon-haasteet\/","title":{"rendered":"Poronhoidon haasteet"},"content":{"rendered":"<h2>Poronhoidon haasteet<\/h2>\n<p>Poronhoidon keskeiset haasteet kohdistuvat teollisen\u00a0maank\u00e4yt\u00f6n aiheuttamaan kasvavaan paineeseen sek\u00e4 suurpetojen aiheuttamiin vahinkoihin ja muihin ihmistoiminnan aikaansaamiin vahinkoihin.<\/p>\n<div class=\"simplePullQuote right\"><p>Poro on erottamaton osa Pohjois-Suomen luontoa<br \/>\nja kulttuuria<\/p>\n<\/div>\n<p>Poronhoito on riippuvainen\u00a0laajoista yhten\u00e4isist\u00e4 laidunalueista ja niiden ymp\u00e4rille muodostuneesta\u00a0laidunkierrosta. Kuluneiden vuosikymmenten aikana Pohjois-Suomen maank\u00e4yt\u00f6ss\u00e4 on tapahtunut huomattavia muutoksia. Rakentaminen, mets\u00e4nhakkuut, kaivokset ja tuulivoimalat pirstovat laidunalueita vaikuttaen poronhoidon edellytyksiin. Kysymys ei ole pelk\u00e4st\u00e4\u00e4n maank\u00e4yt\u00f6n tarvitsemasta pinta-alasta, vaan rakenteiden, rakentamisen, hakkuiden ja poronhoidon keskin\u00e4isist\u00e4 kerrannaisvaikutuksista.\u00a0Tutkimusten mukaan muun muassa j\u00e4k\u00e4laitumien j\u00e4k\u00e4l\u00e4biomassoihin vaikuttavat useat poronhoitoon, maank\u00e4ytt\u00f6\u00f6n ja paikalliseen ilmastoon liittyv\u00e4t tekij\u00e4t (<a href=\"http:\/\/jukuri.luke.fi\/handle\/10024\/518649\" class=\"external external_icon\" rel=\"nofollow\">Kumpula et al. 2014<\/a>).<\/p>\n<p>Nyky\u00e4\u00e4n talousmetsien hakkuukierto on niin nopea, ett\u00e4 luppometsi\u00e4 ei ehdi synty\u00e4. Luppo on ollut kev\u00e4ttalvella poroille t\u00e4rke\u00e4\u00e4 vaihtoehtoista ravintoa j\u00e4k\u00e4l\u00e4n kaivamisen estyess\u00e4 paksun hangen tai j\u00e4\u00e4kerroksen alta. Vaikka naavamaista luppoa n\u00e4ytt\u00e4\u00e4 kasvavan l\u00e4hinn\u00e4 korkealla porojen ulottumattomissa, niin sopivissa\u00a0tuuli- ja lumiolosuhteissa luppoa putoaa hangelle lupposadantana. Lumipeitteen kasvaessa ja hangen kovettuessa kev\u00e4ttalvella porot my\u00f6s ylt\u00e4v\u00e4t tavoittamaan luppoa ylemp\u00e4\u00e4 puiden rungoilta ja oksilta.<\/p>\n<p>Luppometsien katoaminen vaikuttaa merkitt\u00e4v\u00e4sti porojen\u00a0talvisen lis\u00e4ruokinnan tarpeeseen. Luppometsien m\u00e4\u00e4r\u00e4n v\u00e4heneminen pakottaa talousmets\u00e4alueiden luonnonlaitumilla laiduntavia poroja keskittym\u00e4\u00e4n maaj\u00e4k\u00e4lien, varpujen tai hein\u00e4n kaivamiseen hangen alta.\u00a0Mets\u00e4nhakkuut vaikuttavat osaltaan my\u00f6s maaj\u00e4k\u00e4lien peitt\u00e4vyyteen. Parhaat j\u00e4k\u00e4likk\u00f6maat l\u00f6ytyv\u00e4tkin suojelualueiden vanhoista metsist\u00e4 tai hakkuiden ulkopuolella olevilta alueita. Avohakkuilta j\u00e4k\u00e4l\u00e4 joutuu v\u00e4istym\u00e4\u00e4n heinittyv\u00e4n kasvillisuuden tielt\u00e4.<\/p>\n<div class=\"simplePullQuote right\"><p>&#8221;J\u00e4k\u00e4l\u00e4 vaatii valoa&#8230;Tiheiss\u00e4 metsiss\u00e4 j\u00e4k\u00e4l\u00e4peite muuttuu sammalpeitteeksi&#8221; &#8211; Porolaidunkomissio 1914.<\/p>\n<\/div>\n<p>My\u00f6s Etel\u00e4-Suomessa on todettu poronj\u00e4k\u00e4lien m\u00e4\u00e4r\u00e4n v\u00e4hentyneen 1950-luvun ja vuoden 1995 v\u00e4lill\u00e4 per\u00e4ti 57 prosenttia. Todenn\u00e4k\u00f6isen\u00e4 syyn\u00e4 pidet\u00e4\u00e4n kasvupaikkojen rehev\u00f6itymist\u00e4 osin mets\u00e4taloudessa tapahtuneiden muutosten seurauksena. J\u00e4k\u00e4lik\u00f6t vaativat valoa, joten puuston latvuspeitt\u00e4vyyden kasvaessa yli 60 prosentin sein\u00e4sammal voittaa kilpailussa j\u00e4k\u00e4l\u00e4t.<\/p>\n<p>&nbsp;<\/p>\n<p>&nbsp;<\/p>\n<p><!--more--><\/p>\n<h2>Poromiehen silmin<\/h2>\n<p>Aslak Paltto: <a href=\"https:\/\/areena.yle.fi\/1-50203308\" class=\"external external_icon\" rel=\"nofollow\">Poromiehen silmin <\/a>(Areena 2019)<\/p>\n<h2>PoroYVA<\/h2>\n<p><a href=\"https:\/\/www.paliskunnat.fi\/poroyva\/\">PoroYVA-opas<\/a> on kattava tietopaketti poronhoidon huomioimiseen maank\u00e4ytt\u00f6hankkeissa<\/p>\n<h2>Talvilaitumet 2016-2018<\/h2>\n<p>Poronhoitoalueen<a href=\"https:\/\/jukuri.luke.fi\/handle\/10024\/544124\" class=\"external external_icon\" rel=\"nofollow\"> talvilaitumet vuosien 2016-2018<\/a> laiduninventoinnissa.<\/p>\n<h2>Porot kuuluvat tuulelle<\/h2>\n<p><a href=\"http:\/\/www.ymparistokonfliktisovittelu.fi\/fi\/dokumentti\" class=\"external external_icon\" rel=\"nofollow\">Porot kuuluvat tuulelle-filmi<\/a>\u00a0antaa K\u00e4sivarren paliskunnan porosaamelaisten kertoa, mink\u00e4laisia uhkia heid\u00e4n alueensa poronhoitoon kohdistuu.<\/p>\n","protected":false},"excerpt":{"rendered":"<p>Poronhoidon haasteet Poronhoidon keskeiset haasteet kohdistuvat teollisen\u00a0maank\u00e4yt\u00f6n aiheuttamaan kasvavaan paineeseen sek\u00e4 suurpetojen aiheuttamiin vahinkoihin ja muihin ihmistoiminnan aikaansaamiin vahinkoihin. Poronhoito on riippuvainen\u00a0laajoista yhten\u00e4isist\u00e4 laidunalueista ja niiden ymp\u00e4rille muodostuneesta\u00a0laidunkierrosta. Kuluneiden vuosikymmenten aikana Pohjois-Suomen maank\u00e4yt\u00f6ss\u00e4 on tapahtunut huomattavia muutoksia. Rakentaminen, mets\u00e4nhakkuut, kaivokset ja tuulivoimalat pirstovat laidunalueita vaikuttaen poronhoidon edellytyksiin. Kysymys ei ole pelk\u00e4st\u00e4\u00e4n maank\u00e4yt\u00f6n tarvitsemasta pinta-alasta, vaan [&hellip;]<\/p>\n","protected":false},"author":1,"featured_media":0,"parent":765,"menu_order":4,"comment_status":"open","ping_status":"closed","template":"","meta":{"footnotes":""},"class_list":["post-89","page","type-page","status-publish","hentry"],"yoast_head":"<!-- This site is optimized with the Yoast SEO plugin v27.2 - https:\/\/yoast.com\/product\/yoast-seo-wordpress\/ -->\n<title>Poronhoidon haasteet - Poro ja poronhoito<\/title>\n<meta name=\"robots\" content=\"index, follow, max-snippet:-1, max-image-preview:large, max-video-preview:-1\" \/>\n<link rel=\"canonical\" href=\"https:\/\/paliskunnat.fi\/poro\/poronhoito\/poronhoidon-haasteet\/\" \/>\n<meta property=\"og:locale\" content=\"fi_FI\" \/>\n<meta property=\"og:type\" content=\"article\" \/>\n<meta property=\"og:title\" content=\"Poronhoidon haasteet - Poro ja poronhoito\" \/>\n<meta property=\"og:description\" content=\"Poronhoidon haasteet Poronhoidon keskeiset haasteet kohdistuvat teollisen\u00a0maank\u00e4yt\u00f6n aiheuttamaan kasvavaan paineeseen sek\u00e4 suurpetojen aiheuttamiin vahinkoihin ja muihin ihmistoiminnan aikaansaamiin vahinkoihin. Poronhoito on riippuvainen\u00a0laajoista yhten\u00e4isist\u00e4 laidunalueista ja niiden ymp\u00e4rille muodostuneesta\u00a0laidunkierrosta. Kuluneiden vuosikymmenten aikana Pohjois-Suomen maank\u00e4yt\u00f6ss\u00e4 on tapahtunut huomattavia muutoksia. Rakentaminen, mets\u00e4nhakkuut, kaivokset ja tuulivoimalat pirstovat laidunalueita vaikuttaen poronhoidon edellytyksiin. Kysymys ei ole pelk\u00e4st\u00e4\u00e4n maank\u00e4yt\u00f6n tarvitsemasta pinta-alasta, vaan [&hellip;]\" \/>\n<meta property=\"og:url\" content=\"https:\/\/paliskunnat.fi\/poro\/poronhoito\/poronhoidon-haasteet\/\" \/>\n<meta property=\"og:site_name\" content=\"Poro ja poronhoito\" \/>\n<meta property=\"article:modified_time\" content=\"2019-12-22T08:45:28+00:00\" \/>\n<meta name=\"twitter:card\" content=\"summary_large_image\" \/>\n<meta name=\"twitter:label1\" content=\"Arvioitu lukuaika\" \/>\n\t<meta name=\"twitter:data1\" content=\"2 minuuttia\" \/>\n<script type=\"application\/ld+json\" class=\"yoast-schema-graph\">{\"@context\":\"https:\/\/schema.org\",\"@graph\":[{\"@type\":\"WebPage\",\"@id\":\"https:\/\/paliskunnat.fi\/poro\/poronhoito\/poronhoidon-haasteet\/\",\"url\":\"https:\/\/paliskunnat.fi\/poro\/poronhoito\/poronhoidon-haasteet\/\",\"name\":\"Poronhoidon haasteet - Poro ja poronhoito\",\"isPartOf\":{\"@id\":\"https:\/\/paliskunnat.fi\/poro\/#website\"},\"datePublished\":\"2014-09-01T08:06:19+00:00\",\"dateModified\":\"2019-12-22T08:45:28+00:00\",\"breadcrumb\":{\"@id\":\"https:\/\/paliskunnat.fi\/poro\/poronhoito\/poronhoidon-haasteet\/#breadcrumb\"},\"inLanguage\":\"fi\",\"potentialAction\":[{\"@type\":\"ReadAction\",\"target\":[\"https:\/\/paliskunnat.fi\/poro\/poronhoito\/poronhoidon-haasteet\/\"]}]},{\"@type\":\"BreadcrumbList\",\"@id\":\"https:\/\/paliskunnat.fi\/poro\/poronhoito\/poronhoidon-haasteet\/#breadcrumb\",\"itemListElement\":[{\"@type\":\"ListItem\",\"position\":1,\"name\":\"Home\",\"item\":\"https:\/\/paliskunnat.fi\/poro\/\"},{\"@type\":\"ListItem\",\"position\":2,\"name\":\"Poronhoito\",\"item\":\"https:\/\/paliskunnat.fi\/poro\/poronhoito\/\"},{\"@type\":\"ListItem\",\"position\":3,\"name\":\"Poronhoidon haasteet\"}]},{\"@type\":\"WebSite\",\"@id\":\"https:\/\/paliskunnat.fi\/poro\/#website\",\"url\":\"https:\/\/paliskunnat.fi\/poro\/\",\"name\":\"Poro ja poronhoito\",\"description\":\"Poro ja poronhoito Suomessa\",\"potentialAction\":[{\"@type\":\"SearchAction\",\"target\":{\"@type\":\"EntryPoint\",\"urlTemplate\":\"https:\/\/paliskunnat.fi\/poro\/?s={search_term_string}\"},\"query-input\":{\"@type\":\"PropertyValueSpecification\",\"valueRequired\":true,\"valueName\":\"search_term_string\"}}],\"inLanguage\":\"fi\"}]}<\/script>\n<!-- \/ Yoast SEO plugin. -->","yoast_head_json":{"title":"Poronhoidon haasteet - Poro ja poronhoito","robots":{"index":"index","follow":"follow","max-snippet":"max-snippet:-1","max-image-preview":"max-image-preview:large","max-video-preview":"max-video-preview:-1"},"canonical":"https:\/\/paliskunnat.fi\/poro\/poronhoito\/poronhoidon-haasteet\/","og_locale":"fi_FI","og_type":"article","og_title":"Poronhoidon haasteet - Poro ja poronhoito","og_description":"Poronhoidon haasteet Poronhoidon keskeiset haasteet kohdistuvat teollisen\u00a0maank\u00e4yt\u00f6n aiheuttamaan kasvavaan paineeseen sek\u00e4 suurpetojen aiheuttamiin vahinkoihin ja muihin ihmistoiminnan aikaansaamiin vahinkoihin. Poronhoito on riippuvainen\u00a0laajoista yhten\u00e4isist\u00e4 laidunalueista ja niiden ymp\u00e4rille muodostuneesta\u00a0laidunkierrosta. Kuluneiden vuosikymmenten aikana Pohjois-Suomen maank\u00e4yt\u00f6ss\u00e4 on tapahtunut huomattavia muutoksia. Rakentaminen, mets\u00e4nhakkuut, kaivokset ja tuulivoimalat pirstovat laidunalueita vaikuttaen poronhoidon edellytyksiin. Kysymys ei ole pelk\u00e4st\u00e4\u00e4n maank\u00e4yt\u00f6n tarvitsemasta pinta-alasta, vaan [&hellip;]","og_url":"https:\/\/paliskunnat.fi\/poro\/poronhoito\/poronhoidon-haasteet\/","og_site_name":"Poro ja poronhoito","article_modified_time":"2019-12-22T08:45:28+00:00","twitter_card":"summary_large_image","twitter_misc":{"Arvioitu lukuaika":"2 minuuttia"},"schema":{"@context":"https:\/\/schema.org","@graph":[{"@type":"WebPage","@id":"https:\/\/paliskunnat.fi\/poro\/poronhoito\/poronhoidon-haasteet\/","url":"https:\/\/paliskunnat.fi\/poro\/poronhoito\/poronhoidon-haasteet\/","name":"Poronhoidon haasteet - Poro ja poronhoito","isPartOf":{"@id":"https:\/\/paliskunnat.fi\/poro\/#website"},"datePublished":"2014-09-01T08:06:19+00:00","dateModified":"2019-12-22T08:45:28+00:00","breadcrumb":{"@id":"https:\/\/paliskunnat.fi\/poro\/poronhoito\/poronhoidon-haasteet\/#breadcrumb"},"inLanguage":"fi","potentialAction":[{"@type":"ReadAction","target":["https:\/\/paliskunnat.fi\/poro\/poronhoito\/poronhoidon-haasteet\/"]}]},{"@type":"BreadcrumbList","@id":"https:\/\/paliskunnat.fi\/poro\/poronhoito\/poronhoidon-haasteet\/#breadcrumb","itemListElement":[{"@type":"ListItem","position":1,"name":"Home","item":"https:\/\/paliskunnat.fi\/poro\/"},{"@type":"ListItem","position":2,"name":"Poronhoito","item":"https:\/\/paliskunnat.fi\/poro\/poronhoito\/"},{"@type":"ListItem","position":3,"name":"Poronhoidon haasteet"}]},{"@type":"WebSite","@id":"https:\/\/paliskunnat.fi\/poro\/#website","url":"https:\/\/paliskunnat.fi\/poro\/","name":"Poro ja poronhoito","description":"Poro ja poronhoito Suomessa","potentialAction":[{"@type":"SearchAction","target":{"@type":"EntryPoint","urlTemplate":"https:\/\/paliskunnat.fi\/poro\/?s={search_term_string}"},"query-input":{"@type":"PropertyValueSpecification","valueRequired":true,"valueName":"search_term_string"}}],"inLanguage":"fi"}]}},"_links":{"self":[{"href":"https:\/\/paliskunnat.fi\/poro\/wp-json\/wp\/v2\/pages\/89","targetHints":{"allow":["GET"]}}],"collection":[{"href":"https:\/\/paliskunnat.fi\/poro\/wp-json\/wp\/v2\/pages"}],"about":[{"href":"https:\/\/paliskunnat.fi\/poro\/wp-json\/wp\/v2\/types\/page"}],"author":[{"embeddable":true,"href":"https:\/\/paliskunnat.fi\/poro\/wp-json\/wp\/v2\/users\/1"}],"replies":[{"embeddable":true,"href":"https:\/\/paliskunnat.fi\/poro\/wp-json\/wp\/v2\/comments?post=89"}],"version-history":[{"count":92,"href":"https:\/\/paliskunnat.fi\/poro\/wp-json\/wp\/v2\/pages\/89\/revisions"}],"predecessor-version":[{"id":4191,"href":"https:\/\/paliskunnat.fi\/poro\/wp-json\/wp\/v2\/pages\/89\/revisions\/4191"}],"up":[{"embeddable":true,"href":"https:\/\/paliskunnat.fi\/poro\/wp-json\/wp\/v2\/pages\/765"}],"wp:attachment":[{"href":"https:\/\/paliskunnat.fi\/poro\/wp-json\/wp\/v2\/media?parent=89"}],"curies":[{"name":"wp","href":"https:\/\/api.w.org\/{rel}","templated":true}]}}