{"id":91,"date":"2014-09-01T11:07:17","date_gmt":"2014-09-01T08:07:17","guid":{"rendered":"http:\/\/80.69.171.23\/poro\/?page_id=91"},"modified":"2026-03-06T14:19:02","modified_gmt":"2026-03-06T12:19:02","slug":"pedot","status":"publish","type":"page","link":"https:\/\/paliskunnat.fi\/poro\/poronhoito\/poronhoidon-haasteet\/pedot\/","title":{"rendered":"Maasuurpedot"},"content":{"rendered":"<h2>Maasuurpedot<\/h2>\n<p>Maasuurpetojen (susi, karhu, ahma ja ilves) kantojen kasvu 2000-luvun alussa on vaikuttanut merkitt\u00e4v\u00e4sti poronhoitoon: <a href=\"https:\/\/paliskunnat.fi\/py\/porovahingot\/petoelainvahingot\/\">petopainetta<\/a> on pyritty hallitsemaan tehostetulla paimennuksella, tarhaamisella ja liikkumalla tiiviisti porojen mukana. Alla olevia kuvia klikkaamalla n\u00e4et kaavion suuremmassa koossa.<\/p>\n<p><a href=\"https:\/\/paliskunnat.fi\/poro\/wp-content\/uploads\/2026\/03\/maasuurpetojen-tappamat-loydetyt-porot-1991-2025.jpg\" rel=\"lightbox[91]\"><img loading=\"lazy\" decoding=\"async\" class=\"alignnone wp-image-4775\" src=\"https:\/\/paliskunnat.fi\/poro\/wp-content\/uploads\/2026\/03\/maasuurpetojen-tappamat-loydetyt-porot-1991-2025.jpg\" alt=\"Maasuurpetojen tappamat ja l\u00f6ydetyt porot 1991-2025.\" width=\"460\" height=\"281\" srcset=\"https:\/\/paliskunnat.fi\/poro\/wp-content\/uploads\/2026\/03\/maasuurpetojen-tappamat-loydetyt-porot-1991-2025.jpg 1200w, https:\/\/paliskunnat.fi\/poro\/wp-content\/uploads\/2026\/03\/maasuurpetojen-tappamat-loydetyt-porot-1991-2025-300x184.jpg 300w, https:\/\/paliskunnat.fi\/poro\/wp-content\/uploads\/2026\/03\/maasuurpetojen-tappamat-loydetyt-porot-1991-2025-1024x626.jpg 1024w, https:\/\/paliskunnat.fi\/poro\/wp-content\/uploads\/2026\/03\/maasuurpetojen-tappamat-loydetyt-porot-1991-2025-768x470.jpg 768w\" sizes=\"auto, (max-width: 460px) 100vw, 460px\" \/><\/a><\/p>\n<p>T\u00e4m\u00e4 on lis\u00e4nnyt poronhoitoty\u00f6n kustannuksia ja heikent\u00e4nyt kannattavuutta. Siitosporojen menetykset sy\u00f6v\u00e4t poromiehen taloudesta mittavan siivun vuosittain.<\/p>\n<p><a href=\"https:\/\/paliskunnat.fi\/poro\/wp-content\/uploads\/2026\/03\/eri-maasuurpetolajien-aiheuttamat-porovahingot.jpg\" rel=\"lightbox[91]\"><img loading=\"lazy\" decoding=\"async\" class=\"alignnone wp-image-4777\" src=\"https:\/\/paliskunnat.fi\/poro\/wp-content\/uploads\/2026\/03\/eri-maasuurpetolajien-aiheuttamat-porovahingot.jpg\" alt=\"Eri maasuurpetolajien tappamat ja l\u00f6ydetyt porot 2000-2025.\" width=\"460\" height=\"281\" srcset=\"https:\/\/paliskunnat.fi\/poro\/wp-content\/uploads\/2026\/03\/eri-maasuurpetolajien-aiheuttamat-porovahingot.jpg 1200w, https:\/\/paliskunnat.fi\/poro\/wp-content\/uploads\/2026\/03\/eri-maasuurpetolajien-aiheuttamat-porovahingot-300x183.jpg 300w, https:\/\/paliskunnat.fi\/poro\/wp-content\/uploads\/2026\/03\/eri-maasuurpetolajien-aiheuttamat-porovahingot-1024x625.jpg 1024w, https:\/\/paliskunnat.fi\/poro\/wp-content\/uploads\/2026\/03\/eri-maasuurpetolajien-aiheuttamat-porovahingot-768x469.jpg 768w\" sizes=\"auto, (max-width: 460px) 100vw, 460px\" \/><\/a><\/p>\n<p>Suomessa petotutkimuksen resurssit todellisten petom\u00e4\u00e4rien seuraamiseksi ja yksil\u00f6iden tunnistamiseksi DNA-n\u00e4yttein ovat auttamatta alimitoitetut. Suurpetojen kanta-arviot perustuvat osin petoyhdyshenkil\u00f6iden <a href=\"https:\/\/tassu.luke.fi\/Tassu\/login.jsp\" class=\"external external_icon\" rel=\"nofollow\">TASSU<\/a>-j\u00e4rjestelm\u00e4\u00e4n ilmoittamiin petohavaintoihin. Petoyhdyshenkil\u00f6it\u00e4 on pohjoisessa harvassa, joten havainnot eiv\u00e4t vastaa todellista tilannetta, eiv\u00e4tk\u00e4 Etel\u00e4- ja Pohjois-Suomen havainnot ole kesken\u00e4\u00e4n vertailukelpoisia. Mets\u00e4hallitus ilmoitti kev\u00e4\u00e4ll\u00e4 2024 lopettavansa ahmaj\u00e4lkien seurannat Yl\u00e4-Lapissa, joten kanta-arvioiden luotettavuus heikkenee edelleen.<\/p>\n<p><a href=\"https:\/\/paliskunnat.fi\/poro\/wp-content\/uploads\/2026\/03\/petovahinkokorvaukset-suomessa-2000-2025.jpg\" rel=\"lightbox[91]\"><img loading=\"lazy\" decoding=\"async\" class=\"alignnone wp-image-4779\" src=\"https:\/\/paliskunnat.fi\/poro\/wp-content\/uploads\/2026\/03\/petovahinkokorvaukset-suomessa-2000-2025.jpg\" alt=\"Petovahinkokorvaukset maasuurpetojen aiheuttamista porovahingoista 2000-2025.\" width=\"460\" height=\"288\" srcset=\"https:\/\/paliskunnat.fi\/poro\/wp-content\/uploads\/2026\/03\/petovahinkokorvaukset-suomessa-2000-2025.jpg 1200w, https:\/\/paliskunnat.fi\/poro\/wp-content\/uploads\/2026\/03\/petovahinkokorvaukset-suomessa-2000-2025-300x188.jpg 300w, https:\/\/paliskunnat.fi\/poro\/wp-content\/uploads\/2026\/03\/petovahinkokorvaukset-suomessa-2000-2025-1024x640.jpg 1024w, https:\/\/paliskunnat.fi\/poro\/wp-content\/uploads\/2026\/03\/petovahinkokorvaukset-suomessa-2000-2025-768x480.jpg 768w\" sizes=\"auto, (max-width: 460px) 100vw, 460px\" \/><\/a><\/p>\n<p>Maasuurpetojen poroille aiheuttamat vahingot ovat kasvaneet jyrk\u00e4sti 2000-luvun aikana. 10 miljoonan euron tasoon asetettu korvauskatto aiheuttaa kohtuuttoman tilanteen poronhoidolle. Arvioiden pohjalta 10 miljoonan korvauskatto tullaan ylitt\u00e4m\u00e4\u00e4n toistuvasti tulevina vuosina.<\/p>\n<p>&nbsp;<\/p>\n<p><!--more--><\/p>\n<h2>Mets\u00e4hallitus lopettaa ahmaseurannat<\/h2>\n<p>Mets\u00e4hallitus lopettaa toistaiseksi ahmojen lumij\u00e4lkilaskennat Yl\u00e4-Lapissa (<a href=\"https:\/\/www.lapinkansa.fi\/saastokuurille-joutunut-metsahallitus-jattaa-ahman\/6233639\" class=\"external external_icon\" rel=\"nofollow\">Lapin Kansa 24.2.2024<\/a>). Artikkeli on maksumuurin takana.<\/p>\n<h2>Ahmakanta Suomessa 2024<\/h2>\n<p><a href=\"https:\/\/www.luke.fi\/fi\/uutiset\/ahman-kantaarvio-2024-ahmakanta-348495-yksiloa\" class=\"external external_icon\" rel=\"nofollow\">Ahman kanta-arvio<\/a> (Luonnonvarakeskus)<\/p>\n<h2>Ahman j\u00e4ljill\u00e4<\/h2>\n<p>K\u00e4sivarren paliskunnan porois\u00e4nn\u00e4n Tuomas I. Paloj\u00e4rven matkassa ahman j\u00e4ljill\u00e4 Enonteki\u00f6n Paloj\u00e4rvell\u00e4 (<a href=\"https:\/\/www.youtube.com\/watch?v=QyOfrgpPtjw\" class=\"external external_icon\" rel=\"nofollow\">Youtube<\/a>).\u00a0 Lapin Kansa &#8211; julkaistu 3\/2013.<\/p>\n<h2>Ilmoita suurpetohavaintosi<\/h2>\n<p>Tiedot petoyhdyshenkil\u00f6ist\u00e4 Riistakeskuksen verkkosivuilta (<a href=\"http:\/\/riista.fi\/riistahallinto\/yhteystiedot\/yhteystietohaku\/#area=200&amp;org=RHY&amp;type=PETOYHDYSHENKILO\" class=\"external external_icon\" rel=\"nofollow\">haku<\/a>).<\/p>\n<p>Tietoa <a href=\"https:\/\/www.luke.fi\/fi\/luonnonvaratieto\/tiedetta-ja-tietoa\/suurpetohavainnot\" class=\"external external_icon\" rel=\"nofollow\">TASSU<\/a>-j\u00e4rjestelm\u00e4st\u00e4<\/p>\n<h2>Suurpedot.fi -sivusto<\/h2>\n<p>Tietoa Suomen <a href=\"https:\/\/www.suurpedot.fi\/\" class=\"external external_icon\" rel=\"nofollow\">suurpedoista<\/a><\/p>\n<h2>Petohanke<\/h2>\n<p>Toukokuussa 2014 p\u00e4\u00e4ttyneen Petohankkeen<br \/>\n<a href=\"http:\/\/www.petohanke.fi\/\" class=\"external external_icon\" rel=\"nofollow\">WWW-sivusto<\/a><br \/>\nja oppaat<\/p>\n<p>&nbsp;<\/p>\n<p>&nbsp;<\/p>\n","protected":false},"excerpt":{"rendered":"<p>Maasuurpedot Maasuurpetojen (susi, karhu, ahma ja ilves) kantojen kasvu 2000-luvun alussa on vaikuttanut merkitt\u00e4v\u00e4sti poronhoitoon: petopainetta on pyritty hallitsemaan tehostetulla paimennuksella, tarhaamisella ja liikkumalla tiiviisti porojen mukana. Alla olevia kuvia klikkaamalla n\u00e4et kaavion suuremmassa koossa. T\u00e4m\u00e4 on lis\u00e4nnyt poronhoitoty\u00f6n kustannuksia ja heikent\u00e4nyt kannattavuutta. Siitosporojen menetykset sy\u00f6v\u00e4t poromiehen taloudesta mittavan siivun vuosittain. Suomessa petotutkimuksen resurssit todellisten [&hellip;]<\/p>\n","protected":false},"author":1,"featured_media":0,"parent":89,"menu_order":1,"comment_status":"open","ping_status":"closed","template":"","meta":{"footnotes":""},"class_list":["post-91","page","type-page","status-publish","hentry"],"yoast_head":"<!-- This site is optimized with the Yoast SEO plugin v27.2 - https:\/\/yoast.com\/product\/yoast-seo-wordpress\/ -->\n<title>Maasuurpedot - Poro ja poronhoito<\/title>\n<meta name=\"robots\" content=\"index, follow, max-snippet:-1, max-image-preview:large, max-video-preview:-1\" \/>\n<link rel=\"canonical\" href=\"https:\/\/paliskunnat.fi\/poro\/poronhoito\/poronhoidon-haasteet\/pedot\/\" \/>\n<meta property=\"og:locale\" content=\"fi_FI\" \/>\n<meta property=\"og:type\" content=\"article\" \/>\n<meta property=\"og:title\" content=\"Maasuurpedot - Poro ja poronhoito\" \/>\n<meta property=\"og:description\" content=\"Maasuurpedot Maasuurpetojen (susi, karhu, ahma ja ilves) kantojen kasvu 2000-luvun alussa on vaikuttanut merkitt\u00e4v\u00e4sti poronhoitoon: petopainetta on pyritty hallitsemaan tehostetulla paimennuksella, tarhaamisella ja liikkumalla tiiviisti porojen mukana. Alla olevia kuvia klikkaamalla n\u00e4et kaavion suuremmassa koossa. T\u00e4m\u00e4 on lis\u00e4nnyt poronhoitoty\u00f6n kustannuksia ja heikent\u00e4nyt kannattavuutta. Siitosporojen menetykset sy\u00f6v\u00e4t poromiehen taloudesta mittavan siivun vuosittain. Suomessa petotutkimuksen resurssit todellisten [&hellip;]\" \/>\n<meta property=\"og:url\" content=\"https:\/\/paliskunnat.fi\/poro\/poronhoito\/poronhoidon-haasteet\/pedot\/\" \/>\n<meta property=\"og:site_name\" content=\"Poro ja poronhoito\" \/>\n<meta property=\"article:modified_time\" content=\"2026-03-06T12:19:02+00:00\" \/>\n<meta property=\"og:image\" content=\"https:\/\/paliskunnat.fi\/poro\/wp-content\/uploads\/2026\/03\/maasuurpetojen-tappamat-loydetyt-porot-1991-2025.jpg\" \/>\n\t<meta property=\"og:image:width\" content=\"1200\" \/>\n\t<meta property=\"og:image:height\" content=\"734\" \/>\n\t<meta property=\"og:image:type\" content=\"image\/jpeg\" \/>\n<meta name=\"twitter:card\" content=\"summary_large_image\" \/>\n<meta name=\"twitter:label1\" content=\"Arvioitu lukuaika\" \/>\n\t<meta name=\"twitter:data1\" content=\"2 minuuttia\" \/>\n<script type=\"application\/ld+json\" class=\"yoast-schema-graph\">{\"@context\":\"https:\/\/schema.org\",\"@graph\":[{\"@type\":\"WebPage\",\"@id\":\"https:\/\/paliskunnat.fi\/poro\/poronhoito\/poronhoidon-haasteet\/pedot\/\",\"url\":\"https:\/\/paliskunnat.fi\/poro\/poronhoito\/poronhoidon-haasteet\/pedot\/\",\"name\":\"Maasuurpedot - Poro ja poronhoito\",\"isPartOf\":{\"@id\":\"https:\/\/paliskunnat.fi\/poro\/#website\"},\"primaryImageOfPage\":{\"@id\":\"https:\/\/paliskunnat.fi\/poro\/poronhoito\/poronhoidon-haasteet\/pedot\/#primaryimage\"},\"image\":{\"@id\":\"https:\/\/paliskunnat.fi\/poro\/poronhoito\/poronhoidon-haasteet\/pedot\/#primaryimage\"},\"thumbnailUrl\":\"https:\/\/paliskunnat.fi\/poro\/wp-content\/uploads\/2026\/03\/maasuurpetojen-tappamat-loydetyt-porot-1991-2025.jpg\",\"datePublished\":\"2014-09-01T08:07:17+00:00\",\"dateModified\":\"2026-03-06T12:19:02+00:00\",\"breadcrumb\":{\"@id\":\"https:\/\/paliskunnat.fi\/poro\/poronhoito\/poronhoidon-haasteet\/pedot\/#breadcrumb\"},\"inLanguage\":\"fi\",\"potentialAction\":[{\"@type\":\"ReadAction\",\"target\":[\"https:\/\/paliskunnat.fi\/poro\/poronhoito\/poronhoidon-haasteet\/pedot\/\"]}]},{\"@type\":\"ImageObject\",\"inLanguage\":\"fi\",\"@id\":\"https:\/\/paliskunnat.fi\/poro\/poronhoito\/poronhoidon-haasteet\/pedot\/#primaryimage\",\"url\":\"https:\/\/paliskunnat.fi\/poro\/wp-content\/uploads\/2026\/03\/maasuurpetojen-tappamat-loydetyt-porot-1991-2025.jpg\",\"contentUrl\":\"https:\/\/paliskunnat.fi\/poro\/wp-content\/uploads\/2026\/03\/maasuurpetojen-tappamat-loydetyt-porot-1991-2025.jpg\",\"width\":1200,\"height\":734,\"caption\":\"Maasuurpetojen tappamat ja l\u00f6ydetyt porot 1991-2025.\"},{\"@type\":\"BreadcrumbList\",\"@id\":\"https:\/\/paliskunnat.fi\/poro\/poronhoito\/poronhoidon-haasteet\/pedot\/#breadcrumb\",\"itemListElement\":[{\"@type\":\"ListItem\",\"position\":1,\"name\":\"Home\",\"item\":\"https:\/\/paliskunnat.fi\/poro\/\"},{\"@type\":\"ListItem\",\"position\":2,\"name\":\"Poronhoito\",\"item\":\"https:\/\/paliskunnat.fi\/poro\/poronhoito\/\"},{\"@type\":\"ListItem\",\"position\":3,\"name\":\"Poronhoidon haasteet\",\"item\":\"https:\/\/paliskunnat.fi\/poro\/poronhoito\/poronhoidon-haasteet\/\"},{\"@type\":\"ListItem\",\"position\":4,\"name\":\"Maasuurpedot\"}]},{\"@type\":\"WebSite\",\"@id\":\"https:\/\/paliskunnat.fi\/poro\/#website\",\"url\":\"https:\/\/paliskunnat.fi\/poro\/\",\"name\":\"Poro ja poronhoito\",\"description\":\"Poro ja poronhoito Suomessa\",\"potentialAction\":[{\"@type\":\"SearchAction\",\"target\":{\"@type\":\"EntryPoint\",\"urlTemplate\":\"https:\/\/paliskunnat.fi\/poro\/?s={search_term_string}\"},\"query-input\":{\"@type\":\"PropertyValueSpecification\",\"valueRequired\":true,\"valueName\":\"search_term_string\"}}],\"inLanguage\":\"fi\"}]}<\/script>\n<!-- \/ Yoast SEO plugin. -->","yoast_head_json":{"title":"Maasuurpedot - Poro ja poronhoito","robots":{"index":"index","follow":"follow","max-snippet":"max-snippet:-1","max-image-preview":"max-image-preview:large","max-video-preview":"max-video-preview:-1"},"canonical":"https:\/\/paliskunnat.fi\/poro\/poronhoito\/poronhoidon-haasteet\/pedot\/","og_locale":"fi_FI","og_type":"article","og_title":"Maasuurpedot - Poro ja poronhoito","og_description":"Maasuurpedot Maasuurpetojen (susi, karhu, ahma ja ilves) kantojen kasvu 2000-luvun alussa on vaikuttanut merkitt\u00e4v\u00e4sti poronhoitoon: petopainetta on pyritty hallitsemaan tehostetulla paimennuksella, tarhaamisella ja liikkumalla tiiviisti porojen mukana. Alla olevia kuvia klikkaamalla n\u00e4et kaavion suuremmassa koossa. T\u00e4m\u00e4 on lis\u00e4nnyt poronhoitoty\u00f6n kustannuksia ja heikent\u00e4nyt kannattavuutta. Siitosporojen menetykset sy\u00f6v\u00e4t poromiehen taloudesta mittavan siivun vuosittain. Suomessa petotutkimuksen resurssit todellisten [&hellip;]","og_url":"https:\/\/paliskunnat.fi\/poro\/poronhoito\/poronhoidon-haasteet\/pedot\/","og_site_name":"Poro ja poronhoito","article_modified_time":"2026-03-06T12:19:02+00:00","og_image":[{"width":1200,"height":734,"url":"https:\/\/paliskunnat.fi\/poro\/wp-content\/uploads\/2026\/03\/maasuurpetojen-tappamat-loydetyt-porot-1991-2025.jpg","type":"image\/jpeg"}],"twitter_card":"summary_large_image","twitter_misc":{"Arvioitu lukuaika":"2 minuuttia"},"schema":{"@context":"https:\/\/schema.org","@graph":[{"@type":"WebPage","@id":"https:\/\/paliskunnat.fi\/poro\/poronhoito\/poronhoidon-haasteet\/pedot\/","url":"https:\/\/paliskunnat.fi\/poro\/poronhoito\/poronhoidon-haasteet\/pedot\/","name":"Maasuurpedot - Poro ja poronhoito","isPartOf":{"@id":"https:\/\/paliskunnat.fi\/poro\/#website"},"primaryImageOfPage":{"@id":"https:\/\/paliskunnat.fi\/poro\/poronhoito\/poronhoidon-haasteet\/pedot\/#primaryimage"},"image":{"@id":"https:\/\/paliskunnat.fi\/poro\/poronhoito\/poronhoidon-haasteet\/pedot\/#primaryimage"},"thumbnailUrl":"https:\/\/paliskunnat.fi\/poro\/wp-content\/uploads\/2026\/03\/maasuurpetojen-tappamat-loydetyt-porot-1991-2025.jpg","datePublished":"2014-09-01T08:07:17+00:00","dateModified":"2026-03-06T12:19:02+00:00","breadcrumb":{"@id":"https:\/\/paliskunnat.fi\/poro\/poronhoito\/poronhoidon-haasteet\/pedot\/#breadcrumb"},"inLanguage":"fi","potentialAction":[{"@type":"ReadAction","target":["https:\/\/paliskunnat.fi\/poro\/poronhoito\/poronhoidon-haasteet\/pedot\/"]}]},{"@type":"ImageObject","inLanguage":"fi","@id":"https:\/\/paliskunnat.fi\/poro\/poronhoito\/poronhoidon-haasteet\/pedot\/#primaryimage","url":"https:\/\/paliskunnat.fi\/poro\/wp-content\/uploads\/2026\/03\/maasuurpetojen-tappamat-loydetyt-porot-1991-2025.jpg","contentUrl":"https:\/\/paliskunnat.fi\/poro\/wp-content\/uploads\/2026\/03\/maasuurpetojen-tappamat-loydetyt-porot-1991-2025.jpg","width":1200,"height":734,"caption":"Maasuurpetojen tappamat ja l\u00f6ydetyt porot 1991-2025."},{"@type":"BreadcrumbList","@id":"https:\/\/paliskunnat.fi\/poro\/poronhoito\/poronhoidon-haasteet\/pedot\/#breadcrumb","itemListElement":[{"@type":"ListItem","position":1,"name":"Home","item":"https:\/\/paliskunnat.fi\/poro\/"},{"@type":"ListItem","position":2,"name":"Poronhoito","item":"https:\/\/paliskunnat.fi\/poro\/poronhoito\/"},{"@type":"ListItem","position":3,"name":"Poronhoidon haasteet","item":"https:\/\/paliskunnat.fi\/poro\/poronhoito\/poronhoidon-haasteet\/"},{"@type":"ListItem","position":4,"name":"Maasuurpedot"}]},{"@type":"WebSite","@id":"https:\/\/paliskunnat.fi\/poro\/#website","url":"https:\/\/paliskunnat.fi\/poro\/","name":"Poro ja poronhoito","description":"Poro ja poronhoito Suomessa","potentialAction":[{"@type":"SearchAction","target":{"@type":"EntryPoint","urlTemplate":"https:\/\/paliskunnat.fi\/poro\/?s={search_term_string}"},"query-input":{"@type":"PropertyValueSpecification","valueRequired":true,"valueName":"search_term_string"}}],"inLanguage":"fi"}]}},"_links":{"self":[{"href":"https:\/\/paliskunnat.fi\/poro\/wp-json\/wp\/v2\/pages\/91","targetHints":{"allow":["GET"]}}],"collection":[{"href":"https:\/\/paliskunnat.fi\/poro\/wp-json\/wp\/v2\/pages"}],"about":[{"href":"https:\/\/paliskunnat.fi\/poro\/wp-json\/wp\/v2\/types\/page"}],"author":[{"embeddable":true,"href":"https:\/\/paliskunnat.fi\/poro\/wp-json\/wp\/v2\/users\/1"}],"replies":[{"embeddable":true,"href":"https:\/\/paliskunnat.fi\/poro\/wp-json\/wp\/v2\/comments?post=91"}],"version-history":[{"count":117,"href":"https:\/\/paliskunnat.fi\/poro\/wp-json\/wp\/v2\/pages\/91\/revisions"}],"predecessor-version":[{"id":4780,"href":"https:\/\/paliskunnat.fi\/poro\/wp-json\/wp\/v2\/pages\/91\/revisions\/4780"}],"up":[{"embeddable":true,"href":"https:\/\/paliskunnat.fi\/poro\/wp-json\/wp\/v2\/pages\/89"}],"wp:attachment":[{"href":"https:\/\/paliskunnat.fi\/poro\/wp-json\/wp\/v2\/media?parent=91"}],"curies":[{"name":"wp","href":"https:\/\/api.w.org\/{rel}","templated":true}]}}