{"id":97,"date":"2014-09-01T11:21:22","date_gmt":"2014-09-01T08:21:22","guid":{"rendered":"http:\/\/80.69.171.23\/poro\/?page_id=97"},"modified":"2024-01-25T16:17:00","modified_gmt":"2024-01-25T14:17:00","slug":"porosanastoa","status":"publish","type":"page","link":"https:\/\/paliskunnat.fi\/poro\/poro\/porosanastoa\/","title":{"rendered":"Porosanastoa"},"content":{"rendered":"<h2>Porosanastoa<\/h2>\n<p>Poronhoitoon on muodostunut vuosisataisen kehityksen seurauksena ilmaisuvoimainen ja eloisa ammattikieli. Osa termeist\u00e4 on laajasti vakiintunut yleiskieleen, mutta osa on k\u00e4yt\u00f6ss\u00e4 vain paikallisissa murteissa.<\/p>\n<p><a href=\"https:\/\/paliskunnat.fi\/poro\/wp-content\/uploads\/2023\/11\/porot-tavivaara-vasamerkkuu.jpg\" rel=\"lightbox[97]\"><img loading=\"lazy\" decoding=\"async\" class=\"alignnone wp-image-4585\" src=\"https:\/\/paliskunnat.fi\/poro\/wp-content\/uploads\/2023\/11\/porot-tavivaara-vasamerkkuu.jpg\" alt=\"Porot Tavivaaran vasamerkinn\u00e4ss\u00e4.\" width=\"460\" height=\"307\" srcset=\"https:\/\/paliskunnat.fi\/poro\/wp-content\/uploads\/2023\/11\/porot-tavivaara-vasamerkkuu.jpg 1100w, https:\/\/paliskunnat.fi\/poro\/wp-content\/uploads\/2023\/11\/porot-tavivaara-vasamerkkuu-300x200.jpg 300w, https:\/\/paliskunnat.fi\/poro\/wp-content\/uploads\/2023\/11\/porot-tavivaara-vasamerkkuu-1024x683.jpg 1024w, https:\/\/paliskunnat.fi\/poro\/wp-content\/uploads\/2023\/11\/porot-tavivaara-vasamerkkuu-768x512.jpg 768w\" sizes=\"auto, (max-width: 460px) 100vw, 460px\" \/><\/a><\/p>\n<p>Muun muassa J. Juhani Kortesalmen teoksesta &#8221;Poronhoidon synty ja kehitys Suomessa&#8221; l\u00f6ytyy laaja porosanasto. Ensimm\u00e4inen varsinainen porosanakirja on Martti Annebergin vuonna 2010 ilmestynyt Alta Vita.<\/p>\n<p><strong>Elo<\/strong>\u00a0&#8211;\u00a0<em>porokarja.<\/em><\/p>\n<p><strong>Erotus, pyk\u00e4llys<\/strong> &#8211; <em>syksyll\u00e4 tai talvella pidett\u00e4v\u00e4 tilaisuus, jossa porot luetaan ja eloon tai teuraaksi menev\u00e4t erotellaan. Pyk\u00e4llys perustuu vanhaan merkint\u00e4tapaan, jossa porot kirjattiin veist\u00e4m\u00e4ll\u00e4 puukapulaan lovi.<\/em><\/p>\n<p><strong>Etto, ettoaminen<\/strong>\u00a0&#8211;\u00a0<em>porojen kokoaminen erotusta varten.<\/em><\/p>\n<p><strong>Hukkasuoni<\/strong> &#8211; <em>poron takajalan akillesj\u00e4nne. Arka kohta, josta susi tarttuu poroa kiinni.<\/em><\/p>\n<p><strong>Jasa<\/strong> &#8211; <em>lumenviipym\u00e4. Paikka, jossa lumi s\u00e4ilyy pitk\u00e4\u00e4n kes\u00e4ll\u00e4. Porot suosivat lumenviipymi\u00e4 kes\u00e4ll\u00e4 viileyden, r\u00e4k\u00e4n v\u00e4ltt\u00e4misen ja vihannan kasvillisuuden vuoksi.<\/em><\/p>\n<p><b>Jotos, rannio<\/b>\u00a0&#8211;\u00a0<i>porojen polkema ura hangessa.<\/i><\/p>\n<p><strong>Parttio<\/strong> &#8211; <em>pieni porolauma.<\/em><\/p>\n<p><strong>Peurahiiri<\/strong> &#8211;<em> tunturisopuli.<\/em><\/p>\n<p><strong>Sev\u00e4<\/strong> &#8211; <em>kova lumi, hanki.<\/em><\/p>\n<p><strong>Teot, sanat, leikot<\/strong> &#8211; <em>poron korvaan puukolla leikatun poromerkin osat, jotka yhdess\u00e4 muodostavat korvamerkin.<\/em><\/p>\n<p><strong>Tokka<\/strong> &#8211; <em>suuri porolauma.<\/em><\/p>\n<p><b>Vasamerkint\u00e4, vasaleikko<\/b>\u00a0&#8211; <i>Kes\u00e4ll\u00e4 juhannuksen aikaan tai sen j\u00e4lkeen tapahtuva vasojen merkint\u00e4 em\u00e4ns\u00e4 poromerkkiin ja omistajan kirjaaminen.<\/i><\/p>\n<h3>Poron ik\u00e4\u00e4n ja sukupuoleen liittyvi\u00e4 nimityksi\u00e4<\/h3>\n<p><b>Ajokas<\/b>\u00a0&#8211; opetettu\u00a0<em>ajoporo.<\/em><\/p>\n<p><b>Hirvas<\/b>\u00a0&#8211;\u00a0<i>yli 3-vuotias urosporo.<\/i><\/p>\n<p><b>H\u00e4rk\u00e4, ajoh\u00e4rk\u00e4<\/b>\u00a0&#8211; <i>kuohittu urosporo.<\/i><\/p>\n<p><b>Kermikk\u00e4<\/b> &#8211; \u00a0<em>poro ensimm\u00e4isest\u00e4 kev\u00e4ttalvesta toisen kes\u00e4n lopulle.<\/em><\/p>\n<p><strong>Takkah\u00e4rk\u00e4<\/strong> &#8211; <em>kantoporo.<\/em><\/p>\n<p><strong>Valtahirvas<\/strong> &#8211; <em>kookas urosporo.\u00a0<\/em><\/p>\n<p><b>Vasa<\/b>\u00a0&#8211;\u00a0<i>poro ensimm\u00e4isell\u00e4 ik\u00e4vuodellaan.<\/i><\/p>\n<p><strong>Voidesutti<\/strong> &#8211;<em> poron takajalan sorkanv\u00e4lirauhanen. Poro voitelee voidesuttilla kasvavien sarvien k\u00e4rki\u00e4 ja j\u00e4tt\u00e4\u00e4 hajumerkkej\u00e4.<\/em><\/p>\n<h3>Poron v\u00e4riin, k\u00e4ytt\u00e4ytymiseen ja kuntoon liittyvi\u00e4 nimityksi\u00e4<\/h3>\n<p><strong>Korppi, korpinmusta<\/strong> &#8211; <em>musta, tumma poro.<\/em><\/p>\n<p><strong>Kisura<\/strong> &#8211; <em>pieni ja raihnainen poro.<\/em><\/p>\n<p><strong>Maitonokka, kalppinokka<\/strong> &#8211; <em>valkeaturpainen poro.<\/em><\/p>\n<p><strong>Peurakka<\/strong> &#8211;<em> pitk\u00e4koipinen, arka tai vauhko poro.<\/em><\/p>\n<p><strong>Suivakka, suivakko<\/strong> &#8211; <em>vaalea poro.<\/em><\/p>\n<p><strong>Valkko<\/strong> &#8211; <em>valkea poro.<\/em><\/p>\n<h3><\/h3>\n<pre><\/pre>\n","protected":false},"excerpt":{"rendered":"<p>Porosanastoa Poronhoitoon on muodostunut vuosisataisen kehityksen seurauksena ilmaisuvoimainen ja eloisa ammattikieli. Osa termeist\u00e4 on laajasti vakiintunut yleiskieleen, mutta osa on k\u00e4yt\u00f6ss\u00e4 vain paikallisissa murteissa. Muun muassa J. Juhani Kortesalmen teoksesta &#8221;Poronhoidon synty ja kehitys Suomessa&#8221; l\u00f6ytyy laaja porosanasto. Ensimm\u00e4inen varsinainen porosanakirja on Martti Annebergin vuonna 2010 ilmestynyt Alta Vita. Elo\u00a0&#8211;\u00a0porokarja. Erotus, pyk\u00e4llys &#8211; syksyll\u00e4 tai [&hellip;]<\/p>\n","protected":false},"author":1,"featured_media":0,"parent":2,"menu_order":4,"comment_status":"open","ping_status":"closed","template":"","meta":{"footnotes":""},"class_list":["post-97","page","type-page","status-publish","hentry"],"yoast_head":"<!-- This site is optimized with the Yoast SEO plugin v27.2 - https:\/\/yoast.com\/product\/yoast-seo-wordpress\/ -->\n<title>Porosanastoa - Poro ja poronhoito<\/title>\n<meta name=\"robots\" content=\"index, follow, max-snippet:-1, max-image-preview:large, max-video-preview:-1\" \/>\n<link rel=\"canonical\" href=\"https:\/\/paliskunnat.fi\/poro\/poro\/porosanastoa\/\" \/>\n<meta property=\"og:locale\" content=\"fi_FI\" \/>\n<meta property=\"og:type\" content=\"article\" \/>\n<meta property=\"og:title\" content=\"Porosanastoa - Poro ja poronhoito\" \/>\n<meta property=\"og:description\" content=\"Porosanastoa Poronhoitoon on muodostunut vuosisataisen kehityksen seurauksena ilmaisuvoimainen ja eloisa ammattikieli. Osa termeist\u00e4 on laajasti vakiintunut yleiskieleen, mutta osa on k\u00e4yt\u00f6ss\u00e4 vain paikallisissa murteissa. Muun muassa J. Juhani Kortesalmen teoksesta &#8221;Poronhoidon synty ja kehitys Suomessa&#8221; l\u00f6ytyy laaja porosanasto. Ensimm\u00e4inen varsinainen porosanakirja on Martti Annebergin vuonna 2010 ilmestynyt Alta Vita. Elo\u00a0&#8211;\u00a0porokarja. Erotus, pyk\u00e4llys &#8211; syksyll\u00e4 tai [&hellip;]\" \/>\n<meta property=\"og:url\" content=\"https:\/\/paliskunnat.fi\/poro\/poro\/porosanastoa\/\" \/>\n<meta property=\"og:site_name\" content=\"Poro ja poronhoito\" \/>\n<meta property=\"article:modified_time\" content=\"2024-01-25T14:17:00+00:00\" \/>\n<meta property=\"og:image\" content=\"https:\/\/paliskunnat.fi\/poro\/wp-content\/uploads\/2023\/11\/porot-tavivaara-vasamerkkuu.jpg\" \/>\n<meta name=\"twitter:card\" content=\"summary_large_image\" \/>\n<meta name=\"twitter:label1\" content=\"Arvioitu lukuaika\" \/>\n\t<meta name=\"twitter:data1\" content=\"2 minuuttia\" \/>\n<script type=\"application\/ld+json\" class=\"yoast-schema-graph\">{\"@context\":\"https:\/\/schema.org\",\"@graph\":[{\"@type\":\"WebPage\",\"@id\":\"https:\/\/paliskunnat.fi\/poro\/poro\/porosanastoa\/\",\"url\":\"https:\/\/paliskunnat.fi\/poro\/poro\/porosanastoa\/\",\"name\":\"Porosanastoa - Poro ja poronhoito\",\"isPartOf\":{\"@id\":\"https:\/\/paliskunnat.fi\/poro\/#website\"},\"primaryImageOfPage\":{\"@id\":\"https:\/\/paliskunnat.fi\/poro\/poro\/porosanastoa\/#primaryimage\"},\"image\":{\"@id\":\"https:\/\/paliskunnat.fi\/poro\/poro\/porosanastoa\/#primaryimage\"},\"thumbnailUrl\":\"https:\/\/paliskunnat.fi\/poro\/wp-content\/uploads\/2023\/11\/porot-tavivaara-vasamerkkuu.jpg\",\"datePublished\":\"2014-09-01T08:21:22+00:00\",\"dateModified\":\"2024-01-25T14:17:00+00:00\",\"breadcrumb\":{\"@id\":\"https:\/\/paliskunnat.fi\/poro\/poro\/porosanastoa\/#breadcrumb\"},\"inLanguage\":\"fi\",\"potentialAction\":[{\"@type\":\"ReadAction\",\"target\":[\"https:\/\/paliskunnat.fi\/poro\/poro\/porosanastoa\/\"]}]},{\"@type\":\"ImageObject\",\"inLanguage\":\"fi\",\"@id\":\"https:\/\/paliskunnat.fi\/poro\/poro\/porosanastoa\/#primaryimage\",\"url\":\"https:\/\/paliskunnat.fi\/poro\/wp-content\/uploads\/2023\/11\/porot-tavivaara-vasamerkkuu.jpg\",\"contentUrl\":\"https:\/\/paliskunnat.fi\/poro\/wp-content\/uploads\/2023\/11\/porot-tavivaara-vasamerkkuu.jpg\",\"width\":1100,\"height\":734,\"caption\":\"Porot Tavivaaran vasamerkinn\u00e4ss\u00e4\"},{\"@type\":\"BreadcrumbList\",\"@id\":\"https:\/\/paliskunnat.fi\/poro\/poro\/porosanastoa\/#breadcrumb\",\"itemListElement\":[{\"@type\":\"ListItem\",\"position\":1,\"name\":\"Home\",\"item\":\"https:\/\/paliskunnat.fi\/poro\/\"},{\"@type\":\"ListItem\",\"position\":2,\"name\":\"Poro\",\"item\":\"https:\/\/paliskunnat.fi\/poro\/poro\/\"},{\"@type\":\"ListItem\",\"position\":3,\"name\":\"Porosanastoa\"}]},{\"@type\":\"WebSite\",\"@id\":\"https:\/\/paliskunnat.fi\/poro\/#website\",\"url\":\"https:\/\/paliskunnat.fi\/poro\/\",\"name\":\"Poro ja poronhoito\",\"description\":\"Poro ja poronhoito Suomessa\",\"potentialAction\":[{\"@type\":\"SearchAction\",\"target\":{\"@type\":\"EntryPoint\",\"urlTemplate\":\"https:\/\/paliskunnat.fi\/poro\/?s={search_term_string}\"},\"query-input\":{\"@type\":\"PropertyValueSpecification\",\"valueRequired\":true,\"valueName\":\"search_term_string\"}}],\"inLanguage\":\"fi\"}]}<\/script>\n<!-- \/ Yoast SEO plugin. -->","yoast_head_json":{"title":"Porosanastoa - Poro ja poronhoito","robots":{"index":"index","follow":"follow","max-snippet":"max-snippet:-1","max-image-preview":"max-image-preview:large","max-video-preview":"max-video-preview:-1"},"canonical":"https:\/\/paliskunnat.fi\/poro\/poro\/porosanastoa\/","og_locale":"fi_FI","og_type":"article","og_title":"Porosanastoa - Poro ja poronhoito","og_description":"Porosanastoa Poronhoitoon on muodostunut vuosisataisen kehityksen seurauksena ilmaisuvoimainen ja eloisa ammattikieli. Osa termeist\u00e4 on laajasti vakiintunut yleiskieleen, mutta osa on k\u00e4yt\u00f6ss\u00e4 vain paikallisissa murteissa. Muun muassa J. Juhani Kortesalmen teoksesta &#8221;Poronhoidon synty ja kehitys Suomessa&#8221; l\u00f6ytyy laaja porosanasto. Ensimm\u00e4inen varsinainen porosanakirja on Martti Annebergin vuonna 2010 ilmestynyt Alta Vita. Elo\u00a0&#8211;\u00a0porokarja. Erotus, pyk\u00e4llys &#8211; syksyll\u00e4 tai [&hellip;]","og_url":"https:\/\/paliskunnat.fi\/poro\/poro\/porosanastoa\/","og_site_name":"Poro ja poronhoito","article_modified_time":"2024-01-25T14:17:00+00:00","og_image":[{"url":"https:\/\/paliskunnat.fi\/poro\/wp-content\/uploads\/2023\/11\/porot-tavivaara-vasamerkkuu.jpg","type":"","width":"","height":""}],"twitter_card":"summary_large_image","twitter_misc":{"Arvioitu lukuaika":"2 minuuttia"},"schema":{"@context":"https:\/\/schema.org","@graph":[{"@type":"WebPage","@id":"https:\/\/paliskunnat.fi\/poro\/poro\/porosanastoa\/","url":"https:\/\/paliskunnat.fi\/poro\/poro\/porosanastoa\/","name":"Porosanastoa - Poro ja poronhoito","isPartOf":{"@id":"https:\/\/paliskunnat.fi\/poro\/#website"},"primaryImageOfPage":{"@id":"https:\/\/paliskunnat.fi\/poro\/poro\/porosanastoa\/#primaryimage"},"image":{"@id":"https:\/\/paliskunnat.fi\/poro\/poro\/porosanastoa\/#primaryimage"},"thumbnailUrl":"https:\/\/paliskunnat.fi\/poro\/wp-content\/uploads\/2023\/11\/porot-tavivaara-vasamerkkuu.jpg","datePublished":"2014-09-01T08:21:22+00:00","dateModified":"2024-01-25T14:17:00+00:00","breadcrumb":{"@id":"https:\/\/paliskunnat.fi\/poro\/poro\/porosanastoa\/#breadcrumb"},"inLanguage":"fi","potentialAction":[{"@type":"ReadAction","target":["https:\/\/paliskunnat.fi\/poro\/poro\/porosanastoa\/"]}]},{"@type":"ImageObject","inLanguage":"fi","@id":"https:\/\/paliskunnat.fi\/poro\/poro\/porosanastoa\/#primaryimage","url":"https:\/\/paliskunnat.fi\/poro\/wp-content\/uploads\/2023\/11\/porot-tavivaara-vasamerkkuu.jpg","contentUrl":"https:\/\/paliskunnat.fi\/poro\/wp-content\/uploads\/2023\/11\/porot-tavivaara-vasamerkkuu.jpg","width":1100,"height":734,"caption":"Porot Tavivaaran vasamerkinn\u00e4ss\u00e4"},{"@type":"BreadcrumbList","@id":"https:\/\/paliskunnat.fi\/poro\/poro\/porosanastoa\/#breadcrumb","itemListElement":[{"@type":"ListItem","position":1,"name":"Home","item":"https:\/\/paliskunnat.fi\/poro\/"},{"@type":"ListItem","position":2,"name":"Poro","item":"https:\/\/paliskunnat.fi\/poro\/poro\/"},{"@type":"ListItem","position":3,"name":"Porosanastoa"}]},{"@type":"WebSite","@id":"https:\/\/paliskunnat.fi\/poro\/#website","url":"https:\/\/paliskunnat.fi\/poro\/","name":"Poro ja poronhoito","description":"Poro ja poronhoito Suomessa","potentialAction":[{"@type":"SearchAction","target":{"@type":"EntryPoint","urlTemplate":"https:\/\/paliskunnat.fi\/poro\/?s={search_term_string}"},"query-input":{"@type":"PropertyValueSpecification","valueRequired":true,"valueName":"search_term_string"}}],"inLanguage":"fi"}]}},"_links":{"self":[{"href":"https:\/\/paliskunnat.fi\/poro\/wp-json\/wp\/v2\/pages\/97","targetHints":{"allow":["GET"]}}],"collection":[{"href":"https:\/\/paliskunnat.fi\/poro\/wp-json\/wp\/v2\/pages"}],"about":[{"href":"https:\/\/paliskunnat.fi\/poro\/wp-json\/wp\/v2\/types\/page"}],"author":[{"embeddable":true,"href":"https:\/\/paliskunnat.fi\/poro\/wp-json\/wp\/v2\/users\/1"}],"replies":[{"embeddable":true,"href":"https:\/\/paliskunnat.fi\/poro\/wp-json\/wp\/v2\/comments?post=97"}],"version-history":[{"count":57,"href":"https:\/\/paliskunnat.fi\/poro\/wp-json\/wp\/v2\/pages\/97\/revisions"}],"predecessor-version":[{"id":4602,"href":"https:\/\/paliskunnat.fi\/poro\/wp-json\/wp\/v2\/pages\/97\/revisions\/4602"}],"up":[{"embeddable":true,"href":"https:\/\/paliskunnat.fi\/poro\/wp-json\/wp\/v2\/pages\/2"}],"wp:attachment":[{"href":"https:\/\/paliskunnat.fi\/poro\/wp-json\/wp\/v2\/media?parent=97"}],"curies":[{"name":"wp","href":"https:\/\/api.w.org\/{rel}","templated":true}]}}