{"id":983,"date":"2014-12-16T19:31:16","date_gmt":"2014-12-16T17:31:16","guid":{"rendered":"http:\/\/80.69.171.23\/poro\/?page_id=983"},"modified":"2017-03-25T23:20:44","modified_gmt":"2017-03-25T21:20:44","slug":"poronhoidon-talvi","status":"publish","type":"page","link":"https:\/\/paliskunnat.fi\/poro\/poronhoito\/poronhoitovuosi\/poronhoidon-talvi\/","title":{"rendered":"Poronhoidon talvi"},"content":{"rendered":"<h2>Paimennus ja ruokinta<\/h2>\n<p>Talvisin\u00a0poroja paimennetaan moottorikelkoin, jotta ne saadaan pysym\u00e4\u00e4n mahdollisimman suotuisasti aloillaan ja jotta petojen aiheuttamat tuhot voidaan minimoida. Samalla seurataan porojen kuntoa ja\u00a0petojen liikkeit\u00e4 tokassa ja sen liepeill\u00e4.<\/p>\n<p>Osa poronomistajista ottaa omat poronsa aitaan talvikuukausiksi. T\u00e4m\u00e4 helpottaa porojen pit\u00e4mist\u00e4 tokassa ja suojassa pedoilta, mutta toisaalta lis\u00e4\u00e4 merkitt\u00e4v\u00e4sti ruokinnan tarvetta.<\/p>\n<p>Poroja lis\u00e4ruokitaan talvisin tarpeen ja tilanteen mukaan koko poronhoitoalueella. Hyvill\u00e4 laidunmailla ja hyviss\u00e4 olosuhteissa ruokintaa ei v\u00e4ltt\u00e4m\u00e4tt\u00e4 tarvita. Mets\u00e4talousalueilla porojen talvinen lis\u00e4ruokinta on jo pitk\u00e4\u00e4n ollut v\u00e4ltt\u00e4m\u00e4t\u00f6nt\u00e4, sill\u00e4 luonnonravintoa ei vanhojen metsien katoamisen my\u00f6t\u00e4 ole helposti saatavissa. Ruokinnalla porot saadaan pysym\u00e4\u00e4n hyv\u00e4kuntoisina ja tuottamaan hyvi\u00e4, elinvoimaisia vasoja. Ruokinnan ansiosta poroja ei Suomessa kuole n\u00e4lk\u00e4\u00e4n massoittain, vaikka luonnonolot talvella koettelisivatkin.<\/p>\n<p>&nbsp;<\/p>\n<p><a href=\"https:\/\/paliskunnat.fi\/poro\/wp-content\/uploads\/2014\/12\/esa_huhtamella2.jpg\" rel=\"lightbox[983]\"><img loading=\"lazy\" decoding=\"async\" class=\"alignnone wp-image-2386\" src=\"https:\/\/paliskunnat.fi\/poro\/wp-content\/uploads\/2014\/12\/esa_huhtamella2.jpg\" alt=\"Poroja Hammastunturissa. Kuva: Esa Huhtamella\" width=\"460\" height=\"345\" srcset=\"https:\/\/paliskunnat.fi\/poro\/wp-content\/uploads\/2014\/12\/esa_huhtamella2.jpg 900w, https:\/\/paliskunnat.fi\/poro\/wp-content\/uploads\/2014\/12\/esa_huhtamella2-300x225.jpg 300w\" sizes=\"auto, (max-width: 460px) 100vw, 460px\" \/><\/a><\/p>\n<p>Osa paliskunnista harjoittaa perinteist\u00e4 talvista tokkapaimennusta moottorikelkkojen ja koirien avulla. Perheet, suvut tai kyl\u00e4t voivat muodostaa tokkakuntia, jotka hoitavat ja paimentavat porojaan yhdess\u00e4.<\/p>\n<div class=\"simplePullQuote right\"><p>Moottorikelkan ansiosta poromies pystyy liikkumaan tokkaa nopeammin<\/p>\n<\/div>\n<p>1960-luvulla alkanut moottorikelkan k\u00e4ytt\u00f6\u00a0muutti poronhoitoa paljon. Aiemmin tokkia paimennettiin hiiht\u00e4en. Hiiht\u00e4en tapahtuvassa paimennuksessa poromiehen tuli pysytell\u00e4 jatkuvasti tokan l\u00e4heisyydess\u00e4.\u00a0Moottorikelkan ansiosta poromies ajaa nykyisin usein y\u00f6ksi\u00a0kotiin ja tarvittaessa porot saadaan nopeasti liikkeelle ja siirretty\u00e4 toiseen paikkaan. Nykyteknologian avulla poroista saadaan my\u00f6s paikkatietoja GSM\/GPS-pantojen avulla: muutama pannoitettu poro antaa samalla tietoa tokan sijainnista ja liikkeist\u00e4.<\/p>\n<p>Moottoriajoneuvojen k\u00e4ytt\u00f6 on tehostanut poronhoitoa, mutta my\u00f6s lis\u00e4nnyt\u00a0kustannuksia. Nykyp\u00e4iv\u00e4n poronhoito onkin taiteilua tehokkuusvaatimusten ja kannattavuuden v\u00e4limaastossa.<\/p>\n<p>&nbsp;<\/p>\n","protected":false},"excerpt":{"rendered":"<p>Paimennus ja ruokinta Talvisin\u00a0poroja paimennetaan moottorikelkoin, jotta ne saadaan pysym\u00e4\u00e4n mahdollisimman suotuisasti aloillaan ja jotta petojen aiheuttamat tuhot voidaan minimoida. Samalla seurataan porojen kuntoa ja\u00a0petojen liikkeit\u00e4 tokassa ja sen liepeill\u00e4. Osa poronomistajista ottaa omat poronsa aitaan talvikuukausiksi. T\u00e4m\u00e4 helpottaa porojen pit\u00e4mist\u00e4 tokassa ja suojassa pedoilta, mutta toisaalta lis\u00e4\u00e4 merkitt\u00e4v\u00e4sti ruokinnan tarvetta. Poroja lis\u00e4ruokitaan talvisin tarpeen [&hellip;]<\/p>\n","protected":false},"author":1,"featured_media":0,"parent":58,"menu_order":3,"comment_status":"open","ping_status":"closed","template":"","meta":{"footnotes":""},"class_list":["post-983","page","type-page","status-publish","hentry"],"yoast_head":"<!-- This site is optimized with the Yoast SEO plugin v27.2 - https:\/\/yoast.com\/product\/yoast-seo-wordpress\/ -->\n<title>Poronhoidon talvi - Poro ja poronhoito<\/title>\n<meta name=\"robots\" content=\"index, follow, max-snippet:-1, max-image-preview:large, max-video-preview:-1\" \/>\n<link rel=\"canonical\" href=\"https:\/\/paliskunnat.fi\/poro\/poronhoito\/poronhoitovuosi\/poronhoidon-talvi\/\" \/>\n<meta property=\"og:locale\" content=\"fi_FI\" \/>\n<meta property=\"og:type\" content=\"article\" \/>\n<meta property=\"og:title\" content=\"Poronhoidon talvi - Poro ja poronhoito\" \/>\n<meta property=\"og:description\" content=\"Paimennus ja ruokinta Talvisin\u00a0poroja paimennetaan moottorikelkoin, jotta ne saadaan pysym\u00e4\u00e4n mahdollisimman suotuisasti aloillaan ja jotta petojen aiheuttamat tuhot voidaan minimoida. Samalla seurataan porojen kuntoa ja\u00a0petojen liikkeit\u00e4 tokassa ja sen liepeill\u00e4. Osa poronomistajista ottaa omat poronsa aitaan talvikuukausiksi. T\u00e4m\u00e4 helpottaa porojen pit\u00e4mist\u00e4 tokassa ja suojassa pedoilta, mutta toisaalta lis\u00e4\u00e4 merkitt\u00e4v\u00e4sti ruokinnan tarvetta. Poroja lis\u00e4ruokitaan talvisin tarpeen [&hellip;]\" \/>\n<meta property=\"og:url\" content=\"https:\/\/paliskunnat.fi\/poro\/poronhoito\/poronhoitovuosi\/poronhoidon-talvi\/\" \/>\n<meta property=\"og:site_name\" content=\"Poro ja poronhoito\" \/>\n<meta property=\"article:modified_time\" content=\"2017-03-25T21:20:44+00:00\" \/>\n<meta property=\"og:image\" content=\"https:\/\/paliskunnat.fi\/poro\/wp-content\/uploads\/2014\/12\/esa_huhtamella2.jpg\" \/>\n<meta name=\"twitter:card\" content=\"summary_large_image\" \/>\n<meta name=\"twitter:label1\" content=\"Arvioitu lukuaika\" \/>\n\t<meta name=\"twitter:data1\" content=\"1 minuutti\" \/>\n<script type=\"application\/ld+json\" class=\"yoast-schema-graph\">{\"@context\":\"https:\/\/schema.org\",\"@graph\":[{\"@type\":\"WebPage\",\"@id\":\"https:\/\/paliskunnat.fi\/poro\/poronhoito\/poronhoitovuosi\/poronhoidon-talvi\/\",\"url\":\"https:\/\/paliskunnat.fi\/poro\/poronhoito\/poronhoitovuosi\/poronhoidon-talvi\/\",\"name\":\"Poronhoidon talvi - Poro ja poronhoito\",\"isPartOf\":{\"@id\":\"https:\/\/paliskunnat.fi\/poro\/#website\"},\"primaryImageOfPage\":{\"@id\":\"https:\/\/paliskunnat.fi\/poro\/poronhoito\/poronhoitovuosi\/poronhoidon-talvi\/#primaryimage\"},\"image\":{\"@id\":\"https:\/\/paliskunnat.fi\/poro\/poronhoito\/poronhoitovuosi\/poronhoidon-talvi\/#primaryimage\"},\"thumbnailUrl\":\"https:\/\/paliskunnat.fi\/poro\/wp-content\/uploads\/2014\/12\/esa_huhtamella2.jpg\",\"datePublished\":\"2014-12-16T17:31:16+00:00\",\"dateModified\":\"2017-03-25T21:20:44+00:00\",\"breadcrumb\":{\"@id\":\"https:\/\/paliskunnat.fi\/poro\/poronhoito\/poronhoitovuosi\/poronhoidon-talvi\/#breadcrumb\"},\"inLanguage\":\"fi\",\"potentialAction\":[{\"@type\":\"ReadAction\",\"target\":[\"https:\/\/paliskunnat.fi\/poro\/poronhoito\/poronhoitovuosi\/poronhoidon-talvi\/\"]}]},{\"@type\":\"ImageObject\",\"inLanguage\":\"fi\",\"@id\":\"https:\/\/paliskunnat.fi\/poro\/poronhoito\/poronhoitovuosi\/poronhoidon-talvi\/#primaryimage\",\"url\":\"https:\/\/paliskunnat.fi\/poro\/wp-content\/uploads\/2014\/12\/esa_huhtamella2.jpg\",\"contentUrl\":\"https:\/\/paliskunnat.fi\/poro\/wp-content\/uploads\/2014\/12\/esa_huhtamella2.jpg\",\"width\":900,\"height\":675},{\"@type\":\"BreadcrumbList\",\"@id\":\"https:\/\/paliskunnat.fi\/poro\/poronhoito\/poronhoitovuosi\/poronhoidon-talvi\/#breadcrumb\",\"itemListElement\":[{\"@type\":\"ListItem\",\"position\":1,\"name\":\"Home\",\"item\":\"https:\/\/paliskunnat.fi\/poro\/\"},{\"@type\":\"ListItem\",\"position\":2,\"name\":\"Poronhoito\",\"item\":\"https:\/\/paliskunnat.fi\/poro\/poronhoito\/\"},{\"@type\":\"ListItem\",\"position\":3,\"name\":\"Poronhoitovuosi\",\"item\":\"https:\/\/paliskunnat.fi\/poro\/poronhoito\/poronhoitovuosi\/\"},{\"@type\":\"ListItem\",\"position\":4,\"name\":\"Poronhoidon talvi\"}]},{\"@type\":\"WebSite\",\"@id\":\"https:\/\/paliskunnat.fi\/poro\/#website\",\"url\":\"https:\/\/paliskunnat.fi\/poro\/\",\"name\":\"Poro ja poronhoito\",\"description\":\"Poro ja poronhoito Suomessa\",\"potentialAction\":[{\"@type\":\"SearchAction\",\"target\":{\"@type\":\"EntryPoint\",\"urlTemplate\":\"https:\/\/paliskunnat.fi\/poro\/?s={search_term_string}\"},\"query-input\":{\"@type\":\"PropertyValueSpecification\",\"valueRequired\":true,\"valueName\":\"search_term_string\"}}],\"inLanguage\":\"fi\"}]}<\/script>\n<!-- \/ Yoast SEO plugin. -->","yoast_head_json":{"title":"Poronhoidon talvi - Poro ja poronhoito","robots":{"index":"index","follow":"follow","max-snippet":"max-snippet:-1","max-image-preview":"max-image-preview:large","max-video-preview":"max-video-preview:-1"},"canonical":"https:\/\/paliskunnat.fi\/poro\/poronhoito\/poronhoitovuosi\/poronhoidon-talvi\/","og_locale":"fi_FI","og_type":"article","og_title":"Poronhoidon talvi - Poro ja poronhoito","og_description":"Paimennus ja ruokinta Talvisin\u00a0poroja paimennetaan moottorikelkoin, jotta ne saadaan pysym\u00e4\u00e4n mahdollisimman suotuisasti aloillaan ja jotta petojen aiheuttamat tuhot voidaan minimoida. Samalla seurataan porojen kuntoa ja\u00a0petojen liikkeit\u00e4 tokassa ja sen liepeill\u00e4. Osa poronomistajista ottaa omat poronsa aitaan talvikuukausiksi. T\u00e4m\u00e4 helpottaa porojen pit\u00e4mist\u00e4 tokassa ja suojassa pedoilta, mutta toisaalta lis\u00e4\u00e4 merkitt\u00e4v\u00e4sti ruokinnan tarvetta. Poroja lis\u00e4ruokitaan talvisin tarpeen [&hellip;]","og_url":"https:\/\/paliskunnat.fi\/poro\/poronhoito\/poronhoitovuosi\/poronhoidon-talvi\/","og_site_name":"Poro ja poronhoito","article_modified_time":"2017-03-25T21:20:44+00:00","og_image":[{"url":"https:\/\/paliskunnat.fi\/poro\/wp-content\/uploads\/2014\/12\/esa_huhtamella2.jpg","type":"","width":"","height":""}],"twitter_card":"summary_large_image","twitter_misc":{"Arvioitu lukuaika":"1 minuutti"},"schema":{"@context":"https:\/\/schema.org","@graph":[{"@type":"WebPage","@id":"https:\/\/paliskunnat.fi\/poro\/poronhoito\/poronhoitovuosi\/poronhoidon-talvi\/","url":"https:\/\/paliskunnat.fi\/poro\/poronhoito\/poronhoitovuosi\/poronhoidon-talvi\/","name":"Poronhoidon talvi - Poro ja poronhoito","isPartOf":{"@id":"https:\/\/paliskunnat.fi\/poro\/#website"},"primaryImageOfPage":{"@id":"https:\/\/paliskunnat.fi\/poro\/poronhoito\/poronhoitovuosi\/poronhoidon-talvi\/#primaryimage"},"image":{"@id":"https:\/\/paliskunnat.fi\/poro\/poronhoito\/poronhoitovuosi\/poronhoidon-talvi\/#primaryimage"},"thumbnailUrl":"https:\/\/paliskunnat.fi\/poro\/wp-content\/uploads\/2014\/12\/esa_huhtamella2.jpg","datePublished":"2014-12-16T17:31:16+00:00","dateModified":"2017-03-25T21:20:44+00:00","breadcrumb":{"@id":"https:\/\/paliskunnat.fi\/poro\/poronhoito\/poronhoitovuosi\/poronhoidon-talvi\/#breadcrumb"},"inLanguage":"fi","potentialAction":[{"@type":"ReadAction","target":["https:\/\/paliskunnat.fi\/poro\/poronhoito\/poronhoitovuosi\/poronhoidon-talvi\/"]}]},{"@type":"ImageObject","inLanguage":"fi","@id":"https:\/\/paliskunnat.fi\/poro\/poronhoito\/poronhoitovuosi\/poronhoidon-talvi\/#primaryimage","url":"https:\/\/paliskunnat.fi\/poro\/wp-content\/uploads\/2014\/12\/esa_huhtamella2.jpg","contentUrl":"https:\/\/paliskunnat.fi\/poro\/wp-content\/uploads\/2014\/12\/esa_huhtamella2.jpg","width":900,"height":675},{"@type":"BreadcrumbList","@id":"https:\/\/paliskunnat.fi\/poro\/poronhoito\/poronhoitovuosi\/poronhoidon-talvi\/#breadcrumb","itemListElement":[{"@type":"ListItem","position":1,"name":"Home","item":"https:\/\/paliskunnat.fi\/poro\/"},{"@type":"ListItem","position":2,"name":"Poronhoito","item":"https:\/\/paliskunnat.fi\/poro\/poronhoito\/"},{"@type":"ListItem","position":3,"name":"Poronhoitovuosi","item":"https:\/\/paliskunnat.fi\/poro\/poronhoito\/poronhoitovuosi\/"},{"@type":"ListItem","position":4,"name":"Poronhoidon talvi"}]},{"@type":"WebSite","@id":"https:\/\/paliskunnat.fi\/poro\/#website","url":"https:\/\/paliskunnat.fi\/poro\/","name":"Poro ja poronhoito","description":"Poro ja poronhoito Suomessa","potentialAction":[{"@type":"SearchAction","target":{"@type":"EntryPoint","urlTemplate":"https:\/\/paliskunnat.fi\/poro\/?s={search_term_string}"},"query-input":{"@type":"PropertyValueSpecification","valueRequired":true,"valueName":"search_term_string"}}],"inLanguage":"fi"}]}},"_links":{"self":[{"href":"https:\/\/paliskunnat.fi\/poro\/wp-json\/wp\/v2\/pages\/983","targetHints":{"allow":["GET"]}}],"collection":[{"href":"https:\/\/paliskunnat.fi\/poro\/wp-json\/wp\/v2\/pages"}],"about":[{"href":"https:\/\/paliskunnat.fi\/poro\/wp-json\/wp\/v2\/types\/page"}],"author":[{"embeddable":true,"href":"https:\/\/paliskunnat.fi\/poro\/wp-json\/wp\/v2\/users\/1"}],"replies":[{"embeddable":true,"href":"https:\/\/paliskunnat.fi\/poro\/wp-json\/wp\/v2\/comments?post=983"}],"version-history":[{"count":38,"href":"https:\/\/paliskunnat.fi\/poro\/wp-json\/wp\/v2\/pages\/983\/revisions"}],"predecessor-version":[{"id":3758,"href":"https:\/\/paliskunnat.fi\/poro\/wp-json\/wp\/v2\/pages\/983\/revisions\/3758"}],"up":[{"embeddable":true,"href":"https:\/\/paliskunnat.fi\/poro\/wp-json\/wp\/v2\/pages\/58"}],"wp:attachment":[{"href":"https:\/\/paliskunnat.fi\/poro\/wp-json\/wp\/v2\/media?parent=983"}],"curies":[{"name":"wp","href":"https:\/\/api.w.org\/{rel}","templated":true}]}}