{"id":1105,"date":"2014-11-18T17:05:06","date_gmt":"2014-11-18T15:05:06","guid":{"rendered":"http:\/\/80.69.171.23\/py\/?page_id=1105"},"modified":"2026-02-20T13:34:31","modified_gmt":"2026-02-20T11:34:31","slug":"tilastot","status":"publish","type":"page","link":"https:\/\/paliskunnat.fi\/py\/materiaalit\/tilastot\/","title":{"rendered":"Tilastoja"},"content":{"rendered":"<h2>Tilastoja<\/h2>\n<p>T\u00e4lt\u00e4 sivustolta l\u00f6yd\u00e4t porotalouden tilastoja aihepiireitt\u00e4in. Klikkaamalla hiirell\u00e4 kuvaa n\u00e4et kaavion suuremmassa koossa.<\/p>\n<p><a href=\"https:\/\/paliskunnat.fi\/py\/wp-content\/uploads\/2026\/02\/porotalouden-tulo-menokehitys-1994-2025.jpg\" rel=\"lightbox[1105]\"><img loading=\"lazy\" decoding=\"async\" class=\"alignnone wp-image-8754\" src=\"https:\/\/paliskunnat.fi\/py\/wp-content\/uploads\/2026\/02\/porotalouden-tulo-menokehitys-1994-2025.jpg\" alt=\"Porotalouden tulo- ja menokehitys 1990-luvulta alkaen.\" width=\"460\" height=\"282\" srcset=\"https:\/\/paliskunnat.fi\/py\/wp-content\/uploads\/2026\/02\/porotalouden-tulo-menokehitys-1994-2025.jpg 1200w, https:\/\/paliskunnat.fi\/py\/wp-content\/uploads\/2026\/02\/porotalouden-tulo-menokehitys-1994-2025-300x184.jpg 300w, https:\/\/paliskunnat.fi\/py\/wp-content\/uploads\/2026\/02\/porotalouden-tulo-menokehitys-1994-2025-1024x627.jpg 1024w, https:\/\/paliskunnat.fi\/py\/wp-content\/uploads\/2026\/02\/porotalouden-tulo-menokehitys-1994-2025-768x470.jpg 768w\" sizes=\"auto, (max-width: 460px) 100vw, 460px\" \/><\/a><\/p>\n<p>Kaavio 1 (yll\u00e4). Porotalouden tulo- ja menokehitys tuottoveroperustetiedoin. Poronhoitovuosi p\u00e4\u00e4ttyy toukokuun lopussa ja uusi alkaa kes\u00e4kuun alussa.<\/p>\n<p><a href=\"https:\/\/paliskunnat.fi\/py\/wp-content\/uploads\/2026\/02\/poronhoitovuoden-2024-2025-tulot-menot.jpg\" rel=\"lightbox[1105]\"><img loading=\"lazy\" decoding=\"async\" class=\"alignnone wp-image-8756\" src=\"https:\/\/paliskunnat.fi\/py\/wp-content\/uploads\/2026\/02\/poronhoitovuoden-2024-2025-tulot-menot.jpg\" alt=\"Porotalouden tulot ja menot porohoitovuonna 2024-2025.\" width=\"460\" height=\"308\" srcset=\"https:\/\/paliskunnat.fi\/py\/wp-content\/uploads\/2026\/02\/poronhoitovuoden-2024-2025-tulot-menot.jpg 1200w, https:\/\/paliskunnat.fi\/py\/wp-content\/uploads\/2026\/02\/poronhoitovuoden-2024-2025-tulot-menot-300x201.jpg 300w, https:\/\/paliskunnat.fi\/py\/wp-content\/uploads\/2026\/02\/poronhoitovuoden-2024-2025-tulot-menot-1024x685.jpg 1024w, https:\/\/paliskunnat.fi\/py\/wp-content\/uploads\/2026\/02\/poronhoitovuoden-2024-2025-tulot-menot-768x514.jpg 768w\" sizes=\"auto, (max-width: 460px) 100vw, 460px\" \/><\/a><\/p>\n<p>Kaavio 2 (yll\u00e4). Poronhoitovuoden 2024-2025 tulot ja menot.<\/p>\n<p><a href=\"https:\/\/paliskunnat.fi\/py\/wp-content\/uploads\/2025\/02\/porotalouden-tulot-menot-phv-2023-2024.jpg\" rel=\"lightbox[1105]\"><img loading=\"lazy\" decoding=\"async\" class=\"alignnone wp-image-8487\" src=\"https:\/\/paliskunnat.fi\/py\/wp-content\/uploads\/2025\/02\/porotalouden-tulot-menot-phv-2023-2024.jpg\" alt=\"Porotalouden tulot ja menot porohoitovuonna 2023-2024.\" width=\"460\" height=\"308\" srcset=\"https:\/\/paliskunnat.fi\/py\/wp-content\/uploads\/2025\/02\/porotalouden-tulot-menot-phv-2023-2024.jpg 1100w, https:\/\/paliskunnat.fi\/py\/wp-content\/uploads\/2025\/02\/porotalouden-tulot-menot-phv-2023-2024-300x201.jpg 300w, https:\/\/paliskunnat.fi\/py\/wp-content\/uploads\/2025\/02\/porotalouden-tulot-menot-phv-2023-2024-1024x685.jpg 1024w, https:\/\/paliskunnat.fi\/py\/wp-content\/uploads\/2025\/02\/porotalouden-tulot-menot-phv-2023-2024-768x514.jpg 768w\" sizes=\"auto, (max-width: 460px) 100vw, 460px\" \/><\/a><\/p>\n<p>Kaavio 3 (yll\u00e4). Poronhoitovuoden 2023-2024 tulot ja menot.<\/p>\n<p><a href=\"https:\/\/paliskunnat.fi\/py\/wp-content\/uploads\/2024\/02\/porotalouden-tulot-ja-menot-phv-2022-2023.jpg\" rel=\"lightbox[1105]\"><img loading=\"lazy\" decoding=\"async\" class=\"alignnone wp-image-8109\" src=\"https:\/\/paliskunnat.fi\/py\/wp-content\/uploads\/2024\/02\/porotalouden-tulot-ja-menot-phv-2022-2023.jpg\" alt=\"Porotalouden poronhoitovuoden 2022-2023 tulot ja menot.\" width=\"460\" height=\"308\" srcset=\"https:\/\/paliskunnat.fi\/py\/wp-content\/uploads\/2024\/02\/porotalouden-tulot-ja-menot-phv-2022-2023.jpg 1200w, https:\/\/paliskunnat.fi\/py\/wp-content\/uploads\/2024\/02\/porotalouden-tulot-ja-menot-phv-2022-2023-300x201.jpg 300w, https:\/\/paliskunnat.fi\/py\/wp-content\/uploads\/2024\/02\/porotalouden-tulot-ja-menot-phv-2022-2023-1024x685.jpg 1024w, https:\/\/paliskunnat.fi\/py\/wp-content\/uploads\/2024\/02\/porotalouden-tulot-ja-menot-phv-2022-2023-768x514.jpg 768w\" sizes=\"auto, (max-width: 460px) 100vw, 460px\" \/><\/a><\/p>\n<p>Kaavio 4 (yll\u00e4). Poronhoitovuoden 2022-2023 tulot ja menot.<\/p>\n<p><a href=\"https:\/\/paliskunnat.fi\/py\/wp-content\/uploads\/2023\/03\/porotalouden-tulot-ja-menot-2022.jpg\" rel=\"lightbox[1105]\"><img loading=\"lazy\" decoding=\"async\" class=\"alignnone wp-image-7557\" src=\"https:\/\/paliskunnat.fi\/py\/wp-content\/uploads\/2023\/03\/porotalouden-tulot-ja-menot-2022.jpg\" alt=\"Poronhoitovuoden 2021-2022 tulot ja menot\" width=\"460\" height=\"308\" srcset=\"https:\/\/paliskunnat.fi\/py\/wp-content\/uploads\/2023\/03\/porotalouden-tulot-ja-menot-2022.jpg 1100w, https:\/\/paliskunnat.fi\/py\/wp-content\/uploads\/2023\/03\/porotalouden-tulot-ja-menot-2022-300x201.jpg 300w, https:\/\/paliskunnat.fi\/py\/wp-content\/uploads\/2023\/03\/porotalouden-tulot-ja-menot-2022-1024x685.jpg 1024w, https:\/\/paliskunnat.fi\/py\/wp-content\/uploads\/2023\/03\/porotalouden-tulot-ja-menot-2022-768x514.jpg 768w\" sizes=\"auto, (max-width: 460px) 100vw, 460px\" \/><\/a><\/p>\n<p>Kaavio 5 (yll\u00e4). Poronhoitovuoden 2021-2022 tulot ja menot.<\/p>\n<p><a href=\"https:\/\/paliskunnat.fi\/py\/wp-content\/uploads\/2022\/03\/porotalouden-tulot-menot-2020-2021.jpg\" rel=\"lightbox[1105]\"><img loading=\"lazy\" decoding=\"async\" class=\"alignnone wp-image-7245\" src=\"https:\/\/paliskunnat.fi\/py\/wp-content\/uploads\/2022\/03\/porotalouden-tulot-menot-2020-2021.jpg\" alt=\"Porotalouden tulot ja menot poronhoitovuonna 2010-2021\" width=\"460\" height=\"308\" srcset=\"https:\/\/paliskunnat.fi\/py\/wp-content\/uploads\/2022\/03\/porotalouden-tulot-menot-2020-2021.jpg 1200w, https:\/\/paliskunnat.fi\/py\/wp-content\/uploads\/2022\/03\/porotalouden-tulot-menot-2020-2021-300x201.jpg 300w, https:\/\/paliskunnat.fi\/py\/wp-content\/uploads\/2022\/03\/porotalouden-tulot-menot-2020-2021-1024x685.jpg 1024w, https:\/\/paliskunnat.fi\/py\/wp-content\/uploads\/2022\/03\/porotalouden-tulot-menot-2020-2021-768x514.jpg 768w\" sizes=\"auto, (max-width: 460px) 100vw, 460px\" \/><\/a><\/p>\n<p>Kaavio 6 (yll\u00e4). Poronhoitovuoden 2020-2021 tulot ja menot.<\/p>\n<p><a href=\"https:\/\/paliskunnat.fi\/py\/wp-content\/uploads\/2024\/02\/porotalouden-tulot-menot-phv-2019-2020.jpg\" rel=\"lightbox[1105]\"><img loading=\"lazy\" decoding=\"async\" class=\"alignnone wp-image-8113\" src=\"https:\/\/paliskunnat.fi\/py\/wp-content\/uploads\/2024\/02\/porotalouden-tulot-menot-phv-2019-2020.jpg\" alt=\"Porotalouden tulot ja menot porohoitovuonna 2019-2020.\" width=\"460\" height=\"308\" srcset=\"https:\/\/paliskunnat.fi\/py\/wp-content\/uploads\/2024\/02\/porotalouden-tulot-menot-phv-2019-2020.jpg 1200w, https:\/\/paliskunnat.fi\/py\/wp-content\/uploads\/2024\/02\/porotalouden-tulot-menot-phv-2019-2020-300x201.jpg 300w, https:\/\/paliskunnat.fi\/py\/wp-content\/uploads\/2024\/02\/porotalouden-tulot-menot-phv-2019-2020-1024x685.jpg 1024w, https:\/\/paliskunnat.fi\/py\/wp-content\/uploads\/2024\/02\/porotalouden-tulot-menot-phv-2019-2020-768x514.jpg 768w\" sizes=\"auto, (max-width: 460px) 100vw, 460px\" \/><\/a><\/p>\n<p>Kaavio 7 (yll\u00e4). Poronhoitovuoden 2019-2020 tulot ja menot.<\/p>\n<p><a href=\"https:\/\/paliskunnat.fi\/py\/wp-content\/uploads\/2025\/03\/teuraat-ja-maasuurpetojen-tappamana-loydetyt-porot.jpg\" rel=\"lightbox[1105]\"><img loading=\"lazy\" decoding=\"async\" class=\"alignnone wp-image-8550\" src=\"https:\/\/paliskunnat.fi\/py\/wp-content\/uploads\/2025\/03\/teuraat-ja-maasuurpetojen-tappamana-loydetyt-porot.jpg\" alt=\"Teuraat ja maasuurpetojen tappamana l\u00f6ydetyt porot 1993-2024.\" width=\"460\" height=\"278\" srcset=\"https:\/\/paliskunnat.fi\/py\/wp-content\/uploads\/2025\/03\/teuraat-ja-maasuurpetojen-tappamana-loydetyt-porot.jpg 1200w, https:\/\/paliskunnat.fi\/py\/wp-content\/uploads\/2025\/03\/teuraat-ja-maasuurpetojen-tappamana-loydetyt-porot-300x181.jpg 300w, https:\/\/paliskunnat.fi\/py\/wp-content\/uploads\/2025\/03\/teuraat-ja-maasuurpetojen-tappamana-loydetyt-porot-1024x619.jpg 1024w, https:\/\/paliskunnat.fi\/py\/wp-content\/uploads\/2025\/03\/teuraat-ja-maasuurpetojen-tappamana-loydetyt-porot-768x464.jpg 768w\" sizes=\"auto, (max-width: 460px) 100vw, 460px\" \/><\/a><\/p>\n<p>Kaavio 8 (yll\u00e4). Maasuurpedon tappamina l\u00f6ydettyjen porojen m\u00e4\u00e4r\u00e4 on kasvanut voimakkaasti poronhoitovuodesta 2002-2003 l\u00e4htien. Samaan aikaan teurasporojen m\u00e4\u00e4r\u00e4 on l\u00e4htenyt laskuun. Teuraiden m\u00e4\u00e4r\u00e4 lasketaan poronhoitovuosittain (1. kes\u00e4kuuta &#8211; 31. toukokuuta). Petovahingot ilmoitetaan kalenterivuosittain.<\/p>\n<p>&nbsp;<\/p>\n<p><!--more--><\/p>\n<h2>Porotilastoja<\/h2>\n<p><a href=\"https:\/\/paliskunnat.fi\/data\/a2\/\" target=\"_blank\" rel=\"noopener noreferrer\">Maasuurpetojen<\/a> tappamana l\u00f6ydetyt porot<\/p>\n","protected":false},"excerpt":{"rendered":"<p>Tilastoja<\/p>\n","protected":false},"author":1,"featured_media":0,"parent":179,"menu_order":2,"comment_status":"open","ping_status":"closed","template":"","meta":{"footnotes":""},"class_list":["post-1105","page","type-page","status-publish","hentry"],"_links":{"self":[{"href":"https:\/\/paliskunnat.fi\/py\/wp-json\/wp\/v2\/pages\/1105","targetHints":{"allow":["GET"]}}],"collection":[{"href":"https:\/\/paliskunnat.fi\/py\/wp-json\/wp\/v2\/pages"}],"about":[{"href":"https:\/\/paliskunnat.fi\/py\/wp-json\/wp\/v2\/types\/page"}],"author":[{"embeddable":true,"href":"https:\/\/paliskunnat.fi\/py\/wp-json\/wp\/v2\/users\/1"}],"replies":[{"embeddable":true,"href":"https:\/\/paliskunnat.fi\/py\/wp-json\/wp\/v2\/comments?post=1105"}],"version-history":[{"count":88,"href":"https:\/\/paliskunnat.fi\/py\/wp-json\/wp\/v2\/pages\/1105\/revisions"}],"predecessor-version":[{"id":8757,"href":"https:\/\/paliskunnat.fi\/py\/wp-json\/wp\/v2\/pages\/1105\/revisions\/8757"}],"up":[{"embeddable":true,"href":"https:\/\/paliskunnat.fi\/py\/wp-json\/wp\/v2\/pages\/179"}],"wp:attachment":[{"href":"https:\/\/paliskunnat.fi\/py\/wp-json\/wp\/v2\/media?parent=1105"}],"curies":[{"name":"wp","href":"https:\/\/api.w.org\/{rel}","templated":true}]}}