{"id":1109,"date":"2014-11-18T17:15:50","date_gmt":"2014-11-18T15:15:50","guid":{"rendered":"http:\/\/80.69.171.23\/py\/?page_id=1109"},"modified":"2024-01-04T12:45:19","modified_gmt":"2024-01-04T10:45:19","slug":"esitteet-ja-oppaat","status":"publish","type":"page","link":"https:\/\/paliskunnat.fi\/py\/materiaalit\/esitteet-ja-oppaat\/","title":{"rendered":"Esitteet ja oppaat"},"content":{"rendered":"<h2>Esitteet ja oppaat<\/h2>\n<p>Poronhoidon esitteet ja oppaat on jaoteltu teemoittain kaikille tarkoitettuihin yleisesitteisiin, poromiehille suunnattuihin\u00a0k\u00e4yt\u00e4nn\u00f6n oppaisiin sek\u00e4 maank\u00e4ytt\u00f6\u00f6n liittyviin oppaisiin.<\/p>\n<p>Oppaat kokonaisuudessaan:<\/p>\n<p><a href=\"https:\/\/paliskunnat.fi\/ohjeet_oppaat\">paliskunnat.fi\/ohjeet_oppaat<\/a><\/p>\n<p>&nbsp;<\/p>\n<div class=\"issuuembed\" style=\"width: 460px; height: 500px;\" data-configid=\"35657285\/67584935\"><\/div>\n<p>&nbsp;<\/p>\n<p>&nbsp;<\/p>\n<p>&nbsp;<\/p>\n","protected":false},"excerpt":{"rendered":"<p>Esitteet ja oppaat Poronhoidon esitteet ja oppaat on jaoteltu teemoittain kaikille tarkoitettuihin yleisesitteisiin, poromiehille suunnattuihin\u00a0k\u00e4yt\u00e4nn\u00f6n oppaisiin sek\u00e4 maank\u00e4ytt\u00f6\u00f6n liittyviin oppaisiin. Oppaat kokonaisuudessaan: paliskunnat.fi\/ohjeet_oppaat &nbsp; &nbsp; &nbsp; &nbsp;<\/p>\n","protected":false},"author":1,"featured_media":0,"parent":179,"menu_order":1,"comment_status":"open","ping_status":"closed","template":"","meta":{"footnotes":""},"class_list":["post-1109","page","type-page","status-publish","hentry"],"_links":{"self":[{"href":"https:\/\/paliskunnat.fi\/py\/wp-json\/wp\/v2\/pages\/1109","targetHints":{"allow":["GET"]}}],"collection":[{"href":"https:\/\/paliskunnat.fi\/py\/wp-json\/wp\/v2\/pages"}],"about":[{"href":"https:\/\/paliskunnat.fi\/py\/wp-json\/wp\/v2\/types\/page"}],"author":[{"embeddable":true,"href":"https:\/\/paliskunnat.fi\/py\/wp-json\/wp\/v2\/users\/1"}],"replies":[{"embeddable":true,"href":"https:\/\/paliskunnat.fi\/py\/wp-json\/wp\/v2\/comments?post=1109"}],"version-history":[{"count":47,"href":"https:\/\/paliskunnat.fi\/py\/wp-json\/wp\/v2\/pages\/1109\/revisions"}],"predecessor-version":[{"id":8002,"href":"https:\/\/paliskunnat.fi\/py\/wp-json\/wp\/v2\/pages\/1109\/revisions\/8002"}],"up":[{"embeddable":true,"href":"https:\/\/paliskunnat.fi\/py\/wp-json\/wp\/v2\/pages\/179"}],"wp:attachment":[{"href":"https:\/\/paliskunnat.fi\/py\/wp-json\/wp\/v2\/media?parent=1109"}],"curies":[{"name":"wp","href":"https:\/\/api.w.org\/{rel}","templated":true}]}}