{"id":1147,"date":"2014-11-18T18:42:44","date_gmt":"2014-11-18T16:42:44","guid":{"rendered":"http:\/\/80.69.171.23\/py\/?page_id=1147"},"modified":"2020-07-30T13:30:58","modified_gmt":"2020-07-30T10:30:58","slug":"arkistot","status":"publish","type":"page","link":"https:\/\/paliskunnat.fi\/py\/materiaalit\/arkistot\/","title":{"rendered":"Arkistot"},"content":{"rendered":"<h2>Arkistot<\/h2>\n<p>Paliskuntain yhdistyksen arkistot 1980-luvulta l\u00e4htien l\u00f6ytyv\u00e4t yhdistyksen omista arkistotiloista Rovaniemelt\u00e4.<\/p>\n<p>Oulun maakunta-arkistosta l\u00f6ytyv\u00e4t yhdistyksen vanhemmat aineistot 1930-luvulta alkaen.<\/p>\n<p>Arkistoidut asiakirjat sis\u00e4lt\u00e4v\u00e4t muun muassa paliskuntien toimintakertomuksia, poroluetteloita, Paliskuntain yhdistyksen hallituksen ja edustajakokousten p\u00f6yt\u00e4kirjoja sek\u00e4 poromerkkien kauppakirjoja.<\/p>\n<p><a href=\"https:\/\/paliskunnat.fi\/py\/wp-content\/uploads\/2014\/11\/poromies-lehdet.jpg\" rel=\"lightbox[1147]\"><img loading=\"lazy\" decoding=\"async\" class=\"alignnone wp-image-3744\" src=\"https:\/\/paliskunnat.fi\/py\/wp-content\/uploads\/2014\/11\/poromies-lehdet.jpg\" alt=\"Poromies-lehden vuosikerrat\" width=\"460\" height=\"281\" srcset=\"https:\/\/paliskunnat.fi\/py\/wp-content\/uploads\/2014\/11\/poromies-lehdet.jpg 1000w, https:\/\/paliskunnat.fi\/py\/wp-content\/uploads\/2014\/11\/poromies-lehdet-300x183.jpg 300w\" sizes=\"auto, (max-width: 460px) 100vw, 460px\" \/><\/a><\/p>\n<p>Paliskuntain yhdistyksell\u00e4 on my\u00f6s arkistoituna vanhoja Poromies-lehden vuosikertoja, joihin voi tutustua Paliskuntain yhdistyksen tiloissa. Vanhoja Poromies-lehden vuosikertoja ei lainata talon ulkopuolelle.<\/p>\n<p>Lis\u00e4tietoja Paliskuntain yhdistyksen arkistoista:<br \/>\npuhelin 016 331 6000<\/p>\n<p>Lis\u00e4tietoja: <a href=\"https:\/\/www.arkisto.fi\/fi\/aineistot\/kansallisarkiston-aineistot\/aineistot-ja-niiden-kaytto-5\">Oulun maakunta-arkisto<\/a><\/p>\n<p>&nbsp;<\/p>\n<p>&nbsp;<\/p>\n<p><!--more--><\/p>\n<h2>Arkistojen portti<\/h2>\n<p><a href=\"http:\/\/wiki.narc.fi\/portti\/index.php\/Paliskunnat_ja_poronhoitoyhdistykset\">Paliskunnat ja poronhoitoyhdistykset<\/a><\/p>\n<p>&nbsp;<\/p>\n","protected":false},"excerpt":{"rendered":"<p>Arkistot Paliskuntain yhdistyksen arkistot 1980-luvulta l\u00e4htien l\u00f6ytyv\u00e4t yhdistyksen omista arkistotiloista Rovaniemelt\u00e4. Oulun maakunta-arkistosta l\u00f6ytyv\u00e4t yhdistyksen vanhemmat aineistot 1930-luvulta alkaen. Arkistoidut asiakirjat sis\u00e4lt\u00e4v\u00e4t muun muassa paliskuntien toimintakertomuksia, poroluetteloita, Paliskuntain yhdistyksen hallituksen ja edustajakokousten p\u00f6yt\u00e4kirjoja sek\u00e4 poromerkkien kauppakirjoja. Paliskuntain yhdistyksell\u00e4 on my\u00f6s arkistoituna vanhoja Poromies-lehden vuosikertoja, joihin voi tutustua Paliskuntain yhdistyksen tiloissa. Vanhoja Poromies-lehden vuosikertoja ei lainata [&hellip;]<\/p>\n","protected":false},"author":1,"featured_media":0,"parent":179,"menu_order":3,"comment_status":"open","ping_status":"closed","template":"","meta":{"footnotes":""},"class_list":["post-1147","page","type-page","status-publish","hentry"],"_links":{"self":[{"href":"https:\/\/paliskunnat.fi\/py\/wp-json\/wp\/v2\/pages\/1147","targetHints":{"allow":["GET"]}}],"collection":[{"href":"https:\/\/paliskunnat.fi\/py\/wp-json\/wp\/v2\/pages"}],"about":[{"href":"https:\/\/paliskunnat.fi\/py\/wp-json\/wp\/v2\/types\/page"}],"author":[{"embeddable":true,"href":"https:\/\/paliskunnat.fi\/py\/wp-json\/wp\/v2\/users\/1"}],"replies":[{"embeddable":true,"href":"https:\/\/paliskunnat.fi\/py\/wp-json\/wp\/v2\/comments?post=1147"}],"version-history":[{"count":17,"href":"https:\/\/paliskunnat.fi\/py\/wp-json\/wp\/v2\/pages\/1147\/revisions"}],"predecessor-version":[{"id":6643,"href":"https:\/\/paliskunnat.fi\/py\/wp-json\/wp\/v2\/pages\/1147\/revisions\/6643"}],"up":[{"embeddable":true,"href":"https:\/\/paliskunnat.fi\/py\/wp-json\/wp\/v2\/pages\/179"}],"wp:attachment":[{"href":"https:\/\/paliskunnat.fi\/py\/wp-json\/wp\/v2\/media?parent=1147"}],"curies":[{"name":"wp","href":"https:\/\/api.w.org\/{rel}","templated":true}]}}