{"id":1149,"date":"2014-11-18T18:56:16","date_gmt":"2014-11-18T16:56:16","guid":{"rendered":"http:\/\/80.69.171.23\/py\/?page_id=1149"},"modified":"2022-12-28T12:21:11","modified_gmt":"2022-12-28T10:21:11","slug":"keskeinen-lainsaadanto","status":"publish","type":"page","link":"https:\/\/paliskunnat.fi\/py\/materiaalit\/keskeinen-lainsaadanto\/","title":{"rendered":"Lains\u00e4\u00e4d\u00e4nt\u00f6 ja ohjeet"},"content":{"rendered":"<h2 style=\"text-align: left;\">Keskeinen lains\u00e4\u00e4d\u00e4nt\u00f6 ja ohjeet<\/h2>\n<p style=\"text-align: left;\">Poronhoitolaki\u00a0<a href=\"http:\/\/www.finlex.fi\/fi\/laki\/ajantasa\/1990\/19900848\">(848\/1990)<\/a><\/p>\n<p style=\"text-align: left;\">Poronhoitoasetus\u00a0<a href=\"http:\/\/www.finlex.fi\/fi\/laki\/ajantasa\/1990\/19900883\">(883\/1990)<\/a><\/p>\n<p style=\"text-align: left;\">Laki porotalouden ja luontaiselinkeinojen rakennetuista\u00a0<a href=\"http:\/\/www.finlex.fi\/fi\/laki\/ajantasa\/2011\/20110986\">(896\/2011)<\/a>\u00a0(POLURA). T\u00e4h\u00e4n liittyv\u00e4t asetukset niiden valmistuttua.<\/p>\n<p style=\"text-align: left;\">Laki poronhoitajien sijaisavusta (<a href=\"http:\/\/www.finlex.fi\/fi\/laki\/alkup\/2014\/20141238\">1238\/2014<\/a>)<\/p>\n<p>MMM asetus merkkipiireist\u00e4 ja suurimmista sallituista porom\u00e4\u00e4rist\u00e4 (<a href=\"https:\/\/www.finlex.fi\/fi\/laki\/alkup\/2020\/20200414\">414\/2020<\/a>)<\/p>\n<p>Laki porotaloutta kohdanneiden vahinkojen korvaamisesta <a href=\"http:\/\/www.finlex.fi\/fi\/laki\/ajantasa\/2011\/20110987\">26.8.2011\/987<\/a>\u00a0ja <a href=\"http:\/\/www.finlex.fi\/fi\/laki\/smur\/2016\/20160655\">655\/2016<\/a>\u00a0(Asetus).<\/p>\n<p>&nbsp;<\/p>\n","protected":false},"excerpt":{"rendered":"<p>Keskeinen lains\u00e4\u00e4d\u00e4nt\u00f6 ja ohjeet Poronhoitolaki\u00a0(848\/1990) Poronhoitoasetus\u00a0(883\/1990) Laki porotalouden ja luontaiselinkeinojen rakennetuista\u00a0(896\/2011)\u00a0(POLURA). T\u00e4h\u00e4n liittyv\u00e4t asetukset niiden valmistuttua. Laki poronhoitajien sijaisavusta (1238\/2014) MMM asetus merkkipiireist\u00e4 ja suurimmista sallituista porom\u00e4\u00e4rist\u00e4 (414\/2020) Laki porotaloutta kohdanneiden vahinkojen korvaamisesta 26.8.2011\/987\u00a0ja 655\/2016\u00a0(Asetus). &nbsp;<\/p>\n","protected":false},"author":1,"featured_media":0,"parent":179,"menu_order":4,"comment_status":"open","ping_status":"closed","template":"","meta":{"footnotes":""},"class_list":["post-1149","page","type-page","status-publish","hentry"],"_links":{"self":[{"href":"https:\/\/paliskunnat.fi\/py\/wp-json\/wp\/v2\/pages\/1149","targetHints":{"allow":["GET"]}}],"collection":[{"href":"https:\/\/paliskunnat.fi\/py\/wp-json\/wp\/v2\/pages"}],"about":[{"href":"https:\/\/paliskunnat.fi\/py\/wp-json\/wp\/v2\/types\/page"}],"author":[{"embeddable":true,"href":"https:\/\/paliskunnat.fi\/py\/wp-json\/wp\/v2\/users\/1"}],"replies":[{"embeddable":true,"href":"https:\/\/paliskunnat.fi\/py\/wp-json\/wp\/v2\/comments?post=1149"}],"version-history":[{"count":87,"href":"https:\/\/paliskunnat.fi\/py\/wp-json\/wp\/v2\/pages\/1149\/revisions"}],"predecessor-version":[{"id":7405,"href":"https:\/\/paliskunnat.fi\/py\/wp-json\/wp\/v2\/pages\/1149\/revisions\/7405"}],"up":[{"embeddable":true,"href":"https:\/\/paliskunnat.fi\/py\/wp-json\/wp\/v2\/pages\/179"}],"wp:attachment":[{"href":"https:\/\/paliskunnat.fi\/py\/wp-json\/wp\/v2\/media?parent=1149"}],"curies":[{"name":"wp","href":"https:\/\/api.w.org\/{rel}","templated":true}]}}