{"id":1293,"date":"2014-11-22T19:44:48","date_gmt":"2014-11-22T17:44:48","guid":{"rendered":"http:\/\/80.69.171.23\/py\/?page_id=1293"},"modified":"2023-06-08T10:33:50","modified_gmt":"2023-06-08T07:33:50","slug":"kaldoaivi","status":"publish","type":"page","link":"https:\/\/paliskunnat.fi\/py\/paliskunnat\/paliskuntien-tiedot\/kaldoaivi\/","title":{"rendered":"2 Kaldoaivi"},"content":{"rendered":"<h2>Kaldoaivi<\/h2>\n<p>Porois\u00e4nt\u00e4: L\u00e4nsman Vesa<br \/>\nPuhelin: 040 729 6176<br \/>\nS\u00e4hk\u00f6posti: &#118;&#x65;&#x73;a&#64;&#x6c;&#x75;m&#105;&#x70;o&#114;&#x6f;&#x2e;f&#105;<\/p>\n<p><a href=\"https:\/\/paliskunnat.fi\/py\/wp-content\/uploads\/2014\/11\/2_kaldoaivi.png\" rel=\"lightbox[1293]\"><img loading=\"lazy\" decoding=\"async\" class=\"alignnone wp-image-1294\" src=\"https:\/\/paliskunnat.fi\/py\/wp-content\/uploads\/2014\/11\/2_kaldoaivi.png\" alt=\"2 Kaldoaivi\" width=\"300\" height=\"387\" srcset=\"https:\/\/paliskunnat.fi\/py\/wp-content\/uploads\/2014\/11\/2_kaldoaivi.png 776w, https:\/\/paliskunnat.fi\/py\/wp-content\/uploads\/2014\/11\/2_kaldoaivi-232x300.png 232w\" sizes=\"auto, (max-width: 300px) 100vw, 300px\" \/><\/a><\/p>\n<table style=\"height: 122px;\" width=\"450\">\n<tbody>\n<tr>\n<td>Kotikunta:<\/td>\n<td>Utsjoki<\/td>\n<\/tr>\n<tr>\n<td>Pinta-ala:<\/td>\n<td>2 410,7 km<sup>2<\/sup><\/td>\n<\/tr>\n<tr>\n<td>Suurin sallittu eloporom\u00e4\u00e4r\u00e4:<\/td>\n<td>5 300<\/td>\n<\/tr>\n<tr>\n<td>Poronomistajia:<\/td>\n<td>78<\/td>\n<\/tr>\n<\/tbody>\n<\/table>\n<p>Kaldoaivin paliskunta sijaitsee Suomen valtion pohjoisimmassa osassa Utsjoen kunnan alueella. Paliskunnan rajanaapuri on Norja Tenojoen toisella puolella. Paliskunta kuuluu Utsjoen merkkipiiriin.\u00a0 Sen rajapaliskuntia ovat id\u00e4ss\u00e4 N\u00e4\u00e4t\u00e4m\u00f6, kaakkois-etel\u00e4suunnassa Muddusj\u00e4rvi, lounaassa Muotkatunturi sek\u00e4 l\u00e4nness\u00e4 Paistunturi.<\/p>\n<p>Paliskunnan maapinta-alasta 95,6 % on valtionmaata ja 4,4 % on muiden maanomistajien omistuksessa.<\/p>\n<p>Paliskunnassa on Skalluvaaran, Petsikon ja Njallavaaran erotusaidat sek\u00e4 lis\u00e4ksi Annivaaran ker\u00e4ilyaita. Paliskunta on aidattu ymp\u00e4rilt\u00e4.<\/p>\n<p>Asutus sijoittuu paliskunnan reuna-alueelle: Nuorgam, Utsjoki, Tenojokivarsi sek\u00e4 Utsjokivarsi<\/p>\n","protected":false},"excerpt":{"rendered":"<p>Kaldoaivi<\/p>\n","protected":false},"author":1,"featured_media":0,"parent":420,"menu_order":2,"comment_status":"open","ping_status":"closed","template":"paliskuntasivut.php","meta":{"footnotes":""},"class_list":["post-1293","page","type-page","status-publish","hentry"],"_links":{"self":[{"href":"https:\/\/paliskunnat.fi\/py\/wp-json\/wp\/v2\/pages\/1293","targetHints":{"allow":["GET"]}}],"collection":[{"href":"https:\/\/paliskunnat.fi\/py\/wp-json\/wp\/v2\/pages"}],"about":[{"href":"https:\/\/paliskunnat.fi\/py\/wp-json\/wp\/v2\/types\/page"}],"author":[{"embeddable":true,"href":"https:\/\/paliskunnat.fi\/py\/wp-json\/wp\/v2\/users\/1"}],"replies":[{"embeddable":true,"href":"https:\/\/paliskunnat.fi\/py\/wp-json\/wp\/v2\/comments?post=1293"}],"version-history":[{"count":26,"href":"https:\/\/paliskunnat.fi\/py\/wp-json\/wp\/v2\/pages\/1293\/revisions"}],"predecessor-version":[{"id":7800,"href":"https:\/\/paliskunnat.fi\/py\/wp-json\/wp\/v2\/pages\/1293\/revisions\/7800"}],"up":[{"embeddable":true,"href":"https:\/\/paliskunnat.fi\/py\/wp-json\/wp\/v2\/pages\/420"}],"wp:attachment":[{"href":"https:\/\/paliskunnat.fi\/py\/wp-json\/wp\/v2\/media?parent=1293"}],"curies":[{"name":"wp","href":"https:\/\/api.w.org\/{rel}","templated":true}]}}