{"id":1331,"date":"2014-11-22T21:37:39","date_gmt":"2014-11-22T19:37:39","guid":{"rendered":"http:\/\/80.69.171.23\/py\/?page_id=1331"},"modified":"2024-01-03T05:41:05","modified_gmt":"2024-01-03T03:41:05","slug":"paatsjoki","status":"publish","type":"page","link":"https:\/\/paliskunnat.fi\/py\/paliskunnat\/paliskuntien-tiedot\/paatsjoki\/","title":{"rendered":"6 Paatsjoki"},"content":{"rendered":"<h2>Paatsjoki<\/h2>\n<p>Porois\u00e4nt\u00e4: H\u00e4nninen Petri<br \/>\nPuhelin: 040 019 9798<br \/>\nS\u00e4hk\u00f6posti:\u00a0&#x70;&#x6f;r&#111;&#x6d;&#x69;e&#115;&#x2e;&#x70;e&#116;&#x72;&#x69;&#64;&#103;&#x6d;&#x61;i&#108;&#46;&#x63;&#x6f;m<\/p>\n<p><a href=\"https:\/\/paliskunnat.fi\/py\/wp-content\/uploads\/2014\/11\/6_paatsjoki.png\" rel=\"lightbox[1331]\"><img loading=\"lazy\" decoding=\"async\" class=\"alignnone wp-image-1332\" src=\"https:\/\/paliskunnat.fi\/py\/wp-content\/uploads\/2014\/11\/6_paatsjoki.png\" alt=\"6 Paatsjoki\" width=\"300\" height=\"387\" srcset=\"https:\/\/paliskunnat.fi\/py\/wp-content\/uploads\/2014\/11\/6_paatsjoki.png 776w, https:\/\/paliskunnat.fi\/py\/wp-content\/uploads\/2014\/11\/6_paatsjoki-232x300.png 232w\" sizes=\"auto, (max-width: 300px) 100vw, 300px\" \/><\/a><\/p>\n<table width=\"450\">\n<tbody>\n<tr>\n<td>Kotikunta:<\/td>\n<td>Inari<\/td>\n<\/tr>\n<tr>\n<td>Pinta-ala:<\/td>\n<td>1 056,0 km<sup>2<\/sup><\/td>\n<\/tr>\n<tr>\n<td>Suurin sallittu eloporom\u00e4\u00e4r\u00e4:<\/td>\n<td>1 600<\/td>\n<\/tr>\n<tr>\n<td>Poronomistajia:<\/td>\n<td>5<\/td>\n<\/tr>\n<\/tbody>\n<\/table>\n<p>Paatsjoen paliskunta kuuluu Inarin merkkipiiriin. Paliskunta sijaitsee Inarin kunnan it\u00e4osassa.<\/p>\n<p>Paliskunnan maapinta-alasta 97,7 % on valtionmaata ja 2,3 % on muiden maanomistajien omistuksessa.<\/p>\n<p>Paliskunta rajoittuu pohjoisessa V\u00e4ts\u00e4rin, id\u00e4ss\u00e4 Norjan ja Ven\u00e4j\u00e4n rajaan, etel\u00e4ss\u00e4 Ivalon ja l\u00e4nness\u00e4 Muddusj\u00e4rven paliskuntiin.<\/p>\n<p>&nbsp;<\/p>\n","protected":false},"excerpt":{"rendered":"<p>Paatsjoki Porois\u00e4nt\u00e4: H\u00e4nninen Petri Puhelin: 040 019 9798 S\u00e4hk\u00f6posti:\u00a0&#x70;o&#x72;o&#x6d;i&#x65;&#115;&#x2e;&#112;&#x65;&#116;&#x72;&#105;&#64;&#103;m&#x61;i&#x6c;&#46;&#x63;&#111;&#x6d; Kotikunta: Inari Pinta-ala: 1 056,0 km2 Suurin sallittu eloporom\u00e4\u00e4r\u00e4: 1 600 Poronomistajia: 5 Paatsjoen paliskunta kuuluu Inarin merkkipiiriin. Paliskunta sijaitsee Inarin kunnan it\u00e4osassa. Paliskunnan maapinta-alasta 97,7 % on valtionmaata ja 2,3 % on muiden maanomistajien omistuksessa. Paliskunta rajoittuu pohjoisessa V\u00e4ts\u00e4rin, id\u00e4ss\u00e4 Norjan ja Ven\u00e4j\u00e4n rajaan, etel\u00e4ss\u00e4 [&hellip;]<\/p>\n","protected":false},"author":1,"featured_media":0,"parent":420,"menu_order":6,"comment_status":"open","ping_status":"closed","template":"paliskuntasivut.php","meta":{"footnotes":""},"class_list":["post-1331","page","type-page","status-publish","hentry"],"_links":{"self":[{"href":"https:\/\/paliskunnat.fi\/py\/wp-json\/wp\/v2\/pages\/1331","targetHints":{"allow":["GET"]}}],"collection":[{"href":"https:\/\/paliskunnat.fi\/py\/wp-json\/wp\/v2\/pages"}],"about":[{"href":"https:\/\/paliskunnat.fi\/py\/wp-json\/wp\/v2\/types\/page"}],"author":[{"embeddable":true,"href":"https:\/\/paliskunnat.fi\/py\/wp-json\/wp\/v2\/users\/1"}],"replies":[{"embeddable":true,"href":"https:\/\/paliskunnat.fi\/py\/wp-json\/wp\/v2\/comments?post=1331"}],"version-history":[{"count":22,"href":"https:\/\/paliskunnat.fi\/py\/wp-json\/wp\/v2\/pages\/1331\/revisions"}],"predecessor-version":[{"id":7968,"href":"https:\/\/paliskunnat.fi\/py\/wp-json\/wp\/v2\/pages\/1331\/revisions\/7968"}],"up":[{"embeddable":true,"href":"https:\/\/paliskunnat.fi\/py\/wp-json\/wp\/v2\/pages\/420"}],"wp:attachment":[{"href":"https:\/\/paliskunnat.fi\/py\/wp-json\/wp\/v2\/media?parent=1331"}],"curies":[{"name":"wp","href":"https:\/\/api.w.org\/{rel}","templated":true}]}}