{"id":1338,"date":"2014-11-22T22:00:58","date_gmt":"2014-11-22T20:00:58","guid":{"rendered":"http:\/\/80.69.171.23\/py\/?page_id=1338"},"modified":"2024-01-03T05:42:23","modified_gmt":"2024-01-03T03:42:23","slug":"sallivaara","status":"publish","type":"page","link":"https:\/\/paliskunnat.fi\/py\/paliskunnat\/paliskuntien-tiedot\/sallivaara\/","title":{"rendered":"9 Sallivaara"},"content":{"rendered":"<h2>Sallivaara<\/h2>\n<p>Porois\u00e4nt\u00e4: N\u00e4kk\u00e4l\u00e4j\u00e4rvi Iisko-Henrik<br \/>\nPuhelin: 040 481 7212<br \/>\nS\u00e4hk\u00f6posti: &#115;&#x61;&#108;&#x6c;&#105;&#x76;a&#x61;r&#x61;n&#112;&#x61;&#108;&#x69;&#115;&#x6b;&#117;&#x6e;t&#x61;&#64;&#x67;m&#97;&#x69;&#108;&#x2e;&#99;&#x6f;&#109;<\/p>\n<p><a href=\"https:\/\/paliskunnat.fi\/py\/wp-content\/uploads\/2014\/11\/9_sallivaara1.png\" rel=\"lightbox[1338]\"><img loading=\"lazy\" decoding=\"async\" class=\"alignnone wp-image-1342\" src=\"https:\/\/paliskunnat.fi\/py\/wp-content\/uploads\/2014\/11\/9_sallivaara1.png\" alt=\"9 Sallivaara\" width=\"300\" height=\"387\" srcset=\"https:\/\/paliskunnat.fi\/py\/wp-content\/uploads\/2014\/11\/9_sallivaara1.png 776w, https:\/\/paliskunnat.fi\/py\/wp-content\/uploads\/2014\/11\/9_sallivaara1-232x300.png 232w\" sizes=\"auto, (max-width: 300px) 100vw, 300px\" \/><\/a><\/p>\n<table width=\"450\">\n<tbody>\n<tr>\n<td>Kotikunta:<\/td>\n<td>Inari<\/td>\n<\/tr>\n<tr>\n<td>Pinta-ala:<\/td>\n<td>2 988,8 km<sup>2<\/sup><\/td>\n<\/tr>\n<tr>\n<td>Suurin sallittu eloporom\u00e4\u00e4r\u00e4:<\/td>\n<td>7 500<\/td>\n<\/tr>\n<tr>\n<td>Poronomistajia:<\/td>\n<td>126<\/td>\n<\/tr>\n<\/tbody>\n<\/table>\n<p>Sallivaaran paliskunta kuuluu Inarin merkkipiiriin. Paliskunta sijaitsee Inarin kunnan l\u00e4nsip\u00e4\u00e4ss\u00e4. Paliskunta rajoittuu luoteessa Norjan rajaan, pohjoisessa Muotkatunturin, id\u00e4ss\u00e4 Hammastunturin, etel\u00e4ss\u00e4 Lapin ja Kuivasalmen ja l\u00e4nness\u00e4 N\u00e4kk\u00e4l\u00e4n paliskuntiin.<\/p>\n<p>Paliskunnan maapinta-alasta 98,2 % on valtionmaata ja 1,8 % on muiden maanomistajien omistuksessa. Paliskunta sijaitsee suurimmalta osaltaan Lemmenjoen kansallispuistossa ja Hammastunturin er\u00e4maa-alueella.<\/p>\n<p>Paliskunnan p\u00e4\u00e4erotusaita on Hirvassalmella. Toinen keskeinen erotusaita sijaitsee Lismassa. Vasanmerkint\u00e4aidat ovat Peltotunturissa ja Marastossa.<\/p>\n<p>Paliskunnan poromiehet asuvat Lemmenjoen, Menesj\u00e4rven, Kutturan, Lisman, Repojoen ja Ivalonmatin kyliss\u00e4. Lisman kyl\u00e4 sijaitsee kokonaisuudessaan kansallispuiston sis\u00e4ll\u00e4.<\/p>\n","protected":false},"excerpt":{"rendered":"<p>Sallivaara Porois\u00e4nt\u00e4: N\u00e4kk\u00e4l\u00e4j\u00e4rvi Iisko-Henrik Puhelin: 040 481 7212 S\u00e4hk\u00f6posti: &#115;&#97;&#x6c;l&#105;&#x76;&#x61;a&#114;&#x61;&#x6e;p&#97;&#x6c;i&#115;&#x6b;&#x75;n&#116;&#x61;&#x40;g&#109;&#x61;i&#108;&#x2e;&#x63;o&#109; Kotikunta: Inari Pinta-ala: 2 988,8 km2 Suurin sallittu eloporom\u00e4\u00e4r\u00e4: 7 500 Poronomistajia: 126 Sallivaaran paliskunta kuuluu Inarin merkkipiiriin. Paliskunta sijaitsee Inarin kunnan l\u00e4nsip\u00e4\u00e4ss\u00e4. Paliskunta rajoittuu luoteessa Norjan rajaan, pohjoisessa Muotkatunturin, id\u00e4ss\u00e4 Hammastunturin, etel\u00e4ss\u00e4 Lapin ja Kuivasalmen ja l\u00e4nness\u00e4 N\u00e4kk\u00e4l\u00e4n paliskuntiin. Paliskunnan maapinta-alasta 98,2 % on [&hellip;]<\/p>\n","protected":false},"author":1,"featured_media":0,"parent":420,"menu_order":9,"comment_status":"open","ping_status":"closed","template":"paliskuntasivut.php","meta":{"footnotes":""},"class_list":["post-1338","page","type-page","status-publish","hentry"],"_links":{"self":[{"href":"https:\/\/paliskunnat.fi\/py\/wp-json\/wp\/v2\/pages\/1338","targetHints":{"allow":["GET"]}}],"collection":[{"href":"https:\/\/paliskunnat.fi\/py\/wp-json\/wp\/v2\/pages"}],"about":[{"href":"https:\/\/paliskunnat.fi\/py\/wp-json\/wp\/v2\/types\/page"}],"author":[{"embeddable":true,"href":"https:\/\/paliskunnat.fi\/py\/wp-json\/wp\/v2\/users\/1"}],"replies":[{"embeddable":true,"href":"https:\/\/paliskunnat.fi\/py\/wp-json\/wp\/v2\/comments?post=1338"}],"version-history":[{"count":24,"href":"https:\/\/paliskunnat.fi\/py\/wp-json\/wp\/v2\/pages\/1338\/revisions"}],"predecessor-version":[{"id":7970,"href":"https:\/\/paliskunnat.fi\/py\/wp-json\/wp\/v2\/pages\/1338\/revisions\/7970"}],"up":[{"embeddable":true,"href":"https:\/\/paliskunnat.fi\/py\/wp-json\/wp\/v2\/pages\/420"}],"wp:attachment":[{"href":"https:\/\/paliskunnat.fi\/py\/wp-json\/wp\/v2\/media?parent=1338"}],"curies":[{"name":"wp","href":"https:\/\/api.w.org\/{rel}","templated":true}]}}