{"id":1356,"date":"2014-11-22T22:56:36","date_gmt":"2014-11-22T20:56:36","guid":{"rendered":"http:\/\/80.69.171.23\/py\/?page_id=1356"},"modified":"2024-01-03T05:45:04","modified_gmt":"2024-01-03T03:45:04","slug":"muonio","status":"publish","type":"page","link":"https:\/\/paliskunnat.fi\/py\/paliskunnat\/paliskuntien-tiedot\/muonio\/","title":{"rendered":"13 Muonio"},"content":{"rendered":"<h2>Muonio<\/h2>\n<p>Porois\u00e4nt\u00e4: Kurki Vili<br \/>\nPuhelin: 040 083 3373<br \/>\nS\u00e4hk\u00f6posti: &#x76;&#x69;&#108;&#105;&#107;u&#x72;&#x6b;&#x69;&#64;&#103;ma&#x69;&#x6c;&#x2e;&#99;&#111;m<\/p>\n<p><a href=\"https:\/\/paliskunnat.fi\/py\/wp-content\/uploads\/2014\/11\/13_muonio.png\" rel=\"lightbox[1356]\"><img loading=\"lazy\" decoding=\"async\" class=\"alignnone wp-image-1358\" src=\"https:\/\/paliskunnat.fi\/py\/wp-content\/uploads\/2014\/11\/13_muonio.png\" alt=\"13 Muonio\" width=\"300\" height=\"387\" srcset=\"https:\/\/paliskunnat.fi\/py\/wp-content\/uploads\/2014\/11\/13_muonio.png 776w, https:\/\/paliskunnat.fi\/py\/wp-content\/uploads\/2014\/11\/13_muonio-232x300.png 232w\" sizes=\"auto, (max-width: 300px) 100vw, 300px\" \/><\/a><\/p>\n<table width=\"450\">\n<tbody>\n<tr>\n<td>Kotikunta:<\/td>\n<td>Muonio<\/td>\n<\/tr>\n<tr>\n<td>Pinta-ala:<\/td>\n<td>2 666,4 km<sup>2<\/sup><\/td>\n<\/tr>\n<tr>\n<td>Suurin sallittu eloporom\u00e4\u00e4r\u00e4:<\/td>\n<td>6 000<\/td>\n<\/tr>\n<tr>\n<td>Poronomistajia:<\/td>\n<td>127<\/td>\n<\/tr>\n<\/tbody>\n<\/table>\n<p>Muonion paliskunta kuuluu Pallastunturin merkkipiiriin. Paliskunta sijaitsee Muonion kunnan lis\u00e4ksi (80 % paliskunnasta) Kolarin ja Kittil\u00e4n kuntien alueilla.<\/p>\n<p>Paliskunta rajoittuu l\u00e4nness\u00e4 Ruotsin rajaan, pohjoisessa N\u00e4kk\u00e4l\u00e4n, id\u00e4ss\u00e4 Kyr\u00f6n ja Alakyl\u00e4n ja etel\u00e4ss\u00e4 Kolarin paliskuntiin.<\/p>\n<p>Paliskunnan maapinta-alasta 66,5 % on valtionmaata ja 33,5 % on muiden maanomistajien omistuksessa. Paliskunnan koillis- ja it\u00e4osassa on Pallas-Yll\u00e4stunturin kansallispuisto.<\/p>\n<p>Paliskunnan p\u00e4\u00e4erotusaita on Lamumaa, jossa on my\u00f6s laaja sy\u00f6tt\u00f6aita. Muita erotusaitoja ovat Sainkangas, Rautuvaara, K\u00e4kivaara, Ahvenkielinen, Hangasmaa, Luusunselk\u00e4, Juutilainen ja Tiuraselk\u00e4.<\/p>\n<p>Paliskunnan alueella on kaksi suurta matkailukeskusta \u00c4k\u00e4slompolo-Yll\u00e4stunturi ja Olostunturi. Oloksen matkailukeskuksessa on tuulipuisto ja Kolarin Hannukaiseen on suunnitteilla rautakaivos.<\/p>\n<p>Asutus keskittyy Muonionjokivarteen ja valtatien 21 l\u00e4hell\u00e4 oleviin kyliin. Asutus on vahvinta Muoniossa, joka sijaitsee paliskunnan keskivaiheilla.<\/p>\n<p>&nbsp;<\/p>\n<p>&nbsp;<\/p>\n","protected":false},"excerpt":{"rendered":"<p>Muonio Porois\u00e4nt\u00e4: Kurki Vili Puhelin: 040 083 3373 S\u00e4hk\u00f6posti: &#x76;&#x69;&#x6c;&#x69;&#x6b;&#x75;&#x72;&#x6b;&#x69;&#x40;&#x67;&#x6d;&#x61;&#x69;&#108;&#46;&#99;&#111;&#109; Kotikunta: Muonio Pinta-ala: 2 666,4 km2 Suurin sallittu eloporom\u00e4\u00e4r\u00e4: 6 000 Poronomistajia: 127 Muonion paliskunta kuuluu Pallastunturin merkkipiiriin. Paliskunta sijaitsee Muonion kunnan lis\u00e4ksi (80 % paliskunnasta) Kolarin ja Kittil\u00e4n kuntien alueilla. Paliskunta rajoittuu l\u00e4nness\u00e4 Ruotsin rajaan, pohjoisessa N\u00e4kk\u00e4l\u00e4n, id\u00e4ss\u00e4 Kyr\u00f6n ja Alakyl\u00e4n ja etel\u00e4ss\u00e4 Kolarin [&hellip;]<\/p>\n","protected":false},"author":1,"featured_media":0,"parent":420,"menu_order":13,"comment_status":"open","ping_status":"closed","template":"paliskuntasivut.php","meta":{"footnotes":""},"class_list":["post-1356","page","type-page","status-publish","hentry"],"_links":{"self":[{"href":"https:\/\/paliskunnat.fi\/py\/wp-json\/wp\/v2\/pages\/1356","targetHints":{"allow":["GET"]}}],"collection":[{"href":"https:\/\/paliskunnat.fi\/py\/wp-json\/wp\/v2\/pages"}],"about":[{"href":"https:\/\/paliskunnat.fi\/py\/wp-json\/wp\/v2\/types\/page"}],"author":[{"embeddable":true,"href":"https:\/\/paliskunnat.fi\/py\/wp-json\/wp\/v2\/users\/1"}],"replies":[{"embeddable":true,"href":"https:\/\/paliskunnat.fi\/py\/wp-json\/wp\/v2\/comments?post=1356"}],"version-history":[{"count":24,"href":"https:\/\/paliskunnat.fi\/py\/wp-json\/wp\/v2\/pages\/1356\/revisions"}],"predecessor-version":[{"id":7974,"href":"https:\/\/paliskunnat.fi\/py\/wp-json\/wp\/v2\/pages\/1356\/revisions\/7974"}],"up":[{"embeddable":true,"href":"https:\/\/paliskunnat.fi\/py\/wp-json\/wp\/v2\/pages\/420"}],"wp:attachment":[{"href":"https:\/\/paliskunnat.fi\/py\/wp-json\/wp\/v2\/media?parent=1356"}],"curies":[{"name":"wp","href":"https:\/\/api.w.org\/{rel}","templated":true}]}}