{"id":1362,"date":"2014-11-22T23:02:01","date_gmt":"2014-11-22T21:02:01","guid":{"rendered":"http:\/\/80.69.171.23\/py\/?page_id=1362"},"modified":"2024-01-03T05:45:36","modified_gmt":"2024-01-03T03:45:36","slug":"kyro","status":"publish","type":"page","link":"https:\/\/paliskunnat.fi\/py\/paliskunnat\/paliskuntien-tiedot\/kyro\/","title":{"rendered":"14 Kyr\u00f6"},"content":{"rendered":"<h2>Kyr\u00f6<\/h2>\n<p>Porois\u00e4nt\u00e4: Autto Juuso<br \/>\nPuhelin: 040 537 1289<br \/>\nS\u00e4hk\u00f6posti: j&#117;&#x75;&#x73;o&#46;&#97;&#x75;&#x74;t&#111;&#64;&#x79;&#x61;h&#111;&#x6f;&#x2e;&#x63;o&#109;<\/p>\n<p><a href=\"https:\/\/paliskunnat.fi\/py\/wp-content\/uploads\/2014\/11\/14_kyro1.png\" rel=\"lightbox[1362]\"><img loading=\"lazy\" decoding=\"async\" class=\"alignnone wp-image-1365\" src=\"https:\/\/paliskunnat.fi\/py\/wp-content\/uploads\/2014\/11\/14_kyro1.png\" alt=\"14 Kyr\u00f6\" width=\"300\" height=\"387\" srcset=\"https:\/\/paliskunnat.fi\/py\/wp-content\/uploads\/2014\/11\/14_kyro1.png 776w, https:\/\/paliskunnat.fi\/py\/wp-content\/uploads\/2014\/11\/14_kyro1-232x300.png 232w\" sizes=\"auto, (max-width: 300px) 100vw, 300px\" \/><\/a><\/p>\n<table width=\"450\">\n<tbody>\n<tr>\n<td>Kotikunta:<\/td>\n<td>Kittil\u00e4<\/td>\n<\/tr>\n<tr>\n<td>Pinta-ala:<\/td>\n<td>1 721,6 km<sup>2<\/sup><\/td>\n<\/tr>\n<tr>\n<td>Suurin sallittu eloporom\u00e4\u00e4r\u00e4:<\/td>\n<td>3 500<\/td>\n<\/tr>\n<tr>\n<td>Poronomistajia:<\/td>\n<td>87<\/td>\n<\/tr>\n<\/tbody>\n<\/table>\n<p>Kyr\u00f6n paliskunta kuuluu Pallastunturin merkkipiiriin. Paliskunta sijaitsee Kittil\u00e4n kunnassa, ulottuen l\u00e4nsiosistaan my\u00f6s Muonion kunnan alueelle. Paliskunta rajoittuu pohjoisessa N\u00e4kk\u00e4l\u00e4n, id\u00e4ss\u00e4 Kuivasalmen, etel\u00e4ss\u00e4 Alakyl\u00e4n ja l\u00e4nness\u00e4 Muonion paliskuntiin.<\/p>\n<p>Paliskunnan pohjoisosassa sijaitsee Raakevuoman soidensuojelualue ja l\u00e4nsiosassa Pallastunturi, joka on osa vuonna 2005 perustettua Pallas-Yll\u00e4stunturin 1020 km\u00b2:n suuruista kansallispuistoa.<\/p>\n<p>Paliskunnan maapinta-alasta 80,2 % on valtionmaata ja 19,8 % on muiden maanomistajien omistuksessa.<\/p>\n","protected":false},"excerpt":{"rendered":"<p>Kyr\u00f6 Porois\u00e4nt\u00e4: Autto Juuso Puhelin: 040 537 1289 S\u00e4hk\u00f6posti: &#x6a;&#x75;&#x75;&#x73;&#111;&#46;&#97;ut&#x74;&#x6f;&#x40;&#x79;&#x61;&#104;&#111;&#111;&#46;c&#x6f;&#x6d; Kotikunta: Kittil\u00e4 Pinta-ala: 1 721,6 km2 Suurin sallittu eloporom\u00e4\u00e4r\u00e4: 3 500 Poronomistajia: 87 Kyr\u00f6n paliskunta kuuluu Pallastunturin merkkipiiriin. Paliskunta sijaitsee Kittil\u00e4n kunnassa, ulottuen l\u00e4nsiosistaan my\u00f6s Muonion kunnan alueelle. Paliskunta rajoittuu pohjoisessa N\u00e4kk\u00e4l\u00e4n, id\u00e4ss\u00e4 Kuivasalmen, etel\u00e4ss\u00e4 Alakyl\u00e4n ja l\u00e4nness\u00e4 Muonion paliskuntiin. Paliskunnan pohjoisosassa sijaitsee Raakevuoman soidensuojelualue [&hellip;]<\/p>\n","protected":false},"author":1,"featured_media":0,"parent":420,"menu_order":14,"comment_status":"open","ping_status":"closed","template":"paliskuntasivut.php","meta":{"footnotes":""},"class_list":["post-1362","page","type-page","status-publish","hentry"],"_links":{"self":[{"href":"https:\/\/paliskunnat.fi\/py\/wp-json\/wp\/v2\/pages\/1362","targetHints":{"allow":["GET"]}}],"collection":[{"href":"https:\/\/paliskunnat.fi\/py\/wp-json\/wp\/v2\/pages"}],"about":[{"href":"https:\/\/paliskunnat.fi\/py\/wp-json\/wp\/v2\/types\/page"}],"author":[{"embeddable":true,"href":"https:\/\/paliskunnat.fi\/py\/wp-json\/wp\/v2\/users\/1"}],"replies":[{"embeddable":true,"href":"https:\/\/paliskunnat.fi\/py\/wp-json\/wp\/v2\/comments?post=1362"}],"version-history":[{"count":19,"href":"https:\/\/paliskunnat.fi\/py\/wp-json\/wp\/v2\/pages\/1362\/revisions"}],"predecessor-version":[{"id":7975,"href":"https:\/\/paliskunnat.fi\/py\/wp-json\/wp\/v2\/pages\/1362\/revisions\/7975"}],"up":[{"embeddable":true,"href":"https:\/\/paliskunnat.fi\/py\/wp-json\/wp\/v2\/pages\/420"}],"wp:attachment":[{"href":"https:\/\/paliskunnat.fi\/py\/wp-json\/wp\/v2\/media?parent=1362"}],"curies":[{"name":"wp","href":"https:\/\/api.w.org\/{rel}","templated":true}]}}