{"id":1369,"date":"2014-11-22T23:07:13","date_gmt":"2014-11-22T21:07:13","guid":{"rendered":"http:\/\/80.69.171.23\/py\/?page_id=1369"},"modified":"2024-01-03T05:41:42","modified_gmt":"2024-01-03T03:41:42","slug":"hammastunturi","status":"publish","type":"page","link":"https:\/\/paliskunnat.fi\/py\/paliskunnat\/paliskuntien-tiedot\/hammastunturi\/","title":{"rendered":"8 Hammastunturi"},"content":{"rendered":"<h2>Hammastunturi<\/h2>\n<p>Porois\u00e4nt\u00e4: Haataja Jarmo<br \/>\nPuhelin: 0400 151 712<br \/>\nS\u00e4hk\u00f6posti: &#104;&#97;&#x6d;m&#97;&#x73;&#x74;u&#110;&#x74;&#x75;r&#105;&#x6e;p&#108;&#x6b;&#x40;g&#109;&#x61;&#x69;l&#46;&#x63;o&#109;<\/p>\n<p><a href=\"https:\/\/paliskunnat.fi\/py\/wp-content\/uploads\/2014\/11\/8_hammastunturi1.png\" rel=\"lightbox[1369]\"><img loading=\"lazy\" decoding=\"async\" class=\"alignnone wp-image-1373\" src=\"https:\/\/paliskunnat.fi\/py\/wp-content\/uploads\/2014\/11\/8_hammastunturi1.png\" alt=\"8 Hammastunturi\" width=\"300\" height=\"387\" srcset=\"https:\/\/paliskunnat.fi\/py\/wp-content\/uploads\/2014\/11\/8_hammastunturi1.png 776w, https:\/\/paliskunnat.fi\/py\/wp-content\/uploads\/2014\/11\/8_hammastunturi1-232x300.png 232w\" sizes=\"auto, (max-width: 300px) 100vw, 300px\" \/><\/a><\/p>\n<table width=\"450\">\n<tbody>\n<tr>\n<td>Kotikunta:<\/td>\n<td>Inari<\/td>\n<\/tr>\n<tr>\n<td>Pinta-ala:<\/td>\n<td>2 487,2 km<sup>2<\/sup><\/td>\n<\/tr>\n<tr>\n<td>Suurin sallittu eloporom\u00e4\u00e4r\u00e4:<\/td>\n<td>5 500<\/td>\n<\/tr>\n<tr>\n<td>Poronomistajia:<\/td>\n<td>81<\/td>\n<\/tr>\n<\/tbody>\n<\/table>\n<p>Hammastunturin paliskunta kuuluu Inarin merkkipiiriin. Paliskunta sijaitsee Inarin kunnan etel\u00e4osassa. Paliskunta rajoittuu pohjoisessa Muddusj\u00e4rven, id\u00e4ss\u00e4 Ivalon, etel\u00e4ss\u00e4 Lapin, l\u00e4nness\u00e4 Sallivaaran ja luoteessa Muotkatunturin paliskuntiin.<\/p>\n<p>Paliskunnan maapinta-alasta 83,5 % on valtionmaata ja 16,5 % on muiden maanomistajien omistuksessa.<\/p>\n<p>&nbsp;<\/p>\n","protected":false},"excerpt":{"rendered":"<p>Hammastunturi Porois\u00e4nt\u00e4: Haataja Jarmo Puhelin: 0400 151 712 S\u00e4hk\u00f6posti: &#104;a&#x6d;m&#x61;s&#x74;u&#x6e;t&#x75;r&#x69;&#110;&#x70;&#108;&#x6b;&#64;&#x67;&#109;&#x61;&#105;&#x6c;&#46;&#x63;&#111;m Kotikunta: Inari Pinta-ala: 2 487,2 km2 Suurin sallittu eloporom\u00e4\u00e4r\u00e4: 5 500 Poronomistajia: 81 Hammastunturin paliskunta kuuluu Inarin merkkipiiriin. Paliskunta sijaitsee Inarin kunnan etel\u00e4osassa. Paliskunta rajoittuu pohjoisessa Muddusj\u00e4rven, id\u00e4ss\u00e4 Ivalon, etel\u00e4ss\u00e4 Lapin, l\u00e4nness\u00e4 Sallivaaran ja luoteessa Muotkatunturin paliskuntiin. Paliskunnan maapinta-alasta 83,5 % on valtionmaata ja 16,5 [&hellip;]<\/p>\n","protected":false},"author":1,"featured_media":0,"parent":420,"menu_order":8,"comment_status":"open","ping_status":"closed","template":"paliskuntasivut.php","meta":{"footnotes":""},"class_list":["post-1369","page","type-page","status-publish","hentry"],"_links":{"self":[{"href":"https:\/\/paliskunnat.fi\/py\/wp-json\/wp\/v2\/pages\/1369","targetHints":{"allow":["GET"]}}],"collection":[{"href":"https:\/\/paliskunnat.fi\/py\/wp-json\/wp\/v2\/pages"}],"about":[{"href":"https:\/\/paliskunnat.fi\/py\/wp-json\/wp\/v2\/types\/page"}],"author":[{"embeddable":true,"href":"https:\/\/paliskunnat.fi\/py\/wp-json\/wp\/v2\/users\/1"}],"replies":[{"embeddable":true,"href":"https:\/\/paliskunnat.fi\/py\/wp-json\/wp\/v2\/comments?post=1369"}],"version-history":[{"count":20,"href":"https:\/\/paliskunnat.fi\/py\/wp-json\/wp\/v2\/pages\/1369\/revisions"}],"predecessor-version":[{"id":7969,"href":"https:\/\/paliskunnat.fi\/py\/wp-json\/wp\/v2\/pages\/1369\/revisions\/7969"}],"up":[{"embeddable":true,"href":"https:\/\/paliskunnat.fi\/py\/wp-json\/wp\/v2\/pages\/420"}],"wp:attachment":[{"href":"https:\/\/paliskunnat.fi\/py\/wp-json\/wp\/v2\/media?parent=1369"}],"curies":[{"name":"wp","href":"https:\/\/api.w.org\/{rel}","templated":true}]}}