{"id":1375,"date":"2014-11-22T23:14:54","date_gmt":"2014-11-22T21:14:54","guid":{"rendered":"http:\/\/80.69.171.23\/py\/?page_id=1375"},"modified":"2024-01-03T05:37:59","modified_gmt":"2024-01-03T03:37:59","slug":"ivalo","status":"publish","type":"page","link":"https:\/\/paliskunnat.fi\/py\/paliskunnat\/paliskuntien-tiedot\/ivalo\/","title":{"rendered":"7 Ivalo"},"content":{"rendered":"<h2>Ivalo<\/h2>\n<p>Porois\u00e4nt\u00e4: Kustula Niko<br \/>\nPuhelin: 040 844 6247<br \/>\nS\u00e4hk\u00f6posti: &#x69;&#118;a&#x6c;&#x6f;&#110;p&#x6c;&#107;&#64;&#x67;&#x6d;&#97;i&#x6c;&#46;c&#x6f;&#x6d;<\/p>\n<p><a href=\"https:\/\/paliskunnat.fi\/py\/wp-content\/uploads\/2014\/11\/7_ivalo.png\" rel=\"lightbox[1375]\"><img loading=\"lazy\" decoding=\"async\" class=\"alignnone wp-image-1376\" src=\"https:\/\/paliskunnat.fi\/py\/wp-content\/uploads\/2014\/11\/7_ivalo.png\" alt=\"7 Ivalo\" width=\"300\" height=\"387\" srcset=\"https:\/\/paliskunnat.fi\/py\/wp-content\/uploads\/2014\/11\/7_ivalo.png 776w, https:\/\/paliskunnat.fi\/py\/wp-content\/uploads\/2014\/11\/7_ivalo-232x300.png 232w\" sizes=\"auto, (max-width: 300px) 100vw, 300px\" \/><\/a><\/p>\n<table width=\"450\">\n<tbody>\n<tr>\n<td>Kotikunta:<\/td>\n<td>Inari<\/td>\n<\/tr>\n<tr>\n<td>Pinta-ala:<\/td>\n<td>2 825,6 km<sup>2<\/sup><\/td>\n<\/tr>\n<tr>\n<td>Suurin sallittu eloporom\u00e4\u00e4r\u00e4:<\/td>\n<td>6 000<\/td>\n<\/tr>\n<tr>\n<td>Poronomistajia:<\/td>\n<td>87<\/td>\n<\/tr>\n<\/tbody>\n<\/table>\n<p>Ivalon paliskunta kuuluu Inarin merkkipiiriin. Paliskunta sijaitsee Inarin kunnan etel\u00e4osassa. It\u00e4naapurina on Ven\u00e4j\u00e4, etel\u00e4ss\u00e4 Lapin, l\u00e4nness\u00e4 Hammastunturin ja pohjoisessa Paatsjoen paliskunta.<\/p>\n<p>Maanomistus paliskunnan alueella on suurimmaksi osaksi Valtion hallinnoimaa. Lis\u00e4ksi on yhteismets\u00e4n ja yksityisten maita. Paliskunnan maapinta-alasta 90,2 % on valtionmaata ja 9,8 % on muiden maanomistajien omistuksessa. Paliskunnan alueella sijaitsee Saarisel\u00e4n matkailukeskus. Lis\u00e4ksi alueella sijaitsee UKK-puistosta osa.<\/p>\n<p>Porojen k\u00e4sittelypaikkoja ovat Moitakuru, Juurakkomaa, Kettuj\u00e4rvi, Martinj\u00e4rvi, Mutalampi ja Pet\u00e4j\u00e4j\u00e4rvi, Kostiatalasvaara. Lis\u00e4ksi voidaan vuokrata Rajajoosepin erotusaita Lapin paliskunnalta.<\/p>\n<p>Paliskunnan alueelle sijaitsevat Ivalon, T\u00f6rm\u00e4sen, Akuj\u00e4rven, Kev\u00e4j\u00e4rven, Veskoniemen, Nellimin ja Saarisel\u00e4n kyl\u00e4t. Poromiehi\u00e4 asuu l\u00e4hes joka kyl\u00e4ss\u00e4.<\/p>\n<p><!--more--><\/p>\n<h2>Maastoruokinta Ivalon paliskunnassa<\/h2>\n<p>Ivalon paliskunnan etel\u00e4- ja keskiosan porojen maastoruokinta (<a href=\"https:\/\/www.youtube.com\/watch?v=NpKRrJz-kvM\">Youtube<\/a>).\u00a0Rovaniemen ammattikorkeakoulu pLAB &#8211; julkaistu 3\/2013.<\/p>\n<p>&nbsp;<\/p>\n","protected":false},"excerpt":{"rendered":"<p>Ivalo Porois\u00e4nt\u00e4: Kustula Niko Puhelin: 040 844 6247 S\u00e4hk\u00f6posti: ival&#111;&#110;&#112;&#108;&#107;&#x40;&#x67;&#x6d;&#x61;&#x69;&#x6c;&#x2e;com Kotikunta: Inari Pinta-ala: 2 825,6 km2 Suurin sallittu eloporom\u00e4\u00e4r\u00e4: 6 000 Poronomistajia: 87 Ivalon paliskunta kuuluu Inarin merkkipiiriin. Paliskunta sijaitsee Inarin kunnan etel\u00e4osassa. It\u00e4naapurina on Ven\u00e4j\u00e4, etel\u00e4ss\u00e4 Lapin, l\u00e4nness\u00e4 Hammastunturin ja pohjoisessa Paatsjoen paliskunta. Maanomistus paliskunnan alueella on suurimmaksi osaksi Valtion hallinnoimaa. Lis\u00e4ksi on yhteismets\u00e4n [&hellip;]<\/p>\n","protected":false},"author":1,"featured_media":0,"parent":420,"menu_order":7,"comment_status":"open","ping_status":"closed","template":"paliskuntasivut.php","meta":{"footnotes":""},"class_list":["post-1375","page","type-page","status-publish","hentry"],"_links":{"self":[{"href":"https:\/\/paliskunnat.fi\/py\/wp-json\/wp\/v2\/pages\/1375","targetHints":{"allow":["GET"]}}],"collection":[{"href":"https:\/\/paliskunnat.fi\/py\/wp-json\/wp\/v2\/pages"}],"about":[{"href":"https:\/\/paliskunnat.fi\/py\/wp-json\/wp\/v2\/types\/page"}],"author":[{"embeddable":true,"href":"https:\/\/paliskunnat.fi\/py\/wp-json\/wp\/v2\/users\/1"}],"replies":[{"embeddable":true,"href":"https:\/\/paliskunnat.fi\/py\/wp-json\/wp\/v2\/comments?post=1375"}],"version-history":[{"count":25,"href":"https:\/\/paliskunnat.fi\/py\/wp-json\/wp\/v2\/pages\/1375\/revisions"}],"predecessor-version":[{"id":7966,"href":"https:\/\/paliskunnat.fi\/py\/wp-json\/wp\/v2\/pages\/1375\/revisions\/7966"}],"up":[{"embeddable":true,"href":"https:\/\/paliskunnat.fi\/py\/wp-json\/wp\/v2\/pages\/420"}],"wp:attachment":[{"href":"https:\/\/paliskunnat.fi\/py\/wp-json\/wp\/v2\/media?parent=1375"}],"curies":[{"name":"wp","href":"https:\/\/api.w.org\/{rel}","templated":true}]}}