{"id":1383,"date":"2014-11-22T23:28:51","date_gmt":"2014-11-22T21:28:51","guid":{"rendered":"http:\/\/80.69.171.23\/py\/?page_id=1383"},"modified":"2024-01-03T05:48:04","modified_gmt":"2024-01-03T03:48:04","slug":"sattasniemi","status":"publish","type":"page","link":"https:\/\/paliskunnat.fi\/py\/paliskunnat\/paliskuntien-tiedot\/sattasniemi\/","title":{"rendered":"17 Sattasniemi"},"content":{"rendered":"<h2>Sattasniemi<\/h2>\n<p>Porois\u00e4nt\u00e4: Riipi Matti<br \/>\nPuhelin: 040 706 6832<br \/>\nS\u00e4hk\u00f6posti: &#x73;a&#x74;&#116;&#x61;&#115;n&#x69;e&#x6d;&#105;&#x6d;&#97;t&#x74;&#105;&#x40;&#103;m&#x61;i&#x6c;&#46;&#x63;&#111;m<\/p>\n<p><a href=\"https:\/\/paliskunnat.fi\/py\/wp-content\/uploads\/2014\/11\/17_sattasniemi.png\" rel=\"lightbox[1383]\"><img loading=\"lazy\" decoding=\"async\" class=\"alignnone wp-image-1385\" src=\"https:\/\/paliskunnat.fi\/py\/wp-content\/uploads\/2014\/11\/17_sattasniemi.png\" alt=\"17 Sattasniemi\" width=\"300\" height=\"387\" srcset=\"https:\/\/paliskunnat.fi\/py\/wp-content\/uploads\/2014\/11\/17_sattasniemi.png 776w, https:\/\/paliskunnat.fi\/py\/wp-content\/uploads\/2014\/11\/17_sattasniemi-232x300.png 232w\" sizes=\"auto, (max-width: 300px) 100vw, 300px\" \/><\/a><\/p>\n<table width=\"450\">\n<tbody>\n<tr>\n<td>Kotikunta:<\/td>\n<td>Sodankyl\u00e4<\/td>\n<\/tr>\n<tr>\n<td>Pinta-ala:<\/td>\n<td>2 431,9 km<sup>2<\/sup><\/td>\n<\/tr>\n<tr>\n<td>Suurin sallittu eloporom\u00e4\u00e4r\u00e4:<\/td>\n<td>5 300<\/td>\n<\/tr>\n<tr>\n<td>Poronomistajia:<\/td>\n<td>163<\/td>\n<\/tr>\n<\/tbody>\n<\/table>\n<p>Sattasniemen paliskunta kuuluu Sodankyl\u00e4n merkkipiiriin. Paliskunta sijaitsee Sodankyl\u00e4n kunnassa. Paliskunta rajoittuu pohjoisessa Lapin, id\u00e4ss\u00e4 Oraniemen, etel\u00e4ss\u00e4 Syv\u00e4j\u00e4rven ja l\u00e4nness\u00e4 Kuivasalmen paliskuntiin.<\/p>\n<p>Paliskunnan maapinta-alasta 85,9 % on valtionmaata ja on 14,1 % muiden maanomistajien omistuksessa. Paliskunnan alueella on Pomokairan suojelualue ja Kaarestunturin suojelualue jotka k\u00e4sitt\u00e4\u00e4 31,5 % paliskunnan pinta-alasta. Paliskunnan alueella on viisi vesivoiman tuotantoon tarkoitettua tekoallasta. Lis\u00e4ksi paliskunnassa on toistaiseksi toimintansa keskeytt\u00e4nyt Pahtavaaran kultakaivos. Sodankyl\u00e4n varuskunta sijaitsee paliskunnan alueella.<\/p>\n<p>Paliskunnan p\u00e4\u00e4erotusaidat ovat Kautoselk\u00e4 ja Sattasvaara. Muut aitapaikat ovat Kurkiper\u00e4vaara, Kaarresselk\u00e4, Hirvilauttanen, Vanttio, Poksaselk\u00e4, Kuorajoki, Vuoromarova, Salmuri ja Kunnanen.<\/p>\n<p>Paliskunnan asutus on vahvaa Sodankyl\u00e4n taajamassa. Rajalan kyl\u00e4 sijaitsee keskell\u00e4 paliskuntaa ja muut kyl\u00e4t (Kersil\u00f6, Sattanen, Jeesi\u00f6 ja Sodankyl\u00e4) sijaitsevat paliskunnan laitamilla.<\/p>\n<p>&nbsp;<\/p>\n","protected":false},"excerpt":{"rendered":"<p>Sattasniemi Porois\u00e4nt\u00e4: Riipi Matti Puhelin: 040 706 6832 S\u00e4hk\u00f6posti: &#x73;&#x61;&#x74;&#x74;&#97;&#115;nie&#x6d;&#x69;&#x6d;&#x61;&#116;&#116;i&#64;g&#x6d;&#x61;&#x69;&#x6c;&#46;&#99;&#111;m Kotikunta: Sodankyl\u00e4 Pinta-ala: 2 431,9 km2 Suurin sallittu eloporom\u00e4\u00e4r\u00e4: 5 300 Poronomistajia: 163 Sattasniemen paliskunta kuuluu Sodankyl\u00e4n merkkipiiriin. Paliskunta sijaitsee Sodankyl\u00e4n kunnassa. Paliskunta rajoittuu pohjoisessa Lapin, id\u00e4ss\u00e4 Oraniemen, etel\u00e4ss\u00e4 Syv\u00e4j\u00e4rven ja l\u00e4nness\u00e4 Kuivasalmen paliskuntiin. Paliskunnan maapinta-alasta 85,9 % on valtionmaata ja on 14,1 % muiden [&hellip;]<\/p>\n","protected":false},"author":1,"featured_media":0,"parent":420,"menu_order":17,"comment_status":"open","ping_status":"closed","template":"paliskuntasivut.php","meta":{"footnotes":""},"class_list":["post-1383","page","type-page","status-publish","hentry"],"_links":{"self":[{"href":"https:\/\/paliskunnat.fi\/py\/wp-json\/wp\/v2\/pages\/1383","targetHints":{"allow":["GET"]}}],"collection":[{"href":"https:\/\/paliskunnat.fi\/py\/wp-json\/wp\/v2\/pages"}],"about":[{"href":"https:\/\/paliskunnat.fi\/py\/wp-json\/wp\/v2\/types\/page"}],"author":[{"embeddable":true,"href":"https:\/\/paliskunnat.fi\/py\/wp-json\/wp\/v2\/users\/1"}],"replies":[{"embeddable":true,"href":"https:\/\/paliskunnat.fi\/py\/wp-json\/wp\/v2\/comments?post=1383"}],"version-history":[{"count":22,"href":"https:\/\/paliskunnat.fi\/py\/wp-json\/wp\/v2\/pages\/1383\/revisions"}],"predecessor-version":[{"id":7978,"href":"https:\/\/paliskunnat.fi\/py\/wp-json\/wp\/v2\/pages\/1383\/revisions\/7978"}],"up":[{"embeddable":true,"href":"https:\/\/paliskunnat.fi\/py\/wp-json\/wp\/v2\/pages\/420"}],"wp:attachment":[{"href":"https:\/\/paliskunnat.fi\/py\/wp-json\/wp\/v2\/media?parent=1383"}],"curies":[{"name":"wp","href":"https:\/\/api.w.org\/{rel}","templated":true}]}}