{"id":1389,"date":"2014-11-22T23:38:36","date_gmt":"2014-11-22T21:38:36","guid":{"rendered":"http:\/\/80.69.171.23\/py\/?page_id=1389"},"modified":"2024-08-05T15:11:56","modified_gmt":"2024-08-05T12:11:56","slug":"lappi","status":"publish","type":"page","link":"https:\/\/paliskunnat.fi\/py\/paliskunnat\/paliskuntien-tiedot\/lappi\/","title":{"rendered":"21 Lappi"},"content":{"rendered":"<h2>Lappi<\/h2>\n<p>Porois\u00e4nt\u00e4: Hirvasvuopio Nilla<br \/>\nPuhelin: 040 017 3385<br \/>\nS\u00e4hk\u00f6posti: &#x6c;&#x61;&#x70;&#x69;&#x6e;&#x70;&#x61;&#x6c;&#x6b;&#x69;&#x6e;&#x65;&#x6e;&#x40;&#103;&#109;&#97;&#105;&#108;&#46;&#99;&#111;&#109;<\/p>\n<p><a href=\"https:\/\/paliskunnat.fi\/py\/wp-content\/uploads\/2014\/11\/21_lappi.png\" rel=\"lightbox[1389]\"><img loading=\"lazy\" decoding=\"async\" class=\"alignnone wp-image-1392\" src=\"https:\/\/paliskunnat.fi\/py\/wp-content\/uploads\/2014\/11\/21_lappi.png\" alt=\"21 Lappi\" width=\"300\" height=\"387\" srcset=\"https:\/\/paliskunnat.fi\/py\/wp-content\/uploads\/2014\/11\/21_lappi.png 776w, https:\/\/paliskunnat.fi\/py\/wp-content\/uploads\/2014\/11\/21_lappi-232x300.png 232w\" sizes=\"auto, (max-width: 300px) 100vw, 300px\" \/><\/a><\/p>\n<table width=\"450\">\n<tbody>\n<tr>\n<td>Kotikunta:<\/td>\n<td>Sodankyl\u00e4<\/td>\n<\/tr>\n<tr>\n<td>Pinta-ala:<\/td>\n<td>4 559,1 km<sup>2<\/sup><\/td>\n<\/tr>\n<tr>\n<td>Suurin sallittu eloporom\u00e4\u00e4r\u00e4:<\/td>\n<td>8 000<\/td>\n<\/tr>\n<tr>\n<td>Poronomistajia:<\/td>\n<td>146<\/td>\n<\/tr>\n<\/tbody>\n<\/table>\n<p>Lapin paliskunta kuuluu Sodankyl\u00e4n merkkipiiriin. Paliskunta sijaitsee Sodankyl\u00e4n kunnan pohjoisosassa ja pienilt\u00e4 osin on Inarin ja Savukosken kunnan puolella.<\/p>\n<p>Paliskunta rajoittuu pohjoisessa Sallivaaran, Hammastunturin ja Ivalon paliskuntiin, id\u00e4ss\u00e4 Ven\u00e4j\u00e4n valtion rajaan, kaakossa Kemin-Sompion, etel\u00e4ss\u00e4 Oraniemen ja Sattasniemen ja id\u00e4ss\u00e4 Kuivasalmen paliskuntiin.<\/p>\n<p>Paliskunnan maapinta-alasta 94,2 % on valtionmaata ja 5,8 % on muiden maanomistajien omistuksessa.<\/p>\n","protected":false},"excerpt":{"rendered":"<p>Lappi Porois\u00e4nt\u00e4: Hirvasvuopio Nilla Puhelin: 040 017 3385 S\u00e4hk\u00f6posti: &#x6c;&#97;p&#x69;&#110;p&#x61;&#x6c;&#107;&#x69;&#x6e;&#101;n&#x40;&#103;m&#x61;&#x69;&#108;&#x2e;&#x63;&#111;m Kotikunta: Sodankyl\u00e4 Pinta-ala: 4 559,1 km2 Suurin sallittu eloporom\u00e4\u00e4r\u00e4: 8 000 Poronomistajia: 146 Lapin paliskunta kuuluu Sodankyl\u00e4n merkkipiiriin. Paliskunta sijaitsee Sodankyl\u00e4n kunnan pohjoisosassa ja pienilt\u00e4 osin on Inarin ja Savukosken kunnan puolella. Paliskunta rajoittuu pohjoisessa Sallivaaran, Hammastunturin ja Ivalon paliskuntiin, id\u00e4ss\u00e4 Ven\u00e4j\u00e4n valtion rajaan, kaakossa [&hellip;]<\/p>\n","protected":false},"author":1,"featured_media":0,"parent":420,"menu_order":21,"comment_status":"open","ping_status":"closed","template":"paliskuntasivut.php","meta":{"footnotes":""},"class_list":["post-1389","page","type-page","status-publish","hentry"],"_links":{"self":[{"href":"https:\/\/paliskunnat.fi\/py\/wp-json\/wp\/v2\/pages\/1389","targetHints":{"allow":["GET"]}}],"collection":[{"href":"https:\/\/paliskunnat.fi\/py\/wp-json\/wp\/v2\/pages"}],"about":[{"href":"https:\/\/paliskunnat.fi\/py\/wp-json\/wp\/v2\/types\/page"}],"author":[{"embeddable":true,"href":"https:\/\/paliskunnat.fi\/py\/wp-json\/wp\/v2\/users\/1"}],"replies":[{"embeddable":true,"href":"https:\/\/paliskunnat.fi\/py\/wp-json\/wp\/v2\/comments?post=1389"}],"version-history":[{"count":21,"href":"https:\/\/paliskunnat.fi\/py\/wp-json\/wp\/v2\/pages\/1389\/revisions"}],"predecessor-version":[{"id":8358,"href":"https:\/\/paliskunnat.fi\/py\/wp-json\/wp\/v2\/pages\/1389\/revisions\/8358"}],"up":[{"embeddable":true,"href":"https:\/\/paliskunnat.fi\/py\/wp-json\/wp\/v2\/pages\/420"}],"wp:attachment":[{"href":"https:\/\/paliskunnat.fi\/py\/wp-json\/wp\/v2\/media?parent=1389"}],"curies":[{"name":"wp","href":"https:\/\/api.w.org\/{rel}","templated":true}]}}