{"id":1395,"date":"2014-11-22T23:43:29","date_gmt":"2014-11-22T21:43:29","guid":{"rendered":"http:\/\/80.69.171.23\/py\/?page_id=1395"},"modified":"2024-01-03T05:50:37","modified_gmt":"2024-01-03T03:50:37","slug":"kemin-sompio","status":"publish","type":"page","link":"https:\/\/paliskunnat.fi\/py\/paliskunnat\/paliskuntien-tiedot\/kemin-sompio\/","title":{"rendered":"22 Kemin-Sompio"},"content":{"rendered":"<h2>Kemin-Sompio<\/h2>\n<p>Porois\u00e4nt\u00e4: Kavakka Mika<br \/>\nPuhelin: 0400 211 861<br \/>\nS\u00e4hk\u00f6posti: mik&#97;&#46;&#107;&#97;&#x76;&#x61;&#x6b;&#x6b;&#x61;&#x40;&#x67;mai&#108;&#46;&#99;&#111;&#109;<\/p>\n<p><a href=\"https:\/\/paliskunnat.fi\/py\/wp-content\/uploads\/2014\/11\/22_kemin_sompio.png\" rel=\"lightbox[1395]\"><img loading=\"lazy\" decoding=\"async\" class=\"alignnone wp-image-1397\" src=\"https:\/\/paliskunnat.fi\/py\/wp-content\/uploads\/2014\/11\/22_kemin_sompio.png\" alt=\"22 Kemin-Sompio\" width=\"300\" height=\"387\" srcset=\"https:\/\/paliskunnat.fi\/py\/wp-content\/uploads\/2014\/11\/22_kemin_sompio.png 776w, https:\/\/paliskunnat.fi\/py\/wp-content\/uploads\/2014\/11\/22_kemin_sompio-232x300.png 232w\" sizes=\"auto, (max-width: 300px) 100vw, 300px\" \/><\/a><\/p>\n<table width=\"450\">\n<tbody>\n<tr>\n<td>Kotikunta:<\/td>\n<td>Savukoski<\/td>\n<\/tr>\n<tr>\n<td>Pinta-ala:<\/td>\n<td>5 775,9 km<sup>2<\/sup><\/td>\n<\/tr>\n<tr>\n<td>Suurin sallittu eloporom\u00e4\u00e4r\u00e4:<\/td>\n<td>12 000<\/td>\n<\/tr>\n<tr>\n<td>Poronomistajia:<\/td>\n<td>179<\/td>\n<\/tr>\n<\/tbody>\n<\/table>\n<p>Kemin-Sompion paliskunta on sek\u00e4 pinta-alaltaan ett\u00e4 porom\u00e4\u00e4r\u00e4lt\u00e4\u00e4n Suomen suurin paliskunta.\u00a0Kemin-Sompion paliskunta kuuluu Keminkyl\u00e4n merkkipiiriin. Paliskunta sijaitsee Savukosken kunnan alueella ja osittain Sodankyl\u00e4n kunnan alueella.<\/p>\n<p>Paliskunnan maapinta-alasta 90,9 % on valtionmaata ja 9,1 % on muiden maanomistajien omistuksessa.<\/p>\n<p>Paliskunta rajoittuu pohjoisessa Ven\u00e4j\u00e4n valtakunnan rajaan, id\u00e4ss\u00e4 Pohjois-Sallan, etel\u00e4ss\u00e4 Sallan ja l\u00e4nness\u00e4 Oraniemen ja Lapin paliskuntiin.<\/p>\n<p>Soklin fosfaattikaivosta on suunniteltu Kemin-Sompion paliskunnassa enemm\u00e4n tai v\u00e4hemm\u00e4n aktiivisesti vuodesta 1967, kun esiintym\u00e4 l\u00f6ydettiin. Viime vuosina hankkeen eteenp\u00e4in viemisest\u00e4 on vastannut Yara Suomi Oy. Malmio sis\u00e4lt\u00e4\u00e4 fosforin lis\u00e4ksi rautaa, mangaania, niobia, tantaalia ja uraania. Kaivos veisi toteutuessaan laajalti laidunalueita, katkaisisi porojen laidunkierron ja pakottaisi paliskuntaa muuttamaan poronhoitotapoja peruuttamattomasti. T\u00e4m\u00e4n lis\u00e4ksi, Kemijoen laajan vesist\u00f6alueen latvoilla sijaitsevan Soklin malmion hy\u00f6dynt\u00e4miseen sis\u00e4ltyy vakavia ratkaisemattomia kemiallisia ja radioaktiivisia ymp\u00e4rist\u00f6riskej\u00e4. N\u00e4ist\u00e4 syist\u00e4 Kemin-Sompion paliskunta vastustaa Soklin kaivoshanketta ja pit\u00e4\u00e4 sit\u00e4 poronhoitolain vastaisena.<\/p>\n<p>&nbsp;<\/p>\n<p>&nbsp;<\/p>\n<p><!--more--><\/p>\n<h2>Kemin-Sompio Facebook<\/h2>\n<p><a href=\"https:\/\/www.facebook.com\/Kemin-Sompio-250061531800794\/?fref=ts\">Kemin-Sompio\u00a0<\/a><\/p>\n<h2>Sokli er\u00e4maana<\/h2>\n<p>Sokli er\u00e4maana <a href=\"https:\/\/fi-fi.facebook.com\/soklieramaana\">FB-sivusto<\/a><\/p>\n<h2>Poromania-blogi<\/h2>\n<p><a href=\"https:\/\/poromania.blogspot.com\/\">poromania.blogspot.com\u00a0<\/a><\/p>\n<h2>Poronhakua Kemin-Sompiossa<\/h2>\n<p>Poroja kootaan erotukseen Kemin-Sompiossa (<a href=\"https:\/\/www.youtube.com\/watch?v=o6v6hcXrPaQ\">Youtube<\/a>). Tuomas V\u00e4rri\u00f6 &#8211; julkaistu 3\/2015.<\/p>\n<h2>T\u00f6iss\u00e4 kaivoksella<\/h2>\n<p>Kemin-Sompion poroja talvilaitumella. Noin 2\/3 paliskunnan poroista laiduntaa talvella vapaasti ilman lis\u00e4ruokintaa (<a href=\"https:\/\/www.youtube.com\/watch?v=qrfFmqbLCYs\">Youtube<\/a>). Tuomas V\u00e4rri\u00f6 &#8211; julkaistu 5\/2015.<\/p>\n<h2>Poronhakua Kemin-Sompiossa 3<\/h2>\n<p>Poroja kootaan Kemin-Sompiossa (<a href=\"https:\/\/www.youtube.com\/watch?v=TBHzLTTvoOM\">Youtube<\/a>). Tuomas V\u00e4rri\u00f6 &#8211; julkaistu 10\/2016.<\/p>\n<p>&nbsp;<\/p>\n","protected":false},"excerpt":{"rendered":"<p>Kemin-Sompio Porois\u00e4nt\u00e4: Kavakka Mika Puhelin: 0400 211 861 S\u00e4hk\u00f6posti: m&#105;&#107;&#x61;&#x2e;&#x6b;a&#118;&#97;&#x6b;&#x6b;&#x61;&#64;g&#109;&#x61;&#x69;&#x6c;&#46;c&#111;&#109; Kotikunta: Savukoski Pinta-ala: 5 775,9 km2 Suurin sallittu eloporom\u00e4\u00e4r\u00e4: 12 000 Poronomistajia: 179 Kemin-Sompion paliskunta on sek\u00e4 pinta-alaltaan ett\u00e4 porom\u00e4\u00e4r\u00e4lt\u00e4\u00e4n Suomen suurin paliskunta.\u00a0Kemin-Sompion paliskunta kuuluu Keminkyl\u00e4n merkkipiiriin. Paliskunta sijaitsee Savukosken kunnan alueella ja osittain Sodankyl\u00e4n kunnan alueella. Paliskunnan maapinta-alasta 90,9 % on valtionmaata ja 9,1 [&hellip;]<\/p>\n","protected":false},"author":1,"featured_media":0,"parent":420,"menu_order":22,"comment_status":"open","ping_status":"closed","template":"paliskuntasivut.php","meta":{"footnotes":""},"class_list":["post-1395","page","type-page","status-publish","hentry"],"_links":{"self":[{"href":"https:\/\/paliskunnat.fi\/py\/wp-json\/wp\/v2\/pages\/1395","targetHints":{"allow":["GET"]}}],"collection":[{"href":"https:\/\/paliskunnat.fi\/py\/wp-json\/wp\/v2\/pages"}],"about":[{"href":"https:\/\/paliskunnat.fi\/py\/wp-json\/wp\/v2\/types\/page"}],"author":[{"embeddable":true,"href":"https:\/\/paliskunnat.fi\/py\/wp-json\/wp\/v2\/users\/1"}],"replies":[{"embeddable":true,"href":"https:\/\/paliskunnat.fi\/py\/wp-json\/wp\/v2\/comments?post=1395"}],"version-history":[{"count":37,"href":"https:\/\/paliskunnat.fi\/py\/wp-json\/wp\/v2\/pages\/1395\/revisions"}],"predecessor-version":[{"id":7982,"href":"https:\/\/paliskunnat.fi\/py\/wp-json\/wp\/v2\/pages\/1395\/revisions\/7982"}],"up":[{"embeddable":true,"href":"https:\/\/paliskunnat.fi\/py\/wp-json\/wp\/v2\/pages\/420"}],"wp:attachment":[{"href":"https:\/\/paliskunnat.fi\/py\/wp-json\/wp\/v2\/media?parent=1395"}],"curies":[{"name":"wp","href":"https:\/\/api.w.org\/{rel}","templated":true}]}}